{"id":14052,"date":"2019-04-03T10:16:17","date_gmt":"2019-04-03T08:16:17","guid":{"rendered":"http:\/\/semmelweis.hu\/emk\/?page_id=14052"},"modified":"2024-11-19T17:26:13","modified_gmt":"2024-11-19T16:26:13","slug":"hazai-es-nemzetkozi-egyuttmukodesek","status":"publish","type":"page","link":"https:\/\/semmelweis.hu\/emk\/az-intezet-bemutatasa\/hazai-es-nemzetkozi-egyuttmukodesek\/","title":{"rendered":"Hazai \u00e9s nemzetk\u00f6zi egy\u00fcttm\u0171k\u00f6d\u00e9sek"},"content":{"rendered":"<p><a href=\"https:\/\/semmelweis.hu\/boe\/\" target=\"_blank\" rel=\"noopener\">Budapesti Orvostanhallgat\u00f3k Egyes\u00fclete<\/a>\u00a0<\/p>\n<p><a href=\"https:\/\/digitalisjoletprogram.hu\/\" target=\"_blank\" rel=\"noopener\">Digit\u00e1lis J\u00f3l\u00e9t Program<\/a>\u00a0<\/p>\n<p><a href=\"https:\/\/ehma.org\/\" target=\"_blank\" rel=\"noopener\">Europen Health Management Association &#8211; EHMA<\/a><\/p>\n<p><a href=\"http:\/\/memt.hu\/\" target=\"_blank\" rel=\"noopener\">Magyar Eg\u00e9szs\u00e9g\u00fcgyi Menedzsment T\u00e1rsas\u00e1g &#8211; MEMT\u00a0<\/a><\/p>\n<p><a href=\"http:\/\/www.korhazszovetseg.hu\/\" target=\"_blank\" rel=\"noopener\">Magyar K\u00f3rh\u00e1zsz\u00f6vets\u00e9g<\/a>\u00a0<\/p>\n<p><a href=\"https:\/\/www.mci.edu\/de\/\" target=\"_blank\" rel=\"noopener\">Management Center Innsbruck &#8211; MCI<\/a><\/p>\n<p><a href=\"https:\/\/www.uni-nke.hu\/\" target=\"_blank\" rel=\"noopener\">Nemzeti K\u00f6zszolg\u00e1lati Egyetem<\/a>\u00a0<\/p>\n<p><a href=\"https:\/\/nevesegyesulet.hu\/\" target=\"_blank\" rel=\"noopener\">NEVES Egyes\u00fclet<\/a>\u00a0<\/p>\n<p>Salus Hungarorum Int\u00e9zet Alap\u00edtv\u00e1ny<\/p>\n<p><a href=\"http:\/\/www.sapientia.ro\/hu\" target=\"_blank\" rel=\"noopener\">Sapientia Erd\u00e9lyi Magyar Tudom\u00e1nyegyetem\u00a0<\/a><\/p>\n<p><a href=\"https:\/\/ec.europa.eu\/info\/departments\/structural-reform-support-service_hu\" target=\"_blank\" rel=\"noopener\">Struktur\u00e1lisreform-t\u00e1mogat\u00f3 Szolg\u00e1lat &#8211; SRSS<\/a>\u00a0<\/p>\n<p>Szakmai Koll\u00e9gium Menedzsment, Eg\u00e9szs\u00e9ggazdas\u00e1gtan, Eg\u00e9szs\u00e9g\u00fcgyi Informatikai \u00e9s Min\u0151s\u00e9g\u00fcgyi Tan\u00e1cs \u00e9s Tagozat<\/p>\n<p>WHO Magyarorsz\u00e1gi Iroda<\/p>\n","protected":false},"excerpt":{"rendered":"<p><a href=\"https:\/\/semmelweis.hu\/boe\/\" target=\"_blank\" rel=\"noopener\">Budapesti Orvostanhallgat\u00f3k Egyes\u00fclete<\/a>\u00a0<br \/>\n<a href=\"https:\/\/digitalisjoletprogram.hu\/\" target=\"_blank\" rel=\"noopener\">Digit\u00e1lis J\u00f3l\u00e9t Program<\/a>\u00a0<br \/>\n<a href=\"https:\/\/ehma.org\/\" target=\"_blank\" rel=\"noopener\">Europen Health Management Association &#8211; EHMA<\/a><br \/>\n<a href=\"http:\/\/memt.hu\/\" target=\"_blank\" rel=\"noopener\">Magyar Eg\u00e9szs\u00e9g\u00fcgyi Menedzsment T\u00e1rsas\u00e1g &#8211; MEMT\u00a0<\/a><br \/>\n<a href=\"http:\/\/www.korhazszovetseg.hu\/\" target=\"_blank\" rel=\"noopener\">Magyar K\u00f3rh\u00e1zsz\u00f6vets\u00e9g<\/a>\u00a0<br \/>\n<a href=\"https:\/\/www.mci.edu\/de\/\" target=\"_blank\" rel=\"noopener\">Management Center Innsbruck &#8211; MCI<\/a><br \/>\n<a href=\"https:\/\/www.uni-nke.hu\/\" target=\"_blank\" rel=\"noopener\">Nemzeti K\u00f6zszolg\u00e1lati Egyetem<\/a>\u00a0<br \/>\n<a href=\"https:\/\/nevesegyesulet.hu\/\" target=\"_blank\" rel=\"noopener\">NEVES Egyes\u00fclet<\/a>\u00a0<br \/>\nSalus Hungarorum Int\u00e9zet Alap\u00edtv\u00e1ny<br \/>\n<a href=\"http:\/\/www.sapientia.ro\/hu\" target=\"_blank\" rel=\"noopener\">Sapientia Erd\u00e9lyi Magyar Tudom\u00e1nyegyetem\u00a0<\/a><br \/>\n<a href=\"https:\/\/ec.europa.eu\/info\/departments\/structural-reform-support-service_hu\" target=\"_blank\" rel=\"noopener\">Struktur\u00e1lisreform-t\u00e1mogat\u00f3 Szolg\u00e1lat &#8211; SRSS<\/a>\u00a0<br \/>\nSzakmai Koll\u00e9gium Menedzsment, Eg\u00e9szs\u00e9ggazdas\u00e1gtan, Eg\u00e9szs\u00e9g\u00fcgyi Informatikai \u00e9s Min\u0151s\u00e9g\u00fcgyi Tan\u00e1cs \u00e9s Tagozat<br \/>\nWHO Magyarorsz\u00e1gi Iroda<\/p>\n","protected":false},"author":101539,"featured_media":0,"parent":13767,"menu_order":3,"comment_status":"closed","ping_status":"closed","template":"","meta":{"_acf_changed":false,"footnotes":""},"categories":[],"tags":[],"class_list":["post-14052","page","type-page","status-publish","hentry"],"acf":[],"_links":{"self":[{"href":"https:\/\/semmelweis.hu\/emk\/wp-json\/wp\/v2\/pages\/14052","targetHints":{"allow":["GET"]}}],"collection":[{"href":"https:\/\/semmelweis.hu\/emk\/wp-json\/wp\/v2\/pages"}],"about":[{"href":"https:\/\/semmelweis.hu\/emk\/wp-json\/wp\/v2\/types\/page"}],"author":[{"embeddable":true,"href":"https:\/\/semmelweis.hu\/emk\/wp-json\/wp\/v2\/users\/101539"}],"replies":[{"embeddable":true,"href":"https:\/\/semmelweis.hu\/emk\/wp-json\/wp\/v2\/comments?post=14052"}],"version-history":[{"count":10,"href":"https:\/\/semmelweis.hu\/emk\/wp-json\/wp\/v2\/pages\/14052\/revisions"}],"predecessor-version":[{"id":23668,"href":"https:\/\/semmelweis.hu\/emk\/wp-json\/wp\/v2\/pages\/14052\/revisions\/23668"}],"up":[{"embeddable":true,"href":"https:\/\/semmelweis.hu\/emk\/wp-json\/wp\/v2\/pages\/13767"}],"wp:attachment":[{"href":"https:\/\/semmelweis.hu\/emk\/wp-json\/wp\/v2\/media?parent=14052"}],"wp:term":[{"taxonomy":"category","embeddable":true,"href":"https:\/\/semmelweis.hu\/emk\/wp-json\/wp\/v2\/categories?post=14052"},{"taxonomy":"post_tag","embeddable":true,"href":"https:\/\/semmelweis.hu\/emk\/wp-json\/wp\/v2\/tags?post=14052"}],"curies":[{"name":"wp","href":"https:\/\/api.w.org\/{rel}","templated":true}]}}