{"id":14039,"date":"2019-04-03T10:16:14","date_gmt":"2019-04-03T08:16:14","guid":{"rendered":"http:\/\/semmelweis.hu\/emk\/?page_id=14039"},"modified":"2025-06-13T14:43:15","modified_gmt":"2025-06-13T12:43:15","slug":"szervezeti-hatekonysag-fejlesztese-az-egeszsegugyi-ellatorendszerben","status":"publish","type":"page","link":"https:\/\/semmelweis.hu\/emk\/szakertoi-tevekenyseg-projektek\/lezart-projektek\/szervezeti-hatekonysag-fejlesztese-az-egeszsegugyi-ellatorendszerben\/","title":{"rendered":"Szervezeti hat\u00e9konys\u00e1g fejleszt\u00e9se az eg\u00e9szs\u00e9g\u00fcgyi ell\u00e1t\u00f3rendszerben"},"content":{"rendered":"<p style=\"text-align: justify\"><strong>Szervezeti hat\u00e9konys\u00e1g fejleszt\u00e9se az eg\u00e9szs\u00e9g\u00fcgyi ell\u00e1t\u00f3rendszerben \u2013 Ter\u00fcleti egy\u00fcttm\u0171k\u00f6d\u00e9sek kialak\u00edt\u00e1sa<\/strong><\/p>\n<p style=\"text-align: justify\">T\u00c1MOP-6.2.5-B-13\/1-2014-0001<\/p>\n<p style=\"text-align: justify\">2014.04.01. \u2013 2015.11.30.<\/p>\n<p style=\"text-align: justify\"><strong>Projekt tartalma, c\u00e9lja<\/strong><\/p>\n<p style=\"text-align: justify\">A program alapvet\u0151 c\u00e9lja az ell\u00e1t\u00f3 rendszer eredm\u00e9nyess\u00e9g\u00e9nek \u00e9s hat\u00e9konys\u00e1g\u00e1nak n\u00f6vel\u00e9se az ell\u00e1t\u00e1sszervez\u00e9s \u00e9s a professzion\u00e1lis szervezeti menedzsment eszk\u00f6zeinek \u00f6tv\u00f6z\u00e9s\u00e9n kereszt\u00fcl, kihaszn\u00e1lva a ter\u00fcleti egy\u00fcttm\u0171k\u00f6d\u00e9sek ny\u00fajtotta el\u0151ny\u00f6ket.<\/p>\n<p style=\"text-align: justify\">Ennek sor\u00e1n a projekt \u00fajra gondolja az eg\u00e9szs\u00e9gszervez\u00e9s eszk\u00f6zeit, \u00e9s hat\u00e9kony v\u00e9grehajt\u00e1st t\u00e1mogat\u00f3 funkci\u00f3kat alak\u00edt ki, mik\u00f6zben megteremti a k\u00f6z\u00f6ss\u00e9gi eg\u00e9szs\u00e9gszervez\u00e9s m\u0171k\u00f6d\u0151 modellj\u00e9t, k\u00f6zelebb hozva ez\u00e1ltal az ell\u00e1t\u00f3rendszer d\u00f6nt\u00e9shozatali szintj\u00e9t a lakoss\u00e1ghoz.<\/p>\n<p style=\"text-align: justify\"><strong>Projekt szerepl\u0151k<\/strong><\/p>\n<p style=\"text-align: justify\"><strong>Konzorciumvezet\u0151:<\/strong> \u00c1llami Eg\u00e9szs\u00e9g\u00fcgyi Ell\u00e1t\u00f3 K\u00f6zpont (\u00c1EEK, kor\u00e1bban GYEMSZI)<\/p>\n<p style=\"text-align: justify\"><strong>EMK szerepv\u00e1llal\u00e1sa:<\/strong> konzorciumi tag<\/p>\n<p style=\"text-align: justify\"><strong>Tov\u00e1bbi konzorciumi tagok\/partnerek:<\/strong><\/p>\n<ul style=\"text-align: justify\">\n<li>Debreceni Egyetem<\/li>\n<li>Szegedi Tudom\u00e1nyegyetem<\/li>\n<li>P\u00e9csi Tudom\u00e1nyegyetem<\/li>\n<li>Semmelweis Egyetem<\/li>\n<\/ul>\n<p style=\"text-align: justify\"><strong>Eredm\u00e9nyterm\u00e9kek<\/strong><\/p>\n<p style=\"text-align: justify\">A projekt eredm\u00e9nyterm\u00e9kei k\u00f6z\u00fcl az al\u00e1bbiak az EMK munkat\u00e1rsainak akt\u00edv k\u00f6zrem\u0171k\u00f6d\u00e9s\u00e9vel j\u00f6ttek l\u00e9tre:<\/p>\n<p style=\"text-align: justify\">1. PILOT program: \u201cOnkol\u00f3giai \u00e9bers\u00e9g\u201d PILOT program &#8211; Vastagb\u00e9lsz\u0171r\u00e9sen val\u00f3 r\u00e9szv\u00e9teli ar\u00e1ny jav\u00edt\u00e1sa innovat\u00edv mozg\u00f3s\u00edt\u00e1si m\u00f3dszertan seg\u00edts\u00e9g\u00e9vel Duna\u00fajv\u00e1rosban \u00e9s k\u00f6rzet\u00e9ben<\/p>\n<p style=\"text-align: justify\">2. Eg\u00e9szs\u00e9gszervez\u00e9si ir\u00e1nyelvek kidolgoz\u00e1sa az al\u00e1bbi t\u00e9m\u00e1kban:<\/p>\n<ul style=\"text-align: justify\">\n<li>onkol\u00f3gia<\/li>\n<li>der\u00e9kf\u00e1j\u00e1s<\/li>\n<li>hangulatzavar<\/li>\n<li>COPD I.; II.<\/li>\n<\/ul>\n<p style=\"text-align: justify\">3. Betegbiztons\u00e1g:<\/p>\n<ul style=\"text-align: justify\">\n<li>Seg\u00e9danyagok,h\u00e1tt\u00e9ranyagok, oktat\u00e1si anyagok<\/li>\n<li>\u00d6n\u00e9rt\u00e9kel\u00e9si k\u00e9rd\u0151\u00edv, helyzet\u00e9rt\u00e9kel\u0151 k\u00e9rd\u0151\u00edv<\/li>\n<li>Tan\u00e1csad\u00e1si \u00fatmutat\u00f3<\/li>\n<li>Koordin\u00e1tori \u00fatmutat\u00f3 a standardok szerinti m\u0171k\u00f6d\u00e9sre t\u00f6rt\u00e9n\u0151 felk\u00e9sz\u00fcl\u00e9shez<\/li>\n<li>Fel\u00fclvizsg\u00e1lati forgat\u00f3k\u00f6nyv koordin\u00e1toroknak<\/li>\n<li>Fel\u00fclvizsg\u00e1lati forgat\u00f3k\u00f6nyv fel\u00fclvizsg\u00e1l\u00f3knak<\/li>\n<li>Helysz\u00edni fel\u00fclvizsg\u00e1lat \u00e9rt\u00e9kel\u00e9si m\u00f3dszertana<\/li>\n<li>Bels\u0151 inform\u00e1ci\u00f3s honlapok<\/li>\n<\/ul>\n<p style=\"text-align: justify\"><strong>EMK kontakt<\/strong><\/p>\n<p style=\"text-align: justify\">N\u00e9v: T\u00e1losi Adrienn (projektasszisztens)<br \/>\nTelefon: +36 20 666 38 46<br \/>\nE-mail:\u00a0<a href=\"mailto:talosi.adrienn@emk.sote.hu\">talosi.adrienn@emk.sote.hu<\/a><\/p>\n","protected":false},"excerpt":{"rendered":"<p>Szervezeti hat\u00e9konys\u00e1g fejleszt\u00e9se az eg\u00e9szs\u00e9g\u00fcgyi ell\u00e1t\u00f3rendszerben \u2013 Ter\u00fcleti egy\u00fcttm\u0171k\u00f6d\u00e9sek kialak\u00edt\u00e1sa T\u00c1MOP-6.2.5-B-13\/1-2014-0001 2014.04.01. \u2013 2015.11.30. Projekt tartalma, c\u00e9lja A program alapvet\u0151 c\u00e9lja az ell\u00e1t\u00f3 rendszer eredm\u00e9nyess\u00e9g\u00e9nek \u00e9s hat\u00e9konys\u00e1g\u00e1nak n\u00f6vel\u00e9se az ell\u00e1t\u00e1sszervez\u00e9s \u00e9s a professzion\u00e1lis szervezeti menedzsment eszk\u00f6zeinek \u00f6tv\u00f6z\u00e9s\u00e9n kereszt\u00fcl, kihaszn\u00e1lva a ter\u00fcleti egy\u00fcttm\u0171k\u00f6d\u00e9sek ny\u00fajtotta el\u0151ny\u00f6ket. Ennek sor\u00e1n a projekt \u00fajra gondolja az eg\u00e9szs\u00e9gszervez\u00e9s eszk\u00f6zeit, \u00e9s hat\u00e9kony &hellip;<\/p>\n","protected":false},"author":101539,"featured_media":0,"parent":15855,"menu_order":29,"comment_status":"closed","ping_status":"closed","template":"","meta":{"_acf_changed":false,"footnotes":""},"categories":[],"tags":[],"class_list":["post-14039","page","type-page","status-publish","hentry"],"acf":[],"_links":{"self":[{"href":"https:\/\/semmelweis.hu\/emk\/wp-json\/wp\/v2\/pages\/14039","targetHints":{"allow":["GET"]}}],"collection":[{"href":"https:\/\/semmelweis.hu\/emk\/wp-json\/wp\/v2\/pages"}],"about":[{"href":"https:\/\/semmelweis.hu\/emk\/wp-json\/wp\/v2\/types\/page"}],"author":[{"embeddable":true,"href":"https:\/\/semmelweis.hu\/emk\/wp-json\/wp\/v2\/users\/101539"}],"replies":[{"embeddable":true,"href":"https:\/\/semmelweis.hu\/emk\/wp-json\/wp\/v2\/comments?post=14039"}],"version-history":[{"count":4,"href":"https:\/\/semmelweis.hu\/emk\/wp-json\/wp\/v2\/pages\/14039\/revisions"}],"predecessor-version":[{"id":25347,"href":"https:\/\/semmelweis.hu\/emk\/wp-json\/wp\/v2\/pages\/14039\/revisions\/25347"}],"up":[{"embeddable":true,"href":"https:\/\/semmelweis.hu\/emk\/wp-json\/wp\/v2\/pages\/15855"}],"wp:attachment":[{"href":"https:\/\/semmelweis.hu\/emk\/wp-json\/wp\/v2\/media?parent=14039"}],"wp:term":[{"taxonomy":"category","embeddable":true,"href":"https:\/\/semmelweis.hu\/emk\/wp-json\/wp\/v2\/categories?post=14039"},{"taxonomy":"post_tag","embeddable":true,"href":"https:\/\/semmelweis.hu\/emk\/wp-json\/wp\/v2\/tags?post=14039"}],"curies":[{"name":"wp","href":"https:\/\/api.w.org\/{rel}","templated":true}]}}