{"id":14037,"date":"2019-04-03T10:16:14","date_gmt":"2019-04-03T08:16:14","guid":{"rendered":"http:\/\/semmelweis.hu\/emk\/?page_id=14037"},"modified":"2025-06-13T14:42:17","modified_gmt":"2025-06-13T12:42:17","slug":"szervezeti-hatekonysag-fejlesztese-a-strukturavaltasban-erintett-intezmenyeknel","status":"publish","type":"page","link":"https:\/\/semmelweis.hu\/emk\/szakertoi-tevekenyseg-projektek\/lezart-projektek\/szervezeti-hatekonysag-fejlesztese-a-strukturavaltasban-erintett-intezmenyeknel\/","title":{"rendered":"Szervezeti hat\u00e9konys\u00e1g fejleszt\u00e9se a strukt\u00farav\u00e1lt\u00e1sban \u00e9rintett int\u00e9zm\u00e9nyekn\u00e9l"},"content":{"rendered":"<p style=\"text-align: justify\"><strong>Szervezeti hat\u00e9konys\u00e1g fejleszt\u00e9se a strukt\u00farav\u00e1lt\u00e1sban \u00e9rintett int\u00e9zm\u00e9nyekn\u00e9l. Egys\u00e9ges k\u00fcls\u0151 fel\u00fclvizsg\u00e1lati rendszer kialak\u00edt\u00e1sa a j\u00e1r\u00f3- \u00e9s fekv\u0151beteg szakell\u00e1t\u00e1sban, valamint a gy\u00f3gyszert\u00e1ri ell\u00e1t\u00e1sban<\/strong><\/p>\n<p style=\"text-align: justify\">T\u00c1MOP- 6.2.5.\/A\/12\/1<\/p>\n<p style=\"text-align: justify\">2012.10.01. \u2013 2014.11.30.<\/p>\n<p style=\"text-align: justify\"><strong>Projekt tartalma, c\u00e9lja<\/strong><\/p>\n<p style=\"text-align: justify\">A projekt c\u00e9lja:<\/p>\n<ul style=\"text-align: justify\">\n<li>a hazai eg\u00e9szs\u00e9g\u00fcgyi szolg\u00e1ltat\u00f3k nemzetk\u00f6zi k\u00f6vetelm\u00e9nyeknek megfelel\u0151, a szakmai m\u0171k\u00f6d\u00e9s standardokon alapul\u00f3, egys\u00e9ges k\u00fcls\u0151 fel\u00fclvizsg\u00e1lati rendszer\u00e9nek megalapoz\u00e1sa<\/li>\n<li>az eg\u00e9szs\u00e9g\u00fcgyi szolg\u00e1ltat\u00f3k, f\u0151k\u00e9nt a j\u00e1r\u00f3- \u00e9s fekv\u0151beteg szakell\u00e1t\u00e1s, valamint a k\u00f6zvetlen lakoss\u00e1gi gy\u00f3gyszerell\u00e1t\u00e1si tev\u00e9kenys\u00e9g akkredit\u00e1ci\u00f3s rendszer\u00e9nek kialak\u00edt\u00e1sa<\/li>\n<li>a m\u0171k\u00f6dtet\u00e9s \u00e9s a hossz\u00fa t\u00e1v\u00fa fenntarthat\u00f3s\u00e1g felt\u00e9teleinek megteremt\u00e9se \u00e9s a program elind\u00edt\u00e1sa<\/li>\n<li>az eg\u00e9szs\u00e9g\u00fcgyi ell\u00e1t\u00e1sok sz\u00ednvonal\u00e1nak, biztons\u00e1g\u00e1nak, hat\u00e9konys\u00e1g\u00e1nak, eredm\u00e9nyess\u00e9g\u00e9nek, \u00e1tl\u00e1that\u00f3s\u00e1g\u00e1nak \u00e9s k\u00f6lts\u00e9ghat\u00e9konys\u00e1g\u00e1nak jav\u00edt\u00e1sa<\/li>\n<li>hat\u00e1ron \u00e1t\u00edvel\u0151 ell\u00e1t\u00e1s \u00e9s eg\u00e9szs\u00e9gturizmus t\u00e1mogat\u00e1sa.<\/li>\n<\/ul>\n<p style=\"text-align: justify\"><a href=\"http:\/\/www.bella-akkreditacio.hu\/\" target=\"_blank\" rel=\"noopener noreferrer\">A projekt honlapja<\/a><\/p>\n<p style=\"text-align: justify\"><strong>Projekt szerepl\u0151k<\/strong><\/p>\n<p style=\"text-align: justify\"><strong>Konzorciumvezet\u0151:<\/strong> Gy\u00f3gyszer\u00e9szeti \u00e9s Eg\u00e9szs\u00e9g\u00fcgyi Min\u0151s\u00e9g- \u00e9s Szervezetfejleszt\u00e9si Int\u00e9zet (GYEMSZI)<\/p>\n<p style=\"text-align: justify\"><strong>EMK szerepv\u00e1llal\u00e1sa:<\/strong> konzorciumi tag<\/p>\n<p style=\"text-align: justify\"><strong>Eredm\u00e9nyterm\u00e9kek<\/strong><\/p>\n<p style=\"text-align: justify\">A projekt eredm\u00e9nyterm\u00e9kei k\u00f6z\u00fcl az al\u00e1bbiak az EMK munkat\u00e1rsainak akt\u00edv k\u00f6zrem\u0171k\u00f6d\u00e9s\u00e9vel j\u00f6ttek l\u00e9tre:<\/p>\n<ul style=\"text-align: justify\">\n<li>Standardcsoportok a fekv\u0151- \u00e9s j\u00e1r\u00f3beteg-ell\u00e1t\u00f3k, valamint a k\u00f6zforgalm\u00fa gy\u00f3gyszert\u00e1rak sz\u00e1m\u00e1ra<\/li>\n<li>Standardok bevezet\u00e9s\u00e9t t\u00e1mogat\u00f3 seg\u00e9d- \u00e9s oktat\u00e1si anyagok<\/li>\n<li>A k\u00e9pz\u00e9si anyagok kialak\u00edt\u00e1sa, standardfejleszt\u0151k, fel\u00fclvizsg\u00e1l\u00f3k \u00e9s bels\u0151 koordin\u00e1torok sz\u00e1m\u00e1ra<\/li>\n<li>A standardok \u00e9rt\u00e9kel\u00e9si m\u00f3dszertan\u00e1nak kialak\u00edt\u00e1sa<\/li>\n<li>Semmelweis Egyetemen v\u00e9gzett terepgyakorlatok \u00f6sszefoglal\u00f3i<\/li>\n<li>Online kommunik\u00e1ci\u00f3s fel\u00fcletek kialak\u00edt\u00e1sa a bels\u0151 kommunik\u00e1ci\u00f3 t\u00e1mogat\u00e1s\u00e1ra<\/li>\n<li>Akkredit\u00e1ci\u00f3s elj\u00e1r\u00e1st t\u00e1mogat\u00f3 szoftver fejleszt\u00e9se<\/li>\n<li>A program publikus honlapj\u00e1nak kialak\u00edt\u00e1sa:\u00a0<a href=\"http:\/\/www.bella-akkreditacio.hu\/\" target=\"_blank\" rel=\"noopener noreferrer\">www.bella-akkreditacio.hu<\/a><\/li>\n<li>NEVES jelent\u00e9si rendszerhez kapcsol\u00f3d\u00f3 szoftver \u00e9s jelent\u0151lapok fejleszt\u00e9se<\/li>\n<li>Gy\u00f3gyszer\u00e9szi gondoz\u00e1st t\u00e1mogat\u00f3 szoftver fejleszt\u00e9se<\/li>\n<\/ul>\n<p style=\"text-align: justify\"><strong>EMK kontakt<\/strong><\/p>\n<p style=\"text-align: justify\">N\u00e9v: <a href=\"https:\/\/semmelweis.hu\/emk\/oktatas\/munkatarsak-oktatoi-csapat\/belicza-eva-dr\/\" target=\"_blank\" rel=\"noopener\">Dr. Belicza \u00c9va<\/a> (egyetemi docens, projektvezet\u0151)<br \/>\nTelefon: +36 1 488 7617<br \/>\nE-mail:\u00a0<a href=\"mailto:belicza@emk.semmelweis.hu\" target=\"_blank\" rel=\"noopener\">belicza@emk.semmelweis.hu<\/a><\/p>\n","protected":false},"excerpt":{"rendered":"<p>Szervezeti hat\u00e9konys\u00e1g fejleszt\u00e9se a strukt\u00farav\u00e1lt\u00e1sban \u00e9rintett int\u00e9zm\u00e9nyekn\u00e9l. Egys\u00e9ges k\u00fcls\u0151 fel\u00fclvizsg\u00e1lati rendszer kialak\u00edt\u00e1sa a j\u00e1r\u00f3- \u00e9s fekv\u0151beteg szakell\u00e1t\u00e1sban, valamint a gy\u00f3gyszert\u00e1ri ell\u00e1t\u00e1sban T\u00c1MOP- 6.2.5.\/A\/12\/1 2012.10.01. \u2013 2014.11.30. Projekt tartalma, c\u00e9lja A projekt c\u00e9lja: a hazai eg\u00e9szs\u00e9g\u00fcgyi szolg\u00e1ltat\u00f3k nemzetk\u00f6zi k\u00f6vetelm\u00e9nyeknek megfelel\u0151, a szakmai m\u0171k\u00f6d\u00e9s standardokon alapul\u00f3, egys\u00e9ges k\u00fcls\u0151 fel\u00fclvizsg\u00e1lati rendszer\u00e9nek megalapoz\u00e1sa az eg\u00e9szs\u00e9g\u00fcgyi szolg\u00e1ltat\u00f3k, f\u0151k\u00e9nt a j\u00e1r\u00f3- &hellip;<\/p>\n","protected":false},"author":101539,"featured_media":0,"parent":15855,"menu_order":26,"comment_status":"closed","ping_status":"closed","template":"","meta":{"_acf_changed":false,"footnotes":""},"categories":[],"tags":[],"class_list":["post-14037","page","type-page","status-publish","hentry"],"acf":[],"_links":{"self":[{"href":"https:\/\/semmelweis.hu\/emk\/wp-json\/wp\/v2\/pages\/14037","targetHints":{"allow":["GET"]}}],"collection":[{"href":"https:\/\/semmelweis.hu\/emk\/wp-json\/wp\/v2\/pages"}],"about":[{"href":"https:\/\/semmelweis.hu\/emk\/wp-json\/wp\/v2\/types\/page"}],"author":[{"embeddable":true,"href":"https:\/\/semmelweis.hu\/emk\/wp-json\/wp\/v2\/users\/101539"}],"replies":[{"embeddable":true,"href":"https:\/\/semmelweis.hu\/emk\/wp-json\/wp\/v2\/comments?post=14037"}],"version-history":[{"count":5,"href":"https:\/\/semmelweis.hu\/emk\/wp-json\/wp\/v2\/pages\/14037\/revisions"}],"predecessor-version":[{"id":25345,"href":"https:\/\/semmelweis.hu\/emk\/wp-json\/wp\/v2\/pages\/14037\/revisions\/25345"}],"up":[{"embeddable":true,"href":"https:\/\/semmelweis.hu\/emk\/wp-json\/wp\/v2\/pages\/15855"}],"wp:attachment":[{"href":"https:\/\/semmelweis.hu\/emk\/wp-json\/wp\/v2\/media?parent=14037"}],"wp:term":[{"taxonomy":"category","embeddable":true,"href":"https:\/\/semmelweis.hu\/emk\/wp-json\/wp\/v2\/categories?post=14037"},{"taxonomy":"post_tag","embeddable":true,"href":"https:\/\/semmelweis.hu\/emk\/wp-json\/wp\/v2\/tags?post=14037"}],"curies":[{"name":"wp","href":"https:\/\/api.w.org\/{rel}","templated":true}]}}