{"id":14034,"date":"2019-04-03T10:16:17","date_gmt":"2019-04-03T08:16:17","guid":{"rendered":"http:\/\/semmelweis.hu\/emk\/?page_id=14034"},"modified":"2025-07-14T10:24:08","modified_gmt":"2025-07-14T08:24:08","slug":"disszeminacio","status":"publish","type":"page","link":"https:\/\/semmelweis.hu\/emk\/kutatasi-tevekenysegunk\/disszeminacio\/","title":{"rendered":"Projektmenedzsment \u00e9s disszemin\u00e1ci\u00f3"},"content":{"rendered":"<div id=\"altraining23\" class=\"altraining\" align=\"justify\">Sokan a kutat\u00f3kat elvont, megk\u00f6zel\u00edthetetlen tud\u00f3soknak l\u00e1tj\u00e1k, akik elef\u00e1ntcsonttornyokban \u00fclve birtokolj\u00e1k a m\u00e1sok sz\u00e1m\u00e1ra el\u00e9rhetetlen tud\u00e1st. \u00c9ppen ez\u00e9rt az Eur\u00f3pai Uni\u00f3 nagy hangs\u00falyt fektet arra, hogy az \u00e1ltala t\u00e1mogatott projektek eredm\u00e9nyei, term\u00e9kei \u2013 azaz v\u00e9gs\u0151 soron a projektek tapasztalataib\u00f3l sz\u00e1rmaz\u00f3 tud\u00e1s \u2013 az \u00e9rintett partnerek (stakeholderek) \u00e9s a sz\u00e9lesebb k\u00f6z\u00f6ns\u00e9g sz\u00e1m\u00e1ra is hozz\u00e1f\u00e9rhet\u0151v\u00e9 v\u00e1ljanak.<\/div>\n<div align=\"justify\">\u00a0<\/div>\n<div class=\"altraining\" align=\"justify\">\n<div class=\"keretes w-100\">\n<p>Az Eg\u00e9szs\u00e9g\u00fcgyi Menedzserk\u00e9pz\u0151 K\u00f6zpont eur\u00f3pai szinten elismert szak\u00e9rt\u0151i csapata innovat\u00edv kommunik\u00e1ci\u00f3s strat\u00e9gi\u00e1kkal, az \u00e9rintett partnerek felt\u00e9rk\u00e9pez\u00e9s\u00e9vel, az eredm\u00e9nyek \u00e9s term\u00e9kek elektronikus terjeszt\u00e9s\u00e9vel \u00e9s workshopok, konferenci\u00e1k szervez\u00e9s\u00e9vel j\u00e1rul hozz\u00e1 ahhoz, hogy a megszerzett tud\u00e1s mindenki\u00e9 legyen.<\/p>\n<\/div>\n<p><strong>Tud\u00e1sk\u00f6zpont vezet\u0151:<\/strong> <a href=\"https:\/\/semmelweis.hu\/emk\/oktatas\/munkatarsak-oktatoi-csapat\/palicz-tamas-dr\/\" target=\"_blank\" rel=\"noopener\">Dr. Palicz Tam\u00e1s<\/a><\/p>\n<p><strong>Szak\u00e9rt\u0151ink:<\/strong>\u00a0Kis M\u00e1rton, Dr. Bencze L\u00e1szl\u00f3, T\u00e1losi Adrienn, Szegner P\u00e9ter, Borb\u00e1s Attila, <a href=\"https:\/\/semmelweis.hu\/emk\/oktatas\/munkatarsak-oktatoi-csapat\/kozak-anna\/\" target=\"_blank\" rel=\"noopener\">Koz\u00e1k Anna<\/a>, Alpern Linda, Dr. Velkey Zita, <a href=\"https:\/\/semmelweis.hu\/emk\/oktatas\/munkatarsak-oktatoi-csapat\/kovacs-eszter-dr\/\" target=\"_blank\" rel=\"noopener\">Dr. Kov\u00e1cs Eszter<\/a>, M\u00e1rfyn\u00e9 Kerekes Szilvia, Aszal\u00f3s Zolt\u00e1n<\/p>\n<\/div>\n","protected":false},"excerpt":{"rendered":"<p>Sokan a kutat\u00f3kat elvont, megk\u00f6zel\u00edthetetlen tud\u00f3soknak l\u00e1tj\u00e1k, akik elef\u00e1ntcsonttornyokban \u00fclve birtokolj\u00e1k a m\u00e1sok sz\u00e1m\u00e1ra el\u00e9rhetetlen tud\u00e1st. \u00c9ppen ez\u00e9rt az Eur\u00f3pai Uni\u00f3 nagy hangs\u00falyt fektet arra, hogy az \u00e1ltala t\u00e1mogatott projektek eredm\u00e9nyei, term\u00e9kei \u2013 azaz v\u00e9gs\u0151 soron a projektek tapasztalataib\u00f3l sz\u00e1rmaz\u00f3 tud\u00e1s \u2013 az \u00e9rintett partnerek (stakeholderek) \u00e9s a sz\u00e9lesebb k\u00f6z\u00f6ns\u00e9g sz\u00e1m\u00e1ra is hozz\u00e1f\u00e9rhet\u0151v\u00e9 v\u00e1ljanak. \u00a0 &hellip;<\/p>\n","protected":false},"author":101539,"featured_media":0,"parent":14561,"menu_order":6,"comment_status":"closed","ping_status":"closed","template":"","meta":{"_acf_changed":false,"footnotes":""},"categories":[],"tags":[],"class_list":["post-14034","page","type-page","status-publish","hentry"],"acf":[],"_links":{"self":[{"href":"https:\/\/semmelweis.hu\/emk\/wp-json\/wp\/v2\/pages\/14034","targetHints":{"allow":["GET"]}}],"collection":[{"href":"https:\/\/semmelweis.hu\/emk\/wp-json\/wp\/v2\/pages"}],"about":[{"href":"https:\/\/semmelweis.hu\/emk\/wp-json\/wp\/v2\/types\/page"}],"author":[{"embeddable":true,"href":"https:\/\/semmelweis.hu\/emk\/wp-json\/wp\/v2\/users\/101539"}],"replies":[{"embeddable":true,"href":"https:\/\/semmelweis.hu\/emk\/wp-json\/wp\/v2\/comments?post=14034"}],"version-history":[{"count":8,"href":"https:\/\/semmelweis.hu\/emk\/wp-json\/wp\/v2\/pages\/14034\/revisions"}],"predecessor-version":[{"id":25543,"href":"https:\/\/semmelweis.hu\/emk\/wp-json\/wp\/v2\/pages\/14034\/revisions\/25543"}],"up":[{"embeddable":true,"href":"https:\/\/semmelweis.hu\/emk\/wp-json\/wp\/v2\/pages\/14561"}],"wp:attachment":[{"href":"https:\/\/semmelweis.hu\/emk\/wp-json\/wp\/v2\/media?parent=14034"}],"wp:term":[{"taxonomy":"category","embeddable":true,"href":"https:\/\/semmelweis.hu\/emk\/wp-json\/wp\/v2\/categories?post=14034"},{"taxonomy":"post_tag","embeddable":true,"href":"https:\/\/semmelweis.hu\/emk\/wp-json\/wp\/v2\/tags?post=14034"}],"curies":[{"name":"wp","href":"https:\/\/api.w.org\/{rel}","templated":true}]}}