{"id":14001,"date":"2019-04-03T10:15:54","date_gmt":"2019-04-03T08:15:54","guid":{"rendered":"http:\/\/semmelweis.hu\/emk\/?page_id=14001"},"modified":"2023-02-20T12:39:06","modified_gmt":"2023-02-20T11:39:06","slug":"contacts","status":"publish","type":"page","link":"https:\/\/semmelweis.hu\/emk\/en\/contacts\/","title":{"rendered":"Contact"},"content":{"rendered":"<p style=\"margin-top: 15px;margin-left: 15px;float: left\"><strong>Semmelweis University Health Services Management Training Centre<\/strong><br \/>\nPhone: +36 1 488-7600<br \/>\nFax: +36 1 488-7610<br \/>\nE-mail:\u00a0<a href=\"mailto:info@emk.semmelweis.hu\">info@emk.semmelweis.hu<\/a><br \/>\nAddress: 1125 Budapest, K\u00fatv\u00f6lgyi \u00fat 2.<br \/>\nPostbox: 1428 Budapest Pf. 2.<\/p>\n<div align=\"right\">\n<!-- iframe plugin v.4.9 wordpress.org\/plugins\/iframe\/ -->\n<iframe loading=\"lazy\" src=\"https:\/\/www.facebook.com\/plugins\/page.php?href=https%3A%2F%2Fwww.facebook.com%2Fhsmtc%2F&#038;tabs&#038;width=340&#038;height=214&#038;small_header=false&#038;adapt_container_width=true&#038;hide_cover=false&#038;show_facepile=true&#038;appId\" width=\"340\" height=\"214\" scrolling=\"yes\" class=\"iframe-class\" frameborder=\"0\"><\/iframe>\n<\/div>\n\n<!-- iframe plugin v.4.9 wordpress.org\/plugins\/iframe\/ -->\n<iframe loading=\"lazy\" src=\"https:\/\/www.google.com\/maps\/embed?pb=!1m18!1m12!1m3!1d2694.949242470464!2d19.004428615531722!3d47.51037970261331!2m3!1f0!2f0!3f0!3m2!1i1024!2i768!4f13.1!3m3!1m2!1s0x4741debe99bc3d1f%3A0x221016411f3a1474!2zU2VtbWVsd2VpcyBFZ3lldGVtIEVnw6lzenPDqWfDvGd5aSBNZW5lZHpzZXJrw6lwesWRIEvDtnpwb250!5e0!3m2!1shu!2shu!4v1471957430110\" width=\"100%\" height=\"450\" scrolling=\"yes\" class=\"iframe-class\" frameborder=\"0\"><\/iframe>\n\n","protected":false},"excerpt":{"rendered":"<p>Semmelweis University Health Services Management Training Centre<br \/>\nPhone: +36 1 488-7600<br \/>\nFax: +36 1 488-7610<br \/>\nE-mail:\u00a0<a href=\"mailto:info@emk.semmelweis.hu\">info@emk.semmelweis.hu<\/a><br \/>\nAddress: 1125 Budapest, K\u00fatv\u00f6lgyi \u00fat 2.<br \/>\nPostbox: 1428 Budapest Pf. 2.<\/p>\n","protected":false},"author":101539,"featured_media":0,"parent":0,"menu_order":5,"comment_status":"closed","ping_status":"closed","template":"template-fullwidth.php","meta":{"_acf_changed":false,"footnotes":""},"categories":[],"tags":[],"class_list":["post-14001","page","type-page","status-publish","hentry"],"acf":[],"_links":{"self":[{"href":"https:\/\/semmelweis.hu\/emk\/wp-json\/wp\/v2\/pages\/14001","targetHints":{"allow":["GET"]}}],"collection":[{"href":"https:\/\/semmelweis.hu\/emk\/wp-json\/wp\/v2\/pages"}],"about":[{"href":"https:\/\/semmelweis.hu\/emk\/wp-json\/wp\/v2\/types\/page"}],"author":[{"embeddable":true,"href":"https:\/\/semmelweis.hu\/emk\/wp-json\/wp\/v2\/users\/101539"}],"replies":[{"embeddable":true,"href":"https:\/\/semmelweis.hu\/emk\/wp-json\/wp\/v2\/comments?post=14001"}],"version-history":[{"count":9,"href":"https:\/\/semmelweis.hu\/emk\/wp-json\/wp\/v2\/pages\/14001\/revisions"}],"predecessor-version":[{"id":20432,"href":"https:\/\/semmelweis.hu\/emk\/wp-json\/wp\/v2\/pages\/14001\/revisions\/20432"}],"wp:attachment":[{"href":"https:\/\/semmelweis.hu\/emk\/wp-json\/wp\/v2\/media?parent=14001"}],"wp:term":[{"taxonomy":"category","embeddable":true,"href":"https:\/\/semmelweis.hu\/emk\/wp-json\/wp\/v2\/categories?post=14001"},{"taxonomy":"post_tag","embeddable":true,"href":"https:\/\/semmelweis.hu\/emk\/wp-json\/wp\/v2\/tags?post=14001"}],"curies":[{"name":"wp","href":"https:\/\/api.w.org\/{rel}","templated":true}]}}