{"id":13974,"date":"2019-04-03T10:15:53","date_gmt":"2019-04-03T08:15:53","guid":{"rendered":"http:\/\/semmelweis.hu\/emk\/?page_id=13974"},"modified":"2025-07-03T11:01:36","modified_gmt":"2025-07-03T09:01:36","slug":"dissemination","status":"publish","type":"page","link":"https:\/\/semmelweis.hu\/emk\/en\/research-and-development\/dissemination\/","title":{"rendered":"Projectmanagement and dissemination"},"content":{"rendered":"<p style=\"text-align: justify\">Many people consider researchers as unattainable, \u201egeek\u201d scientist who are sitting in their ivory towers embracing the knowledge inaccessible for layman\u2019s. This is the reason why the European Union emphasizes the importance of disclosing and \u201edisseminating\u201d the knowledge and results generated through EU supported and funded projects for a broader audience in a common language.<\/p>\n<p>The internationally acknowledged experts of the HSMTC are highly experienced in the following areas: implementing innovative communication strategies, conducting stakeholder mapping, disclosing project results electronically, using tools from ordinary website development till advanced social media presence, as well as organising workshops, and conferences in order to make every result accessible for the public.<\/p>\n<div class=\"fontos_div w-100\">\n<p><strong>Experts:<\/strong> Palicz Tam\u00e1s Dr., M\u00e1rton Kis, L\u00e1szl\u00f3 Bencze, Adrienn T\u00e1losi, Szabolcs Jakab, P\u00e9ter Szegner, Attila Borb\u00e1s, Anna Koz\u00e1k, Linda Alpern, Zita Velkey Dr., Edmond Girasek Dr., Eszter Kov\u00e1cs Dr., Szilvia M\u00e1rfyn\u00e9 Kerekes, Zolt\u00e1n Aszal\u00f3s<br \/>\n<strong>Contact:<\/strong>\u00a0<a href=\"mailto:kis.marton@emk.sote.hu\">kis.marton@emk.sote.hu<\/a><\/p>\n<\/div>\n","protected":false},"excerpt":{"rendered":"<p>Many people consider researchers as unattainable, \u201egeek\u201d scientist who are sitting in their ivory towers embracing the knowledge inaccessible for layman\u2019s. This is the reason why the European Union emphasizes the importance of disclosing and \u201edisseminating\u201d the knowledge and results generated through EU supported and funded projects for a broader audience in a common language. &hellip;<\/p>\n","protected":false},"author":101539,"featured_media":0,"parent":14757,"menu_order":6,"comment_status":"closed","ping_status":"closed","template":"","meta":{"_acf_changed":false,"footnotes":""},"categories":[],"tags":[],"class_list":["post-13974","page","type-page","status-publish","hentry"],"acf":[],"_links":{"self":[{"href":"https:\/\/semmelweis.hu\/emk\/wp-json\/wp\/v2\/pages\/13974","targetHints":{"allow":["GET"]}}],"collection":[{"href":"https:\/\/semmelweis.hu\/emk\/wp-json\/wp\/v2\/pages"}],"about":[{"href":"https:\/\/semmelweis.hu\/emk\/wp-json\/wp\/v2\/types\/page"}],"author":[{"embeddable":true,"href":"https:\/\/semmelweis.hu\/emk\/wp-json\/wp\/v2\/users\/101539"}],"replies":[{"embeddable":true,"href":"https:\/\/semmelweis.hu\/emk\/wp-json\/wp\/v2\/comments?post=13974"}],"version-history":[{"count":7,"href":"https:\/\/semmelweis.hu\/emk\/wp-json\/wp\/v2\/pages\/13974\/revisions"}],"predecessor-version":[{"id":25427,"href":"https:\/\/semmelweis.hu\/emk\/wp-json\/wp\/v2\/pages\/13974\/revisions\/25427"}],"up":[{"embeddable":true,"href":"https:\/\/semmelweis.hu\/emk\/wp-json\/wp\/v2\/pages\/14757"}],"wp:attachment":[{"href":"https:\/\/semmelweis.hu\/emk\/wp-json\/wp\/v2\/media?parent=13974"}],"wp:term":[{"taxonomy":"category","embeddable":true,"href":"https:\/\/semmelweis.hu\/emk\/wp-json\/wp\/v2\/categories?post=13974"},{"taxonomy":"post_tag","embeddable":true,"href":"https:\/\/semmelweis.hu\/emk\/wp-json\/wp\/v2\/tags?post=13974"}],"curies":[{"name":"wp","href":"https:\/\/api.w.org\/{rel}","templated":true}]}}