{"id":13972,"date":"2019-04-03T10:15:53","date_gmt":"2019-04-03T08:15:53","guid":{"rendered":"http:\/\/semmelweis.hu\/emk\/?page_id=13972"},"modified":"2025-07-03T10:40:08","modified_gmt":"2025-07-03T08:40:08","slug":"big-data-and-network-analysis","status":"publish","type":"page","link":"https:\/\/semmelweis.hu\/emk\/en\/research-and-development\/big-data-and-network-analysis\/","title":{"rendered":"Big data and Network Analysis"},"content":{"rendered":"<div id=\"training12\" class=\"trainingclass4\" style=\"text-align: justify\" align=\"center\"><strong><span style=\"color: white\">KNOWLEDGE CENTRES<\/span><\/strong><\/div>\n<div id=\"training16\" class=\"training2\" style=\"text-align: justify\" align=\"center\"><strong>Big data and Network Analysis<\/strong><\/div>\n<div style=\"text-align: justify\" align=\"center\">\u00a0<\/div>\n<div class=\"training2\" align=\"center\">\n<div id=\"altraining16\" class=\"altraining\" align=\"justify\">\n<p style=\"text-align: justify\">The term of big data refers to large databases, usually embracing longitudinal information. From the enormous amount of data, it is possible to draw direct and indirect conclusions; to reveal visible and invisible associations; connections and relations will be outlined appointing the directions for future decisions.<\/p>\n<p style=\"text-align: justify\">\nBig data and network analysis methods are appropriate tools for assuring complex and sophisticated knowledge in a given field of research. The massive amount of data generated in the healthcare could contribute to change the healing process and the quality of life of patients. In summary data can save lives.<\/p>\n<p style=\"text-align: justify\">\nThe expertise and knowledge of the Healthcare Services and Management Training Centre enables to provide and accomplish complex network analyses from hypothesis through data clearance and visualization and highly complex graph analysis.<\/p>\n<div class=\"fontos_div w-100\">\n<p style=\"text-align: justify\"><strong>Experts:<\/strong> Mikl\u00f3s Sz\u00f3cska Dr., Tam\u00e1s Jo\u00f3, Gerg\u0151 Mer\u00e9sz, Edmond Girasek, Attila Borb\u00e1s<br \/>\nContact:\u00a0<a href=\"mailto:meresz@emk.sote.hu\">meresz@emk.sote.hu<\/a><\/p>\n<\/div>\n<\/div>\n<\/div>\n","protected":false},"excerpt":{"rendered":"<p>KNOWLEDGE CENTRES Big data and Network Analysis \u00a0 The term of big data refers to large databases, usually embracing longitudinal information. From the enormous amount of data, it is possible to draw direct and indirect conclusions; to reveal visible and invisible associations; connections and relations will be outlined appointing the directions for future decisions. Big &hellip;<\/p>\n","protected":false},"author":101539,"featured_media":0,"parent":14757,"menu_order":1,"comment_status":"closed","ping_status":"closed","template":"","meta":{"_acf_changed":false,"footnotes":""},"categories":[],"tags":[],"class_list":["post-13972","page","type-page","status-publish","hentry"],"acf":[],"_links":{"self":[{"href":"https:\/\/semmelweis.hu\/emk\/wp-json\/wp\/v2\/pages\/13972","targetHints":{"allow":["GET"]}}],"collection":[{"href":"https:\/\/semmelweis.hu\/emk\/wp-json\/wp\/v2\/pages"}],"about":[{"href":"https:\/\/semmelweis.hu\/emk\/wp-json\/wp\/v2\/types\/page"}],"author":[{"embeddable":true,"href":"https:\/\/semmelweis.hu\/emk\/wp-json\/wp\/v2\/users\/101539"}],"replies":[{"embeddable":true,"href":"https:\/\/semmelweis.hu\/emk\/wp-json\/wp\/v2\/comments?post=13972"}],"version-history":[{"count":5,"href":"https:\/\/semmelweis.hu\/emk\/wp-json\/wp\/v2\/pages\/13972\/revisions"}],"predecessor-version":[{"id":25421,"href":"https:\/\/semmelweis.hu\/emk\/wp-json\/wp\/v2\/pages\/13972\/revisions\/25421"}],"up":[{"embeddable":true,"href":"https:\/\/semmelweis.hu\/emk\/wp-json\/wp\/v2\/pages\/14757"}],"wp:attachment":[{"href":"https:\/\/semmelweis.hu\/emk\/wp-json\/wp\/v2\/media?parent=13972"}],"wp:term":[{"taxonomy":"category","embeddable":true,"href":"https:\/\/semmelweis.hu\/emk\/wp-json\/wp\/v2\/categories?post=13972"},{"taxonomy":"post_tag","embeddable":true,"href":"https:\/\/semmelweis.hu\/emk\/wp-json\/wp\/v2\/tags?post=13972"}],"curies":[{"name":"wp","href":"https:\/\/api.w.org\/{rel}","templated":true}]}}