{"id":13947,"date":"2019-04-03T10:15:50","date_gmt":"2019-04-03T08:15:50","guid":{"rendered":"http:\/\/semmelweis.hu\/emk\/?page_id=13947"},"modified":"2023-03-09T16:19:04","modified_gmt":"2023-03-09T15:19:04","slug":"tamop-4-2-6-15-1-2015-0006","status":"publish","type":"page","link":"https:\/\/semmelweis.hu\/emk\/en\/projects\/closed-projects\/tamop-4-2-6-15-1-2015-0006\/","title":{"rendered":"T\u00c1MOP-4.2.6.-15\/1\/2015-0006"},"content":{"rendered":"<p><strong>Healthy Life \u2013 Development of the innovation environment and professional network in cooperation between Eszterh\u00e1zy K\u00e1roly University of applied Sciences and Semmelweis University<\/strong><\/p>\n<p>T\u00c1MOP-4.2.6.-15\/1\/2015-0006<\/p>\n<p>01\/05\/2015 \u2013 30\/11\/2015<\/p>\n<p><strong>About the project<\/strong><\/p>\n<p>The fundamental aim of the project was to improve a knowledge center related to health sciences located in Eger.<\/p>\n<p>Role of HSMTC: Consortium member<\/p>\n<p><strong>HSMTC contact<\/strong><\/p>\n<p>Name: Szabolcs Jakab (project coordinator)\u00a0<br \/>\nPhone: +36 20 825 8375<br \/>\nE-mail:\u00a0<a href=\"mailto:jakab@emk.sote.hu\">jakab@emk.sote.hu<\/a><\/p>\n","protected":false},"excerpt":{"rendered":"<p>Healthy Life \u2013 Development of the innovation environment and professional network in cooperation between Eszterh\u00e1zy K\u00e1roly University of applied Sciences and Semmelweis University T\u00c1MOP-4.2.6.-15\/1\/2015-0006 01\/05\/2015 \u2013 30\/11\/2015 About the project The fundamental aim of the project was to improve a knowledge center related to health sciences located in Eger. Role of HSMTC: Consortium member HSMTC &hellip;<\/p>\n","protected":false},"author":101539,"featured_media":0,"parent":16038,"menu_order":24,"comment_status":"closed","ping_status":"closed","template":"","meta":{"_acf_changed":false,"footnotes":""},"categories":[],"tags":[],"class_list":["post-13947","page","type-page","status-publish","hentry"],"acf":[],"_links":{"self":[{"href":"https:\/\/semmelweis.hu\/emk\/wp-json\/wp\/v2\/pages\/13947","targetHints":{"allow":["GET"]}}],"collection":[{"href":"https:\/\/semmelweis.hu\/emk\/wp-json\/wp\/v2\/pages"}],"about":[{"href":"https:\/\/semmelweis.hu\/emk\/wp-json\/wp\/v2\/types\/page"}],"author":[{"embeddable":true,"href":"https:\/\/semmelweis.hu\/emk\/wp-json\/wp\/v2\/users\/101539"}],"replies":[{"embeddable":true,"href":"https:\/\/semmelweis.hu\/emk\/wp-json\/wp\/v2\/comments?post=13947"}],"version-history":[{"count":3,"href":"https:\/\/semmelweis.hu\/emk\/wp-json\/wp\/v2\/pages\/13947\/revisions"}],"predecessor-version":[{"id":14187,"href":"https:\/\/semmelweis.hu\/emk\/wp-json\/wp\/v2\/pages\/13947\/revisions\/14187"}],"up":[{"embeddable":true,"href":"https:\/\/semmelweis.hu\/emk\/wp-json\/wp\/v2\/pages\/16038"}],"wp:attachment":[{"href":"https:\/\/semmelweis.hu\/emk\/wp-json\/wp\/v2\/media?parent=13947"}],"wp:term":[{"taxonomy":"category","embeddable":true,"href":"https:\/\/semmelweis.hu\/emk\/wp-json\/wp\/v2\/categories?post=13947"},{"taxonomy":"post_tag","embeddable":true,"href":"https:\/\/semmelweis.hu\/emk\/wp-json\/wp\/v2\/tags?post=13947"}],"curies":[{"name":"wp","href":"https:\/\/api.w.org\/{rel}","templated":true}]}}