{"id":13908,"date":"2019-04-03T10:16:15","date_gmt":"2019-04-03T08:16:15","guid":{"rendered":"http:\/\/semmelweis.hu\/emk\/?page_id=13908"},"modified":"2025-06-04T12:25:31","modified_gmt":"2025-06-04T10:25:31","slug":"tudaskozpont","status":"publish","type":"page","link":"https:\/\/semmelweis.hu\/emk\/kutatasi-tevekenysegunk\/egeszsegugyi-humaneroforras-tervezes\/tudaskozpont\/","title":{"rendered":"Tud\u00e1sk\u00f6zpont"},"content":{"rendered":"<div class=\"hr_contact\">\n<p style=\"text-align: justify\">Az <strong>eg\u00e9szs\u00e9g\u00fcgyi hum\u00e1ner\u0151forr\u00e1s-tervez\u00e9s (HRH)<\/strong> alapvet\u0151 k\u00e9rd\u00e9se, hogy \u00f6t-t\u00edz-h\u00fasz \u00e9v m\u00falva mely eg\u00e9szs\u00e9g\u00fcgyi szakemberb\u0151l mennyit sz\u00fcks\u00e9ges k\u00e9pezni \u00e9s milyen tud\u00e1ssal ahhoz, hogy a rendszer ide\u00e1lisan m\u0171k\u00f6dj\u00f6n. Ehhez figyelembe kell venni az eg\u00e9szs\u00e9g\u00fcgy n\u00f6vekv\u0151 kih\u00edv\u00e1sait: a v\u00e1ltoz\u00f3 betegs\u00e9gspektrumot, a n\u00e9pess\u00e9g korf\u00e1j\u00e1t, a digit\u00e1lis \u00e1talakul\u00e1st, a financi\u00e1lis er\u0151forr\u00e1sok sz\u0171k\u00f6ss\u00e9g\u00e9t \u00e9s a migr\u00e1ci\u00f3t is.<\/p>\n<p style=\"text-align: justify\">A Menedzserk\u00e9pz\u0151 K\u00f6zpont HRH csapata huszon\u00f6t \u00e9ve gy\u0171jti a HRH kutat\u00e1s h\u00e1tter\u00e9\u00fcl szolg\u00e1l\u00f3 adatokat, k\u00f6vetkeztet a k\u00fcl\u00f6nb\u00f6z\u0151 trendekre \u00e9s kijel\u00f6li a lehets\u00e9ges cselekv\u00e9si ir\u00e1nyokat. Szak\u00e9rt\u0151ink t\u00f6bb nemzetk\u00f6zi projektben &#8211; <a href=\"https:\/\/ja-archive.healthworkforce.eu\/\" target=\"_blank\" rel=\"noopener\">Joint Action on European Health Workforce Planning \u00e9s Forecasting<\/a>, <a href=\"https:\/\/semmelweis.hu\/emk\/szakertoi-tevekenyseg-projektek\/health-prometheus-2\/\" target=\"_blank\" rel=\"noopener\">Health PROMeTHEUS<\/a>, <a href=\"https:\/\/archive.healthworkforce.eu\/\" target=\"_blank\" rel=\"noopener\">Support for the health workforce planning and forecasting expert network<\/a>, <a href=\"https:\/\/healthworkforce.eu\/\" target=\"_blank\" rel=\"noopener\">HEROES Joint Action<\/a> &#8211; vesznek r\u00e9szt a glob\u00e1lis \u00e9s Eur\u00f3pai Uni\u00f3s HRH strat\u00e9gia megalkot\u00e1s\u00e1ban. Az Int\u00e9zet 2015 \u00f3ta WHO Egy\u00fcttm\u0171k\u00f6d\u00e9si K\u00f6zpontk\u00e9nt k\u00e9pviseli \u00e9s t\u00e1mogatja az Eg\u00e9szs\u00e9g\u00fcgyi Vil\u00e1gszervezet programj\u00e1t. A tud\u00e1sk\u00f6zpont Eg\u00e9szs\u00e9g\u00fcgyi Hum\u00e1ner\u0151forr\u00e1s Fejleszt\u00e9s \u00e9s Adatvez\u00e9relt Eg\u00e9szs\u00e9g\u00fcgy ter\u00fclet\u00e9n m\u0171k\u00f6dik WHO K\u00f6zpontk\u00e9nt.<\/p>\n<p style=\"text-align: justify\">A tud\u00e1sk\u00f6zpont munkat\u00e1rsai a HRH ter\u00fclet f\u0151bb k\u00e9rd\u00e9seit kutatj\u00e1k, eg\u00e9szs\u00e9gpolitikai v\u00e1laszokat keresnek a kih\u00edv\u00e1sokra, a t\u00e9mater\u00fclet oktat\u00f3i \u00e9s tan\u00e1csad\u00f3k\u00e9nt seg\u00edtik a hazai \u00e9s nemzetk\u00f6zi d\u00f6nt\u00e9shoz\u00f3k munk\u00e1j\u00e1t.<\/p>\n<div class=\"fontos_div w-100\">\n<p><strong>Tud\u00e1sk\u00f6zpont vezet\u0151:<\/strong> <a href=\"https:\/\/semmelweis.hu\/emk\/oktatas\/munkatarsak-oktatoi-csapat\/kovacs-eszter-dr\/\" target=\"_blank\" rel=\"noopener\">Dr. Kov\u00e1cs Eszter<\/a><\/p>\n<p><strong>A tud\u00e1sk\u00f6zpont munkat\u00e1rsai<\/strong>: <a href=\"https:\/\/semmelweis.hu\/emk\/oktatas\/munkatarsak-oktatoi-csapat\/szocska-miklos-dr\/\" target=\"_blank\" rel=\"noopener\">Dr. Sz\u00f3cska Mikl\u00f3s<\/a>, Sziklai M\u00e1rta, <a href=\"https:\/\/semmelweis.hu\/emk\/oktatas\/munkatarsak-oktatoi-csapat\/cserhati-zoltan-dr\/\" target=\"_blank\" rel=\"noopener\">Dr. Cserh\u00e1ti Zolt\u00e1n<\/a>, K\u00f3der Fruzsina, Dr. Kov\u00e1cs R\u00e9ka, <a href=\"https:\/\/semmelweis.hu\/emk\/oktatas\/munkatarsak-oktatoi-csapat\/korodi-rita\/\" target=\"_blank\" rel=\"noopener\">K\u00f3r\u00f3di Rita<\/a>, <a href=\"https:\/\/semmelweis.hu\/emk\/oktatas\/munkatarsak-oktatoi-csapat\/dr-adam-szilvia\/\" target=\"_blank\" rel=\"noopener\">Dr. \u00c1d\u00e1m Szilvia<\/a>, <a href=\"https:\/\/semmelweis.hu\/emk\/oktatas\/munkatarsak-oktatoi-csapat\/lorincz-orsolya-dr\/\" target=\"_blank\" rel=\"noopener\">Dr. L\u0151rincz Orsolya<\/a>, <a href=\"https:\/\/semmelweis.hu\/emk\/oktatas\/munkatarsak-oktatoi-csapat\/kozak-anna\/\" target=\"_blank\" rel=\"noopener\">Koz\u00e1k Anna<\/a>, Fazekas N\u00f3ra, Sz\u00f6gi Melinda.<\/p>\n<p><strong>Kapcsolat:<\/strong> <u><a href=\"mailto:kovacs.eszter@emk.semmelweis.hu\" target=\"_blank\" rel=\"noopener\">kovacs.eszter@emk.semmelweis.hu<\/a><\/u><\/p>\n<\/div>\n<\/div>\n<div>\n<div align=\"center\"><a href=\"http:\/\/hwftoolkit.semmelweis.hu\/\" target=\"_blank\" rel=\"noopener noreferrer\"><img decoding=\"async\" title=\"Toolkit on Health Workforce Planning\" src=\"https:\/\/semmelweis.hu\/emk\/files\/2016\/09\/WEBRE_eszternek-e1474472949494.jpg\" \/><\/a><\/div>\n<\/div>\n","protected":false},"excerpt":{"rendered":"<p>Az eg\u00e9szs\u00e9g\u00fcgyi hum\u00e1ner\u0151forr\u00e1s-tervez\u00e9s (HRH) alapvet\u0151 k\u00e9rd\u00e9se, hogy \u00f6t-t\u00edz-h\u00fasz \u00e9v m\u00falva mely eg\u00e9szs\u00e9g\u00fcgyi szakemberb\u0151l mennyit sz\u00fcks\u00e9ges k\u00e9pezni \u00e9s milyen tud\u00e1ssal ahhoz, hogy a rendszer ide\u00e1lisan m\u0171k\u00f6dj\u00f6n. Ehhez figyelembe kell venni az eg\u00e9szs\u00e9g\u00fcgy n\u00f6vekv\u0151 kih\u00edv\u00e1sait: a v\u00e1ltoz\u00f3 betegs\u00e9gspektrumot, a n\u00e9pess\u00e9g korf\u00e1j\u00e1t, a digit\u00e1lis \u00e1talakul\u00e1st, a financi\u00e1lis er\u0151forr\u00e1sok sz\u0171k\u00f6ss\u00e9g\u00e9t \u00e9s a migr\u00e1ci\u00f3t is. A Menedzserk\u00e9pz\u0151 K\u00f6zpont HRH csapata &hellip;<\/p>\n","protected":false},"author":101539,"featured_media":0,"parent":14703,"menu_order":0,"comment_status":"closed","ping_status":"closed","template":"","meta":{"_acf_changed":false,"footnotes":""},"categories":[],"tags":[787],"class_list":["post-13908","page","type-page","status-publish","hentry","tag-tudaskozpont"],"acf":[],"_links":{"self":[{"href":"https:\/\/semmelweis.hu\/emk\/wp-json\/wp\/v2\/pages\/13908","targetHints":{"allow":["GET"]}}],"collection":[{"href":"https:\/\/semmelweis.hu\/emk\/wp-json\/wp\/v2\/pages"}],"about":[{"href":"https:\/\/semmelweis.hu\/emk\/wp-json\/wp\/v2\/types\/page"}],"author":[{"embeddable":true,"href":"https:\/\/semmelweis.hu\/emk\/wp-json\/wp\/v2\/users\/101539"}],"replies":[{"embeddable":true,"href":"https:\/\/semmelweis.hu\/emk\/wp-json\/wp\/v2\/comments?post=13908"}],"version-history":[{"count":8,"href":"https:\/\/semmelweis.hu\/emk\/wp-json\/wp\/v2\/pages\/13908\/revisions"}],"predecessor-version":[{"id":25210,"href":"https:\/\/semmelweis.hu\/emk\/wp-json\/wp\/v2\/pages\/13908\/revisions\/25210"}],"up":[{"embeddable":true,"href":"https:\/\/semmelweis.hu\/emk\/wp-json\/wp\/v2\/pages\/14703"}],"wp:attachment":[{"href":"https:\/\/semmelweis.hu\/emk\/wp-json\/wp\/v2\/media?parent=13908"}],"wp:term":[{"taxonomy":"category","embeddable":true,"href":"https:\/\/semmelweis.hu\/emk\/wp-json\/wp\/v2\/categories?post=13908"},{"taxonomy":"post_tag","embeddable":true,"href":"https:\/\/semmelweis.hu\/emk\/wp-json\/wp\/v2\/tags?post=13908"}],"curies":[{"name":"wp","href":"https:\/\/api.w.org\/{rel}","templated":true}]}}