{"id":13906,"date":"2019-04-03T10:16:15","date_gmt":"2019-04-03T08:16:15","guid":{"rendered":"http:\/\/semmelweis.hu\/emk\/?page_id=13906"},"modified":"2025-06-04T12:48:40","modified_gmt":"2025-06-04T10:48:40","slug":"egeszsegugyi-mobilitasi-radar","status":"publish","type":"page","link":"https:\/\/semmelweis.hu\/emk\/kutatasi-tevekenysegunk\/egeszsegugyi-humaneroforras-tervezes\/egeszsegugyi-mobilitasi-radar\/","title":{"rendered":"Eg\u00e9szs\u00e9g\u00fcgyi Mobilit\u00e1si Radar"},"content":{"rendered":"<p style=\"text-align: justify\">Az Eg\u00e9szs\u00e9g\u00fcgyi Menedzserk\u00e9pz\u0151 K\u00f6zpont HRH tud\u00e1sk\u00f6zpontja k\u00f6zel k\u00e9t \u00e9vtizede dolgozik azon, hogy m\u00e9lyebben meg\u00e9rtse \u00e9s megismerje az eg\u00e9szs\u00e9g\u00fcgyi emberi er\u0151forr\u00e1s mobilit\u00e1s\u00e1nak k\u00f6r\u00fclm\u00e9nyeit. A tud\u00e1sk\u00f6zpont, egy\u00fcttm\u0171k\u00f6d\u0151 partner\u00e9vel az \u00c1llami Eg\u00e9szs\u00e9g\u00fcgyi Ell\u00e1t\u00f3 K\u00f6zpont, <a href=\"http:\/\/www.enkk.hu\/index.php\/hun\/\" target=\"_blank\" rel=\"noopener noreferrer\">Emberi Er\u0151forr\u00e1s Fejleszt\u00e9si Igazgat\u00f3s\u00e1g\u00e1val<\/a> egy\u00fctt egy \u00faj projektbe kezdett, ami a <strong>\u201dHealth Mobility Radar\u201d \u2013 Eg\u00e9szs\u00e9g\u00fcgyi Mobilit\u00e1si Radar<\/strong> \u2013 nevet viseli.<\/p>\n<p style=\"text-align: justify\">A projekt c\u00e9lja egy \u00faj, interakt\u00edv webfel\u00fclet l\u00e9trehoz\u00e1sa. A projekt v\u00e9gezt\u00e9vel a Health Mobility Radar naprak\u00e9sz inform\u00e1ci\u00f3kkal jelen\u00edti majd meg az eur\u00f3pai eg\u00e9szs\u00e9g\u00fcgyi munkaer\u0151 mobilit\u00e1si t\u00e9rk\u00e9p\u00e9t. A t\u00e9rk\u00e9p anonim, aggreg\u00e1lt orsz\u00e1g szint\u0171 adatokat haszn\u00e1l, tiszteletben tartva az adatv\u00e9delmi el\u0151\u00edr\u00e1sokat.<\/p>\n<p>Az \u00faj platform:<\/p>\n<ul>\n<li>k\u00e9pes lesz eur\u00f3pai szinten megjelen\u00edteni az eg\u00e9szs\u00e9g\u00fcgyi emberi er\u0151forr\u00e1s mobilit\u00e1st<\/li>\n<li>t\u00e1mogatja a j\u00f6v\u0151beni inform\u00e1ci\u00f3cser\u00e9t \u00e9s megoszt\u00e1st<\/li>\n<li>el\u0151seg\u00edti HRH ter\u00fcleten haszn\u00e1lt adatok, indik\u00e1torok \u00e9s terminol\u00f3gia egys\u00e9ges\u00edt\u00e9s\u00e9t<\/li>\n<li>seg\u00edti azok munk\u00e1j\u00e1t, akik adatgy\u0171jt\u00e9ssel, adatmonitoroz\u00e1ssal foglalkoznak<\/li>\n<li>hozz\u00e1j\u00e1rul a nemzeti vagy nemzetk\u00f6zi szint\u0171 d\u00f6nt\u00e9shozatal el\u0151k\u00e9sz\u00edt\u00e9s\u00e9hez az eg\u00e9szs\u00e9g\u00fcgyi emberi er\u0151forr\u00e1s t\u00e9mak\u00f6r\u00e9ben.<\/li>\n<\/ul>\n<p>Tov\u00e1bbi inform\u00e1ci\u00f3:<br \/>\n<a href=\"https:\/\/semmelweis.hu\/emk\/oktatas\/munkatarsak-oktatoi-csapat\/kovacs-eszter-dr\/\" target=\"_blank\" rel=\"noopener\">Dr. Kov\u00e1cs Eszter<\/a> \u2013 <a href=\"mailto:kovacs.eszter@emk.semmelweis.hu\" target=\"_blank\" rel=\"noopener\">kovacs.eszter@emk.semmelweis.hu<\/a><\/p>\n<div align=\"center\"><img loading=\"lazy\" decoding=\"async\" title=\"Health Mobility Radar\" src=\"https:\/\/semmelweis.hu\/emk\/files\/2016\/08\/HMR.png\" width=\"450\" height=\"333\" \/><\/div>\n","protected":false},"excerpt":{"rendered":"<p>Az Eg\u00e9szs\u00e9g\u00fcgyi Menedzserk\u00e9pz\u0151 K\u00f6zpont HRH tud\u00e1sk\u00f6zpontja k\u00f6zel k\u00e9t \u00e9vtizede dolgozik azon, hogy m\u00e9lyebben meg\u00e9rtse \u00e9s megismerje az eg\u00e9szs\u00e9g\u00fcgyi emberi er\u0151forr\u00e1s mobilit\u00e1s\u00e1nak k\u00f6r\u00fclm\u00e9nyeit. A tud\u00e1sk\u00f6zpont, egy\u00fcttm\u0171k\u00f6d\u0151 partner\u00e9vel az \u00c1llami Eg\u00e9szs\u00e9g\u00fcgyi Ell\u00e1t\u00f3 K\u00f6zpont, <a href=\"http:\/\/www.enkk.hu\/index.php\/hun\/\" target=\"_blank\" rel=\"noopener noreferrer\">Emberi Er\u0151forr\u00e1s Fejleszt\u00e9si Igazgat\u00f3s\u00e1g\u00e1val<\/a> egy\u00fctt egy \u00faj projektbe kezdett, ami a \u201dHealth Mobility Radar\u201d \u2013 Eg\u00e9szs\u00e9g\u00fcgyi Mobilit\u00e1si Radar \u2013 nevet viseli. A projekt c\u00e9lja egy \u00faj, interakt\u00edv webfel\u00fclet &hellip;<\/p>\n","protected":false},"author":101539,"featured_media":0,"parent":14703,"menu_order":4,"comment_status":"closed","ping_status":"closed","template":"","meta":{"_acf_changed":false,"footnotes":""},"categories":[],"tags":[789],"class_list":["post-13906","page","type-page","status-publish","hentry","tag-egeszsegugyi-mobilitasi-radar"],"acf":[],"_links":{"self":[{"href":"https:\/\/semmelweis.hu\/emk\/wp-json\/wp\/v2\/pages\/13906","targetHints":{"allow":["GET"]}}],"collection":[{"href":"https:\/\/semmelweis.hu\/emk\/wp-json\/wp\/v2\/pages"}],"about":[{"href":"https:\/\/semmelweis.hu\/emk\/wp-json\/wp\/v2\/types\/page"}],"author":[{"embeddable":true,"href":"https:\/\/semmelweis.hu\/emk\/wp-json\/wp\/v2\/users\/101539"}],"replies":[{"embeddable":true,"href":"https:\/\/semmelweis.hu\/emk\/wp-json\/wp\/v2\/comments?post=13906"}],"version-history":[{"count":4,"href":"https:\/\/semmelweis.hu\/emk\/wp-json\/wp\/v2\/pages\/13906\/revisions"}],"predecessor-version":[{"id":25215,"href":"https:\/\/semmelweis.hu\/emk\/wp-json\/wp\/v2\/pages\/13906\/revisions\/25215"}],"up":[{"embeddable":true,"href":"https:\/\/semmelweis.hu\/emk\/wp-json\/wp\/v2\/pages\/14703"}],"wp:attachment":[{"href":"https:\/\/semmelweis.hu\/emk\/wp-json\/wp\/v2\/media?parent=13906"}],"wp:term":[{"taxonomy":"category","embeddable":true,"href":"https:\/\/semmelweis.hu\/emk\/wp-json\/wp\/v2\/categories?post=13906"},{"taxonomy":"post_tag","embeddable":true,"href":"https:\/\/semmelweis.hu\/emk\/wp-json\/wp\/v2\/tags?post=13906"}],"curies":[{"name":"wp","href":"https:\/\/api.w.org\/{rel}","templated":true}]}}