{"id":13902,"date":"2019-04-03T10:16:15","date_gmt":"2019-04-03T08:16:15","guid":{"rendered":"http:\/\/semmelweis.hu\/emk\/?page_id=13902"},"modified":"2025-06-04T12:45:33","modified_gmt":"2025-06-04T10:45:33","slug":"who-egyuttmukodesi-kozpont","status":"publish","type":"page","link":"https:\/\/semmelweis.hu\/emk\/kutatasi-tevekenysegunk\/egeszsegugyi-humaneroforras-tervezes\/who-egyuttmukodesi-kozpont\/","title":{"rendered":"WHO Egy\u00fcttm\u0171k\u00f6d\u00e9si K\u00f6zpont"},"content":{"rendered":"<p style=\"text-align: justify\">A Semmelweis Egyetem Eg\u00e9szs\u00e9g\u00fcgyi Menedzserk\u00e9pz\u0151 K\u00f6zpontja \u00e9vek \u00f3ta szoros egy\u00fcttm\u0171k\u00f6d\u00e9sben dolgozik az <strong>Eg\u00e9szs\u00e9g\u00fcgyi Vil\u00e1gszervezet<\/strong>tel (World Health Organization, WHO). T\u00f6bb k\u00e9toldal\u00fa egy\u00fcttm\u0171k\u00f6d\u00e9si projekt keret\u00e9ben lehet\u0151s\u00e9get biztos\u00edtottunk a szakmai diszkusszi\u00f3kra \u00e9s konzult\u00e1ci\u00f3ra HRH-ban \u00e9rintett szerepl\u0151k sz\u00e1m\u00e1ra. Ezek els\u0151dleges c\u00e9lja a tud\u00e1smegoszt\u00e1s, inform\u00e1ci\u00f3- \u00e9s tapasztalat\u00e1tad\u00e1s, kapcsolat\u00e9p\u00edt\u00e9s volt, de emellett nagy hangs\u00falyt fektett\u00fcnk a kapott eredm\u00e9nyek eg\u00e9szs\u00e9gpolitikai c\u00e9lkit\u0171z\u00e9sekkel val\u00f3 \u00f6sszekapcsol\u00e1s\u00e1ra is.<\/p>\n<p style=\"text-align: justify\">A sikeres k\u00e9toldal\u00fa egy\u00fcttm\u0171k\u00f6d\u00e9sek ut\u00e1n, az EMK HRH ter\u00fcleten v\u00e9gzett k\u00e9t \u00e9vtizedes munk\u00e1j\u00e1nak \u00e9s szerep\u00e9nek elismer\u00e9sek\u00e9ppen a WHO Eur\u00f3pai R\u00e9gi\u00f3j\u00e1nak igazgat\u00f3ja, Jakab Zsuzsanna 2015. december 17-\u00e9n <strong>WHO Egy\u00fcttm\u0171k\u00f6d\u00e9si K\u00f6zpontt\u00e1<\/strong> nevezte ki az Int\u00e9zetet. A WHO Egy\u00fcttm\u0171k\u00f6d\u00e9si K\u00f6zpont c\u00edmet n\u00e9gy \u00e9ves id\u0151tartamra kapta meg az Int\u00e9zet\u00fcnk, amely alatt a WHO priorit\u00e1sainak megfelel\u0151 munkatervvel dolgozunk.<\/p>\n<p style=\"text-align: justify\">Feladatunk, hogy a WHO eur\u00f3pai r\u00e9gi\u00f3j\u00e1ban a Vil\u00e1gszervezet szakmai programj\u00e1t k\u00e9pviselj\u00fck, t\u00e1mogassuk \u00e9s seg\u00edts\u00fck mind kutat\u00e1si, mind szak\u00e9rt\u0151i, mind oktat\u00e1si ter\u00fcleten, a kinevez\u00e9snek megfelel\u0151 szakmai spektrumban.<\/p>\n<div class=\"hr_contact w-100 fontos_div\"><strong>F\u0151 ter\u00fcletek:<\/strong><br \/>\n1. Kutat\u00e1s \u00e9s publik\u00e1ci\u00f3s tev\u00e9kenys\u00e9g<br \/>\n2. A WHO strat\u00e9giai dokumentumainak disszemin\u00e1ci\u00f3ja<br \/>\n3. Szak\u00e9rt\u0151i tev\u00e9kenys\u00e9g, szakmai tan\u00e1csad\u00e1s<br \/>\n4. A WHO szakmai programjainak t\u00e1mogat\u00e1sa region\u00e1lis szinten<br \/>\n5. Oktat\u00e1s \u00e9s k\u00e9pz\u00e9s, szakmai esem\u00e9nyek szervez\u00e9se<\/div>\n<div class=\"hr_contact w-100\">\n<hr \/>\n<p><strong>El\u00e9rhet\u0151 el\u0151ad\u00e1sok:<\/strong><\/p>\n<ul>\n<li><a href=\"https:\/\/semmelweis.hu\/emk\/files\/2019\/09\/HRH_kepzes.pdf\" target=\"_blank\" rel=\"noopener noreferrer\">HRH Tud\u00e1smegoszt\u00e1s 2015<\/a><\/li>\n<li><a href=\"https:\/\/semmelweis.hu\/emk\/files\/2019\/09\/HRH_szakmainap.pdf\" target=\"_blank\" rel=\"noopener noreferrer\">HRH Szakmai nap 2016<\/a><\/li>\n<\/ul>\n<p><a href=\"https:\/\/semmelweis.hu\/emk\/files\/2019\/09\/WHO-Code-of-Practice_HUN_2017.01.02.pdf\" target=\"_blank\" rel=\"noopener\">A WHO glob\u00e1lis magatart\u00e1si k\u00f3dexe az eg\u00e9szs\u00e9g\u00fcgyi dolgoz\u00f3k nemzetk\u00f6zi toborz\u00e1s\u00e1r\u00f3l<\/a><\/p>\n<\/div>\n","protected":false},"excerpt":{"rendered":"<p>A Semmelweis Egyetem Eg\u00e9szs\u00e9g\u00fcgyi Menedzserk\u00e9pz\u0151 K\u00f6zpontja \u00e9vek \u00f3ta szoros egy\u00fcttm\u0171k\u00f6d\u00e9sben dolgozik az Eg\u00e9szs\u00e9g\u00fcgyi Vil\u00e1gszervezettel (World Health Organization, WHO). T\u00f6bb k\u00e9toldal\u00fa egy\u00fcttm\u0171k\u00f6d\u00e9si projekt keret\u00e9ben lehet\u0151s\u00e9get biztos\u00edtottunk a szakmai diszkusszi\u00f3kra \u00e9s konzult\u00e1ci\u00f3ra HRH-ban \u00e9rintett szerepl\u0151k sz\u00e1m\u00e1ra. Ezek els\u0151dleges c\u00e9lja a tud\u00e1smegoszt\u00e1s, inform\u00e1ci\u00f3- \u00e9s tapasztalat\u00e1tad\u00e1s, kapcsolat\u00e9p\u00edt\u00e9s volt, de emellett nagy hangs\u00falyt fektett\u00fcnk a kapott eredm\u00e9nyek eg\u00e9szs\u00e9gpolitikai c\u00e9lkit\u0171z\u00e9sekkel val\u00f3 &hellip;<\/p>\n","protected":false},"author":101539,"featured_media":0,"parent":14703,"menu_order":2,"comment_status":"closed","ping_status":"closed","template":"","meta":{"_acf_changed":false,"footnotes":""},"categories":[],"tags":[164],"class_list":["post-13902","page","type-page","status-publish","hentry","tag-who"],"acf":[],"_links":{"self":[{"href":"https:\/\/semmelweis.hu\/emk\/wp-json\/wp\/v2\/pages\/13902","targetHints":{"allow":["GET"]}}],"collection":[{"href":"https:\/\/semmelweis.hu\/emk\/wp-json\/wp\/v2\/pages"}],"about":[{"href":"https:\/\/semmelweis.hu\/emk\/wp-json\/wp\/v2\/types\/page"}],"author":[{"embeddable":true,"href":"https:\/\/semmelweis.hu\/emk\/wp-json\/wp\/v2\/users\/101539"}],"replies":[{"embeddable":true,"href":"https:\/\/semmelweis.hu\/emk\/wp-json\/wp\/v2\/comments?post=13902"}],"version-history":[{"count":10,"href":"https:\/\/semmelweis.hu\/emk\/wp-json\/wp\/v2\/pages\/13902\/revisions"}],"predecessor-version":[{"id":25213,"href":"https:\/\/semmelweis.hu\/emk\/wp-json\/wp\/v2\/pages\/13902\/revisions\/25213"}],"up":[{"embeddable":true,"href":"https:\/\/semmelweis.hu\/emk\/wp-json\/wp\/v2\/pages\/14703"}],"wp:attachment":[{"href":"https:\/\/semmelweis.hu\/emk\/wp-json\/wp\/v2\/media?parent=13902"}],"wp:term":[{"taxonomy":"category","embeddable":true,"href":"https:\/\/semmelweis.hu\/emk\/wp-json\/wp\/v2\/categories?post=13902"},{"taxonomy":"post_tag","embeddable":true,"href":"https:\/\/semmelweis.hu\/emk\/wp-json\/wp\/v2\/tags?post=13902"}],"curies":[{"name":"wp","href":"https:\/\/api.w.org\/{rel}","templated":true}]}}