{"id":13896,"date":"2019-04-03T10:16:15","date_gmt":"2019-04-03T08:16:15","guid":{"rendered":"http:\/\/semmelweis.hu\/emk\/?page_id=13896"},"modified":"2026-02-03T15:00:25","modified_gmt":"2026-02-03T14:00:25","slug":"neves-program","status":"publish","type":"page","link":"https:\/\/semmelweis.hu\/emk\/kutatasi-tevekenysegunk\/minosegugy-es-betegbiztonsag\/neves-program\/","title":{"rendered":"NEVES Program"},"content":{"rendered":"<p style=\"text-align: justify\">Magyarorsz\u00e1gon az ut\u00f3bbi \u00e9vekben egyre nagyobb figyelem fordul a betegbiztons\u00e1g \u00e9s a nem v\u00e1rt esem\u00e9nyek cs\u00f6kkent\u00e9se fel\u00e9. Az EMK egyik f\u0151 ir\u00e1nyvonala a min\u0151s\u00e9g\u00fcggyel, eg\u00e9szs\u00e9g\u00fcgyi ell\u00e1t\u00f3rendszer min\u0151s\u00e9gfejleszt\u00e9s\u00e9vel kapcsolatos kutat\u00f3, oktat\u00f3 \u00e9s fejleszt\u0151 tev\u00e9kenys\u00e9g. Int\u00e9zet\u00fcnk elk\u00f6telezett a betegbiztons\u00e1g jav\u00edt\u00e1sa ir\u00e1nt, ez\u00e9rt hazai \u00e9s nemzetk\u00f6zi szakmai partnerek bevon\u00e1s\u00e1val \u00e1tfog\u00f3 betegbiztons\u00e1gi programot ind\u00edtott \u00fatj\u00e1ra <strong>\u201eNEVES Betegbiztons\u00e1gi program<\/strong>\u201d n\u00e9ven.<\/p>\n<p style=\"text-align: justify\"><strong>A NEVES (NEVES = NEm V\u00e1rt ESem\u00e9nyek) program f\u0151bb c\u00e9ljai:<\/strong><\/p>\n<ul style=\"text-align: justify\">\n<li>Ell\u00e1t\u00e1si hib\u00e1k, nem v\u00e1rt esem\u00e9nyek el\u0151fordul\u00e1s\u00e1nak cs\u00f6kkent\u00e9se<\/li>\n<li>Betegbiztons\u00e1got t\u00e1mogat\u00f3 szervezeti kult\u00fara terjeszt\u00e9se<\/li>\n<li>Az ell\u00e1t\u00e1si folyamat min\u0151s\u00e9g\u00e9nek fejleszt\u00e9se<\/li>\n<li>Elk\u00f6telezett, t\u00e9m\u00e1ban j\u00e1rtas szakemberek tov\u00e1bbk\u00e9pz\u00e9se<\/li>\n<li>Sz\u00e9lesk\u00f6r\u0171 szakmai \u00e9s lakoss\u00e1gi t\u00e1j\u00e9koztat\u00e1s<\/li>\n<\/ul>\n<p style=\"text-align: justify\"><strong>A program elemei:<\/strong><\/p>\n<p style=\"text-align: justify\">A <strong>NEVES Kutat\u00e1si program<\/strong> az eg\u00e9szs\u00e9g\u00fcgyi ell\u00e1t\u00e1s sor\u00e1n el\u0151fordul\u00f3 nem v\u00e1rt esem\u00e9nyek m\u00f6g\u00f6ttes t\u00e9nyez\u0151inek felt\u00e1r\u00e1s\u00e1t seg\u00edt\u0151, az adatok szervezett gy\u0171jt\u00e9s\u00e9t, elemz\u00e9s\u00e9t v\u00e9gz\u0151 jelent\u00e9si rendszer.<\/p>\n<p style=\"text-align: center\"><a class=\"button\" href=\"http:\/\/neves.nevesforum.hu\/\" target=\"_blank\" rel=\"noopener\">Tov\u00e1bb a NEVES Jelent\u00e9si Rendszer oldal\u00e1ra<\/a><\/p>\n<p style=\"text-align: justify\">A <strong>NEVES Betegbiztons\u00e1gi F\u00f3rum<\/strong> egy k\u00e9thavonta megrendezend\u0151 szakmai rendezv\u00e9nysorozat, melynek l\u00e9trehoz\u00e1s\u00e1val c\u00e9lunk a betegbiztons\u00e1ggal kapcsolatos kezdem\u00e9nyez\u00e9sek \u00f6sszefog\u00e1sa, tapasztalatcsere \u00f6szt\u00f6nz\u00e9se. A F\u00f3rum alkalmat ad a NEVES Kutat\u00e1si program adatainak k\u00f6z\u00f6s elemz\u00e9s\u00e9re, esettanulm\u00e1nyok bemutat\u00e1s\u00e1ra.<\/p>\n<p style=\"text-align: center\"><a class=\"button\" href=\"http:\/\/info.nevesforum.hu\/\" target=\"_blank\" rel=\"noopener\">Tov\u00e1bb a NEVES F\u00f3rum oldal\u00e1ra<\/a><\/p>\n<p style=\"text-align: left\">\u00a0<\/p>\n<hr \/>\n<h6><strong>Kor\u00e1bbi h\u00edreink a t\u00e9m\u00e1ban<\/strong><\/h6>\n<h6 class=\"entry-title\"><a href=\"https:\/\/semmelweis.hu\/emk\/2026\/01\/09\/beszamolo-a-69-neves-forumrol-a-digitalis-megoldasok-es-a-betegbiztonsag-kapcsolata\/\" target=\"_blank\" rel=\"noopener\">Besz\u00e1mol\u00f3 a 69. NEVES F\u00f3rumr\u00f3l \u2013 a digit\u00e1lis megold\u00e1sok \u00e9s a betegbiztons\u00e1g kapcsolata<\/a><\/h6>\n<h6 class=\"entry-title\"><a href=\"https:\/\/semmelweis.hu\/emk\/2025\/06\/20\/beszamolo-a-68-neves-forumrol\/\" target=\"_blank\" rel=\"noopener\">2025. j\u00fanius 5-\u00e9n lezajlott a 68. NEVES F\u00f3rum A patik\u00e1k szerepe a betegek biztons\u00e1gos ter\u00e1pi\u00e1j\u00e1ban c\u00edmmel<\/a><\/h6>\n<h6 class=\"entry-title\"><a href=\"https:\/\/semmelweis.hu\/emk\/2025\/02\/03\/a-67-neves-forum-taplalasterapia-aktualitasai-ujdonsagai\/\" target=\"_blank\" rel=\"noopener\">A 67. NEVES F\u00f3rum el\u0151ad\u00e1sai a t\u00e1pl\u00e1l\u00e1ster\u00e1pia aktualit\u00e1sait, \u00fajdons\u00e1gait j\u00e1rt\u00e1k k\u00f6r\u00fcl<\/a><\/h6>\n<h6 class=\"entry-title\"><a href=\"https:\/\/semmelweis.hu\/emk\/2024\/12\/02\/a-66-neves-forum-eloadasai-a-sokoldalu-betegbiztonsag-temakoret-jartak-korul\/\" target=\"_blank\" rel=\"noopener\">A 66. NEVES F\u00f3rum el\u0151ad\u00e1sai a Sokoldal\u00fa betegbiztons\u00e1g t\u00e9mak\u00f6r\u00e9t j\u00e1rt\u00e1k k\u00f6r\u00fcl<\/a><\/h6>\n<h6 class=\"entry-title\"><a href=\"https:\/\/semmelweis.hu\/emk\/2024\/09\/25\/a-vi-betegbiztonsagi-vilagnapi-konferencia-2024\/\" target=\"_blank\" rel=\"noopener\">A VI. Betegbiztons\u00e1gi Vil\u00e1gnapi Konferencia f\u00f3kusz\u00e1ban a diagnosztikai biztons\u00e1g fejleszt\u00e9se \u00e1llt<\/a><\/h6>\n<h6 class=\"entry-title\"><a href=\"https:\/\/semmelweis.hu\/emk\/2024\/09\/24\/who-workshop-betegutmenedzsment-temaban\/\" target=\"_blank\" rel=\"noopener\">A WHO t\u00e1mogat\u00e1s\u00e1val workshopot rendezt\u00fcnk a beteg\u00fatmenedzsment t\u00e9m\u00e1j\u00e1ban<\/a><\/h6>\n<h6 class=\"entry-title\"><a href=\"https:\/\/semmelweis.hu\/emk\/2021\/02\/22\/mar-elerhetoek-az-54-neves-forum-eloadasai\/\" target=\"_blank\" rel=\"noopener\">M\u00e1r el\u00e9rhet\u0151ek az 54. NEVES F\u00f3rum el\u0151ad\u00e1sai<\/a><\/h6>\n","protected":false},"excerpt":{"rendered":"<p>Magyarorsz\u00e1gon az ut\u00f3bbi \u00e9vekben egyre nagyobb figyelem fordul a betegbiztons\u00e1g \u00e9s a nem v\u00e1rt esem\u00e9nyek cs\u00f6kkent\u00e9se fel\u00e9. Az EMK egyik f\u0151 ir\u00e1nyvonala a min\u0151s\u00e9g\u00fcggyel, eg\u00e9szs\u00e9g\u00fcgyi ell\u00e1t\u00f3rendszer min\u0151s\u00e9gfejleszt\u00e9s\u00e9vel kapcsolatos kutat\u00f3, oktat\u00f3 \u00e9s fejleszt\u0151 tev\u00e9kenys\u00e9g. Int\u00e9zet\u00fcnk elk\u00f6telezett a betegbiztons\u00e1g jav\u00edt\u00e1sa ir\u00e1nt, ez\u00e9rt hazai \u00e9s nemzetk\u00f6zi szakmai partnerek bevon\u00e1s\u00e1val \u00e1tfog\u00f3 betegbiztons\u00e1gi programot ind\u00edtott \u00fatj\u00e1ra \u201eNEVES Betegbiztons\u00e1gi program\u201d n\u00e9ven. &hellip;<\/p>\n","protected":false},"author":101539,"featured_media":0,"parent":14696,"menu_order":1,"comment_status":"closed","ping_status":"closed","template":"","meta":{"_acf_changed":false,"footnotes":""},"categories":[],"tags":[],"class_list":["post-13896","page","type-page","status-publish","hentry"],"acf":[],"_links":{"self":[{"href":"https:\/\/semmelweis.hu\/emk\/wp-json\/wp\/v2\/pages\/13896","targetHints":{"allow":["GET"]}}],"collection":[{"href":"https:\/\/semmelweis.hu\/emk\/wp-json\/wp\/v2\/pages"}],"about":[{"href":"https:\/\/semmelweis.hu\/emk\/wp-json\/wp\/v2\/types\/page"}],"author":[{"embeddable":true,"href":"https:\/\/semmelweis.hu\/emk\/wp-json\/wp\/v2\/users\/101539"}],"replies":[{"embeddable":true,"href":"https:\/\/semmelweis.hu\/emk\/wp-json\/wp\/v2\/comments?post=13896"}],"version-history":[{"count":5,"href":"https:\/\/semmelweis.hu\/emk\/wp-json\/wp\/v2\/pages\/13896\/revisions"}],"predecessor-version":[{"id":26741,"href":"https:\/\/semmelweis.hu\/emk\/wp-json\/wp\/v2\/pages\/13896\/revisions\/26741"}],"up":[{"embeddable":true,"href":"https:\/\/semmelweis.hu\/emk\/wp-json\/wp\/v2\/pages\/14696"}],"wp:attachment":[{"href":"https:\/\/semmelweis.hu\/emk\/wp-json\/wp\/v2\/media?parent=13896"}],"wp:term":[{"taxonomy":"category","embeddable":true,"href":"https:\/\/semmelweis.hu\/emk\/wp-json\/wp\/v2\/categories?post=13896"},{"taxonomy":"post_tag","embeddable":true,"href":"https:\/\/semmelweis.hu\/emk\/wp-json\/wp\/v2\/tags?post=13896"}],"curies":[{"name":"wp","href":"https:\/\/api.w.org\/{rel}","templated":true}]}}