{"id":13894,"date":"2019-04-03T10:16:14","date_gmt":"2019-04-03T08:16:14","guid":{"rendered":"http:\/\/semmelweis.hu\/emk\/?page_id=13894"},"modified":"2026-03-23T18:11:18","modified_gmt":"2026-03-23T17:11:18","slug":"tanszekcsoport","status":"publish","type":"page","link":"https:\/\/semmelweis.hu\/emk\/kutatasi-tevekenysegunk\/minosegugy-es-betegbiztonsag\/tanszekcsoport\/","title":{"rendered":"Betegbiztons\u00e1gi Tansz\u00e9k"},"content":{"rendered":"<p style=\"text-align: justify\">Az Eg\u00e9szs\u00e9g\u00fcgyi K\u00f6zszolg\u00e1lati Kar<span style=\"font-weight: 400\">on 2024. janu\u00e1r 1-\u00e9n alakult meg a <strong>Betegbiztons\u00e1gi Tansz\u00e9k<\/strong>, amelynek el\u0151dje, a<\/span> Betegbiztons\u00e1gi Tansz\u00e9ki Csoport 2015-ben j\u00f6tt l\u00e9tre.\u00a0<\/p>\n<p style=\"text-align: justify\"><span style=\"font-weight: 400\">M\u00e1r a megalakul\u00e1sukat megel\u0151z\u0151en is a munkat\u00e1rsaink sz\u00e1mos olyan szakmai tev\u00e9kenys\u00e9get v\u00e9geztek, amely indokoltt\u00e1 tette ennek az \u00faj szervezeti egys\u00e9gnek a l\u00e9trehoz\u00e1s\u00e1t.<\/span><\/p>\n<p style=\"text-align: justify\"><strong>Kor\u00e1bbi \u00e9s aktu\u00e1lis munk\u00e1ink a teljess\u00e9g ig\u00e9nye n\u00e9lk\u00fcl:<\/strong><\/p>\n<ul style=\"text-align: justify\">\n<li>2006-ban a WHO Magyarorsz\u00e1gi Irod\u00e1j\u00e1nak \u00e9s az Eg\u00e9szs\u00e9g\u00fcgyi Miniszt\u00e9riumnak a felk\u00e9r\u00e9s\u00e9re kialak\u00edtott\u00e1k a hazai <a href=\"https:\/\/neves.nevesforum.hu\/\" target=\"_blank\" rel=\"noopener\">nem v\u00e1rt esem\u00e9nyek jelent\u00e9si rendszer\u00e9t<\/a> (NEVES jelent\u00e9si rendszer).<\/li>\n<li><a href=\"https:\/\/info.nevesforum.hu\/\" target=\"_blank\" rel=\"noopener\">Betegbiztons\u00e1gi t\u00e9m\u00e1j\u00fa f\u00f3rumsorozatot<\/a> ind\u00edtottak a szakmai \u00e9rdekl\u0151d\u0151k sz\u00e1m\u00e1ra.<\/li>\n<li>Egy\u00fcttm\u0171k\u00f6dtek a Min\u0151s\u00e9g\u00fcgyi \u00e9s Betegbiztons\u00e1gi Strat\u00e9gia (MIBES 2011), valamint a <a href=\"https:\/\/semmelweis.hu\/emk\/files\/2019\/04\/neked_ajanlas.pdf\" target=\"_blank\" rel=\"noopener\">NEKED aj\u00e1nl\u00e1s<\/a> (Nemk\u00edv\u00e1natos Esem\u00e9nyek Kezel\u00e9s\u00e9re Vonatkoz\u00f3 Elj\u00e1r\u00e1srenD) kialak\u00edt\u00e1s\u00e1ban.<\/li>\n<li>Akt\u00edv k\u00f6zrem\u0171k\u00f6d\u0151i voltak az eur\u00f3pai betegbiztons\u00e1g jav\u00edt\u00e1s\u00e1t c\u00e9lz\u00f3 <a href=\"http:\/\/www.pasq.eu\/\" target=\"_blank\" rel=\"noopener\">PaSQ projektnek<\/a>.<\/li>\n<li>A k\u00f3rh\u00e1zak min\u0151s\u00e9g\u00e9rt\u00e9kel\u00e9s\u00e9t lehet\u0151v\u00e9 tev\u0151 WHO PATH programban a magyar orsz\u00e1gkoordin\u00e1tor szerep\u00e9t t\u00f6lt\u00f6tt\u00e9k be.<\/li>\n<li>Adapt\u00e1lt\u00e1k a AHRQ betegbiztons\u00e1got t\u00e1mogat\u00f3 szervezeti kult\u00fara k\u00e9rd\u0151\u00edv\u00e9t, melynek seg\u00edts\u00e9g\u00e9vel t\u00f6bb hazai int\u00e9zm\u00e9nyben is felm\u00e9rt\u00e9k a hazai helyzetet.<\/li>\n<li>R\u00e9szt vettek az Eg\u00e9szs\u00e9g\u00fcgyi K\u00f6zl\u00f6ny 2016\/15. sz\u00e1m\u00e1ban megjelent fekv\u0151- \u00e9s j\u00e1r\u00f3beteg ell\u00e1t\u00e1s, valamint gy\u00f3gyszert\u00e1ri ell\u00e1t\u00e1s standardjai 1.0 v\u00e1ltozatainak elk\u00e9sz\u00edt\u00e9s\u00e9ben \u00e9s int\u00e9zm\u00e9nyi bevezet\u00e9s\u00e9ben (<a href=\"https:\/\/info.nevesforum.hu\/2020\/06\/bella-programhoz-tartozo-anyagok\/\" target=\"_blank\" rel=\"noopener\">a T\u00c1MOP-6.2.5.A-12\/1-2012-0001\u00e9s a T\u00c1MOP 6.2.5\/B-13\/1-2014-0001 projektek<\/a> keret\u00e9ben).<\/li>\n<li>2016-ban l\u00e9trehozt\u00e1k \u00e9s elind\u00edtott\u00e1k a min\u0151s\u00e9g\u00fcgyi \u00e9s betegbiztons\u00e1gi menedzser szakir\u00e1ny\u00fa tov\u00e1bbk\u00e9pz\u00e9st.<\/li>\n<li>Nemzetk\u00f6zi egy\u00fcttm\u0171k\u00f6d\u00e9s keret\u00e9ben foglalkoztak a beteg\u00e1tad\u00e1s-\u00e1tv\u00e9tel fejleszt\u00e9s\u00e9vel \u00e9s a betegbiztons\u00e1g oktat\u00e1si m\u00f3dszertan\u00e1val a <a href=\"https:\/\/info.nevesforum.hu\/wp-content\/uploads\/2021\/05\/Betegatadas.pdf\" target=\"_blank\" rel=\"noopener\">MAP4E projektben<\/a>.<\/li>\n<li>Jelent\u0151s szerepet v\u00e1llaltak az Eg\u00e9szs\u00e9g\u00fcgyi ell\u00e1t\u00f3rendszer szakmai m\u00f3dszertani fejleszt\u00e9s\u00e9t c\u00e9lz\u00f3 <a href=\"https:\/\/info.nevesforum.hu\/2021\/05\/zarokiadvany\/\" target=\"_blank\" rel=\"noopener\">EFOP 1.8.0 \u2013 VEKOP 17 jel\u0171 p\u00e1ly\u00e1zati konstrukci\u00f3<\/a> betegbiztons\u00e1gi alprojektj\u00e9ben.<\/li>\n<li>\u00daj <a href=\"https:\/\/jogyakorlat.betegbiztonsag.info\/#\/trainings\" target=\"_blank\" rel=\"noopener\">e-learning k\u00e9pz\u00e9seket<\/a> hoztak l\u00e9tre t\u00f6bb t\u00e9m\u00e1ban.<\/li>\n<li>Hallgat\u00f3knak sz\u00f3l\u00f3 jegyzetet k\u00e9sz\u00edtettek <a href=\"http:\/\/info.nevesforum.hu\/wp-content\/uploads\/2021\/06\/Betegbiztonsag-jegyzet.pdf\" target=\"_blank\" rel=\"noopener\">Betegbiztons\u00e1g a gyakorlatban<\/a> c\u00edmmel.<\/li>\n<li>2019 \u00f3ta \u00e9vente konferenci\u00e1t rendeznek a WHO \u00e1ltal meghirdetett <a href=\"https:\/\/info.nevesforum.hu\/category\/Konferencia\/\" target=\"_blank\" rel=\"noopener\">Betegbiztons\u00e1gi Vil\u00e1gnap<\/a> alkalm\u00e1b\u00f3l.<\/li>\n<li>L\u00e9trehozt\u00e1k a betegbiztons\u00e1ggal kapcsolatos ismeretek megoszt\u00e1s\u00e1t szolg\u00e1l\u00f3 <a href=\"https:\/\/betegbiztonsag.info\/\" target=\"_blank\" rel=\"noopener\">https:\/\/betegbiztonsag.info\/<\/a> honlapot.<\/li>\n<li>Rendszeresen kutatnak, elemeznek \u00e9s <a href=\"https:\/\/info.nevesforum.hu\/szakmai-publikaciok\/\">publik\u00e1lnak<\/a> a t\u00e9m\u00e1ban.<\/li>\n<li>A 2022 tavasz\u00e1n indult a <a href=\"https:\/\/semmelweis.hu\/innovacio\/palyazat\/hazai-tamogatott-projektek\/temateruleti-kivalosagi-program-tkp\/tkp-2021-nemzetvedelem-nemzetbiztonsag-alprogram-betegut-kutatas-es-dashboard-kritikus-infrastruktura-vedelmere-jarvanyugyi-valsaghelyzetben\/\" target=\"_blank\" rel=\"noopener\">TKP2021-NVA-11 Beteg\u00fat kutat\u00e1s \u00e9s dashboard kritikus infrastrukt\u00fara v\u00e9delm\u00e9re j\u00e1rv\u00e1ny\u00fcgyi v\u00e1ls\u00e1ghelyzetben<\/a> elnevez\u00e9s\u0171 projekt vezet\u0151ik\u00e9nt \u00e9s megval\u00f3s\u00edt\u00f3ink\u00e9nt a betegutak elemz\u00e9s\u00e9vel \u00e9s fejleszt\u00e9s\u00e9vel foglalkoztak.<\/li>\n<li><span style=\"font-weight: 400\">Jelent\u0151s szerepet v\u00e1llalnak a 2022 tavasz\u00e1n indult Adatvez\u00e9relt Eg\u00e9szs\u00e9g Nemzeti Labor munk\u00e1j\u00e1ban, amelyben adatb\u00e1ny\u00e1szati \u00e9s statisztikai m\u00f3dszerekkel elemzik az ell\u00e1t\u00e1s min\u0151s\u00e9g\u00e9t \u00e9s biztons\u00e1g\u00e1t.<\/span><\/li>\n<li>2024-ben elind\u00edtott\u00e1k az <a href=\"https:\/\/semmelweis.hu\/emk\/oktatas\/mesterkepzes\/egeszsegugyi-minosegugyi-es-betegbiztonsagi-menedzsment-msc\/\" target=\"_blank\" rel=\"noopener\">eg\u00e9szs\u00e9g\u00fcgyi-min\u0151s\u00e9g\u00fcgyi \u00e9s betegbiztons\u00e1gi menedzsment<\/a> mesterk\u00e9pz\u00e9st.<\/li>\n<\/ul>\n<div class=\"keretes w-100\">\n<p style=\"text-align: justify\"><strong>Tansz\u00e9kvezet\u0151: <\/strong><a href=\"https:\/\/semmelweis.hu\/emk\/oktatas\/munkatarsak-oktatoi-csapat\/dr-lam-judit\/\" target=\"_blank\" rel=\"noopener\">Dr. habil. L\u00e1m Judit<\/a><\/p>\n<p style=\"text-align: justify\"><strong>Alap\u00edt\u00f3 tansz\u00e9kvezet\u0151: <\/strong><a href=\"https:\/\/semmelweis.hu\/emk\/oktatas\/munkatarsak-oktatoi-csapat\/belicza-eva-dr\/\" target=\"_blank\" rel=\"noopener\"><span style=\"font-weight: 400\">Dr. habil. Belicza \u00c9va<\/span><\/a><\/p>\n<p style=\"text-align: justify\"><strong>A tansz\u00e9k tagjai:<\/strong> Baranyi Ivett, Farkas Szilvia, <a href=\"https:\/\/semmelweis.hu\/emk\/oktatas\/munkatarsak-oktatoi-csapat\/dr-lam-judit\/\" target=\"_blank\" rel=\"noopener\">Dr. L\u00e1m Judit PhD<\/a>, <a href=\"https:\/\/semmelweis.hu\/emk\/oktatas\/munkatarsak-oktatoi-csapat\/dr-safadi-helena\/\" target=\"_blank\" rel=\"noopener\">Dr. Safadi Hel\u00e9na<\/a>, <a href=\"https:\/\/semmelweis.hu\/emk\/oktatas\/munkatarsak-oktatoi-csapat\/sinka-laszlone-adamik-erika\/\" target=\"_blank\" rel=\"noopener\">Sinka L\u00e1szl\u00f3n\u00e9 Adamik Erika<\/a>, <span class=\"il\">Sinka<\/span> Fruzsina M\u00e1ria, <a href=\"https:\/\/semmelweis.hu\/emk\/oktatas\/munkatarsak-oktatoi-csapat\/surjan-cecilia-dr\/\" target=\"_blank\" rel=\"noopener\">Dr. Surj\u00e1n Cec\u00edlia<\/a>, Ugrin Irina<\/p>\n<p style=\"text-align: justify\"><strong>Kapcsolat:<\/strong>\u00a0<a href=\"mailto:belicza.eva@emk.semmelweis.hu\" target=\"_blank\" rel=\"noopener\">belicza.eva@emk.semmelweis.hu<\/a>, <a href=\"mailto:neves@emk.semmelweis.hu\" target=\"_blank\" rel=\"noopener\"><span style=\"font-weight: 400\">neves@emk.semmelweis.hu<\/span><\/a><\/p>\n<\/div>\n","protected":false},"excerpt":{"rendered":"<p>Az Eg\u00e9szs\u00e9g\u00fcgyi K\u00f6zszolg\u00e1lati Karon 2024. janu\u00e1r 1-\u00e9n alakult meg a Betegbiztons\u00e1gi Tansz\u00e9k, amelynek el\u0151dje, a Betegbiztons\u00e1gi Tansz\u00e9ki Csoport 2015-ben j\u00f6tt l\u00e9tre.\u00a0 M\u00e1r a megalakul\u00e1sukat megel\u0151z\u0151en is a munkat\u00e1rsaink sz\u00e1mos olyan szakmai tev\u00e9kenys\u00e9get v\u00e9geztek, amely indokoltt\u00e1 tette ennek az \u00faj szervezeti egys\u00e9gnek a l\u00e9trehoz\u00e1s\u00e1t. Kor\u00e1bbi \u00e9s aktu\u00e1lis munk\u00e1ink a teljess\u00e9g ig\u00e9nye n\u00e9lk\u00fcl: 2006-ban a WHO Magyarorsz\u00e1gi &hellip;<\/p>\n","protected":false},"author":101539,"featured_media":0,"parent":14696,"menu_order":0,"comment_status":"closed","ping_status":"closed","template":"","meta":{"_acf_changed":false,"footnotes":""},"categories":[],"tags":[73],"class_list":["post-13894","page","type-page","status-publish","hentry","tag-betegbiztonsag"],"acf":[],"_links":{"self":[{"href":"https:\/\/semmelweis.hu\/emk\/wp-json\/wp\/v2\/pages\/13894","targetHints":{"allow":["GET"]}}],"collection":[{"href":"https:\/\/semmelweis.hu\/emk\/wp-json\/wp\/v2\/pages"}],"about":[{"href":"https:\/\/semmelweis.hu\/emk\/wp-json\/wp\/v2\/types\/page"}],"author":[{"embeddable":true,"href":"https:\/\/semmelweis.hu\/emk\/wp-json\/wp\/v2\/users\/101539"}],"replies":[{"embeddable":true,"href":"https:\/\/semmelweis.hu\/emk\/wp-json\/wp\/v2\/comments?post=13894"}],"version-history":[{"count":11,"href":"https:\/\/semmelweis.hu\/emk\/wp-json\/wp\/v2\/pages\/13894\/revisions"}],"predecessor-version":[{"id":26951,"href":"https:\/\/semmelweis.hu\/emk\/wp-json\/wp\/v2\/pages\/13894\/revisions\/26951"}],"up":[{"embeddable":true,"href":"https:\/\/semmelweis.hu\/emk\/wp-json\/wp\/v2\/pages\/14696"}],"wp:attachment":[{"href":"https:\/\/semmelweis.hu\/emk\/wp-json\/wp\/v2\/media?parent=13894"}],"wp:term":[{"taxonomy":"category","embeddable":true,"href":"https:\/\/semmelweis.hu\/emk\/wp-json\/wp\/v2\/categories?post=13894"},{"taxonomy":"post_tag","embeddable":true,"href":"https:\/\/semmelweis.hu\/emk\/wp-json\/wp\/v2\/tags?post=13894"}],"curies":[{"name":"wp","href":"https:\/\/api.w.org\/{rel}","templated":true}]}}