{"id":13885,"date":"2019-04-03T10:16:13","date_gmt":"2019-04-03T08:16:13","guid":{"rendered":"http:\/\/semmelweis.hu\/emk\/?page_id=13885"},"modified":"2025-06-04T12:51:39","modified_gmt":"2025-06-04T10:51:39","slug":"sepen-2","status":"publish","type":"page","link":"https:\/\/semmelweis.hu\/emk\/kutatasi-tevekenysegunk\/egeszsegugyi-humaneroforras-tervezes\/sepen-2\/","title":{"rendered":"SEPEN"},"content":{"rendered":"<p style=\"text-align: justify\">A <strong>\u201c<a href=\"http:\/\/ec.europa.eu\/chafea\/health\/tender-18-2016_en.html\" target=\"_blank\" rel=\"noopener noreferrer\">Support for the health workforce planning and forecasting expert network<\/a>\u201d (SEPEN)<\/strong> elnevez\u00e9s\u0171 Joint Tender 2017 szeptember\u00e9ben indult a Semmelweis Egyetem vezet\u00e9s\u00e9vel. Az Eur\u00f3pai Uni\u00f3 Harmadik Eg\u00e9szs\u00e9g\u00fcgyi Programja keret\u00e9ben finansz\u00edrozott h\u00e1rom\u00e9ves tender megval\u00f3s\u00edt\u00e1s\u00e1ban a Semmelweis Egyetemen k\u00edv\u00fcl r\u00e9szt vesz m\u00e9g az olasz <strong>Eg\u00e9szs\u00e9g\u00fcgyi Miniszt\u00e9rium (MDS)<\/strong> a szint\u00e9n olasz <strong>Region\u00e1lis Eg\u00e9szs\u00e9g\u00fcgyi Szolg\u00e1ltat\u00e1sok K\u00f6zpontja (AGENAS)<\/strong>, az <strong>Eur\u00f3pai Orvosok \u00c1lland\u00f3 Bizotts\u00e1ga (CPME)<\/strong> \u00e9s a <strong>Leuveni Katolikus Egyetem (KUL)<\/strong>.<\/p>\n<p style=\"text-align: justify\">Az eg\u00e9szs\u00e9g\u00fcgyi munkaer\u0151tervez\u00e9s ter\u00fclet\u00e9n vezet\u0151 szerepet bet\u00f6lt\u0151 <a href=\"https:\/\/semmelweis.hu\/emk\/szakertoi-tevekenyseg-projektek\/lezart-projektek\/support-for-the-health-workforce-planning-and-forecasting-expert-network\/\" target=\"_blank\" rel=\"noopener\">SEPEN<\/a> tender az \u00e1gazatban m\u0171k\u00f6d\u0151 szak\u00e9rt\u0151k hat\u00e9kony egy\u00fcttm\u0171k\u00f6d\u00e9s\u00e9nek t\u00e1mogat\u00e1s\u00e1t \u00e9s er\u0151s\u00edt\u00e9s\u00e9t t\u0171zte ki f\u0151 c\u00e9ljak\u00e9nt. Egy olyan akt\u00edvan m\u0171k\u00f6d\u0151 online szak\u00e9rt\u0151i h\u00e1l\u00f3zat kialak\u00edt\u00e1sa van folyamatban, amelyben a nemzeti, nemzetk\u00f6zi \u00e9s region\u00e1lis HRH t\u00e9m\u00e1k, kutat\u00f3i tev\u00e9kenys\u00e9gekre vonatkoz\u00f3 inform\u00e1ci\u00f3k, publik\u00e1ci\u00f3k \u00e9s szakmai eredm\u00e9nyek, a szakter\u00fcletet \u00e9rint\u0151 rendezv\u00e9nyekkel kapcsolatos h\u00edrek ker\u00fclnek megoszt\u00e1sra. Ezen t\u00falmen\u0151en lehet\u0151s\u00e9g van a t\u00e9m\u00e1hoz kapcsol\u00f3d\u00f3 szakmai v\u00e9lem\u00e9nycser\u00e9kre, k\u00e9rd\u00e9sfelvet\u00e9sekre is.<\/p>\n<div class=\"fontos_div\">\n<p>Tov\u00e1bbi inform\u00e1ci\u00f3 \u00e9s regisztr\u00e1ci\u00f3 a szak\u00e9rt\u0151i h\u00e1l\u00f3zatba <strong><a href=\"http:\/\/healthworkforce.eu\/join-our-network\/\" target=\"_blank\" rel=\"noopener noreferrer\">ezen a linken<\/a>.<\/strong><\/p>\n<\/div>\n<p style=\"text-align: justify\">A SEPEN a fentieken t\u00falmen\u0151en kutat\u00e1st v\u00e9gez az uni\u00f3s tag\u00e1llamok HRH tervez\u00e9si \u00e9s fejleszt\u00e9si politik\u00e1ira vonatkoz\u00f3an, melyb\u0151l \u00e1tfog\u00f3 \u00e9s naprak\u00e9sz orsz\u00e1g esettanulm\u00e1nyok k\u00e9sz\u00fclnek, szakmai workshopok ker\u00fclnek megrendez\u00e9sre, valamint szakmai tan\u00e1csad\u00e1s keret\u00e9ben az intervenci\u00f3ra jelentkez\u0151 tag\u00e1llamok val\u00f3s probl\u00e9m\u00e1ira adnak hat\u00e9kony ir\u00e1nymutat\u00e1st.<\/p>\n<div class=\"fontos_div\">\n<p>B\u0151vebb inform\u00e1ci\u00f3 <strong><a href=\"http:\/\/healthworkforce.eu\/\" target=\"_blank\" rel=\"noopener noreferrer\">ezen a linken<\/a><\/strong>.<\/p>\n<\/div>\n<p>Tov\u00e1bbi k\u00e9rd\u00e9seivel k\u00e9rj\u00fck forduljon koll\u00e9g\u00e1nkhoz! <a href=\"mailto:kovacs.eszter@emk.semmelweis.hu\" target=\"_blank\" rel=\"noopener noreferrer\">kovacs.eszter@emk.semmelweis.hu<\/a><\/p>\n","protected":false},"excerpt":{"rendered":"<p>A \u201c <a href=\"http:\/\/ec.europa.eu\/chafea\/health\/tender-18-2016_en.html\" target=\"_blank\" rel=\"noopener noreferrer\">Support for the health workforce planning and forecasting expert network<\/a> \u201d (SEPEN) elnevez\u00e9s\u0171 Joint Tender 2017 szeptember\u00e9ben indult a Semmelweis Egyetem vezet\u00e9s\u00e9vel. Az Eur\u00f3pai Uni\u00f3 Harmadik Eg\u00e9szs\u00e9g\u00fcgyi Programja keret\u00e9ben finansz\u00edrozott h\u00e1rom\u00e9ves tender megval\u00f3s\u00edt\u00e1s\u00e1ban a Semmelweis Egyetemen k\u00edv\u00fcl r\u00e9szt vesz m\u00e9g az olasz Eg\u00e9szs\u00e9g\u00fcgyi Miniszt\u00e9rium (MDS) a szint\u00e9n olasz Region\u00e1lis Eg\u00e9szs\u00e9g\u00fcgyi Szolg\u00e1ltat\u00e1sok K\u00f6zpontja (AGENAS), az Eur\u00f3pai Orvosok \u00c1lland\u00f3 Bizotts\u00e1ga (CPME) \u00e9s a Leuveni Katolikus &hellip;<\/p>\n","protected":false},"author":101539,"featured_media":0,"parent":14703,"menu_order":5,"comment_status":"closed","ping_status":"closed","template":"","meta":{"_acf_changed":false,"footnotes":""},"categories":[],"tags":[791],"class_list":["post-13885","page","type-page","status-publish","hentry","tag-sepen"],"acf":[],"_links":{"self":[{"href":"https:\/\/semmelweis.hu\/emk\/wp-json\/wp\/v2\/pages\/13885","targetHints":{"allow":["GET"]}}],"collection":[{"href":"https:\/\/semmelweis.hu\/emk\/wp-json\/wp\/v2\/pages"}],"about":[{"href":"https:\/\/semmelweis.hu\/emk\/wp-json\/wp\/v2\/types\/page"}],"author":[{"embeddable":true,"href":"https:\/\/semmelweis.hu\/emk\/wp-json\/wp\/v2\/users\/101539"}],"replies":[{"embeddable":true,"href":"https:\/\/semmelweis.hu\/emk\/wp-json\/wp\/v2\/comments?post=13885"}],"version-history":[{"count":10,"href":"https:\/\/semmelweis.hu\/emk\/wp-json\/wp\/v2\/pages\/13885\/revisions"}],"predecessor-version":[{"id":25217,"href":"https:\/\/semmelweis.hu\/emk\/wp-json\/wp\/v2\/pages\/13885\/revisions\/25217"}],"up":[{"embeddable":true,"href":"https:\/\/semmelweis.hu\/emk\/wp-json\/wp\/v2\/pages\/14703"}],"wp:attachment":[{"href":"https:\/\/semmelweis.hu\/emk\/wp-json\/wp\/v2\/media?parent=13885"}],"wp:term":[{"taxonomy":"category","embeddable":true,"href":"https:\/\/semmelweis.hu\/emk\/wp-json\/wp\/v2\/categories?post=13885"},{"taxonomy":"post_tag","embeddable":true,"href":"https:\/\/semmelweis.hu\/emk\/wp-json\/wp\/v2\/tags?post=13885"}],"curies":[{"name":"wp","href":"https:\/\/api.w.org\/{rel}","templated":true}]}}