{"id":13878,"date":"2019-04-03T10:16:18","date_gmt":"2019-04-03T08:16:18","guid":{"rendered":"http:\/\/semmelweis.hu\/emk\/?page_id=13878"},"modified":"2024-10-30T16:00:02","modified_gmt":"2024-10-30T15:00:02","slug":"e-egeszsegugy","status":"publish","type":"page","link":"https:\/\/semmelweis.hu\/emk\/kutatasi-tevekenysegunk\/e-egeszsegugy\/","title":{"rendered":"E-eg\u00e9szs\u00e9g\u00fcgy"},"content":{"rendered":"<p style=\"text-align: justify\">Az elm\u00falt \u00e9vekben az infokommunik\u00e1ci\u00f3 robban\u00e1sszer\u0171 fejl\u0151d\u00e9snek indult. A modern, digit\u00e1lis technol\u00f3gi\u00e1k m\u00e1ra kil\u00e9ptek a k\u00f3rh\u00e1z falai k\u00f6z\u00fcl, \u00e9s az el\u00e9rhet\u0151 okoseszk\u00f6z\u00f6k\u00f6n kereszt\u00fcl a felhaszn\u00e1l\u00f3k b\u00e1rhol hozz\u00e1juthatnak a sz\u00fcks\u00e9ges inform\u00e1ci\u00f3khoz, adatokhoz.<\/p>\n<p style=\"text-align: justify\">A let\u00f6lthet\u0151 applik\u00e1ci\u00f3kkal a felhaszn\u00e1l\u00f3k v\u00e9rnyom\u00e1st, tests\u00falyt m\u00e9rhetnek, eg\u00e9szs\u00e9gnapl\u00f3t, di\u00e9t\u00e1t, edz\u00e9stervet vezethetnek, de lehet\u0151s\u00e9g\u00fck van t\u00e1vdiagnosztik\u00e1ra vagy ak\u00e1r a kr\u00f3nikus betegs\u00e9g\u00fck k\u00f6vet\u00e9s\u00e9re is. Az <strong>e-eg\u00e9szs\u00e9g\u00fcgy<\/strong> fejl\u0151d\u00e9se hat\u00e1rtalan. A kutat\u00f3k m\u00e1ra m\u00e1r azon dolgoznak, hogy a j\u00f6v\u0151 eg\u00e9szs\u00e9g\u00fcgy\u00e9ben a k\u00fclf\u00f6ldi vagy belf\u00f6ldi ell\u00e1t\u00e1s sor\u00e1n l\u00e9trej\u00f6tt adatokat egy integr\u00e1lt \u00e9s naprak\u00e9sz rendszerben gy\u0171jts\u00e9k \u00f6ssze, hat\u00e9konyabb\u00e1 t\u00e9ve ezzel a gy\u00f3gy\u00edt\u00e1st.<\/p>\n<p style=\"text-align: justify\">Az Eg\u00e9szs\u00e9g\u00fcgyi Menedzserk\u00e9pz\u0151 K\u00f6zpont munkat\u00e1rsai a <a href=\"https:\/\/semmelweis.hu\/dei\/\" target=\"_blank\" rel=\"noopener\">Digit\u00e1lis Eg\u00e9szs\u00e9gtudom\u00e1nyi Int\u00e9zet<\/a>tel kar\u00f6ltve szak\u00e9rt\u0151k\u00e9nt \u00e9s oktat\u00f3k\u00e9nt dolgoznak a magyarorsz\u00e1gi eg\u00e9szs\u00e9g\u00fcgyi innov\u00e1ci\u00f3 el\u0151mozd\u00edt\u00e1s\u00e1n, t\u00e1mogatj\u00e1k a hallgat\u00f3k ez ir\u00e1ny\u00fa kutat\u00f3 munk\u00e1j\u00e1t, nemzetk\u00f6zi porondon pedig r\u00e9szt vesznek az e-eg\u00e9szs\u00e9g\u00fcggyel foglalkoz\u00f3 JAseHN projekt munk\u00e1j\u00e1ban.<\/p>\n<p style=\"text-align: justify\"><strong>Tud\u00e1sk\u00f6zpont vezet\u0151:<\/strong> <a href=\"https:\/\/semmelweis.hu\/emk\/oktatas\/munkatarsak-oktatoi-csapat\/szocska-miklos-dr\/\" target=\"_blank\" rel=\"noopener\">Dr. Sz\u00f3cska Mikl\u00f3s<\/a><br \/>\n<strong>Szak\u00e9rt\u0151ink:<\/strong> Dombai P\u00e9ter, <a href=\"https:\/\/semmelweis.hu\/emk\/oktatas\/munkatarsak-oktatoi-csapat\/joo-tamas-dr\/\" target=\"_blank\" rel=\"noopener\">dr. Jo\u00f3 Tam\u00e1s<\/a>, Borb\u00e1s Attila<br \/>\n<strong>Kapcsolat: <\/strong><a href=\"mailto:titkarsag@emk.sote.hu\" target=\"_blank\" rel=\"noopener\">titkarsag@emk.sote.hu<\/a><\/p>\n","protected":false},"excerpt":{"rendered":"<p>Az elm\u00falt \u00e9vekben az infokommunik\u00e1ci\u00f3 robban\u00e1sszer\u0171 fejl\u0151d\u00e9snek indult. A modern, digit\u00e1lis technol\u00f3gi\u00e1k m\u00e1ra kil\u00e9ptek a k\u00f3rh\u00e1z falai k\u00f6z\u00fcl, \u00e9s az el\u00e9rhet\u0151 okoseszk\u00f6z\u00f6k\u00f6n kereszt\u00fcl a felhaszn\u00e1l\u00f3k b\u00e1rhol hozz\u00e1juthatnak a sz\u00fcks\u00e9ges inform\u00e1ci\u00f3khoz, adatokhoz. A let\u00f6lthet\u0151 applik\u00e1ci\u00f3kkal a felhaszn\u00e1l\u00f3k v\u00e9rnyom\u00e1st, tests\u00falyt m\u00e9rhetnek, eg\u00e9szs\u00e9gnapl\u00f3t, di\u00e9t\u00e1t, edz\u00e9stervet vezethetnek, de lehet\u0151s\u00e9g\u00fck van t\u00e1vdiagnosztik\u00e1ra vagy ak\u00e1r a kr\u00f3nikus betegs\u00e9g\u00fck k\u00f6vet\u00e9s\u00e9re is. Az &hellip;<\/p>\n","protected":false},"author":101539,"featured_media":0,"parent":14561,"menu_order":2,"comment_status":"closed","ping_status":"closed","template":"","meta":{"_acf_changed":false,"footnotes":""},"categories":[],"tags":[],"class_list":["post-13878","page","type-page","status-publish","hentry"],"acf":[],"_links":{"self":[{"href":"https:\/\/semmelweis.hu\/emk\/wp-json\/wp\/v2\/pages\/13878","targetHints":{"allow":["GET"]}}],"collection":[{"href":"https:\/\/semmelweis.hu\/emk\/wp-json\/wp\/v2\/pages"}],"about":[{"href":"https:\/\/semmelweis.hu\/emk\/wp-json\/wp\/v2\/types\/page"}],"author":[{"embeddable":true,"href":"https:\/\/semmelweis.hu\/emk\/wp-json\/wp\/v2\/users\/101539"}],"replies":[{"embeddable":true,"href":"https:\/\/semmelweis.hu\/emk\/wp-json\/wp\/v2\/comments?post=13878"}],"version-history":[{"count":4,"href":"https:\/\/semmelweis.hu\/emk\/wp-json\/wp\/v2\/pages\/13878\/revisions"}],"predecessor-version":[{"id":23520,"href":"https:\/\/semmelweis.hu\/emk\/wp-json\/wp\/v2\/pages\/13878\/revisions\/23520"}],"up":[{"embeddable":true,"href":"https:\/\/semmelweis.hu\/emk\/wp-json\/wp\/v2\/pages\/14561"}],"wp:attachment":[{"href":"https:\/\/semmelweis.hu\/emk\/wp-json\/wp\/v2\/media?parent=13878"}],"wp:term":[{"taxonomy":"category","embeddable":true,"href":"https:\/\/semmelweis.hu\/emk\/wp-json\/wp\/v2\/categories?post=13878"},{"taxonomy":"post_tag","embeddable":true,"href":"https:\/\/semmelweis.hu\/emk\/wp-json\/wp\/v2\/tags?post=13878"}],"curies":[{"name":"wp","href":"https:\/\/api.w.org\/{rel}","templated":true}]}}