{"id":13876,"date":"2019-04-03T10:16:18","date_gmt":"2019-04-03T08:16:18","guid":{"rendered":"http:\/\/semmelweis.hu\/emk\/?page_id=13876"},"modified":"2024-10-30T15:55:30","modified_gmt":"2024-10-30T14:55:30","slug":"big-data-halozatelemzes","status":"publish","type":"page","link":"https:\/\/semmelweis.hu\/emk\/kutatasi-tevekenysegunk\/big-data-halozatelemzes\/","title":{"rendered":"Big data, H\u00e1l\u00f3zatelemz\u00e9s"},"content":{"rendered":"<p style=\"text-align: justify\"><strong>Big data<\/strong>-nak nevezz\u00fck a nagy \u00e9s hossz\u00fa id\u0151t \u00e1t\u00edvel\u0151 adatb\u00e1zisokat. A rengeteg adatb\u00f3l direkt \u00e9s indirekt, l\u00e1that\u00f3 \u00e9s \u201cl\u00e1thatatlan\u201d \u00f6sszef\u00fcgg\u00e9sek rajzol\u00f3dhatnak ki, amit a szak\u00e9rt\u0151 szem \u00e9szrevesz. Az \u00f6sszef\u00fcgg\u00e9sekb\u0151l k\u00f6vetkeztet\u00e9sek rajzol\u00f3dnak ki, a k\u00f6vetkeztet\u00e9sek pedig kijel\u00f6lik a lehets\u00e9ges d\u00f6nt\u00e9si ir\u00e1nyokat.<\/p>\n<p style=\"text-align: justify\">A \u201cbig data\u201d \u00e9s h\u00e1l\u00f3zatelemz\u00e9si m\u00f3dszerek alkalmasak arra, hogy egy kiv\u00e1lasztott ter\u00fcleten komplex \u00e9s kifinomult, inform\u00e1lis tud\u00e1st biztos\u00edtsanak. Az eg\u00e9szs\u00e9g\u00fcgyi ell\u00e1t\u00e1s sor\u00e1n keletkez\u0151 \u00f3ri\u00e1si adattengerb\u0151l meghat\u00e1rozott k\u00f6vetkeztet\u00e9sek vonhat\u00f3k le p\u00e9ld\u00e1ul a menedzsmentkontrollra vagy a betegell\u00e1t\u00e1sra vonatkoz\u00f3an, amelyek vezet\u0151i vagy klinikai visszacsatol\u00e1sa pedig megv\u00e1ltoztathatja egy-egy konkr\u00e9t beteg kezel\u00e9s\u00e9t, gy\u00f3gyul\u00e1s\u00e1t \u00e9s hossz\u00fa t\u00e1v\u00fa \u00e9letmin\u0151s\u00e9g\u00e9t.<\/p>\n<div class=\"fontos_div\" style=\"text-align: justify\">\n<p>Az adatok \u00edgy ak\u00e1r \u00e9letet is menthetnek vagy k\u00f6zp\u00e9nzt takar\u00edthatnak meg.<\/p>\n<\/div>\n<p style=\"text-align: justify\">Az Eg\u00e9szs\u00e9g\u00fcgyi Menedzserk\u00e9pz\u0151 K\u00f6zpont szak\u00e9rt\u0151i csapata k\u00e9pes arra, hogy komplex h\u00e1l\u00f3zatelemz\u00e9st v\u00e9gezzen \u00e9s v\u00e9gigk\u00eds\u00e9rje a folyamatot a megfelel\u0151 k\u00e9rd\u00e9sfeltev\u00e9st\u0151l az adattiszt\u00edt\u00e1son \u00e9s vizualiz\u00e1ci\u00f3n \u00e1t eg\u00e9szen a kapott gr\u00e1fok elemz\u00e9s\u00e9ig.<\/p>\n<p style=\"text-align: justify\"><strong>Tud\u00e1sk\u00f6zpont vezet\u0151:<\/strong> <a href=\"https:\/\/semmelweis.hu\/emk\/oktatas\/munkatarsak-oktatoi-csapat\/szocska-miklos-dr\/\" target=\"_blank\" rel=\"noopener\">Dr. Sz\u00f3cska Mikl\u00f3s<\/a><br \/>\n<strong>Szak\u00e9rt\u0151ink:<\/strong> <a href=\"https:\/\/semmelweis.hu\/emk\/oktatas\/munkatarsak-oktatoi-csapat\/joo-tamas-dr\/\" target=\"_blank\" rel=\"noopener\">Dr. Jo\u00f3 Tam\u00e1s<\/a>, Borb\u00e1s Attila<br \/>\n<strong>Kapcsolat:<\/strong> <a>titkarsag@emk.sote.hu<\/a><\/p>\n","protected":false},"excerpt":{"rendered":"<p>Big data-nak nevezz\u00fck a nagy \u00e9s hossz\u00fa id\u0151t \u00e1t\u00edvel\u0151 adatb\u00e1zisokat. A rengeteg adatb\u00f3l direkt \u00e9s indirekt, l\u00e1that\u00f3 \u00e9s \u201cl\u00e1thatatlan\u201d \u00f6sszef\u00fcgg\u00e9sek rajzol\u00f3dhatnak ki, amit a szak\u00e9rt\u0151 szem \u00e9szrevesz. Az \u00f6sszef\u00fcgg\u00e9sekb\u0151l k\u00f6vetkeztet\u00e9sek rajzol\u00f3dnak ki, a k\u00f6vetkeztet\u00e9sek pedig kijel\u00f6lik a lehets\u00e9ges d\u00f6nt\u00e9si ir\u00e1nyokat. A \u201cbig data\u201d \u00e9s h\u00e1l\u00f3zatelemz\u00e9si m\u00f3dszerek alkalmasak arra, hogy egy kiv\u00e1lasztott ter\u00fcleten komplex \u00e9s kifinomult, &hellip;<\/p>\n","protected":false},"author":101539,"featured_media":0,"parent":14561,"menu_order":1,"comment_status":"closed","ping_status":"closed","template":"","meta":{"_acf_changed":false,"footnotes":""},"categories":[],"tags":[],"class_list":["post-13876","page","type-page","status-publish","hentry"],"acf":[],"_links":{"self":[{"href":"https:\/\/semmelweis.hu\/emk\/wp-json\/wp\/v2\/pages\/13876","targetHints":{"allow":["GET"]}}],"collection":[{"href":"https:\/\/semmelweis.hu\/emk\/wp-json\/wp\/v2\/pages"}],"about":[{"href":"https:\/\/semmelweis.hu\/emk\/wp-json\/wp\/v2\/types\/page"}],"author":[{"embeddable":true,"href":"https:\/\/semmelweis.hu\/emk\/wp-json\/wp\/v2\/users\/101539"}],"replies":[{"embeddable":true,"href":"https:\/\/semmelweis.hu\/emk\/wp-json\/wp\/v2\/comments?post=13876"}],"version-history":[{"count":5,"href":"https:\/\/semmelweis.hu\/emk\/wp-json\/wp\/v2\/pages\/13876\/revisions"}],"predecessor-version":[{"id":23518,"href":"https:\/\/semmelweis.hu\/emk\/wp-json\/wp\/v2\/pages\/13876\/revisions\/23518"}],"up":[{"embeddable":true,"href":"https:\/\/semmelweis.hu\/emk\/wp-json\/wp\/v2\/pages\/14561"}],"wp:attachment":[{"href":"https:\/\/semmelweis.hu\/emk\/wp-json\/wp\/v2\/media?parent=13876"}],"wp:term":[{"taxonomy":"category","embeddable":true,"href":"https:\/\/semmelweis.hu\/emk\/wp-json\/wp\/v2\/categories?post=13876"},{"taxonomy":"post_tag","embeddable":true,"href":"https:\/\/semmelweis.hu\/emk\/wp-json\/wp\/v2\/tags?post=13876"}],"curies":[{"name":"wp","href":"https:\/\/api.w.org\/{rel}","templated":true}]}}