{"id":13870,"date":"2019-04-03T10:16:18","date_gmt":"2019-04-03T08:16:18","guid":{"rendered":"http:\/\/semmelweis.hu\/emk\/?page_id=13870"},"modified":"2025-06-13T14:23:48","modified_gmt":"2025-06-13T12:23:48","slug":"performance-assessment-tool-for-quality-improvement-in-hospitals-2","status":"publish","type":"page","link":"https:\/\/semmelweis.hu\/emk\/szakertoi-tevekenyseg-projektek\/lezart-projektek\/performance-assessment-tool-for-quality-improvement-in-hospitals-2\/","title":{"rendered":"Performance Assessment Tool for Quality Improvement in Hospitals"},"content":{"rendered":"<p style=\"text-align: justify\">PATH<\/p>\n<p style=\"text-align: justify\">2006 \u2013 2014.<\/p>\n<p style=\"text-align: justify\"><strong>Projekt tartalma, c\u00e9lja<\/strong><\/p>\n<p style=\"text-align: justify\">A PATH projektet az Eg\u00e9szs\u00e9g\u00fcgyi Vil\u00e1gszervezet Eur\u00f3pai Region\u00e1lis Irod\u00e1ja ind\u00edtotta el 2003-ban. A PATH a k\u00f3rh\u00e1zi min\u0151s\u00e9gfejleszt\u00e9st t\u00e1mogat\u00f3 teljes\u00edtm\u00e9ny\u00e9rt\u00e9kel\u0151 eszk\u00f6zrendszer (Performance Assessment Tool for quality improvement in Hospitals), amely k\u00f3rh\u00e1zak sz\u00e1m\u00e1ra ny\u00fajt seg\u00edts\u00e9get a munk\u00e1juk \u00e9rt\u00e9kel\u00e9s\u00e9hez, az eredm\u00e9nyeik fel\u00fclvizsg\u00e1lat\u00e1hoz, \u00e9s ahhoz, hogy az eredm\u00e9nyekb\u0151l kiindulva min\u0151s\u00e9gfejleszt\u00e9si tev\u00e9kenys\u00e9get v\u00e9gezzenek m\u00e1s k\u00f3rh\u00e1zak gyakorlati tapasztalatait is felhaszn\u00e1lva.<\/p>\n<p style=\"text-align: justify\">A PATH rendszere t\u00falmutat a hagyom\u00e1nyos, gazdas\u00e1gi teljes\u00edtm\u00e9ny vs. klinikai eredm\u00e9nyess\u00e9g t\u00edpus\u00fa szakmai feloszt\u00e1son, \u00e9s egy olyan \u00e1tfog\u00f3 n\u00e9z\u0151pontot alak\u00edt ki, amely egyar\u00e1nt mag\u00e1ban foglalja a klinikai eredm\u00e9nyess\u00e9get, a hat\u00e9konys\u00e1got, a munkaer\u0151-orient\u00e1lts\u00e1got, a reag\u00e1l\u00f3 ir\u00e1ny\u00edt\u00e1st, a biztons\u00e1got \u00e9s a betegk\u00f6zpont\u00fas\u00e1got. A PATH nem csup\u00e1n egy k\u00f3rh\u00e1zi teljes\u00edtm\u00e9nyt m\u00e9r\u0151 eszk\u00f6zrendszer, hanem az eredm\u00e9nyek \u00e9rtelmez\u00e9s\u00e9re is hangs\u00falyt helyez. A h\u00e1l\u00f3zaton bel\u00fcl m\u0171k\u00f6d\u0151 k\u00f3rh\u00e1zakkal v\u00e9gzett \u00f6sszehasonl\u00edt\u00f3 elemz\u00e9s (benchmarking) r\u00e9v\u00e9n seg\u00edts\u00e9get ny\u00fajt a k\u00f3rh\u00e1zaknak a legjobban bev\u00e1lt gyakorlat megismer\u00e9s\u00e9ben. A PATH t\u00e1mogat\u00e1st ny\u00fajt a szervezeti teljes\u00edtm\u00e9ny\u00e9rt\u00e9kel\u00e9s bevezet\u0151 szakasz\u00e1ban l\u00e9v\u0151 k\u00f3rh\u00e1zaknak, v\u00e9dett k\u00f6rnyezetet k\u00edn\u00e1l a m\u00e9r\u00e9si kult\u00fara kialak\u00edt\u00e1s\u00e1hoz.<br \/>\nA rendszert els\u0151k\u00e9nt 2004 \u00e9s 2006 k\u00f6z\u00f6tt 5 orsz\u00e1g 66 k\u00f3rh\u00e1z\u00e1ban tesztelt\u00e9k. Az adatgy\u0171jt\u00e9sbe Magyarorsz\u00e1g 2006-t\u00f3l kapcsol\u00f3dott be.<\/p>\n<p style=\"text-align: justify\"><a class=\"btn btn-secondary\" href=\"http:\/\/www.pathqualityproject.eu\/\" target=\"_blank\" rel=\"noopener\">A projekt honlapja<\/a><\/p>\n<p style=\"text-align: justify\"><strong>Projekt szerepl\u0151k<\/strong><\/p>\n<p style=\"text-align: justify\">A projektben az EMK orsz\u00e1gkoordin\u00e1tori \u00e9s program koordin\u00e1ci\u00f3s szerepet t\u00f6lt\u00f6tt be.<\/p>\n<p style=\"text-align: justify\"><a href=\"http:\/\/www.pathqualityproject.eu\/how_is_path_organized.html\" target=\"_blank\" rel=\"noopener noreferrer\">B\u0151vebb inform\u00e1ci\u00f3 a projekt fel\u00e9p\u00edt\u00e9s\u00e9r\u0151l<\/a><\/p>\n<p style=\"text-align: justify\"><strong>EMK kontakt<\/strong><\/p>\n<p style=\"text-align: justify\">N\u00e9v: <a href=\"https:\/\/semmelweis.hu\/emk\/oktatas\/munkatarsak-oktatoi-csapat\/takacs-erika-dr\/\" target=\"_blank\" rel=\"noopener\">Dr. Tak\u00e1cs Erika<\/a> (orsz\u00e1gkoordin\u00e1tor)<br \/>\nE-mail: <a href=\"takacs@emk.semmelweis.hu\" target=\"_blank\" rel=\"noopener\">takacs@emk.semmelweis.hu<\/a><\/p>\n<p style=\"text-align: justify\"><strong>Eredm\u00e9nyterm\u00e9kek<\/strong><\/p>\n<div style=\"text-align: justify\">\n<ul>\n<li>A k\u00f3rh\u00e1zak bels\u0151 teljes\u00edtm\u00e9ny\u00e9rt\u00e9kel\u00e9s\u00e9re alkalmas, hazai szolg\u00e1ltat\u00f3k sz\u00e1m\u00e1ra adapt\u00e1lt indik\u00e1torok<\/li>\n<li>Kapcsol\u00f3d\u00f3 indik\u00e1torle\u00edr\u00e1sok<\/li>\n<li>Az indik\u00e1torok alkalmaz\u00e1s\u00e1t seg\u00edt\u0151 magyar nyelv\u0171 esettanulm\u00e1nyok<\/li>\n<li>Az indik\u00e1torok \u00e9rt\u00e9kel\u00e9s\u00e9t, az eredm\u00e9nyek azonnali visszajelz\u00e9s\u00e9t seg\u00edt\u0151 szoftver<\/li>\n<\/ul>\n<p>PATH\u201909 projekt indik\u00e1torainak list\u00e1ja:<\/p>\n<ul>\n<li>Cs\u00e1sz\u00e1rmetsz\u00e9sek ar\u00e1nya<\/li>\n<li>AMI hal\u00e1loz\u00e1s<\/li>\n<li>Stroke miatti hal\u00e1loz\u00e1s<\/li>\n<li>M\u0171t\u00e9t ut\u00e1ni tromboemb\u00f3lia<\/li>\n<li>V\u00e9rkomponensek felhaszn\u00e1l\u00e1sa<\/li>\n<li>Egynapos seb\u00e9szeti ar\u00e1ny<\/li>\n<li>Doh\u00e1nyf\u00fcstmentes k\u00f3rh\u00e1z audit<\/li>\n<li>Kiz\u00e1r\u00f3lagos szoptat\u00e1s<\/li>\n<li>Aszpirin fel\u00edr\u00e1sa AMI betegek elbocs\u00e1t\u00e1sakor<\/li>\n<li>Profilaktikus antibiotikum alkalmaz\u00e1s<\/li>\n<li>\u00c1pol\u00e1si id\u0151<\/li>\n<li>M\u0171t\u0151kihaszn\u00e1lts\u00e1g<\/li>\n<li>T\u0171sz\u00far\u00e1s okozta s\u00e9r\u00fcl\u00e9sek<\/li>\n<li>Decubitus<\/li>\n<li>\u00c1pol\u00f3k k\u00e9pzetts\u00e9gi szintje<\/li>\n<li>\u00c1tad\u00e1sok az ell\u00e1t\u00f3 rendszerben vagy az elbocs\u00e1t\u00e1s el\u0151k\u00e9sz\u00edt\u00e9se<\/li>\n<li>P\u00e9nz\u00fcgyi indik\u00e1torok<\/li>\n<li>Betegel\u00e9gedetts\u00e9g felm\u00e9r\u00e9s<\/li>\n<li>Dolgoz\u00f3i el\u00e9gedetts\u00e9g felm\u00e9r\u00e9s<\/li>\n<\/ul>\n<\/div>\n<p style=\"text-align: justify\">(Az eredm\u00e9nyterm\u00e9kek csak a programba regisztr\u00e1lt szolg\u00e1ltat\u00f3k sz\u00e1m\u00e1ra el\u00e9rhet\u0151ek)<\/p>\n","protected":false},"excerpt":{"rendered":"<p>PATH 2006 \u2013 2014. Projekt tartalma, c\u00e9lja A PATH projektet az Eg\u00e9szs\u00e9g\u00fcgyi Vil\u00e1gszervezet Eur\u00f3pai Region\u00e1lis Irod\u00e1ja ind\u00edtotta el 2003-ban. A PATH a k\u00f3rh\u00e1zi min\u0151s\u00e9gfejleszt\u00e9st t\u00e1mogat\u00f3 teljes\u00edtm\u00e9ny\u00e9rt\u00e9kel\u0151 eszk\u00f6zrendszer (Performance Assessment Tool for quality improvement in Hospitals), amely k\u00f3rh\u00e1zak sz\u00e1m\u00e1ra ny\u00fajt seg\u00edts\u00e9get a munk\u00e1juk \u00e9rt\u00e9kel\u00e9s\u00e9hez, az eredm\u00e9nyeik fel\u00fclvizsg\u00e1lat\u00e1hoz, \u00e9s ahhoz, hogy az eredm\u00e9nyekb\u0151l kiindulva min\u0151s\u00e9gfejleszt\u00e9si tev\u00e9kenys\u00e9get v\u00e9gezzenek &hellip;<\/p>\n","protected":false},"author":101539,"featured_media":0,"parent":15855,"menu_order":23,"comment_status":"closed","ping_status":"closed","template":"","meta":{"_acf_changed":false,"footnotes":""},"categories":[],"tags":[853],"class_list":["post-13870","page","type-page","status-publish","hentry","tag-performance-assessment-tool-for-quality-improvement-in-hospitals"],"acf":[],"_links":{"self":[{"href":"https:\/\/semmelweis.hu\/emk\/wp-json\/wp\/v2\/pages\/13870","targetHints":{"allow":["GET"]}}],"collection":[{"href":"https:\/\/semmelweis.hu\/emk\/wp-json\/wp\/v2\/pages"}],"about":[{"href":"https:\/\/semmelweis.hu\/emk\/wp-json\/wp\/v2\/types\/page"}],"author":[{"embeddable":true,"href":"https:\/\/semmelweis.hu\/emk\/wp-json\/wp\/v2\/users\/101539"}],"replies":[{"embeddable":true,"href":"https:\/\/semmelweis.hu\/emk\/wp-json\/wp\/v2\/comments?post=13870"}],"version-history":[{"count":4,"href":"https:\/\/semmelweis.hu\/emk\/wp-json\/wp\/v2\/pages\/13870\/revisions"}],"predecessor-version":[{"id":25335,"href":"https:\/\/semmelweis.hu\/emk\/wp-json\/wp\/v2\/pages\/13870\/revisions\/25335"}],"up":[{"embeddable":true,"href":"https:\/\/semmelweis.hu\/emk\/wp-json\/wp\/v2\/pages\/15855"}],"wp:attachment":[{"href":"https:\/\/semmelweis.hu\/emk\/wp-json\/wp\/v2\/media?parent=13870"}],"wp:term":[{"taxonomy":"category","embeddable":true,"href":"https:\/\/semmelweis.hu\/emk\/wp-json\/wp\/v2\/categories?post=13870"},{"taxonomy":"post_tag","embeddable":true,"href":"https:\/\/semmelweis.hu\/emk\/wp-json\/wp\/v2\/tags?post=13870"}],"curies":[{"name":"wp","href":"https:\/\/api.w.org\/{rel}","templated":true}]}}