{"id":13868,"date":"2019-04-03T10:16:14","date_gmt":"2019-04-03T08:16:14","guid":{"rendered":"http:\/\/semmelweis.hu\/emk\/?page_id=13868"},"modified":"2025-06-13T13:39:14","modified_gmt":"2025-06-13T11:39:14","slug":"health-prometheus-2","status":"publish","type":"page","link":"https:\/\/semmelweis.hu\/emk\/szakertoi-tevekenyseg-projektek\/lezart-projektek\/health-prometheus-2\/","title":{"rendered":"HEALTH PROMeTHEUS"},"content":{"rendered":"<p><strong>HEALTH PROMeTHEUS \u2013 PROfessional Mobility in The European Union Study<\/strong><\/p>\n<p>FP7-HEALTH_2007-B \/ 223383<\/p>\n<p>2009.01.01. \u2013 2011.12.31.<\/p>\n<p><strong>Projekt tartalma, c\u00e9lja<\/strong><\/p>\n<p>A Health PROMeTHEUS kutat\u00e1s c\u00e9lja, hogy felt\u00e9rk\u00e9pezze az eg\u00e9szs\u00e9g\u00fcgyi szakember-migr\u00e1ci\u00f3t az Eur\u00f3pai Uni\u00f3n bel\u00fcl, valamint az Eur\u00f3pai Uni\u00f3 \u00e9s az EU szempontj\u00e1b\u00f3l relev\u00e1ns OECD tagorsz\u00e1gok k\u00f6z\u00f6tt. A projekt m\u00e1sodlagos c\u00e9ljai:<\/p>\n<ul>\n<li>a hat\u00e1ron \u00e1tny\u00fal\u00f3 szakember mobilit\u00e1s nagys\u00e1g\u00e1nak meghat\u00e1roz\u00e1sa, mint\u00e1inak, valamint szervezeti, kontextu\u00e1lis \u00e9s szem\u00e9lyes \u201epush\u201d \u00e9s \u201epull\u201d t\u00e9nyez\u0151inek jobb meg\u00e9rt\u00e9se,<\/li>\n<li>a mobilit\u00e1s pozit\u00edv \u00e9s negat\u00edv hat\u00e1sainak felt\u00e9rk\u00e9pez\u00e9se,<\/li>\n<li>azon nemzeti \u00e9s szervezeti kezdem\u00e9nyez\u00e9sek \u00f6sszegy\u0171jt\u00e9se, amelyek c\u00e9lja a migr\u00e1ci\u00f3 jobb menedzsmentje,<\/li>\n<li>nemzeti \u00e9s nemzetk\u00f6zi emberi er\u0151forr\u00e1stervez\u00e9ssel kapcsolatos eg\u00e9szs\u00e9gpolitikai beavatkoz\u00e1sok \u00e9rt\u00e9kel\u00e9se,<\/li>\n<li>azoknak a lehets\u00e9ges adatforr\u00e1soknak az azonos\u00edt\u00e1sa, amelyek megalapozz\u00e1k a kutat\u00f3program eredm\u00e9nyeit,<\/li>\n<li>a tervez\u00e9s szempontj\u00e1b\u00f3l elengedhetetlen nem rendelkez\u00e9sre \u00e1ll\u00f3 inform\u00e1ci\u00f3k azonos\u00edt\u00e1sa, az\u00e9rt hogy ezen hi\u00e1nyz\u00f3 inform\u00e1ci\u00f3k p\u00f3tl\u00e1s\u00e1val a projekt val\u00f3di \u00e9s megalapozott aj\u00e1nl\u00e1sokat tehessen egy hat\u00e9konyabb emberi er\u0151forr\u00e1stervez\u00e9s ir\u00e1ny\u00e1ba,<\/li>\n<li>eur\u00f3pai szakember-migr\u00e1ci\u00f3s egys\u00e9ges adatgy\u0171jt\u00e9si standardok, \u00e9s egys\u00e9ges adatgy\u0171jt\u0151 rendszer kialak\u00edt\u00e1sa.<\/li>\n<\/ul>\n<p style=\"text-align: center\"><a class=\"btn btn-secondary\" href=\"http:\/\/www.euro.who.int\/en\/about-us\/partners\/observatory\/activities\/research-studies-and-projects\/prometheus\" target=\"_blank\" rel=\"noopener\">A projekt honlapja<\/a><\/p>\n<p><strong>Projekt szerepl\u0151k<\/strong><\/p>\n<p><strong>Konzorciumvezet\u0151:<\/strong> European Health Management Association (EHMA)<\/p>\n<p><strong>EMK szerepv\u00e1llal\u00e1sa:<\/strong> konzorciumi tag<\/p>\n<p><strong>Tov\u00e1bbi konzorciumi tagok\/partnerek:<\/strong><\/p>\n<ul>\n<li>WHO Regional Office for Europe \u2013 European Observatory on Health Systems and Policies<\/li>\n<li>Semmelweis Egyetem (Hungary)<\/li>\n<li>King\u2019s College London (United Kingdom)<\/li>\n<li>Kaunas University of Medicine (Lithuania)<\/li>\n<li>Technische Universit\u00e4t Berlin (Germany)<\/li>\n<li>National Institute for Health and Welfare (Finland)<\/li>\n<li>London School of Economics and Political Science (United Kingdom)<\/li>\n<li>Veneto Region (Italy)<\/li>\n<li>Institute of Public Health of the Republic of Slovenia (Slovenia)<\/li>\n<li>University of Las Palmas de Gran Canaria (Spain)<\/li>\n<\/ul>\n<p><strong>EMK kontakt<\/strong><\/p>\n<p>N\u00e9v: Dr. Girasek Edmond (egyetemi adjunktus)<br \/>\nTelefon: +36 1 488 7623<br \/>\nE-mail: <a>girasek@emk.sote.hu<\/a><\/p>\n<p><strong>Eredm\u00e9nyterm\u00e9kek<\/strong><\/p>\n<p>A projekt eredm\u00e9nyterm\u00e9kei k\u00f6z\u00fcl az al\u00e1bbiak az EMK munkat\u00e1rsainak akt\u00edv k\u00f6zrem\u0171k\u00f6d\u00e9s\u00e9vel j\u00f6ttek l\u00e9tre:<\/p>\n<p><strong>\u00d6sszegz\u0151 tanulm\u00e1nyok:<\/strong><\/p>\n<ul>\n<li><a href=\"http:\/\/www.euro.who.int\/en\/about-us\/partners\/observatory\/publications\/studies\/health-professional-mobility-in-a-changing-europe.-new-dynamics,-mobile-individuals-and-diverse-responses\" target=\"_blank\" rel=\"noopener noreferrer\">Health professional mobility in a changing Europe. New dynamics, mobile individuals and diverse responses<\/a><\/li>\n<li><a href=\"http:\/\/www.euro.who.int\/en\/about-us\/partners\/observatory\/publications\/studies\/health-professional-mobility-and-health-systems.-evidence-from-17-european-countries\" target=\"_blank\" rel=\"noopener noreferrer\">Health professional mobility and health systems. Evidence from 17 European countries<\/a><\/li>\n<li><a href=\"http:\/\/p.hsmtc.hu\/\" target=\"_blank\" rel=\"noopener noreferrer\">Interakt\u00edv migr\u00e1ci\u00f3s adatb\u00e1zis \u00e9s t\u00e9rk\u00e9p<\/a><\/li>\n<\/ul>\n","protected":false},"excerpt":{"rendered":"<p>HEALTH PROMeTHEUS \u2013 PROfessional Mobility in The European Union Study FP7-HEALTH_2007-B \/ 223383 2009.01.01. \u2013 2011.12.31. Projekt tartalma, c\u00e9lja A Health PROMeTHEUS kutat\u00e1s c\u00e9lja, hogy felt\u00e9rk\u00e9pezze az eg\u00e9szs\u00e9g\u00fcgyi szakember-migr\u00e1ci\u00f3t az Eur\u00f3pai Uni\u00f3n bel\u00fcl, valamint az Eur\u00f3pai Uni\u00f3 \u00e9s az EU szempontj\u00e1b\u00f3l relev\u00e1ns OECD tagorsz\u00e1gok k\u00f6z\u00f6tt. A projekt m\u00e1sodlagos c\u00e9ljai: a hat\u00e1ron \u00e1tny\u00fal\u00f3 szakember mobilit\u00e1s nagys\u00e1g\u00e1nak &hellip;<\/p>\n","protected":false},"author":101539,"featured_media":0,"parent":15855,"menu_order":13,"comment_status":"closed","ping_status":"closed","template":"","meta":{"_acf_changed":false,"footnotes":""},"categories":[],"tags":[833],"class_list":["post-13868","page","type-page","status-publish","hentry","tag-health-prometheus"],"acf":[],"_links":{"self":[{"href":"https:\/\/semmelweis.hu\/emk\/wp-json\/wp\/v2\/pages\/13868","targetHints":{"allow":["GET"]}}],"collection":[{"href":"https:\/\/semmelweis.hu\/emk\/wp-json\/wp\/v2\/pages"}],"about":[{"href":"https:\/\/semmelweis.hu\/emk\/wp-json\/wp\/v2\/types\/page"}],"author":[{"embeddable":true,"href":"https:\/\/semmelweis.hu\/emk\/wp-json\/wp\/v2\/users\/101539"}],"replies":[{"embeddable":true,"href":"https:\/\/semmelweis.hu\/emk\/wp-json\/wp\/v2\/comments?post=13868"}],"version-history":[{"count":4,"href":"https:\/\/semmelweis.hu\/emk\/wp-json\/wp\/v2\/pages\/13868\/revisions"}],"predecessor-version":[{"id":25321,"href":"https:\/\/semmelweis.hu\/emk\/wp-json\/wp\/v2\/pages\/13868\/revisions\/25321"}],"up":[{"embeddable":true,"href":"https:\/\/semmelweis.hu\/emk\/wp-json\/wp\/v2\/pages\/15855"}],"wp:attachment":[{"href":"https:\/\/semmelweis.hu\/emk\/wp-json\/wp\/v2\/media?parent=13868"}],"wp:term":[{"taxonomy":"category","embeddable":true,"href":"https:\/\/semmelweis.hu\/emk\/wp-json\/wp\/v2\/categories?post=13868"},{"taxonomy":"post_tag","embeddable":true,"href":"https:\/\/semmelweis.hu\/emk\/wp-json\/wp\/v2\/tags?post=13868"}],"curies":[{"name":"wp","href":"https:\/\/api.w.org\/{rel}","templated":true}]}}