{"id":13865,"date":"2019-04-03T10:16:14","date_gmt":"2019-04-03T08:16:14","guid":{"rendered":"http:\/\/semmelweis.hu\/emk\/?page_id=13865"},"modified":"2025-06-13T13:37:46","modified_gmt":"2025-06-13T11:37:46","slug":"eurohope-2","status":"publish","type":"page","link":"https:\/\/semmelweis.hu\/emk\/szakertoi-tevekenyseg-projektek\/lezart-projektek\/eurohope-2\/","title":{"rendered":"EuroHOPE"},"content":{"rendered":"<p style=\"text-align: justify\"><strong>EuroHOPE \u2013 European Health Care Outcomes, Performance and Efficiency<\/strong><\/p>\n<p style=\"text-align: justify\">FP7 \u2013 SP1 Cooperation Collaborative project<\/p>\n<p style=\"text-align: justify\">2010.01.01. \u2013 2014.04.30.<\/p>\n<p style=\"text-align: justify\"><strong>Projekt tartalma, c\u00e9lja<\/strong><\/p>\n<p style=\"text-align: justify\">Az EuroHOPE projekt el\u00e9rhet\u0151 adatb\u00e1zisokkal, \u00e9letmin\u0151s\u00e9gre vonatkoz\u00f3 adatok gy\u0171jt\u00e9s\u00e9vel \u00e9s betegel\u00e9gedetts\u00e9gi vizsg\u00e1latok alapj\u00e1n k\u00edv\u00e1nta felm\u00e9rni az eur\u00f3pai eg\u00e9szs\u00e9g\u00fcgyi ell\u00e1t\u00f3rendszerek teljes\u00edtm\u00e9ny\u00e9t, \u00fagy hogy a r\u00e9sztvev\u0151 orsz\u00e1gokban az el\u00e9rt eg\u00e9szs\u00e9gi eredm\u00e9nyeket, az ell\u00e1t\u00e1s min\u0151s\u00e9g\u00e9t, valamint az er\u0151forr\u00e1sok \u00e9s k\u00f6lts\u00e9gek felhaszn\u00e1l\u00e1s\u00e1t vizsg\u00e1lta. A projekt tov\u00e1bbi c\u00e9lja volt egy eur\u00f3pai benchmarking l\u00e9trehoz\u00e1sa az eredm\u00e9nyek, a min\u0151s\u00e9g \u00e9s a k\u00f6lts\u00e9gek vonatkoz\u00e1s\u00e1ban, amely lehet\u0151v\u00e9 teszi a d\u00f6nt\u00e9shoz\u00f3knak \u00e9s eg\u00e9szs\u00e9g\u00fcgyi szakembereknek, hogy k\u00fcl\u00f6nb\u00f6z\u0151 szinteken tanuljanak a legjobb gyakorlatokb\u00f3l.<br \/>\nA program 5 kiemelten fontos eg\u00e9szs\u00e9gi probl\u00e9m\u00e1ra, betegs\u00e9gre koncentr\u00e1lt:<\/p>\n<ul style=\"text-align: justify\">\n<li>akut miokardi\u00e1lis infarktus<\/li>\n<li>stroke<\/li>\n<li>combnyakt\u00f6r\u00e9s<\/li>\n<li>eml\u0151-tumor<\/li>\n<li>kritikusan alacsony sz\u00fclet\u00e9si s\u00faly\u00fa \u00fajsz\u00fcl\u00f6ttek<\/li>\n<\/ul>\n<p style=\"text-align: center\"><a class=\"btn btn-secondary\" href=\"http:\/\/www.eurohope.info\/index.html\" target=\"_blank\" rel=\"noopener\">A projekt honlapja<\/a><\/p>\n<p style=\"text-align: justify\"><strong>Projekt szerepl\u0151k<\/strong><\/p>\n<p style=\"text-align: justify\"><strong>Konzorciumvezet\u0151:<\/strong> National Institute for Health and Welfare (THL)<\/p>\n<p style=\"text-align: justify\"><strong>EMK szerepv\u00e1llal\u00e1sa:<\/strong> konzorciumi tag<\/p>\n<p style=\"text-align: justify\"><a href=\"http:\/\/www.eurohope.info\/ctc.html\" target=\"_blank\" rel=\"noopener noreferrer\">Tov\u00e1bbi konzorciumi tagok\/partnerek<\/a><\/p>\n<p style=\"text-align: justify\"><strong>EMK kontakt<\/strong><\/p>\n<p style=\"text-align: justify\">N\u00e9v: Dr. Belicza \u00c9va (egyetemi docens)<br \/>\nTelefon: +36 1 488 7617<br \/>\nE-mail: <a href=\"mailto:belicza.eva@emk.semmelweis.hu\" target=\"_blank\" rel=\"noopener\">belicza.eva@emk.semmelweis.hu<\/a><\/p>\n","protected":false},"excerpt":{"rendered":"<p>EuroHOPE \u2013 European Health Care Outcomes, Performance and Efficiency FP7 \u2013 SP1 Cooperation Collaborative project 2010.01.01. \u2013 2014.04.30. Projekt tartalma, c\u00e9lja Az EuroHOPE projekt el\u00e9rhet\u0151 adatb\u00e1zisokkal, \u00e9letmin\u0151s\u00e9gre vonatkoz\u00f3 adatok gy\u0171jt\u00e9s\u00e9vel \u00e9s betegel\u00e9gedetts\u00e9gi vizsg\u00e1latok alapj\u00e1n k\u00edv\u00e1nta felm\u00e9rni az eur\u00f3pai eg\u00e9szs\u00e9g\u00fcgyi ell\u00e1t\u00f3rendszerek teljes\u00edtm\u00e9ny\u00e9t, \u00fagy hogy a r\u00e9sztvev\u0151 orsz\u00e1gokban az el\u00e9rt eg\u00e9szs\u00e9gi eredm\u00e9nyeket, az ell\u00e1t\u00e1s min\u0151s\u00e9g\u00e9t, valamint az &hellip;<\/p>\n","protected":false},"author":101539,"featured_media":0,"parent":15855,"menu_order":12,"comment_status":"closed","ping_status":"closed","template":"","meta":{"_acf_changed":false,"footnotes":""},"categories":[],"tags":[831],"class_list":["post-13865","page","type-page","status-publish","hentry","tag-eurohope"],"acf":[],"_links":{"self":[{"href":"https:\/\/semmelweis.hu\/emk\/wp-json\/wp\/v2\/pages\/13865","targetHints":{"allow":["GET"]}}],"collection":[{"href":"https:\/\/semmelweis.hu\/emk\/wp-json\/wp\/v2\/pages"}],"about":[{"href":"https:\/\/semmelweis.hu\/emk\/wp-json\/wp\/v2\/types\/page"}],"author":[{"embeddable":true,"href":"https:\/\/semmelweis.hu\/emk\/wp-json\/wp\/v2\/users\/101539"}],"replies":[{"embeddable":true,"href":"https:\/\/semmelweis.hu\/emk\/wp-json\/wp\/v2\/comments?post=13865"}],"version-history":[{"count":5,"href":"https:\/\/semmelweis.hu\/emk\/wp-json\/wp\/v2\/pages\/13865\/revisions"}],"predecessor-version":[{"id":25319,"href":"https:\/\/semmelweis.hu\/emk\/wp-json\/wp\/v2\/pages\/13865\/revisions\/25319"}],"up":[{"embeddable":true,"href":"https:\/\/semmelweis.hu\/emk\/wp-json\/wp\/v2\/pages\/15855"}],"wp:attachment":[{"href":"https:\/\/semmelweis.hu\/emk\/wp-json\/wp\/v2\/media?parent=13865"}],"wp:term":[{"taxonomy":"category","embeddable":true,"href":"https:\/\/semmelweis.hu\/emk\/wp-json\/wp\/v2\/categories?post=13865"},{"taxonomy":"post_tag","embeddable":true,"href":"https:\/\/semmelweis.hu\/emk\/wp-json\/wp\/v2\/tags?post=13865"}],"curies":[{"name":"wp","href":"https:\/\/api.w.org\/{rel}","templated":true}]}}