{"id":13863,"date":"2019-04-03T10:16:18","date_gmt":"2019-04-03T08:16:18","guid":{"rendered":"http:\/\/semmelweis.hu\/emk\/?page_id=13863"},"modified":"2025-06-13T13:29:03","modified_gmt":"2025-06-13T11:29:03","slug":"eucbcc-european-cross-border-care-collaborations","status":"publish","type":"page","link":"https:\/\/semmelweis.hu\/emk\/szakertoi-tevekenyseg-projektek\/lezart-projektek\/eucbcc-european-cross-border-care-collaborations\/","title":{"rendered":"EUCBCC \u2013 European Cross Border Care Collaborations"},"content":{"rendered":"<p style=\"text-align: justify\"><strong>SP1 Cooperation Collaborative project \u2013 FP7-Health-2009-single-stage<\/strong><\/p>\n<p style=\"text-align: justify\">2010.05.01. \u2013 2013.10.31.<\/p>\n<p style=\"text-align: justify\"><strong>Projekt tartalma, c\u00e9lja<\/strong><\/p>\n<p style=\"text-align: justify\">A projekt c\u00e9lja, hogy:<\/p>\n<ul style=\"text-align: justify\">\n<li>azonos\u00edtsa \u00e9s elemezze azokat egy\u00fcttm\u0171k\u00f6d\u00e9seket, amelyek az EU-tagorsz\u00e1gok eg\u00e9szs\u00e9g\u00fcgyi szerepl\u0151i k\u00f6z\u00f6tt \u00e1llnak fenn,<\/li>\n<li>felt\u00e9rk\u00e9pezze a hat\u00e1ron \u00e1tny\u00fal\u00f3 eg\u00e9szs\u00e9g\u00fcgyi ell\u00e1t\u00e1sokat, betegmigr\u00e1ci\u00f3t \u00e9rint\u0151 tendenci\u00e1kat, \u00e9s azonos\u00edtsa a k\u00fcl\u00f6nb\u00f6z\u0151 eg\u00e9szs\u00e9g\u00fcgyi szolg\u00e1ltat\u00f3k nemzetk\u00f6zi egy\u00fcttm\u0171k\u00f6d\u00e9seit,<\/li>\n<li>az EU-s \u00e1llampolg\u00e1rok val\u00f3di inform\u00e1ci\u00f3kkal rendelkezzenek arr\u00f3l, hogy mely tag\u00e1llamokban milyen szolg\u00e1ltat\u00e1sokat vehetnek ig\u00e9nybe.<\/li>\n<\/ul>\n<p style=\"text-align: justify\"><strong>Projekt szerepl\u0151k<\/strong><\/p>\n<p style=\"text-align: justify\">Konzorciumvezet\u0151: London School of Economics and Political Science (United Kingdom)<\/p>\n<p style=\"text-align: justify\">EMK szerepv\u00e1llal\u00e1sa: konzorciumi tag<\/p>\n<p style=\"text-align: justify\">Tov\u00e1bbi konzorciumi tagok\/partnerek:<\/p>\n<ul style=\"text-align: justify\">\n<li>European Observatory on Health Systems and Policies (Belgium)<\/li>\n<li>London School of Hygiene and Tropical Medicine (United Kingdom)<\/li>\n<li>OSE, European Social Observatory (Belgium)<\/li>\n<li>Universiteit Maastricht (The Netherlands)<\/li>\n<li>Technische Universitat Berlin (Germany)<\/li>\n<li>European Centre for Social Welfare Policy and Research (Austria)<\/li>\n<li>University of Barcelona (Spain)<\/li>\n<li>Institute of Public Health of The Republic of Slovenia (Slovenia)<\/li>\n<li>PRAXIS Center for Policy Studies (Estonia)<\/li>\n<li>National Research and Development Centre for Welfare and Health (Finland)<\/li>\n<li>Semmelweis Egyetem (Hungary)<\/li>\n<li>Regione del Veneto (Italy)<\/li>\n<\/ul>\n<p style=\"text-align: justify\"><strong>EMK kontakt<\/strong><\/p>\n<p style=\"text-align: justify\">N\u00e9v: Dr. Kov\u00e1cs Eszter (egyetemi adjunktus)<br \/>\nTelefon: +36 1 488 7613<br \/>\nE-mail: <a href=\"mailto:kovacs.eszter@emk.semmelweis.hu\" target=\"_blank\" rel=\"noopener\">kovacs.eszter@emk.semmelweis.hu<\/a><\/p>\n<p style=\"text-align: justify\"><strong>Eredm\u00e9nyterm\u00e9kek<\/strong><\/p>\n<p style=\"text-align: justify\">A projekt eredm\u00e9nyterm\u00e9kei k\u00f6z\u00fcl az al\u00e1bbiak az EMK munkat\u00e1rsainak akt\u00edv k\u00f6zrem\u0171k\u00f6d\u00e9s\u00e9vel j\u00f6ttek l\u00e9tre:<\/p>\n<ul style=\"text-align: justify\">\n<li>A projekt \u00f6sszefoglal\u00f3 dokumentuma<\/li>\n<li><a href=\"https:\/\/www.youtube.com\/watch?v=XgHgcBPqYys&amp;feature=youtu.be\" target=\"_blank\" rel=\"noopener noreferrer\">A projekt film<\/a><\/li>\n<\/ul>\n<p style=\"text-align: justify\"><strong>K\u00f6tetek<\/strong><\/p>\n<ul style=\"text-align: justify\">\n<li><a href=\"http:\/\/www.euro.who.int\/__data\/assets\/pdf_file\/0009\/195876\/Clinical-Guidelines-for-Chronic-Conditions-in-the-European-Union.pdf?ua=1\" target=\"_blank\" rel=\"noopener noreferrer\">Clinical guidelines for chronic conditions in the European Union<\/a><\/li>\n<li><a href=\"http:\/\/www.euro.who.int\/__data\/assets\/pdf_file\/0019\/233515\/e96935.pdf?ua=1\" target=\"_blank\" rel=\"noopener noreferrer\">Hospitals and borders. Seven case studies on cross-border collaboration and health system interactions<\/a><\/li>\n<li><a href=\"http:\/\/www.lse.ac.uk\/LSEHealthAndSocialCare\/pdf\/eurohealth\/EuroHealth19-4-Web-121213.pdf\" target=\"_blank\" rel=\"noopener noreferrer\">Eurohealth Special Issue 2013 \u2013 EU Cross-border health care collaboration<\/a><\/li>\n<\/ul>\n<p style=\"text-align: justify\"><strong>Kiemelt publik\u00e1ci\u00f3k:<\/strong><\/p>\n<ul>\n<li style=\"text-align: justify\"><a href=\"http:\/\/www.clinmed.rcpjournal.org\/content\/14\/3\/229.long\" target=\"_blank\" rel=\"noopener noreferrer\">Kovacs et al. (2014). Licensing procedures and registration of medical doctors in the European Union, in: Clinical Medicine<\/a><\/li>\n<li style=\"text-align: justify\"><a href=\"https:\/\/semmelweis.hu\/emk\/files\/2019\/09\/Final_case_study_web.pdf\" target=\"_blank\" rel=\"noopener noreferrer\">Kovacs et al. (2013). Hungarian Case Study on Dental Care and Patient Flows<\/a><\/li>\n<li style=\"text-align: justify\"><a href=\"http:\/\/www.nature.com\/bdj\/journal\/v215\/n8\/abs\/sj.bdj.2013.995.html\" target=\"_blank\" rel=\"noopener noreferrer\">Kovacs E., Szocska G. (2013). \u2018Vacation for your teeth\u2019 \u2013 dental tourists in Hungary from the perspective of Hungarian dentists, in: British Dental Journal<\/a><\/li>\n<li style=\"text-align: justify\"><a href=\"http:\/\/www.ijhpm.com\/article_2912_0.html\" target=\"_blank\" rel=\"noopener noreferrer\">Kovacs et al. (2014). International Patients on Operation Vacation \u2013 Perspectives of Patients Travelling to Hungary for Orthopaedic Treatments, in: International Journal of Health Policy and Management<\/a><\/li>\n<\/ul>\n","protected":false},"excerpt":{"rendered":"<p>SP1 Cooperation Collaborative project \u2013 FP7-Health-2009-single-stage 2010.05.01. \u2013 2013.10.31. Projekt tartalma, c\u00e9lja A projekt c\u00e9lja, hogy: azonos\u00edtsa \u00e9s elemezze azokat egy\u00fcttm\u0171k\u00f6d\u00e9seket, amelyek az EU-tagorsz\u00e1gok eg\u00e9szs\u00e9g\u00fcgyi szerepl\u0151i k\u00f6z\u00f6tt \u00e1llnak fenn, felt\u00e9rk\u00e9pezze a hat\u00e1ron \u00e1tny\u00fal\u00f3 eg\u00e9szs\u00e9g\u00fcgyi ell\u00e1t\u00e1sokat, betegmigr\u00e1ci\u00f3t \u00e9rint\u0151 tendenci\u00e1kat, \u00e9s azonos\u00edtsa a k\u00fcl\u00f6nb\u00f6z\u0151 eg\u00e9szs\u00e9g\u00fcgyi szolg\u00e1ltat\u00f3k nemzetk\u00f6zi egy\u00fcttm\u0171k\u00f6d\u00e9seit, az EU-s \u00e1llampolg\u00e1rok val\u00f3di inform\u00e1ci\u00f3kkal rendelkezzenek arr\u00f3l, hogy mely &hellip;<\/p>\n","protected":false},"author":101539,"featured_media":0,"parent":15855,"menu_order":10,"comment_status":"closed","ping_status":"closed","template":"","meta":{"_acf_changed":false,"footnotes":""},"categories":[],"tags":[827],"class_list":["post-13863","page","type-page","status-publish","hentry","tag-european-cross-border-care-collaborations"],"acf":[],"_links":{"self":[{"href":"https:\/\/semmelweis.hu\/emk\/wp-json\/wp\/v2\/pages\/13863","targetHints":{"allow":["GET"]}}],"collection":[{"href":"https:\/\/semmelweis.hu\/emk\/wp-json\/wp\/v2\/pages"}],"about":[{"href":"https:\/\/semmelweis.hu\/emk\/wp-json\/wp\/v2\/types\/page"}],"author":[{"embeddable":true,"href":"https:\/\/semmelweis.hu\/emk\/wp-json\/wp\/v2\/users\/101539"}],"replies":[{"embeddable":true,"href":"https:\/\/semmelweis.hu\/emk\/wp-json\/wp\/v2\/comments?post=13863"}],"version-history":[{"count":9,"href":"https:\/\/semmelweis.hu\/emk\/wp-json\/wp\/v2\/pages\/13863\/revisions"}],"predecessor-version":[{"id":25315,"href":"https:\/\/semmelweis.hu\/emk\/wp-json\/wp\/v2\/pages\/13863\/revisions\/25315"}],"up":[{"embeddable":true,"href":"https:\/\/semmelweis.hu\/emk\/wp-json\/wp\/v2\/pages\/15855"}],"wp:attachment":[{"href":"https:\/\/semmelweis.hu\/emk\/wp-json\/wp\/v2\/media?parent=13863"}],"wp:term":[{"taxonomy":"category","embeddable":true,"href":"https:\/\/semmelweis.hu\/emk\/wp-json\/wp\/v2\/categories?post=13863"},{"taxonomy":"post_tag","embeddable":true,"href":"https:\/\/semmelweis.hu\/emk\/wp-json\/wp\/v2\/tags?post=13863"}],"curies":[{"name":"wp","href":"https:\/\/api.w.org\/{rel}","templated":true}]}}