{"id":13859,"date":"2019-04-03T10:16:18","date_gmt":"2019-04-03T08:16:18","guid":{"rendered":"http:\/\/semmelweis.hu\/emk\/?page_id=13859"},"modified":"2025-06-13T14:47:47","modified_gmt":"2025-06-13T12:47:47","slug":"kepzesi-programok-az-egeszsegugyben-foglalkoztatottak-szamara-hianyszakmak-kepzese-kompetenciafejlesztes-geriatriai-laktacios-szaktanacsado-es-betegbiztonsagi-szakember-kepzes-es-modszertani-fejle","status":"publish","type":"page","link":"https:\/\/semmelweis.hu\/emk\/szakertoi-tevekenyseg-projektek\/lezart-projektek\/kepzesi-programok-az-egeszsegugyben-foglalkoztatottak-szamara-hianyszakmak-kepzese-kompetenciafejlesztes-geriatriai-laktacios-szaktanacsado-es-betegbiztonsagi-szakember-kepzes-es-modszertani-fejle\/","title":{"rendered":"T\u00c1MOP-6.2.2\/B-09\/2-2010-0006"},"content":{"rendered":"<p style=\"text-align: justify\"><strong>K\u00e9pz\u00e9si programok az eg\u00e9szs\u00e9g\u00fcgyben foglalkoztatottak sz\u00e1m\u00e1ra, hi\u00e1nyszakm\u00e1k k\u00e9pz\u00e9se, kompetenciafejleszt\u00e9s Geri\u00e1triai, lakt\u00e1ci\u00f3s szaktan\u00e1csad\u00f3 \u00e9s betegbiztons\u00e1gi szakember k\u00e9pz\u00e9s- \u00e9s m\u00f3dszertani fejleszt\u00e9s a Semmelweis Egyetemen<\/strong><\/p>\n<p style=\"text-align: justify\">T\u00c1MOP-6.2.2\/B-09\/2-2010-0006<\/p>\n<p style=\"text-align: justify\">2011.04.01. \u2013 2012.04.30.<\/p>\n<p style=\"text-align: justify\"><strong>Projekt tartalma, c\u00e9lja<\/strong><\/p>\n<p style=\"text-align: justify\">A projekt c\u00e9lja az eg\u00e9szs\u00e9g\u00fcgyi ell\u00e1t\u00f3 rendszer \u00e1talak\u00edt\u00e1s\u00e1val \u00f6sszef\u00fcgg\u00e9sben a megv\u00e1ltozott ig\u00e9nyekhez, az egyes ter\u00fcleteken megjelen\u0151 hi\u00e1nyokhoz val\u00f3 alkalmazkod\u00e1s, a foglalkoztathat\u00f3s\u00e1g szakmai felt\u00e9teleinek megteremt\u00e9se, a kompetenci\u00e1k fejleszt\u00e9se, a hum\u00e1ner\u0151forr\u00e1s min\u0151s\u00e9gi szempontb\u00f3l t\u00f6rt\u00e9n\u0151 optimaliz\u00e1l\u00e1sa. A program c\u00e9lja tov\u00e1bb\u00e1 az eg\u00e9sz \u00e9leten \u00e1t tart\u00f3 tanul\u00e1s t\u00e1mogat\u00e1sa az eg\u00e9szs\u00e9g\u00fcgyi \u00e1gazatban, a tanul\u00e1st seg\u00edt\u0151 m\u00f3dszertani k\u00f6rnyezet kialak\u00edt\u00e1sa.<br \/>\nA k\u00f6zfinansz\u00edrozott betegell\u00e1t\u00e1s sz\u00ednvonal\u00e1nak n\u00f6vel\u00e9se \u00e9rdek\u00e9ben:<\/p>\n<ul style=\"text-align: justify\">\n<li>Az eg\u00e9szs\u00e9g\u00fcgyi rendszer szerkezet\u00e1talak\u00edt\u00e1s\u00e1val megv\u00e1ltozott helyi sz\u00fcks\u00e9gletekhez, illetve a hi\u00e1nyszakm\u00e1khoz kapcsol\u00f3d\u00f3an iskolarendszeren k\u00edv\u00fcli szakmai, szakk\u00e9pz\u00e9si programok, kompetencia- \u00e9s hat\u00e1sk\u00f6rb\u0151v\u00edt\u0151 k\u00e9pz\u00e9sek (tov\u00e1bbiakban k\u00e9pz\u00e9sek), az eg\u00e9szs\u00e9g\u00fcgyi szakk\u00e9pes\u00edt\u00e9ssel rendelkez\u0151k sz\u00e1m\u00e1ra a munkak\u00f6r magasabb szint\u0171 gyakorl\u00e1s\u00e1hoz sz\u00fcks\u00e9ges k\u00e9pz\u00e9sek (tov\u00e1bbiakban egy\u00fcttesen k\u00e9pz\u00e9sek) kialak\u00edt\u00e1sa, amelyek illeszkednek a region\u00e1lis\/helyi eg\u00e9szs\u00e9g\u00fcgyi ell\u00e1t\u00f3 \u00e9s szolg\u00e1ltat\u00f3 rendszer v\u00e1ltoz\u00e1s\u00e1hoz, a felhaszn\u00e1l\u00f3k (munk\u00e1ltat\u00f3k) ig\u00e9ny\u00e9hez, az eg\u00e9szs\u00e9g\u00fcgyi dolgoz\u00f3 szem\u00e9lyes \u00e9let\u00fatj\u00e1nak kialak\u00edt\u00e1s\u00e1hoz, \u2013 meghat\u00e1rozott szakk\u00e9pz\u00e9sek eset\u00e9n- \u00e9s biztos\u00edtj\u00e1k az egy\u00e9ni tanul\u00e1s, egy\u00e9ni tanul\u00e1si utak lehet\u0151s\u00e9g\u00e9t;<\/li>\n<li>Eg\u00e9szs\u00e9g\u00fcgyi dolgoz\u00f3i hat\u00e1sk\u00f6r\u00f6k fel\u00fclvizsg\u00e1lat\u00e1nak \u00f6szt\u00f6nz\u00e9se;<\/li>\n<li>Az \u00faj eg\u00e9szs\u00e9g\u00fcgy szakk\u00e9pes\u00edt\u00e9sek bevezet\u00e9s\u00e9nek m\u00f3dszertani t\u00e1mogat\u00e1sa.<\/li>\n<\/ul>\n<p style=\"text-align: justify\"><strong>EMK szerepv\u00e1llal\u00e1sa:<\/strong> konzorciumi tag<\/p>\n<p style=\"text-align: justify\"><strong>EMK kontakt<\/strong><\/p>\n<p style=\"text-align: justify\">N\u00e9v: <a href=\"https:\/\/semmelweis.hu\/emk\/oktatas\/munkatarsak-oktatoi-csapat\/belicza-eva-dr\/\" target=\"_blank\" rel=\"noopener\">Dr. Belicza \u00c9va<\/a> (egyetemi docens)<br \/>\nTelefon: +36 1 488 7617<br \/>\nE-mail: <a href=\"mailto:belicza.eva@emk.semmelweis.hu\" target=\"_blank\" rel=\"noopener\">belicza.eva@emk.semmelweis.hu<\/a><\/p>\n<p style=\"text-align: justify\"><strong>Eredm\u00e9nyterm\u00e9kek<\/strong><\/p>\n<p style=\"text-align: justify\">A projekt keret\u00e9ben a Semmelweis Egyetemen h\u00e1rom hi\u00e1nyp\u00f3tl\u00f3 fejleszt\u00e9si ter\u00fcleten n\u00e9gy k\u00e9pz\u00e9s fejleszt\u00e9s\u00e9re ker\u00fclt sor.<\/p>\n<p style=\"text-align: justify\">A projekt eredm\u00e9nyterm\u00e9kei k\u00f6z\u00fcl az al\u00e1bbi az EMK munkat\u00e1rsainak akt\u00edv k\u00f6zrem\u0171k\u00f6d\u00e9s\u00e9vel j\u00f6tt l\u00e9tre:<\/p>\n<ul style=\"text-align: justify\">\n<li>Betegbiztons\u00e1gi szakember oktat\u00e1s\u00e1t seg\u00edt\u0151 kompetenciafejleszt\u0151 komplex k\u00e9pz\u00e9s fejleszt\u00e9se szakorvosi ter\u00fcleten: <a href=\"http:\/\/moodle.webdevil.hu\/course\/view.php?id=2\" target=\"_blank\" rel=\"noopener noreferrer\">Betegbiztons\u00e1gi koordin\u00e1tor \u2013 e-learning k\u00e9pz\u00e9si program<\/a><\/li>\n<\/ul>\n","protected":false},"excerpt":{"rendered":"<p>K\u00e9pz\u00e9si programok az eg\u00e9szs\u00e9g\u00fcgyben foglalkoztatottak sz\u00e1m\u00e1ra, hi\u00e1nyszakm\u00e1k k\u00e9pz\u00e9se, kompetenciafejleszt\u00e9s Geri\u00e1triai, lakt\u00e1ci\u00f3s szaktan\u00e1csad\u00f3 \u00e9s betegbiztons\u00e1gi szakember k\u00e9pz\u00e9s- \u00e9s m\u00f3dszertani fejleszt\u00e9s a Semmelweis Egyetemen T\u00c1MOP-6.2.2\/B-09\/2-2010-0006 2011.04.01. \u2013 2012.04.30. Projekt tartalma, c\u00e9lja A projekt c\u00e9lja az eg\u00e9szs\u00e9g\u00fcgyi ell\u00e1t\u00f3 rendszer \u00e1talak\u00edt\u00e1s\u00e1val \u00f6sszef\u00fcgg\u00e9sben a megv\u00e1ltozott ig\u00e9nyekhez, az egyes ter\u00fcleteken megjelen\u0151 hi\u00e1nyokhoz val\u00f3 alkalmazkod\u00e1s, a foglalkoztathat\u00f3s\u00e1g szakmai felt\u00e9teleinek megteremt\u00e9se, a kompetenci\u00e1k &hellip;<\/p>\n","protected":false},"author":101539,"featured_media":0,"parent":15855,"menu_order":31,"comment_status":"closed","ping_status":"closed","template":"","meta":{"_acf_changed":false,"footnotes":""},"categories":[],"tags":[],"class_list":["post-13859","page","type-page","status-publish","hentry"],"acf":[],"_links":{"self":[{"href":"https:\/\/semmelweis.hu\/emk\/wp-json\/wp\/v2\/pages\/13859","targetHints":{"allow":["GET"]}}],"collection":[{"href":"https:\/\/semmelweis.hu\/emk\/wp-json\/wp\/v2\/pages"}],"about":[{"href":"https:\/\/semmelweis.hu\/emk\/wp-json\/wp\/v2\/types\/page"}],"author":[{"embeddable":true,"href":"https:\/\/semmelweis.hu\/emk\/wp-json\/wp\/v2\/users\/101539"}],"replies":[{"embeddable":true,"href":"https:\/\/semmelweis.hu\/emk\/wp-json\/wp\/v2\/comments?post=13859"}],"version-history":[{"count":6,"href":"https:\/\/semmelweis.hu\/emk\/wp-json\/wp\/v2\/pages\/13859\/revisions"}],"predecessor-version":[{"id":25350,"href":"https:\/\/semmelweis.hu\/emk\/wp-json\/wp\/v2\/pages\/13859\/revisions\/25350"}],"up":[{"embeddable":true,"href":"https:\/\/semmelweis.hu\/emk\/wp-json\/wp\/v2\/pages\/15855"}],"wp:attachment":[{"href":"https:\/\/semmelweis.hu\/emk\/wp-json\/wp\/v2\/media?parent=13859"}],"wp:term":[{"taxonomy":"category","embeddable":true,"href":"https:\/\/semmelweis.hu\/emk\/wp-json\/wp\/v2\/categories?post=13859"},{"taxonomy":"post_tag","embeddable":true,"href":"https:\/\/semmelweis.hu\/emk\/wp-json\/wp\/v2\/tags?post=13859"}],"curies":[{"name":"wp","href":"https:\/\/api.w.org\/{rel}","templated":true}]}}