{"id":13846,"date":"2019-04-03T10:16:19","date_gmt":"2019-04-03T08:16:19","guid":{"rendered":"http:\/\/semmelweis.hu\/emk\/?page_id=13846"},"modified":"2025-06-05T14:20:48","modified_gmt":"2025-06-05T12:20:48","slug":"egeszseges-elet-innovacios-kornyezet-es-szakmai-halozat-fejlesztese-az-eszterhazy-karoly-foiskola-es-a-semmelweis-egyetem-egyuttmukodeseben","status":"publish","type":"page","link":"https:\/\/semmelweis.hu\/emk\/szakertoi-tevekenyseg-projektek\/lezart-projektek\/egeszseges-elet-innovacios-kornyezet-es-szakmai-halozat-fejlesztese-az-eszterhazy-karoly-foiskola-es-a-semmelweis-egyetem-egyuttmukodeseben\/","title":{"rendered":"Eg\u00e9szs\u00e9ges \u00c9let"},"content":{"rendered":"<p style=\"text-align: justify\"><strong>Eg\u00e9szs\u00e9ges \u00c9let \u2013 Innov\u00e1ci\u00f3s k\u00f6rnyezet \u00e9s szakmai h\u00e1l\u00f3zat fejleszt\u00e9se az Eszterh\u00e1zy K\u00e1roly F\u0151iskola \u00e9s a Semmelweis Egyetem egy\u00fcttm\u0171k\u00f6d\u00e9s\u00e9ben<\/strong><\/p>\n<p style=\"text-align: justify\">T\u00c1MOP-4.2.6.-15\/1\/2015-0006<\/p>\n<p style=\"text-align: justify\">2015.05.01. \u2013 2015.11.30.<\/p>\n<p style=\"text-align: justify\"><strong>Projekt tartalma, c\u00e9lja<\/strong><\/p>\n<p style=\"text-align: justify\">A projekt els\u0151dleges c\u00e9lja az eg\u00e9szs\u00e9gtudom\u00e1nyhoz k\u00f6t\u0151d\u0151 egri tud\u00e1sk\u00f6zpont fejleszt\u00e9se, annak \u00e9rdek\u00e9ben, hogy az a projekt v\u00e9g\u00e9re egy stabil \u00e9s \u00f6n\u00e1ll\u00f3an m\u0171k\u00f6d\u0151 k\u00f6zpontt\u00e1 v\u00e1ljon.<\/p>\n<p style=\"text-align: justify\"><strong>Projekt szerepl\u0151k<\/strong><\/p>\n<p style=\"text-align: justify\"><strong>Konzorciumvezet\u0151:<\/strong> Eszterh\u00e1zy K\u00e1roly F\u0151iskola<\/p>\n<p style=\"text-align: justify\"><strong>EMK szerepv\u00e1llal\u00e1sa:<\/strong> konzorciumi tag<\/p>\n<p style=\"text-align: justify\"><strong>Tov\u00e1bbi konzorciumi tagok\/partnerek:<\/strong><\/p>\n<ul style=\"text-align: justify\">\n<li>Semmelweis Egyetem Eg\u00e9szs\u00e9g\u00fcgyi K\u00f6zszolg\u00e1lati Kar<\/li>\n<li>Semmelweis Egyetem Fogp\u00f3tl\u00e1stani Klinika<\/li>\n<li>Semmelweis Egyetem Gy\u00f3gyszer\u00e9sztudom\u00e1nyi Kar<\/li>\n<\/ul>\n<p style=\"text-align: justify\"><strong>EMK kontakt<\/strong><\/p>\n<p style=\"text-align: justify\">N\u00e9v: Jakab Szabolcs (projektkoordin\u00e1tor)<br \/>\nE-mail: <a>jakab@emk.sote.hu<\/a><\/p>\n<p style=\"text-align: justify\"><strong>Eredm\u00e9nyterm\u00e9kek<\/strong><\/p>\n<p style=\"text-align: justify\">A konzorciumi partnerek els\u0151dlegesen strat\u00e9giaalkot\u00e1si, tervez\u00e9si, technol\u00f3gia- \u00e9s tud\u00e1stranszfer, valamint informatikai t\u00e1mogat\u00e1st ny\u00fajtottak az Eszterh\u00e1zy K\u00e1roly F\u0151iskola sz\u00e1m\u00e1ra. Az eg\u00e9szs\u00e9g\u00fcgyi menedzsment alprojekt tagjai felm\u00e9rt\u00e9k Eger \u00e9s k\u00f6rny\u00e9ke eg\u00e9szs\u00e9g\u00fcgyi ell\u00e1t\u00f3rendszeri saj\u00e1toss\u00e1gait, \u00e9s kapcsolatba l\u00e9ptek a k\u00f6rny\u00e9k eg\u00e9szs\u00e9g\u00fcgyi ell\u00e1t\u00f3ival, illetve eg\u00e9szs\u00e9gipari v\u00e1llalkoz\u00e1saival.<\/p>\n<p style=\"text-align: justify\">A projekt szak\u00e9rt\u0151i sz\u00e1mos lehets\u00e9ges egy\u00fcttm\u0171k\u00f6d\u00e9si ter\u00fcletet azonos\u00edtottak, amelyek jelent\u0151s j\u00f6v\u0151beni eg\u00e9szs\u00e9gturisztikai, eg\u00e9szs\u00e9gipari K+F+I potenci\u00e1llal b\u00edrnak. Az eg\u00e9szs\u00e9g\u00fcgyi ter\u00fcleten a Menedzserk\u00e9pz\u0151 K\u00f6zpont munkat\u00e1rsai felm\u00e9rt\u00e9k a p\u00e1ly\u00e1zati folyamatokat a bead\u00e1st\u00f3l a lez\u00e1r\u00e1sig, majd \u00faj, innovat\u00edv m\u00f3dszertanokat dolgoztak ki \u00e9s sz\u00e1mos javaslatot fogalmaztak meg a j\u00f6v\u0151beni kutat\u00e1s-fejleszt\u00e9si tev\u00e9kenys\u00e9g \u00f6szt\u00f6nz\u00e9s\u00e9re.<\/p>\n","protected":false},"excerpt":{"rendered":"<p>Eg\u00e9szs\u00e9ges \u00c9let \u2013 Innov\u00e1ci\u00f3s k\u00f6rnyezet \u00e9s szakmai h\u00e1l\u00f3zat fejleszt\u00e9se az Eszterh\u00e1zy K\u00e1roly F\u0151iskola \u00e9s a Semmelweis Egyetem egy\u00fcttm\u0171k\u00f6d\u00e9s\u00e9ben T\u00c1MOP-4.2.6.-15\/1\/2015-0006 2015.05.01. \u2013 2015.11.30. Projekt tartalma, c\u00e9lja A projekt els\u0151dleges c\u00e9lja az eg\u00e9szs\u00e9gtudom\u00e1nyhoz k\u00f6t\u0151d\u0151 egri tud\u00e1sk\u00f6zpont fejleszt\u00e9se, annak \u00e9rdek\u00e9ben, hogy az a projekt v\u00e9g\u00e9re egy stabil \u00e9s \u00f6n\u00e1ll\u00f3an m\u0171k\u00f6d\u0151 k\u00f6zpontt\u00e1 v\u00e1ljon. Projekt szerepl\u0151k Konzorciumvezet\u0151: Eszterh\u00e1zy K\u00e1roly F\u0151iskola &hellip;<\/p>\n","protected":false},"author":101539,"featured_media":0,"parent":15855,"menu_order":5,"comment_status":"closed","ping_status":"closed","template":"","meta":{"_acf_changed":false,"footnotes":""},"categories":[],"tags":[],"class_list":["post-13846","page","type-page","status-publish","hentry"],"acf":[],"_links":{"self":[{"href":"https:\/\/semmelweis.hu\/emk\/wp-json\/wp\/v2\/pages\/13846","targetHints":{"allow":["GET"]}}],"collection":[{"href":"https:\/\/semmelweis.hu\/emk\/wp-json\/wp\/v2\/pages"}],"about":[{"href":"https:\/\/semmelweis.hu\/emk\/wp-json\/wp\/v2\/types\/page"}],"author":[{"embeddable":true,"href":"https:\/\/semmelweis.hu\/emk\/wp-json\/wp\/v2\/users\/101539"}],"replies":[{"embeddable":true,"href":"https:\/\/semmelweis.hu\/emk\/wp-json\/wp\/v2\/comments?post=13846"}],"version-history":[{"count":3,"href":"https:\/\/semmelweis.hu\/emk\/wp-json\/wp\/v2\/pages\/13846\/revisions"}],"predecessor-version":[{"id":25251,"href":"https:\/\/semmelweis.hu\/emk\/wp-json\/wp\/v2\/pages\/13846\/revisions\/25251"}],"up":[{"embeddable":true,"href":"https:\/\/semmelweis.hu\/emk\/wp-json\/wp\/v2\/pages\/15855"}],"wp:attachment":[{"href":"https:\/\/semmelweis.hu\/emk\/wp-json\/wp\/v2\/media?parent=13846"}],"wp:term":[{"taxonomy":"category","embeddable":true,"href":"https:\/\/semmelweis.hu\/emk\/wp-json\/wp\/v2\/categories?post=13846"},{"taxonomy":"post_tag","embeddable":true,"href":"https:\/\/semmelweis.hu\/emk\/wp-json\/wp\/v2\/tags?post=13846"}],"curies":[{"name":"wp","href":"https:\/\/api.w.org\/{rel}","templated":true}]}}