{"id":13844,"date":"2019-04-03T10:16:19","date_gmt":"2019-04-03T08:16:19","guid":{"rendered":"http:\/\/semmelweis.hu\/emk\/?page_id=13844"},"modified":"2025-06-05T14:07:30","modified_gmt":"2025-06-05T12:07:30","slug":"bridge-health-bridging-information-and-data-generation-for-evidence-based-health-policy-and-research","status":"publish","type":"page","link":"https:\/\/semmelweis.hu\/emk\/szakertoi-tevekenyseg-projektek\/lezart-projektek\/bridge-health-bridging-information-and-data-generation-for-evidence-based-health-policy-and-research\/","title":{"rendered":"BRIDGE-Health"},"content":{"rendered":"<p style=\"text-align: justify\"><strong>BRIDGE-Health \u2013 Bridging Information and Data Generation for Evidence-based Health Policy and Research<\/strong><\/p>\n<p style=\"text-align: justify\">BRIDGE<\/p>\n<p style=\"text-align: justify\">2015.05.01. \u2013 2017.09.30.<\/p>\n<p style=\"text-align: justify\"><strong>Projekt tartalma, c\u00e9lja<\/strong><\/p>\n<p style=\"text-align: justify\">A projekt f\u0151 c\u00e9lja, hogy el\u0151seg\u00edtse az eg\u00e9szs\u00e9g\u00fcgyi adatok \u00e9s inform\u00e1ci\u00f3k konkr\u00e9t d\u00f6nt\u00e9shozataln\u00e1l val\u00f3 felhaszn\u00e1lhat\u00f3s\u00e1g\u00e1t, \u00e9s jav\u00edtsa az indik\u00e1torok eredm\u00e9nyeinek hasznos\u00edthat\u00f3s\u00e1g\u00e1t a politikai d\u00f6nt\u00e9shozatal sz\u00e1m\u00e1ra. Ezen k\u00edv\u00fcl a projekt c\u00e9lj\u00e1ul t\u0171zi ki az eg\u00e9szs\u00e9g\u00fcgyi inform\u00e1ci\u00f3s egyenl\u0151tlens\u00e9gek cs\u00f6kkent\u00e9s\u00e9t mind a tagorsz\u00e1gok, mind pedig az Eur\u00f3pai Uni\u00f3 szintj\u00e9n. A projekt c\u00e9ljainak megval\u00f3s\u00edt\u00e1sa \u00e9rdek\u00e9ben a kor\u00e1bbi EuroHOPE projekt tov\u00e1bbvitelek\u00e9nt az eg\u00e9szs\u00e9g\u00fcgyi ell\u00e1t\u00f3 tev\u00e9kenys\u00e9g eredm\u00e9ny\u00e9re vonatkoz\u00f3 kutat\u00e1s folyik a kiv\u00e1lasztott kritikus diagn\u00f3ziscsoportokban.<\/p>\n<p style=\"text-align: center\"><a class=\"btn btn-secondary\" href=\"http:\/\/www.bridge-health.eu\/\" target=\"_blank\" rel=\"noopener\">A projekt honlapja<\/a><\/p>\n<p style=\"text-align: justify\"><strong>Projekt szerepl\u0151k<\/strong><\/p>\n<p style=\"text-align: justify\">Konzorciumvezet\u0151: Scientific Institute of Public Health (Belgium)<\/p>\n<p style=\"text-align: justify\">EMK szerepv\u00e1llal\u00e1sa: konzorciumi tag<\/p>\n<p style=\"text-align: center\"><a class=\"btn btn-secondary\" href=\"http:\/\/www.bridge-health.eu\/content\/project-team\" target=\"_blank\" rel=\"noopener\">Tov\u00e1bbi konzorciumi tagok\/partnerek<\/a><\/p>\n<p style=\"text-align: justify\"><strong>EMK kontakt<\/strong><\/p>\n<p style=\"text-align: justify\">N\u00e9v: <a href=\"https:\/\/semmelweis.hu\/emk\/oktatas\/munkatarsak-oktatoi-csapat\/belicza-eva-dr\/\" target=\"_blank\" rel=\"noopener\">Dr. Belicza \u00c9va<\/a> (egyetemi docens)<br \/>\nTelefon: +36 1 488 7617<br \/>\nE-mail: <a href=\"mailto:belicza.eva@emk.semmelweis.hu\" target=\"_blank\" rel=\"noopener\">belicza.eva@emk.semmelweis.hu<\/a><\/p>\n","protected":false},"excerpt":{"rendered":"<p>BRIDGE-Health \u2013 Bridging Information and Data Generation for Evidence-based Health Policy and Research BRIDGE 2015.05.01. \u2013 2017.09.30. Projekt tartalma, c\u00e9lja A projekt f\u0151 c\u00e9lja, hogy el\u0151seg\u00edtse az eg\u00e9szs\u00e9g\u00fcgyi adatok \u00e9s inform\u00e1ci\u00f3k konkr\u00e9t d\u00f6nt\u00e9shozataln\u00e1l val\u00f3 felhaszn\u00e1lhat\u00f3s\u00e1g\u00e1t, \u00e9s jav\u00edtsa az indik\u00e1torok eredm\u00e9nyeinek hasznos\u00edthat\u00f3s\u00e1g\u00e1t a politikai d\u00f6nt\u00e9shozatal sz\u00e1m\u00e1ra. Ezen k\u00edv\u00fcl a projekt c\u00e9lj\u00e1ul t\u0171zi ki az eg\u00e9szs\u00e9g\u00fcgyi inform\u00e1ci\u00f3s &hellip;<\/p>\n","protected":false},"author":101539,"featured_media":0,"parent":15855,"menu_order":1,"comment_status":"closed","ping_status":"closed","template":"","meta":{"_acf_changed":false,"footnotes":""},"categories":[],"tags":[797],"class_list":["post-13844","page","type-page","status-publish","hentry","tag-bridge-health"],"acf":[],"_links":{"self":[{"href":"https:\/\/semmelweis.hu\/emk\/wp-json\/wp\/v2\/pages\/13844","targetHints":{"allow":["GET"]}}],"collection":[{"href":"https:\/\/semmelweis.hu\/emk\/wp-json\/wp\/v2\/pages"}],"about":[{"href":"https:\/\/semmelweis.hu\/emk\/wp-json\/wp\/v2\/types\/page"}],"author":[{"embeddable":true,"href":"https:\/\/semmelweis.hu\/emk\/wp-json\/wp\/v2\/users\/101539"}],"replies":[{"embeddable":true,"href":"https:\/\/semmelweis.hu\/emk\/wp-json\/wp\/v2\/comments?post=13844"}],"version-history":[{"count":5,"href":"https:\/\/semmelweis.hu\/emk\/wp-json\/wp\/v2\/pages\/13844\/revisions"}],"predecessor-version":[{"id":25244,"href":"https:\/\/semmelweis.hu\/emk\/wp-json\/wp\/v2\/pages\/13844\/revisions\/25244"}],"up":[{"embeddable":true,"href":"https:\/\/semmelweis.hu\/emk\/wp-json\/wp\/v2\/pages\/15855"}],"wp:attachment":[{"href":"https:\/\/semmelweis.hu\/emk\/wp-json\/wp\/v2\/media?parent=13844"}],"wp:term":[{"taxonomy":"category","embeddable":true,"href":"https:\/\/semmelweis.hu\/emk\/wp-json\/wp\/v2\/categories?post=13844"},{"taxonomy":"post_tag","embeddable":true,"href":"https:\/\/semmelweis.hu\/emk\/wp-json\/wp\/v2\/tags?post=13844"}],"curies":[{"name":"wp","href":"https:\/\/api.w.org\/{rel}","templated":true}]}}