{"id":13834,"date":"2019-04-03T10:16:19","date_gmt":"2019-04-03T08:16:19","guid":{"rendered":"http:\/\/semmelweis.hu\/emk\/?page_id=13834"},"modified":"2025-06-13T13:32:29","modified_gmt":"2025-06-13T11:32:29","slug":"euro-gtp-ii-good-tissue-cell-practices-good-practices-for-demonstrating-safety-and-quality-through-recipient-follow-up","status":"publish","type":"page","link":"https:\/\/semmelweis.hu\/emk\/szakertoi-tevekenyseg-projektek\/lezart-projektek\/euro-gtp-ii-good-tissue-cell-practices-good-practices-for-demonstrating-safety-and-quality-through-recipient-follow-up\/","title":{"rendered":"Euro-GTP II"},"content":{"rendered":"<p style=\"text-align: justify\"><strong>Euro-GTP II \u2013 Good Tissue &amp; cell Practices Good practices for demonstrating safety and quality through recipient follow-up<\/strong><\/p>\n<p style=\"text-align: justify\"><strong>HEALTH 2.1.4.1 PJ-05-2015<\/strong><\/p>\n<p style=\"text-align: justify\">2016.04.01. \u2013 2019.03.31.<\/p>\n<p style=\"text-align: justify\">A projekt f\u0151 c\u00e9lja a sejtek \u00e9s sz\u00f6vetek prepar\u00e1l\u00e1si elj\u00e1r\u00e1s\u00e1ra vonatkoz\u00f3 j\u00f3 gyakorlatok \u00e9s betegk\u00f6vet\u00e9si elj\u00e1r\u00e1sok valamint az ezek alkalmaz\u00e1s\u00e1hoz sz\u00fcks\u00e9ges ir\u00e1nymutat\u00e1sok kialak\u00edt\u00e1sa. A projekt tov\u00e1bbi c\u00e9lja l\u00e9trehozni az emberi sz\u00f6vetekkel, v\u00e9rk\u00e9pz\u0151 \u0151ssejtekkel \u00e9s assziszt\u00e1lt reprodukci\u00f3val folytatott ter\u00e1pi\u00e1k min\u0151s\u00e9g\u00e9nek, biztons\u00e1g\u00e1nak \u00e9s hat\u00e1soss\u00e1g\u00e1nak \u00e9rt\u00e9kel\u00e9s\u00e9hez haszn\u00e1lhat\u00f3 eszk\u00f6z\u00f6ket. A projekt az EU \u00e1ltal finansz\u00edrozott European Good Tissue Practice (GTP I) projektben l\u00e9trej\u00f6tt j\u00f3 gyakorlatokat hasznos\u00edtja.<\/p>\n<p style=\"text-align: center\"><a class=\"btn btn-secondary\" href=\"http:\/\/goodtissuepractices.eu\/\" target=\"_blank\" rel=\"noopener\">A projekt honlapja<\/a><\/p>\n<p style=\"text-align: justify\"><strong>Projekt szerepl\u0151i<\/strong><\/p>\n<p style=\"text-align: justify\"><strong>Konzorciumvezet\u0151:<\/strong> Banc de Sang i Teixits (BST)<\/p>\n<p style=\"text-align: justify\"><strong>EMK szerepv\u00e1llal\u00e1sa:<\/strong> konzorciumi tag<\/p>\n<p style=\"text-align: justify\"><a href=\"http:\/\/goodtissuepractices.eu\/index.php\/partners\" target=\"_blank\" rel=\"noopener noreferrer\">Tov\u00e1bbi konzorciumi tagok\/partnerek<\/a><\/p>\n<p style=\"text-align: justify\"><strong>EMK kontakt<\/strong><\/p>\n<p style=\"text-align: justify\">N\u00e9v: Surj\u00e1n Cec\u00edlia<br \/>\nTelefon: +36 1 488 7626<br \/>\nE-mail: <a href=\"mailto:surjan@emk.semmelweis.hu\" target=\"_blank\" rel=\"noopener\">surjan@emk.semmelweis.hu<\/a><\/p>\n","protected":false},"excerpt":{"rendered":"<p>Euro-GTP II \u2013 Good Tissue &amp; cell Practices Good practices for demonstrating safety and quality through recipient follow-up HEALTH 2.1.4.1 PJ-05-2015 2016.04.01. \u2013 2019.03.31. A projekt f\u0151 c\u00e9lja a sejtek \u00e9s sz\u00f6vetek prepar\u00e1l\u00e1si elj\u00e1r\u00e1s\u00e1ra vonatkoz\u00f3 j\u00f3 gyakorlatok \u00e9s betegk\u00f6vet\u00e9si elj\u00e1r\u00e1sok valamint az ezek alkalmaz\u00e1s\u00e1hoz sz\u00fcks\u00e9ges ir\u00e1nymutat\u00e1sok kialak\u00edt\u00e1sa. A projekt tov\u00e1bbi c\u00e9lja l\u00e9trehozni az emberi sz\u00f6vetekkel, &hellip;<\/p>\n","protected":false},"author":101539,"featured_media":0,"parent":15855,"menu_order":11,"comment_status":"closed","ping_status":"closed","template":"","meta":{"_acf_changed":false,"footnotes":""},"categories":[],"tags":[829],"class_list":["post-13834","page","type-page","status-publish","hentry","tag-euro-gtp-ii"],"acf":[],"_links":{"self":[{"href":"https:\/\/semmelweis.hu\/emk\/wp-json\/wp\/v2\/pages\/13834","targetHints":{"allow":["GET"]}}],"collection":[{"href":"https:\/\/semmelweis.hu\/emk\/wp-json\/wp\/v2\/pages"}],"about":[{"href":"https:\/\/semmelweis.hu\/emk\/wp-json\/wp\/v2\/types\/page"}],"author":[{"embeddable":true,"href":"https:\/\/semmelweis.hu\/emk\/wp-json\/wp\/v2\/users\/101539"}],"replies":[{"embeddable":true,"href":"https:\/\/semmelweis.hu\/emk\/wp-json\/wp\/v2\/comments?post=13834"}],"version-history":[{"count":5,"href":"https:\/\/semmelweis.hu\/emk\/wp-json\/wp\/v2\/pages\/13834\/revisions"}],"predecessor-version":[{"id":25317,"href":"https:\/\/semmelweis.hu\/emk\/wp-json\/wp\/v2\/pages\/13834\/revisions\/25317"}],"up":[{"embeddable":true,"href":"https:\/\/semmelweis.hu\/emk\/wp-json\/wp\/v2\/pages\/15855"}],"wp:attachment":[{"href":"https:\/\/semmelweis.hu\/emk\/wp-json\/wp\/v2\/media?parent=13834"}],"wp:term":[{"taxonomy":"category","embeddable":true,"href":"https:\/\/semmelweis.hu\/emk\/wp-json\/wp\/v2\/categories?post=13834"},{"taxonomy":"post_tag","embeddable":true,"href":"https:\/\/semmelweis.hu\/emk\/wp-json\/wp\/v2\/tags?post=13834"}],"curies":[{"name":"wp","href":"https:\/\/api.w.org\/{rel}","templated":true}]}}