{"id":13828,"date":"2019-04-03T10:16:13","date_gmt":"2019-04-03T08:16:13","guid":{"rendered":"http:\/\/semmelweis.hu\/emk\/?page_id=13828"},"modified":"2025-06-13T14:17:20","modified_gmt":"2025-06-13T12:17:20","slug":"map4effectiveness-2","status":"publish","type":"page","link":"https:\/\/semmelweis.hu\/emk\/szakertoi-tevekenyseg-projektek\/lezart-projektek\/map4effectiveness-2\/","title":{"rendered":"MAP4Effectiveness"},"content":{"rendered":"<p style=\"text-align: justify\">1516\/1\/KA202\/23016<\/p>\n<p style=\"text-align: justify\">2016.12.01. \u2013 2018.11.30.<\/p>\n<p style=\"text-align: justify\"><strong>Projekt tartalma, c\u00e9lja<\/strong><\/p>\n<p style=\"text-align: justify\">A Patient Safety and Quality of Care Working Group elemz\u00e9sei alapj\u00e1n az EU tag\u00e1llamokban jelent\u0151s k\u00fcl\u00f6nbs\u00e9g mutatkozik a betegbiztons\u00e1got n\u00f6velni hivatott k\u00e9pz\u00e9sek szakmai tartalma \u00e9s m\u00f3dszertana k\u00f6z\u00f6tt, hat\u00e1suk pedig jelent\u0151sen elmarad az elv\u00e1rt \u00e9s k\u00edv\u00e1nt szintt\u0151l. Jelen projekt c\u00e9lja egy nemzetk\u00f6zileg alkalmazhat\u00f3, els\u0151sorban a kelet-eur\u00f3pai eg\u00e9szs\u00e9g\u00fcgyi rendszerek kult\u00far\u00e1j\u00e1ra szabott betegbiztons\u00e1gi k\u00e9pz\u00e9sm\u00f3dszertan kifejleszt\u00e9se, amely bizony\u00edtottan eredm\u00e9nyes m\u00f3don n\u00f6veli a betegbiztons\u00e1got \u00e9s v\u00e1ltoztatja meg a szervezeti kult\u00far\u00e1t.<\/p>\n<p style=\"text-align: justify\">A projekt sor\u00e1n gyakorlati tesztel\u00e9ssel (partnerenk\u00e9nt h\u00e1rom k\u00f3rh\u00e1z) \u00e9s hat\u00e1svizsg\u00e1lattal (pre- \u00e9s posztintervenci\u00f3s k\u00e9rd\u0151\u00edves felm\u00e9r\u00e9s) egybek\u00f6t\u00f6tt k\u00e9pz\u00e9sm\u00f3dszertan-fejleszt\u00e9s val\u00f3sul meg h\u00e1rom, betegbiztons\u00e1gi ter\u00fcleten kiemelked\u0151 orsz\u00e1g kollabor\u00e1ci\u00f3j\u00e1ban. A v\u00e1rt eredm\u00e9nyterm\u00e9k egy nemzetk\u00f6zileg alkalmazhat\u00f3 betegbiztons\u00e1gi k\u00e9pz\u00e9sm\u00f3dszertani \u00fatmutat\u00f3 \u00e9s EU szint\u0171 aj\u00e1nl\u00e1s.<\/p>\n<p style=\"text-align: justify\"><strong>Projekt szerepl\u0151k<\/strong><\/p>\n<p style=\"text-align: justify\"><strong>Konzorciumvezet\u0151:<\/strong> Semmelweis Egyetem Eg\u00e9szs\u00e9g\u00fcgyi Menedzserk\u00e9pz\u0151 K\u00f6zpont<\/p>\n<p style=\"text-align: justify\"><strong>EMK szerepv\u00e1llal\u00e1sa:<\/strong> konzorciumvezet\u0151<\/p>\n<p style=\"text-align: justify\"><strong>Tov\u00e1bbi konzorciumi tagok\/partnerek:<\/strong><\/p>\n<ul style=\"text-align: justify\">\n<li>Ministerio de Sanidad, Servicios Sociales e Igualdad (MSSSI \u2013 Spanyolorsz\u00e1g)<\/li>\n<li>Towarzystwo Promocji Jakosci Opieki Zdrowotnej w Polsce (TPJ \u2013 Lengyelorsz\u00e1g)<\/li>\n<\/ul>\n<p style=\"text-align: justify\"><strong>EMK kontakt<\/strong><\/p>\n<p style=\"text-align: justify\">N\u00e9v: <a href=\"https:\/\/semmelweis.hu\/emk\/oktatas\/munkatarsak-oktatoi-csapat\/dr-safadi-helena\/\" target=\"_blank\" rel=\"noopener\">Dr. Safadi Hel\u00e9na<\/a><br \/>\nTelefon: +36 1 488 7614<br \/>\nE-mail: <a href=\"mailto:safadi.helena@emk.semmelweis.hu\" target=\"_blank\" rel=\"noopener\">safadi.helena@emk.semmelweis.hu<\/a><\/p>\n","protected":false},"excerpt":{"rendered":"<p>1516\/1\/KA202\/23016 2016.12.01. \u2013 2018.11.30. Projekt tartalma, c\u00e9lja A Patient Safety and Quality of Care Working Group elemz\u00e9sei alapj\u00e1n az EU tag\u00e1llamokban jelent\u0151s k\u00fcl\u00f6nbs\u00e9g mutatkozik a betegbiztons\u00e1got n\u00f6velni hivatott k\u00e9pz\u00e9sek szakmai tartalma \u00e9s m\u00f3dszertana k\u00f6z\u00f6tt, hat\u00e1suk pedig jelent\u0151sen elmarad az elv\u00e1rt \u00e9s k\u00edv\u00e1nt szintt\u0151l. Jelen projekt c\u00e9lja egy nemzetk\u00f6zileg alkalmazhat\u00f3, els\u0151sorban a kelet-eur\u00f3pai eg\u00e9szs\u00e9g\u00fcgyi rendszerek kult\u00far\u00e1j\u00e1ra &hellip;<\/p>\n","protected":false},"author":101539,"featured_media":0,"parent":15855,"menu_order":21,"comment_status":"closed","ping_status":"closed","template":"","meta":{"_acf_changed":false,"footnotes":""},"categories":[],"tags":[851],"class_list":["post-13828","page","type-page","status-publish","hentry","tag-map4effectiveness"],"acf":[],"_links":{"self":[{"href":"https:\/\/semmelweis.hu\/emk\/wp-json\/wp\/v2\/pages\/13828","targetHints":{"allow":["GET"]}}],"collection":[{"href":"https:\/\/semmelweis.hu\/emk\/wp-json\/wp\/v2\/pages"}],"about":[{"href":"https:\/\/semmelweis.hu\/emk\/wp-json\/wp\/v2\/types\/page"}],"author":[{"embeddable":true,"href":"https:\/\/semmelweis.hu\/emk\/wp-json\/wp\/v2\/users\/101539"}],"replies":[{"embeddable":true,"href":"https:\/\/semmelweis.hu\/emk\/wp-json\/wp\/v2\/comments?post=13828"}],"version-history":[{"count":5,"href":"https:\/\/semmelweis.hu\/emk\/wp-json\/wp\/v2\/pages\/13828\/revisions"}],"predecessor-version":[{"id":25332,"href":"https:\/\/semmelweis.hu\/emk\/wp-json\/wp\/v2\/pages\/13828\/revisions\/25332"}],"up":[{"embeddable":true,"href":"https:\/\/semmelweis.hu\/emk\/wp-json\/wp\/v2\/pages\/15855"}],"wp:attachment":[{"href":"https:\/\/semmelweis.hu\/emk\/wp-json\/wp\/v2\/media?parent=13828"}],"wp:term":[{"taxonomy":"category","embeddable":true,"href":"https:\/\/semmelweis.hu\/emk\/wp-json\/wp\/v2\/categories?post=13828"},{"taxonomy":"post_tag","embeddable":true,"href":"https:\/\/semmelweis.hu\/emk\/wp-json\/wp\/v2\/tags?post=13828"}],"curies":[{"name":"wp","href":"https:\/\/api.w.org\/{rel}","templated":true}]}}