{"id":13826,"date":"2019-04-03T10:16:20","date_gmt":"2019-04-03T08:16:20","guid":{"rendered":"http:\/\/semmelweis.hu\/emk\/?page_id=13826"},"modified":"2025-06-13T13:46:19","modified_gmt":"2025-06-13T11:46:19","slug":"imi-2-do-it-big-data-for-better-outcomes-coordination-and-support-action","status":"publish","type":"page","link":"https:\/\/semmelweis.hu\/emk\/szakertoi-tevekenyseg-projektek\/lezart-projektek\/imi-2-do-it-big-data-for-better-outcomes-coordination-and-support-action\/","title":{"rendered":"IMI 2 DO IT"},"content":{"rendered":"<p>H2020<\/p>\n<p>2017.02.01. \u2013 2019.01.31.<\/p>\n<p><strong>Projekt tartalma, c\u00e9lja<\/strong><\/p>\n<div align=\"justify\">\n<div align=\"justify\">Az IMI2 Keretprogram r\u00e9szek\u00e9nt indult el 2015-ben a Big Data for Better Outcomes (BD4BO) Program, amelynek c\u00e9lja a nagy adathalmazok felhaszn\u00e1l\u00e1sa az innovat\u00edv gy\u00f3gyszerkutat\u00e1sban- \u00e9s fejleszt\u00e9sben. A v\u00e1rhat\u00f3an 8 \u00e9vig tart\u00f3 program keret\u00e9ben projektek sorozata indul majd, amelyek \u00e1ltal\u00e1ban betegs\u00e9g-specifikusak \u00e9s r\u00e9szben horizont\u00e1lis jelleg\u0171ek.<\/p>\n<p>A Coordination and Support Action (CSA) a teljes BD4BO Program \u00f6sszes projektj\u00e9t fogja t\u00e1mogatni az al\u00e1bbi t\u00e9mak\u00f6r\u00f6kben (Work Package-ek):<\/p>\n<\/div>\n<\/div>\n<ul>\n<li>WP1 Strat\u00e9giaalkot\u00e1s<\/li>\n<li>WP2 Tud\u00e1st\u00e1r l\u00e9trehoz\u00e1sa (Knowledge Repository)<\/li>\n<li>WP3 Disszemin\u00e1ci\u00f3<\/li>\n<li>WP4 Adatv\u00e9delem (Data Privacy)<\/li>\n<\/ul>\n<div align=\"justify\">\n<p>Az Egyetem mind a n\u00e9gy WP-ben r\u00e9szt vesz, k\u00f6z\u00fcl\u00fck a WP3-ban WP-vezet\u0151k\u00e9nt.<\/p>\n<p><strong>Projekt szerepl\u0151k<\/strong><\/p>\n<p><strong>Konzorciumvezet\u0151:<\/strong> London School of Economics and Political Science (LSE)<\/p>\n<p><strong>EMK szerepv\u00e1llal\u00e1sa:<\/strong> konzorciumi tag<\/p>\n<p><strong>Tov\u00e1bbi konzorciumi tagok\/partnerek:<\/strong><\/p>\n<ul>\n<li>Novartis (NVS)<\/li>\n<li>National Institute for Health and Care Excellence (NICE)<\/li>\n<li>Dental and Pharmaceutical Benefits Agency (TLV)<\/li>\n<li>European Cancer Patient Coalition (ECPC)<\/li>\n<li>European Multiple Sclerosis Platform (EMSP)<\/li>\n<li>Imperial College London (ICL)<\/li>\n<li>Swedish Institute for Health Economics (IHE)<\/li>\n<li>Centre for Research in Healthcare Management (CERGAS), Universit\u00e0 Bocconi<\/li>\n<li>Norwegian Institute of Public Health (NIPH)<\/li>\n<li>National Quality Registries at the Swedish Association of Local Authorities and Regions (SKL)<\/li>\n<li>The Association of the British Pharmaceutical Industry (ABPI)<\/li>\n<li>Amgen (AMGEN)<\/li>\n<li>Bayer (BAY)<\/li>\n<li>Boehringer Ingelheim (BI)<\/li>\n<li>Celgene (CELGENE)<\/li>\n<li>European Federation of Pharmaceutical Industries and Associations (EFPIA)<\/li>\n<li>Farmaindustria (FI)<\/li>\n<li>GlaxoSmithKline (GSK)<\/li>\n<li>Health iQ (HIQ)<\/li>\n<li>Intersystems (INTSYS)<\/li>\n<li>Janssen Pharmaceutica NV (JANSSEN)<\/li>\n<li>Eli Lilly and Company (LILLY)<\/li>\n<li>Merck Group (MERCK)<\/li>\n<li>MSD Sharp &amp; Dohme (MSD)<\/li>\n<li>Novo Nordisk (NOVO)<\/li>\n<li>Pfizer (PFIZER)<\/li>\n<li>Roche (ROCHE)<\/li>\n<li>Sanofi (SARD)<\/li>\n<li>Servier (IRIS)<\/li>\n<li>UCB (UCB)<\/li>\n<li>Association of Research-Based Pharmaceutical Companies (VFA)<\/li>\n<li>Norwegian Medicines Agency (NOMA)<\/li>\n<li>Technology, Methods and Infrastructure for Networked Medical Research (TMF)<\/li>\n<li>Inserm Toulouse (INSERM)<\/li>\n<\/ul>\n<p><strong>EMK kontakt<\/strong><\/p>\n<p>N\u00e9v: Bencze L\u00e1szl\u00f3<br \/>\nTelefon: +36 1 488 7635<br \/>\nE-mail: <a>bencze@emk.sote.hu<\/a><\/p>\n<\/div>\n","protected":false},"excerpt":{"rendered":"<p>H2020 2017.02.01. \u2013 2019.01.31. Projekt tartalma, c\u00e9lja Az IMI2 Keretprogram r\u00e9szek\u00e9nt indult el 2015-ben a Big Data for Better Outcomes (BD4BO) Program, amelynek c\u00e9lja a nagy adathalmazok felhaszn\u00e1l\u00e1sa az innovat\u00edv gy\u00f3gyszerkutat\u00e1sban- \u00e9s fejleszt\u00e9sben. A v\u00e1rhat\u00f3an 8 \u00e9vig tart\u00f3 program keret\u00e9ben projektek sorozata indul majd, amelyek \u00e1ltal\u00e1ban betegs\u00e9g-specifikusak \u00e9s r\u00e9szben horizont\u00e1lis jelleg\u0171ek. A Coordination and Support &hellip;<\/p>\n","protected":false},"author":101539,"featured_media":0,"parent":15855,"menu_order":15,"comment_status":"closed","ping_status":"closed","template":"","meta":{"_acf_changed":false,"footnotes":""},"categories":[],"tags":[837],"class_list":["post-13826","page","type-page","status-publish","hentry","tag-imi-2-do-it"],"acf":[],"_links":{"self":[{"href":"https:\/\/semmelweis.hu\/emk\/wp-json\/wp\/v2\/pages\/13826","targetHints":{"allow":["GET"]}}],"collection":[{"href":"https:\/\/semmelweis.hu\/emk\/wp-json\/wp\/v2\/pages"}],"about":[{"href":"https:\/\/semmelweis.hu\/emk\/wp-json\/wp\/v2\/types\/page"}],"author":[{"embeddable":true,"href":"https:\/\/semmelweis.hu\/emk\/wp-json\/wp\/v2\/users\/101539"}],"replies":[{"embeddable":true,"href":"https:\/\/semmelweis.hu\/emk\/wp-json\/wp\/v2\/comments?post=13826"}],"version-history":[{"count":3,"href":"https:\/\/semmelweis.hu\/emk\/wp-json\/wp\/v2\/pages\/13826\/revisions"}],"predecessor-version":[{"id":25323,"href":"https:\/\/semmelweis.hu\/emk\/wp-json\/wp\/v2\/pages\/13826\/revisions\/25323"}],"up":[{"embeddable":true,"href":"https:\/\/semmelweis.hu\/emk\/wp-json\/wp\/v2\/pages\/15855"}],"wp:attachment":[{"href":"https:\/\/semmelweis.hu\/emk\/wp-json\/wp\/v2\/media?parent=13826"}],"wp:term":[{"taxonomy":"category","embeddable":true,"href":"https:\/\/semmelweis.hu\/emk\/wp-json\/wp\/v2\/categories?post=13826"},{"taxonomy":"post_tag","embeddable":true,"href":"https:\/\/semmelweis.hu\/emk\/wp-json\/wp\/v2\/tags?post=13826"}],"curies":[{"name":"wp","href":"https:\/\/api.w.org\/{rel}","templated":true}]}}