{"id":13824,"date":"2019-04-03T10:16:20","date_gmt":"2019-04-03T08:16:20","guid":{"rendered":"http:\/\/semmelweis.hu\/emk\/?page_id=13824"},"modified":"2025-06-05T14:29:25","modified_gmt":"2025-06-05T12:29:25","slug":"egeszsegugyi-ellatorendszer-szakmai-modszertani-fejlesztese","status":"publish","type":"page","link":"https:\/\/semmelweis.hu\/emk\/szakertoi-tevekenyseg-projektek\/lezart-projektek\/egeszsegugyi-ellatorendszer-szakmai-modszertani-fejlesztese\/","title":{"rendered":"Eg\u00e9szs\u00e9g\u00fcgyi ell\u00e1t\u00f3rendszer szakmai m\u00f3dszertani fejleszt\u00e9se"},"content":{"rendered":"<p style=\"text-align: justify\">\n<style>.fixedlogo { position:fixed; bottom:0; right: 0; height: 33%; z-index: 9999; opacity: 0.5; } @media only screen and (max-width: 1180px) { .fixedlogo { position:fixed; bottom:0; right: 0; height: 33%; z-index: 9999; }} <\/style>\n<\/p>\n<p style=\"text-align: justify\">Kedvezm\u00e9nyezett neve: Semmelweis Egyetem<br \/>\nProjekt azonos\u00edt\u00f3 sz\u00e1ma: EFOP-1.8.0-VEKOP-17-2017-00001<br \/>\nProjekt c\u00edme: Eg\u00e9szs\u00e9g\u00fcgyi ell\u00e1t\u00f3rendszer szakmai m\u00f3dszertani fejleszt\u00e9se<br \/>\nSzerz\u0151d\u00f6tt \u00f6sszeg: 24.675.658.548 Ft<\/p>\n<p style=\"text-align: justify\">SE szerz\u0151d\u00f6tt t\u00e1mogat\u00e1si \u00f6sszeg: 1.255.535.000 Ft<br \/>\nT\u00e1mogat\u00e1s m\u00e9rt\u00e9ke: 100%<br \/>\nProjekt kezdete: 2017.06.01.<br \/>\nProjekt v\u00e1rhat\u00f3 befejez\u00e9se: 2023.12.22.<\/p>\n<p style=\"text-align: justify\"><strong>Projekt tartalma, c\u00e9lja<\/strong><\/p>\n<p style=\"text-align: justify\">A konstrukci\u00f3 alapvet\u0151 c\u00e9lja, hogy javuljon a lakoss\u00e1g eg\u00e9szs\u00e9gi \u00e1llapota, n\u0151j\u00f6n a sz\u00fclet\u00e9skor v\u00e1rhat\u00f3 \u00e9lettartam \u00e9s az eg\u00e9szs\u00e9gben elt\u00f6lt\u00f6tt \u00e9let\u00e9vek sz\u00e1ma, cs\u00f6kkenjen a kr\u00f3nikus nem-fert\u0151z\u0151 betegs\u00e9gteher az ell\u00e1t\u00f3rendszer prevenci\u00f3s f\u00f3kusz\u00e1nak fokoz\u00e1s\u00e1val, a lakoss\u00e1g eg\u00e9szs\u00e9gtudatoss\u00e1g\u00e1nak n\u00f6vel\u00e9s\u00e9vel \u00e9s a megel\u0151z\u00e9ssel kapcsolatos ter\u00fcleti egyenl\u0151tlens\u00e9gek cs\u00f6kkent\u00e9se \u00e1ltal.<\/p>\n<p style=\"text-align: justify\">A betegbiztons\u00e1gi fejleszt\u00e9sek els\u0151dleges c\u00e9lja egy olyan szervezeti kult\u00fara, szeml\u00e9let megteremt\u00e9se, amelynek seg\u00edts\u00e9g\u00e9vel a dolgoz\u00f3k felismerik a vesz\u00e9lyforr\u00e1sokat a tev\u00e9kenys\u00e9gek v\u00e9gz\u00e9se sor\u00e1n \u00e9s javaslatokat fogalmaznak meg kiv\u00e9d\u00e9s\u00fckre, lehet\u0151s\u00e9g ny\u00edlik az el\u0151fordult hib\u00e1k \u00e9s nemk\u00edv\u00e1natos esem\u00e9nyek tanul\u00e1si c\u00e9llal t\u00f6rt\u00e9n\u0151 megbesz\u00e9l\u00e9s\u00e9re, tov\u00e1bb\u00e1 az int\u00e9zm\u00e9ny vezet\u00e9se akt\u00edvan k\u00f6zrem\u0171k\u00f6dik a betegbiztons\u00e1g fejleszt\u00e9s\u00e9ben.<\/p>\n<p style=\"text-align: justify\"><strong>R\u00e9szc\u00e9lok:<\/strong><\/p>\n<ul style=\"text-align: justify\">\n<li>javuljanak az ell\u00e1t\u00e1st ny\u00fajt\u00f3k ismeretei az ell\u00e1t\u00e1ssal kapcsolatos nemk\u00edv\u00e1natos esetek, esem\u00e9nyek elker\u00fcl\u00e9s\u00e9vel, hat\u00e1sminimaliz\u00e1l\u00e1s\u00e1val \u00e9s kezel\u00e9s\u00e9vel kapcsolatosan;<\/li>\n<li>ker\u00fcljenek l\u00e9trehoz\u00e1sra, implement\u00e1l\u00e1sra, ellen\u0151rz\u00e9sre \u00e9s \u00e9rt\u00e9kel\u00e9sre a betegbiztons\u00e1g n\u00f6vel\u00e9s\u00e9t c\u00e9lz\u00f3 m\u00f3dszertanok, j\u00f3gyakorlatok, ir\u00e1nyelvek \u00e9s protokollok;<\/li>\n<li>ker\u00fcljenek kidolgoz\u00e1sra illetve fejleszt\u00e9sre a betegbiztons\u00e1g meg\u00edt\u00e9l\u00e9s\u00e9re alkalmas \u00e9rt\u00e9kel\u0151 \u00e9s elismer\u0151 m\u00f3dszerek;<\/li>\n<li>javuljon a lakoss\u00e1g ell\u00e1t\u00e1ssal kapcsolatos eg\u00e9szs\u00e9gm\u0171velts\u00e9ge \u00e9s a nemk\u00edv\u00e1natos esem\u00e9nyek elker\u00fcl\u00e9s\u00e9hez sz\u00fcks\u00e9ges ismeretei.<\/li>\n<\/ul>\n<p style=\"text-align: justify\"><strong>Projekt szerepl\u0151k:<\/strong><\/p>\n<p style=\"text-align: justify\"><strong>Konzorciumvezet\u0151:<\/strong> Nemzeti N\u00e9peg\u00e9szs\u00e9g\u00fcgyi \u00e9s Gy\u00f3gyszer\u00e9szeti K\u00f6zpont<\/p>\n<p style=\"text-align: justify\"><strong>EMK szerepv\u00e1llal\u00e1sa:<\/strong> konzorciumi tag<\/p>\n<p style=\"text-align: justify\"><strong>Tov\u00e1bbi konzorciumi tagok\/partnerek:<\/strong><\/p>\n<ul style=\"text-align: justify\">\n<li>IdomSoft Informatikai Z\u00e1rtk\u00f6r\u0171en M\u0171k\u00f6d\u0151 R\u00e9szv\u00e9nyt\u00e1rsas\u00e1g<\/li>\n<li>Nemzeti Eg\u00e9szs\u00e9gbiztos\u00edt\u00e1si Alapkezel\u0151<\/li>\n<li>NISZ Nemzeti Infokommunik\u00e1ci\u00f3s Szolg\u00e1ltat\u00f3 Z\u00e1rtk\u00f6r\u0171en M\u0171k\u00f6d\u0151 R\u00e9szv\u00e9nyt\u00e1rsas\u00e1g<\/li>\n<li>Orsz\u00e1gos K\u00f3rh\u00e1zi F\u0151igazgat\u00f3s\u00e1g<\/li>\n<li>Semmelweis Egyetem<\/li>\n<\/ul>\n<p style=\"text-align: justify\"><strong>EMK kontakt<\/strong><\/p>\n<p style=\"text-align: justify\">N\u00e9v: <a href=\"https:\/\/semmelweis.hu\/emk\/oktatas\/munkatarsak-oktatoi-csapat\/dr-lam-judit\/\" target=\"_blank\" rel=\"noopener\">Dr. L\u00e1m Judit<\/a> (egyetemi docens)<br \/>\nTelefon: +36 1 488 7600<br \/>\nE-mail: <a href=\"mailto:lam.judit@emk.semmelweis.hu\" target=\"_blank\" rel=\"noopener\">lam.judit@emk.semmelweis.hu<\/a><\/p>\n<p>&nbsp;<\/p>\n<style>\n           #page-grid .card-body > .line-clamp-box.excerpt{\n        width: inherit;\n        max-width: inherit;\n        display:flex;\n        min-height: 2.4em;\n        flex-direction: column;\n        justify-content: space-around;\n        background-color: #D6E4EA;\n        min-height: 3.4rem;\n        font-family: \"Montserrat\", sans-serif;\n    }\n\n    #page-grid a:hover .card-body > .line-clamp-box.excerpt {\n        background-color: #fff;\n        color: #313B40;\n    }\n\n    #page-grid .card-body .line-clamp-box.excerpt section{\n        max-width: inherit;\n        display: -webkit-box;\n        -webkit-line-clamp: 2;\n        -webkit-box-orient: vertical;\n        overflow: hidden;\n        text-overflow: ellipsis;\n        hyphens: auto;\n        margin: auto;\n        \n    }\n    .line-clamp-box.excerpt section, .line-clamp-box.excerpt section p{\n        font-size:0.8em;\n    }\n    \n<\/style>\n    <section id=\"page-grid\">\n        \n        <div class=\"row row-cols-1 row-cols-md-2 row-cols-lg-1 no-gutters mx-0 \">    <div class =\"col  mb-2 card-wrapper\">\n        <a class=\"d-flex flex-fill card-link-warapper m-md-1\" href=\"https:\/\/semmelweis.hu\/emk\/szakertoi-tevekenyseg-projektek\/lezart-projektek\/egeszsegugyi-ellatorendszer-szakmai-modszertani-fejlesztese\/betegbiztonsagi-strategia-koncepcio\/\">\n            <div class=\"card border border-secondary se-border flex-fill\">\n                <div class=\"row no-gutters mx-0 d-flex flex-nowrap flex-md-wrap align-items-center\">\n                    <div class =\"  col-5 col-md-12  d-none  d-md-none d-md-none  bg-image  card-image justify-content-center\">\n                        <img class='wp-post-image img-fluid landscape' src='https:\/\/semmelweis.hu\/emk\/wp-content\/themes\/se18\/dist\/images\/svg\/bg-image.svg' \/>\n                    <\/div>\n                    <div class=\"card-body  col flex-column  col-md-12 p-0\">\n                        <div class=\"line-clamp-box p-3\">\n                            <h5 class=\"ml-0 ml-sm-1 mt-2 align-items-center\"  >Betegbiztons\u00e1gi strat\u00e9gia koncepci\u00f3<\/h5>\n                        <\/div>\n                        \n                    <\/div>\n                <\/div>\n\n            <\/div>\n        <\/a>\n    <\/div>    <div class =\"col  mb-2 card-wrapper\">\n        <a class=\"d-flex flex-fill card-link-warapper m-md-1\" href=\"https:\/\/semmelweis.hu\/emk\/szakertoi-tevekenyseg-projektek\/lezart-projektek\/egeszsegugyi-ellatorendszer-szakmai-modszertani-fejlesztese\/ertekelesi-es-elismeresi-rendszer-kialakitasa\/\">\n            <div class=\"card border border-secondary se-border flex-fill\">\n                <div class=\"row no-gutters mx-0 d-flex flex-nowrap flex-md-wrap align-items-center\">\n                    <div class =\"  col-5 col-md-12  d-none  d-md-none d-md-none  bg-image  card-image justify-content-center\">\n                        <img class='wp-post-image img-fluid landscape' src='https:\/\/semmelweis.hu\/emk\/wp-content\/themes\/se18\/dist\/images\/svg\/bg-image.svg' \/>\n                    <\/div>\n                    <div class=\"card-body  col flex-column  col-md-12 p-0\">\n                        <div class=\"line-clamp-box p-3\">\n                            <h5 class=\"ml-0 ml-sm-1 mt-2 align-items-center\"  >\u00c9rt\u00e9kel\u00e9si \u00e9s elismer\u00e9si rendszer kialak\u00edt\u00e1sa<\/h5>\n                        <\/div>\n                        \n                    <\/div>\n                <\/div>\n\n            <\/div>\n        <\/a>\n    <\/div>    <div class =\"col  mb-2 card-wrapper\">\n        <a class=\"d-flex flex-fill card-link-warapper m-md-1\" href=\"https:\/\/semmelweis.hu\/emk\/szakertoi-tevekenyseg-projektek\/lezart-projektek\/egeszsegugyi-ellatorendszer-szakmai-modszertani-fejlesztese\/jogyakorlatok-gyujtese-fejlesztese-oktatasa\/\">\n            <div class=\"card border border-secondary se-border flex-fill\">\n                <div class=\"row no-gutters mx-0 d-flex flex-nowrap flex-md-wrap align-items-center\">\n                    <div class =\"  col-5 col-md-12  d-none  d-md-none d-md-none  bg-image  card-image justify-content-center\">\n                        <img class='wp-post-image img-fluid landscape' src='https:\/\/semmelweis.hu\/emk\/wp-content\/themes\/se18\/dist\/images\/svg\/bg-image.svg' \/>\n                    <\/div>\n                    <div class=\"card-body  col flex-column  col-md-12 p-0\">\n                        <div class=\"line-clamp-box p-3\">\n                            <h5 class=\"ml-0 ml-sm-1 mt-2 align-items-center\"  >J\u00f3gyakorlatok gy\u0171jt\u00e9se, fejleszt\u00e9se, oktat\u00e1sa<\/h5>\n                        <\/div>\n                        \n                    <\/div>\n                <\/div>\n\n            <\/div>\n        <\/a>\n    <\/div>    <div class =\"col  mb-2 card-wrapper\">\n        <a class=\"d-flex flex-fill card-link-warapper m-md-1\" href=\"https:\/\/semmelweis.hu\/emk\/szakertoi-tevekenyseg-projektek\/lezart-projektek\/egeszsegugyi-ellatorendszer-szakmai-modszertani-fejlesztese\/neves-program-mukodese-nemkivanatos-esemenyek-oki-kutatasa\/\">\n            <div class=\"card border border-secondary se-border flex-fill\">\n                <div class=\"row no-gutters mx-0 d-flex flex-nowrap flex-md-wrap align-items-center\">\n                    <div class =\"  col-5 col-md-12  d-none  d-md-none d-md-none  bg-image  card-image justify-content-center\">\n                        <img class='wp-post-image img-fluid landscape' src='https:\/\/semmelweis.hu\/emk\/wp-content\/themes\/se18\/dist\/images\/svg\/bg-image.svg' \/>\n                    <\/div>\n                    <div class=\"card-body  col flex-column  col-md-12 p-0\">\n                        <div class=\"line-clamp-box p-3\">\n                            <h5 class=\"ml-0 ml-sm-1 mt-2 align-items-center\"  >NEVES program m\u0171k\u00f6d\u00e9se, nemk\u00edv\u00e1natos esem\u00e9nyek oki kutat\u00e1sa<\/h5>\n                        <\/div>\n                        \n                    <\/div>\n                <\/div>\n\n            <\/div>\n        <\/a>\n    <\/div>    <div class =\"col  mb-2 card-wrapper\">\n        <a class=\"d-flex flex-fill card-link-warapper m-md-1\" href=\"https:\/\/semmelweis.hu\/emk\/szakertoi-tevekenyseg-projektek\/lezart-projektek\/egeszsegugyi-ellatorendszer-szakmai-modszertani-fejlesztese\/lakossagi-forum\/\">\n            <div class=\"card border border-secondary se-border flex-fill\">\n                <div class=\"row no-gutters mx-0 d-flex flex-nowrap flex-md-wrap align-items-center\">\n                    <div class =\"  col-5 col-md-12  d-none  d-md-none d-md-none  bg-image  card-image justify-content-center\">\n                        <img class='wp-post-image img-fluid landscape' src='https:\/\/semmelweis.hu\/emk\/wp-content\/themes\/se18\/dist\/images\/svg\/bg-image.svg' \/>\n                    <\/div>\n                    <div class=\"card-body  col flex-column  col-md-12 p-0\">\n                        <div class=\"line-clamp-box p-3\">\n                            <h5 class=\"ml-0 ml-sm-1 mt-2 align-items-center\"  >Lakoss\u00e1gi F\u00f3rum<\/h5>\n                        <\/div>\n                        \n                    <\/div>\n                <\/div>\n\n            <\/div>\n        <\/a>\n    <\/div>        <\/div>\n    <\/section>\n<p style=\"text-align: justify\"><a href=\"https:\/\/semmelweis.hu\/emk\/files\/2016\/08\/infoblokk_kedv_final_CMYK_-ESZA.png\"><img loading=\"lazy\" decoding=\"async\" class=\"fixedlogo alignnone size-medium wp-image-10635\" src=\"https:\/\/semmelweis.hu\/emk\/files\/2016\/08\/infoblokk_kedv_final_CMYK_-ESZA.png\" alt=\"HELIUM\" width=\"400\" height=\"400\" \/><\/a><\/p>\n<div style=\"text-align: justify\" align=\"right\">\u00a0<\/div>\n","protected":false},"excerpt":{"rendered":"<p>.fixedlogo { position:fixed; bottom:0; right: 0; height: 33%; z-index: 9999; opacity: 0.5; } @media only screen and (max-width: 1180px) { .fixedlogo { position:fixed; bottom:0; right: 0; height: 33%; z-index: 9999; }} Kedvezm\u00e9nyezett neve: Semmelweis Egyetem Projekt azonos\u00edt\u00f3 sz\u00e1ma: EFOP-1.8.0-VEKOP-17-2017-00001 Projekt c\u00edme: Eg\u00e9szs\u00e9g\u00fcgyi ell\u00e1t\u00f3rendszer szakmai m\u00f3dszertani fejleszt\u00e9se Szerz\u0151d\u00f6tt \u00f6sszeg: 24.675.658.548 Ft SE szerz\u0151d\u00f6tt t\u00e1mogat\u00e1si \u00f6sszeg: 1.255.535.000 &hellip;<\/p>\n","protected":false},"author":101539,"featured_media":0,"parent":15855,"menu_order":6,"comment_status":"closed","ping_status":"closed","template":"","meta":{"_acf_changed":false,"footnotes":""},"categories":[],"tags":[807],"class_list":["post-13824","page","type-page","status-publish","hentry","tag-egeszsegugyi-ellatorendszer"],"acf":[],"_links":{"self":[{"href":"https:\/\/semmelweis.hu\/emk\/wp-json\/wp\/v2\/pages\/13824","targetHints":{"allow":["GET"]}}],"collection":[{"href":"https:\/\/semmelweis.hu\/emk\/wp-json\/wp\/v2\/pages"}],"about":[{"href":"https:\/\/semmelweis.hu\/emk\/wp-json\/wp\/v2\/types\/page"}],"author":[{"embeddable":true,"href":"https:\/\/semmelweis.hu\/emk\/wp-json\/wp\/v2\/users\/101539"}],"replies":[{"embeddable":true,"href":"https:\/\/semmelweis.hu\/emk\/wp-json\/wp\/v2\/comments?post=13824"}],"version-history":[{"count":12,"href":"https:\/\/semmelweis.hu\/emk\/wp-json\/wp\/v2\/pages\/13824\/revisions"}],"predecessor-version":[{"id":25257,"href":"https:\/\/semmelweis.hu\/emk\/wp-json\/wp\/v2\/pages\/13824\/revisions\/25257"}],"up":[{"embeddable":true,"href":"https:\/\/semmelweis.hu\/emk\/wp-json\/wp\/v2\/pages\/15855"}],"wp:attachment":[{"href":"https:\/\/semmelweis.hu\/emk\/wp-json\/wp\/v2\/media?parent=13824"}],"wp:term":[{"taxonomy":"category","embeddable":true,"href":"https:\/\/semmelweis.hu\/emk\/wp-json\/wp\/v2\/categories?post=13824"},{"taxonomy":"post_tag","embeddable":true,"href":"https:\/\/semmelweis.hu\/emk\/wp-json\/wp\/v2\/tags?post=13824"}],"curies":[{"name":"wp","href":"https:\/\/api.w.org\/{rel}","templated":true}]}}