{"id":13820,"date":"2019-04-03T10:16:20","date_gmt":"2019-04-03T08:16:20","guid":{"rendered":"http:\/\/semmelweis.hu\/emk\/?page_id=13820"},"modified":"2025-06-05T14:09:15","modified_gmt":"2025-06-05T12:09:15","slug":"chrodis-plus-joint-action-2","status":"publish","type":"page","link":"https:\/\/semmelweis.hu\/emk\/szakertoi-tevekenyseg-projektek\/lezart-projektek\/chrodis-plus-joint-action-2\/","title":{"rendered":"Chrodis Plus Joint Action"},"content":{"rendered":"<p style=\"text-align: justify\"><strong>Regulation 282\/2014\/EU for The Third Health Programme<\/strong><\/p>\n<p style=\"text-align: justify\">2017.09.01 \u2013 2020.09.30.<\/p>\n<p style=\"text-align: justify\"><strong>Projekt tartalma, c\u00e9lja<\/strong><\/p>\n<p style=\"text-align: justify\">Mind Magyarorsz\u00e1g, mind az Eur\u00f3pai Uni\u00f3 eg\u00e9szs\u00e9g\u00fcggyel foglalkoz\u00f3 szakmai int\u00e9zm\u00e9nyeiben \u00e1ltal\u00e1nos az egyet\u00e9rt\u00e9s abban, hogy Eur\u00f3pa egyre nagyobb eg\u00e9szs\u00e9g\u00fcgyi v\u00e1ls\u00e1g el\u00e9 n\u00e9z. N\u00f6vekv\u0151 terheket jelent az eg\u00e9szs\u00e9g\u00fcgyi rendszerekre az \u00f6reged\u0151 n\u00e9pess\u00e9g, a kr\u00f3nikus betegs\u00e9gek n\u00f6vekv\u0151 gyakoris\u00e1ga (sz\u00edv-\u00e9rrendszeri betegs\u00e9gek, daganatos betegs\u00e9gek, cukorbetegs\u00e9g), nagy kih\u00edv\u00e1st jelent a ment\u00e1lis betegs\u00e9gek \u00e9s az az antibiotikumokkal szemben n\u00f6vekv\u0151 rezisztencia is. Mindezek egyar\u00e1nt befoly\u00e1solj\u00e1k a n\u00e9pess\u00e9g morbidit\u00e1si \u00e9s mortalit\u00e1si adatait.<\/p>\n<p style=\"text-align: justify\">A kr\u00f3nikus betegs\u00e9gek okozta teher gazdas\u00e1gi aspektusait is figyelembe kell venni. Figyelembe v\u00e9ve a N\u00e9peg\u00e9szs\u00e9gtani Int\u00e9zet tud\u00e1sb\u00e1zis\u00e1t, lehet\u0151s\u00e9g van arra, hogy a prevenci\u00f3s szeml\u00e9letet m\u00e1r a leend\u0151 orvosokban kialak\u00edtsuk, ugyanakkor azt is szem el\u0151tt kell tartanunk, hogy ennek jelent\u0151s\u00e9g\u00e9t az eg\u00e9sz t\u00e1rsadalommal meg\u00e9rtess\u00fck. Az EMK az eg\u00e9szs\u00e9gpolitikai kontextushoz k\u00fcl\u00f6n\u00f6sen az eg\u00e9szs\u00e9g-gazdas\u00e1gtan, v\u00e1ltoz\u00e1smenedzsment, betegbiztons\u00e1g ter\u00e9n rendelkez\u00e9sre \u00e1ll\u00f3 szak\u00e9rtelm\u00e9vel k\u00edv\u00e1n hozz\u00e1j\u00e1rulni. \u00c1ltal\u00e1nos tapasztalat az is, hogy a m\u00e9dia nem igaz\u00e1n m\u00e9ri fel a megel\u0151z\u00e9s szerep\u00e9t \u00e9s annak eg\u00e9szs\u00e9gre gyakorolt hat\u00e1s\u00e1t, ha pedig ez olykor meg is t\u00f6rt\u00e9nik, nem siker\u00fcl \u00e9rthet\u0151en t\u00e1lalni azt a c\u00e9lk\u00f6z\u00f6ns\u00e9g fel\u00e9.<\/p>\n<p style=\"text-align: justify\">C\u00e9lunk ezt a hi\u00e1nyt kit\u00f6lteni, a rendelkez\u00e9sre \u00e1ll\u00f3 szakmai inform\u00e1ci\u00f3kat (n\u00e9peg\u00e9szs\u00e9gtani statisztikai adatok, orvosi kezel\u00e9si lehet\u0151s\u00e9gek, eg\u00e9szs\u00e9gpolitikai \u00e9s eg\u00e9szs\u00e9g-gazdas\u00e1gtani szempontok) olyan form\u00e1ban \u00e1talak\u00edtani, oktatni, hogy azok a t\u00e1rsadalom sz\u00e9les r\u00e9tegei sz\u00e1m\u00e1ra is \u00e9rthet\u0151k \u00e9s elfogadhat\u00f3ak legyenek, gondolva itt a sz\u0171r\u0151vizsg\u00e1latok jelent\u0151s\u00e9g\u00e9re, t\u00e1lal\u00e1s\u00e1ra a t\u00e1rsadalom fel\u00e9, az eg\u00e9szs\u00e9ges \u00e9letm\u00f3dra t\u00f6rt\u00e9n\u0151 nevel\u00e9sre, stb. Ennek keret\u00e9ben az \u00e1ltalunk oktatott hallgat\u00f3k k\u00e9pz\u00e9s\u00e9n t\u00fal, a prevenci\u00f3s oktat\u00e1st a m\u00e9dia majdani k\u00e9pvisel\u0151ire is kiterjeszten\u00e9nk.<\/p>\n<p style=\"text-align: justify\">Az egy\u00fcttes fell\u00e9p\u00e9s, a c\u00e9lul kit\u0171z\u00f6tt, sz\u00e9les stakeholder konszenzuson alapul\u00f3 innovat\u00edv megold\u00e1sok felt\u00e1r\u00e1sa r\u00e9v\u00e9n komoly h\u00e1tteret ny\u00fajthat a tag\u00e1llami \u00e9s uni\u00f3 szint\u0171 eg\u00e9szs\u00e9gpolitika sz\u00e1m\u00e1ra a kr\u00f3nikus betegs\u00e9gek visszaszor\u00edt\u00e1sa ter\u00e9n.<\/p>\n<p style=\"text-align: center\"><a class=\"btn btn-secondary\" href=\"http:\/\/chrodis.eu\/\" target=\"_blank\" rel=\"noopener\">A projekt honlapja<\/a><\/p>\n<p style=\"text-align: justify\"><strong>Projekt szerepl\u0151k<\/strong><\/p>\n<p style=\"text-align: justify\">Konzorciumvezet\u0151: Instituto de Salud Carlos III, (ISCIII), Spain<\/p>\n<p style=\"text-align: justify\">EMK szerepv\u00e1llal\u00e1sa: konzorciumi tag<\/p>\n<p style=\"text-align: center\"><a class=\"btn btn-secondary\" href=\"http:\/\/chrodis.eu\/about-us\/partners\/\" target=\"_blank\" rel=\"noopener\">Tov\u00e1bbi konzorciumi tagok\/partnerek<\/a><\/p>\n<p style=\"text-align: justify\"><strong>EMK kontakt<\/strong><\/p>\n<p style=\"text-align: justify\">N\u00e9v: Aszal\u00f3s Zolt\u00e1n<br \/>\nTelefon: + 36 1 488 7635<br \/>\nE-mail: <a href=\"mailto:aszalos.zoltan@emk.semmelweis.hu\" target=\"_blank\" rel=\"noopener\">aszalos.zoltan@emk.semmelweis.hu<\/a><\/p>\n","protected":false},"excerpt":{"rendered":"<p>Regulation 282\/2014\/EU for The Third Health Programme 2017.09.01 \u2013 2020.09.30. Projekt tartalma, c\u00e9lja Mind Magyarorsz\u00e1g, mind az Eur\u00f3pai Uni\u00f3 eg\u00e9szs\u00e9g\u00fcggyel foglalkoz\u00f3 szakmai int\u00e9zm\u00e9nyeiben \u00e1ltal\u00e1nos az egyet\u00e9rt\u00e9s abban, hogy Eur\u00f3pa egyre nagyobb eg\u00e9szs\u00e9g\u00fcgyi v\u00e1ls\u00e1g el\u00e9 n\u00e9z. N\u00f6vekv\u0151 terheket jelent az eg\u00e9szs\u00e9g\u00fcgyi rendszerekre az \u00f6reged\u0151 n\u00e9pess\u00e9g, a kr\u00f3nikus betegs\u00e9gek n\u00f6vekv\u0151 gyakoris\u00e1ga (sz\u00edv-\u00e9rrendszeri betegs\u00e9gek, daganatos betegs\u00e9gek, cukorbetegs\u00e9g), nagy &hellip;<\/p>\n","protected":false},"author":101539,"featured_media":0,"parent":15855,"menu_order":2,"comment_status":"closed","ping_status":"closed","template":"","meta":{"_acf_changed":false,"footnotes":""},"categories":[],"tags":[799],"class_list":["post-13820","page","type-page","status-publish","hentry","tag-chrodis-plus-joint-action"],"acf":[],"_links":{"self":[{"href":"https:\/\/semmelweis.hu\/emk\/wp-json\/wp\/v2\/pages\/13820","targetHints":{"allow":["GET"]}}],"collection":[{"href":"https:\/\/semmelweis.hu\/emk\/wp-json\/wp\/v2\/pages"}],"about":[{"href":"https:\/\/semmelweis.hu\/emk\/wp-json\/wp\/v2\/types\/page"}],"author":[{"embeddable":true,"href":"https:\/\/semmelweis.hu\/emk\/wp-json\/wp\/v2\/users\/101539"}],"replies":[{"embeddable":true,"href":"https:\/\/semmelweis.hu\/emk\/wp-json\/wp\/v2\/comments?post=13820"}],"version-history":[{"count":4,"href":"https:\/\/semmelweis.hu\/emk\/wp-json\/wp\/v2\/pages\/13820\/revisions"}],"predecessor-version":[{"id":25246,"href":"https:\/\/semmelweis.hu\/emk\/wp-json\/wp\/v2\/pages\/13820\/revisions\/25246"}],"up":[{"embeddable":true,"href":"https:\/\/semmelweis.hu\/emk\/wp-json\/wp\/v2\/pages\/15855"}],"wp:attachment":[{"href":"https:\/\/semmelweis.hu\/emk\/wp-json\/wp\/v2\/media?parent=13820"}],"wp:term":[{"taxonomy":"category","embeddable":true,"href":"https:\/\/semmelweis.hu\/emk\/wp-json\/wp\/v2\/categories?post=13820"},{"taxonomy":"post_tag","embeddable":true,"href":"https:\/\/semmelweis.hu\/emk\/wp-json\/wp\/v2\/tags?post=13820"}],"curies":[{"name":"wp","href":"https:\/\/api.w.org\/{rel}","templated":true}]}}