{"id":13815,"date":"2019-04-03T10:16:20","date_gmt":"2019-04-03T08:16:20","guid":{"rendered":"http:\/\/semmelweis.hu\/emk\/?page_id=13815"},"modified":"2025-06-13T14:32:49","modified_gmt":"2025-06-13T12:32:49","slug":"support-for-the-health-workforce-planning-and-forecasting-expert-network","status":"publish","type":"page","link":"https:\/\/semmelweis.hu\/emk\/szakertoi-tevekenyseg-projektek\/lezart-projektek\/support-for-the-health-workforce-planning-and-forecasting-expert-network\/","title":{"rendered":"SEPEN"},"content":{"rendered":"<p style=\"text-align: justify\">Chafea\/2016\/Health\/18<\/p>\n<p style=\"text-align: justify\">2017.09.05. \u2013 2020.<\/p>\n<p style=\"text-align: justify\"><strong>Projekt tartalma, c\u00e9lja<\/strong><\/p>\n<div style=\"text-align: justify\" align=\"justify\">A <strong>\u201cSupport for the hEalth workforce Planning and forecasting Expert Network\u201d<\/strong> projekt a Joint Action on European Health Workforce Planning and Forecasting (JA EUHWF) projekt szakmai folytat\u00e1s\u00e1nak tekinthet\u0151.<\/div>\n<div align=\"justify\">\u00a0<\/div>\n<div style=\"text-align: justify\" align=\"justify\">A projekt c\u00e9lja JA EUHWF sor\u00e1n l\u00e9trej\u00f6tt szakmai h\u00e1l\u00f3zat fenntart\u00e1sa \u00e9s m\u0171k\u00f6dtet\u00e9se, fenntartva ezzel a JA EUHWF eredm\u00e9nyeit.<\/p>\n<p>A ki\u00edr\u00e1s 5 munkacsomagot (WP) hat\u00e1roz meg:<\/p>\n<ul>\n<li>szakmai h\u00e1l\u00f3zat \u00e9s tud\u00e1smegoszt\u00e1s t\u00e1mogat\u00e1sa \u00e9s fejleszt\u00e9se (WP1),<\/li>\n<li>orsz\u00e1g-specifikus eg\u00e9szs\u00e9g\u00fcgyi munkaer\u0151 tervez\u00e9si tud\u00e1s felt\u00e9rk\u00e9pez\u00e9se \u00e9s rendszerz\u00e9se (WP2),<\/li>\n<li>j\u00f3 gyakorlatok megoszt\u00e1sa szakmai workshopok keret\u00e9ben \u00e9s ezen workshopok megszervez\u00e9se, megval\u00f3s\u00edt\u00e1sa (WP3),<\/li>\n<li>az Eur\u00f3pai Bizotts\u00e1g \u00e1ltal k\u00e9s\u0151bb kijel\u00f6lt orsz\u00e1gok eg\u00e9szs\u00e9g\u00fcgyi munkaer\u0151-tervez\u00e9s\u00e9nek megval\u00f3s\u00edt\u00e1s\u00e1nak szakmai t\u00e1mogat\u00e1sa, szakmai konzult\u00e1ci\u00f3, tan\u00e1csad\u00e1s form\u00e1j\u00e1ban (WP4),<\/li>\n<li>disszemin\u00e1ci\u00f3 (WP5).<\/li>\n<\/ul>\n<p>A Semmelweis Egyetem v\u00e1llalja a projekt koordin\u00e1ci\u00f3t, \u00e9s a WP5 vezet\u00e9s\u00e9t, illetve WP1, WP2 megosztott vezet\u00e9s\u00e9t.<\/p>\n<\/div>\n<p style=\"text-align: center\"><a class=\"btn btn-secondary\" href=\"http:\/\/healthworkforce.eu\/\" target=\"_blank\" rel=\"noopener\">A projekt honlapja<\/a><\/p>\n<p style=\"text-align: justify\"><strong>Projekt szerepl\u0151k<\/strong><\/p>\n<p style=\"text-align: justify\">Konzorciumvezet\u0151: Semmelweis Egyetem Eg\u00e9szs\u00e9g\u00fcgyi Menedzserk\u00e9pz\u0151 K\u00f6zpont<\/p>\n<p style=\"text-align: justify\"><strong>EMK szerepv\u00e1llal\u00e1sa:<\/strong> konzorciumvezet\u0151<\/p>\n<p style=\"text-align: justify\"><strong>Tov\u00e1bbi konzorciumi tagok\/partnerek:<\/strong><\/p>\n<ul style=\"text-align: justify\">\n<li>Katholike Universitat Leuven (Belgium)<\/li>\n<li>MDS Ministero della Salute (Italy)<\/li>\n<li>CPME Standing Committee of European Doctors (Belgium)<\/li>\n<li>AGENAS \u2013 Agenzia Nazionale per i Servizi Sanitari Regionali (Italy)<\/li>\n<\/ul>\n<p style=\"text-align: justify\"><strong>EMK kontakt<\/strong><\/p>\n<p style=\"text-align: justify\">N\u00e9v: <a href=\"https:\/\/semmelweis.hu\/emk\/oktatas\/munkatarsak-oktatoi-csapat\/kovacs-eszter-dr\/\" target=\"_blank\" rel=\"noopener\">Dr. Kov\u00e1cs Eszter<\/a> (egyetemi adjunktus, projektmenedzser)<br \/>\nTelefon:+ 36 1 488 7613<br \/>\nE-mail: <a href=\"mailto:kovacs.eszter@emk.semmelweis.hu\" target=\"_blank\" rel=\"noopener\">kovacs.eszter@emk.semmelweis.hu<\/a><\/p>\n","protected":false},"excerpt":{"rendered":"<p>Chafea\/2016\/Health\/18 2017.09.05. \u2013 2020. Projekt tartalma, c\u00e9lja A \u201cSupport for the hEalth workforce Planning and forecasting Expert Network\u201d projekt a Joint Action on European Health Workforce Planning and Forecasting (JA EUHWF) projekt szakmai folytat\u00e1s\u00e1nak tekinthet\u0151. \u00a0 A projekt c\u00e9lja JA EUHWF sor\u00e1n l\u00e9trej\u00f6tt szakmai h\u00e1l\u00f3zat fenntart\u00e1sa \u00e9s m\u0171k\u00f6dtet\u00e9se, fenntartva ezzel a JA EUHWF eredm\u00e9nyeit. A &hellip;<\/p>\n","protected":false},"author":101539,"featured_media":0,"parent":15855,"menu_order":25,"comment_status":"closed","ping_status":"closed","template":"","meta":{"_acf_changed":false,"footnotes":""},"categories":[],"tags":[791],"class_list":["post-13815","page","type-page","status-publish","hentry","tag-sepen"],"acf":[],"_links":{"self":[{"href":"https:\/\/semmelweis.hu\/emk\/wp-json\/wp\/v2\/pages\/13815","targetHints":{"allow":["GET"]}}],"collection":[{"href":"https:\/\/semmelweis.hu\/emk\/wp-json\/wp\/v2\/pages"}],"about":[{"href":"https:\/\/semmelweis.hu\/emk\/wp-json\/wp\/v2\/types\/page"}],"author":[{"embeddable":true,"href":"https:\/\/semmelweis.hu\/emk\/wp-json\/wp\/v2\/users\/101539"}],"replies":[{"embeddable":true,"href":"https:\/\/semmelweis.hu\/emk\/wp-json\/wp\/v2\/comments?post=13815"}],"version-history":[{"count":9,"href":"https:\/\/semmelweis.hu\/emk\/wp-json\/wp\/v2\/pages\/13815\/revisions"}],"predecessor-version":[{"id":25338,"href":"https:\/\/semmelweis.hu\/emk\/wp-json\/wp\/v2\/pages\/13815\/revisions\/25338"}],"up":[{"embeddable":true,"href":"https:\/\/semmelweis.hu\/emk\/wp-json\/wp\/v2\/pages\/15855"}],"wp:attachment":[{"href":"https:\/\/semmelweis.hu\/emk\/wp-json\/wp\/v2\/media?parent=13815"}],"wp:term":[{"taxonomy":"category","embeddable":true,"href":"https:\/\/semmelweis.hu\/emk\/wp-json\/wp\/v2\/categories?post=13815"},{"taxonomy":"post_tag","embeddable":true,"href":"https:\/\/semmelweis.hu\/emk\/wp-json\/wp\/v2\/tags?post=13815"}],"curies":[{"name":"wp","href":"https:\/\/api.w.org\/{rel}","templated":true}]}}