{"id":13813,"date":"2019-04-03T10:16:14","date_gmt":"2019-04-03T08:16:14","guid":{"rendered":"http:\/\/semmelweis.hu\/emk\/?page_id=13813"},"modified":"2025-06-13T15:14:26","modified_gmt":"2025-06-13T13:14:26","slug":"szocialis-human-eroforras-fejlesztese","status":"publish","type":"page","link":"https:\/\/semmelweis.hu\/emk\/szakertoi-tevekenyseg-projektek\/lezart-projektek\/szocialis-human-eroforras-fejlesztese\/","title":{"rendered":"Szoci\u00e1lis hum\u00e1n er\u0151forr\u00e1s fejleszt\u00e9se"},"content":{"rendered":"<p style=\"text-align: justify\">\n<style>.fixedlogo { position:fixed; bottom:0; right: -1%; z-index: 9999; } .fixedlogo:hover { background: transparent; } .fixedlogo img { height: 33%; } @media only screen and (max-width: 1180px) { .fixedlogo { position:fixed; bottom:0; right: 0; height: 33%; z-index: 9999; }} <\/style>\n<\/p>\n<p style=\"text-align: justify\">Kedvezm\u00e9nyezett neve: Semmelweis Egyetem<\/p>\n<p style=\"text-align: justify\">Projekt azonos\u00edt\u00f3 sz\u00e1ma: EFOP-3.8.2-16-2016-00001<br \/>\nProjekt c\u00edme: <strong>Szoci\u00e1lis hum\u00e1n er\u0151forr\u00e1s fejleszt\u00e9se<\/strong><br \/>\nTeljes szerz\u0151d\u00f6tt t\u00e1mogat\u00e1si \u00f6sszeg: 11.241.870.195 Ft<\/p>\n<p style=\"text-align: justify\">Semmelweis Egyetem szerz\u0151d\u00f6tt t\u00e1mogat\u00e1si \u00f6sszeg: 1.577.278.895 Ft<\/p>\n<p style=\"text-align: justify\">T\u00e1mogat\u00e1s m\u00e9rt\u00e9ke: 100%<br \/>\nMegval\u00f3s\u00edt\u00e1si id\u0151szak: 2016.10.01-2023.06.30.<\/p>\n<p style=\"text-align: justify\"><strong>Projekt tartalma, c\u00e9lja<\/strong><\/p>\n<p style=\"text-align: justify\">A projekt \u00e1ltal\u00e1nos c\u00e9lja a hum\u00e1n k\u00f6zszolg\u00e1ltat\u00e1sokban dolgoz\u00f3 emberi er\u0151forr\u00e1s min\u0151s\u00e9g\u00e9nek jav\u00edt\u00e1sa szakmai \u00e1t- \u00e9s tov\u00e1bbk\u00e9pz\u00e9sekkel a szakmai kih\u00edv\u00e1soknak \u00e9s elv\u00e1r\u00e1soknak, tov\u00e1bb\u00e1 a tov\u00e1bbfejleszt\u00e9sre ker\u00fcl\u0151 szolg\u00e1ltat\u00e1si sztenderdeknek val\u00f3 eredm\u00e9nyes megfelel\u00e9s \u00e9rdek\u00e9ben.<\/p>\n<p style=\"text-align: justify\">Az Eg\u00e9szs\u00e9g\u00fcgyi K\u00f6zszolg\u00e1lati Kar a projekten bel\u00fcl a szoci\u00e1lis vezet\u0151k\u00e9pz\u00e9s kialak\u00edt\u00e1s\u00e1\u00e9rt \u00e9s bevezet\u00e9s\u00e9\u00e9rt felel, mely altev\u00e9kenys\u00e9g c\u00e9lja a t\u00e1rsadalmi-demogr\u00e1fiai v\u00e1ltoz\u00e1sokra reag\u00e1l\u00f3, innovat\u00edv elemeket tartalmaz\u00f3 k\u00e9pz\u00e9sek kialak\u00edt\u00e1sa \u00e9s biztos\u00edt\u00e1sa, a ter\u00fcleten dolgoz\u00f3 szakemberek tov\u00e1bbk\u00e9pz\u00e9se, a szolg\u00e1ltat\u00e1sny\u00fajt\u00e1s folyamatainak eredm\u00e9nyesebb\u00e9 t\u00e9tele, a dolgoz\u00f3k megtart\u00e1sa, a p\u00e1lyaelhagy\u00e1s cs\u00f6kkent\u00e9se \u00e9s a ter\u00fcleten dolgoz\u00f3k elismerts\u00e9g\u00e9nek n\u00f6vel\u00e9se. Tov\u00e1bbi c\u00e9l a szoci\u00e1lis \u00e9s kapcsol\u00f3d\u00f3 szakm\u00e1k k\u00f6z\u00f6tti egy\u00fcttm\u0171k\u00f6d\u00e9s\u00e9nek kialak\u00edt\u00e1sa, er\u0151s\u00edt\u00e9se, fejleszt\u00e9se a k\u00e9pz\u00e9sek biztos\u00edt\u00e1sa \u00e9s lebonyol\u00edt\u00e1sa \u00e1ltal.<\/p>\n<p style=\"text-align: justify\"><u>R\u00e9szletes c\u00e9lok:<\/u><\/p>\n<ul style=\"text-align: justify\">\n<li>A p\u00e1lyaelhagy\u00e1s cs\u00f6kkent\u00e9se, a szakter\u00fclet elismerts\u00e9g\u00e9nek n\u00f6vel\u00e9se \u00e9rdek\u00e9ben szoci\u00e1lis \u00e9letp\u00e1lyamodell r\u00e9szletes kidolgoz\u00e1sa sz\u00e9lesk\u00f6r\u0171 szakmai egyeztet\u00e9s mellett, javaslat kidolgoz\u00e1sa az \u00e9letp\u00e1lyamodell jogszab\u00e1lyi k\u00f6rnyezet\u00e9nek kialak\u00edt\u00e1s\u00e1ra, a megval\u00f3sul\u00e1s modellez\u00e9s\u00e9re \u00e9s monitoroz\u00e1s\u00e1ra, informatikai t\u00e1mogat\u00e1s\u00e1ra,<\/li>\n<li>A min\u0151s\u00edtett tov\u00e1bbk\u00e9pz\u00e9sek tapasztatainak figyelembev\u00e9tel\u00e9vel \u00e9s felhaszn\u00e1l\u00e1s\u00e1val a szem\u00e9lyes gondoskod\u00e1st v\u00e9gz\u0151k szakmai felk\u00e9sz\u00fclts\u00e9g\u00e9t, annak meg\u00faj\u00edt\u00e1s\u00e1t, k\u00e9pess\u00e9geik, kompetenci\u00e1ik fejleszt\u00e9s\u00e9t biztos\u00edt\u00f3, munkak\u00f6r-specifikus \u00e9s munkak\u00f6rt\u0151l f\u00fcggetlen tov\u00e1bbk\u00e9pz\u00e9sek kidolgoz\u00e1sa, biztos\u00edt\u00e1sa,<\/li>\n<li>A szem\u00e9lyes gondoskod\u00e1s ter\u00fclet\u00e9n dolgoz\u00f3k sz\u00e1m\u00e1ra vezet\u0151i poz\u00edci\u00f3k bet\u00f6lt\u00e9s\u00e9hez sz\u00fcks\u00e9ges komplex vezet\u0151i ismereteket ny\u00fajt\u00f3 k\u00e9tszint\u0171 vezet\u0151k\u00e9pz\u00e9si rendszer kidolgoz\u00e1sa, bevezet\u00e9se, melynek c\u00e9lja a menedzsment szeml\u00e9let meger\u0151s\u00edt\u00e9se, korszer\u0171 vezet\u00e9si eszk\u00f6z\u00f6k alkalmaz\u00e1s\u00e1ra val\u00f3 k\u00e9pess\u00e9 t\u00e9tel, az emberi er\u0151forr\u00e1ssal val\u00f3 hat\u00e9kony, eredm\u00e9nyes gazd\u00e1lkod\u00e1s,<\/li>\n<li>Szakk\u00e9pes\u00edt\u00e9s n\u00e9lk\u00fcli nevel\u0151sz\u00fcl\u0151k \u00e9s nevel\u0151sz\u00fcl\u0151-jel\u00f6ltek sz\u00e1m\u00e1ra k\u00f6zponti oktat\u00e1si program szerinti k\u00e9pz\u00e9sek megval\u00f3s\u00edt\u00e1sa, valamint k\u00fcl\u00f6nleges \u00e9s speci\u00e1lis nevel\u0151sz\u00fcl\u0151i feladatokra t\u00f6rt\u00e9n\u0151 felk\u00e9sz\u00edt\u00e9st biztos\u00edt\u00f3 tov\u00e1bbk\u00e9pz\u00e9sek kidolgoz\u00e1sa \u00e9s megval\u00f3s\u00edt\u00e1sa,<\/li>\n<li>A szem\u00e9lyes gondoskod\u00e1st v\u00e9gz\u0151k sz\u00e1m\u00e1ra szervezett szuperv\u00edzi\u00f3, ment\u00e1lhigi\u00e9n\u00e9s t\u00e1mogat\u00e1s, esetmegbesz\u00e9l\u00e9s biztos\u00edt\u00e1sa,<\/li>\n<li>A T\u00c1MOP-5.4.10-12\/1 kiemelt projekt keret\u00e9ben kialak\u00edtott elektronikus nyilv\u00e1ntart\u00f3 rendszer (\u00c1gazati hum\u00e1n monitoring rendszer) integr\u00e1ci\u00f3ja a T\u00c1MOP 5.4.2.-ben kialak\u00edtott NemzetiRehabilit\u00e1ci\u00f3s \u00e9s Szoci\u00e1lis Hivatal szolg\u00e1ltat\u00f3i nyilv\u00e1ntart\u00e1s\u00e1val.<\/li>\n<\/ul>\n<p style=\"text-align: center\"><a class=\"btn btn-secondary\" href=\"http:\/\/emk.semmelweis.hu\/szocialis_vezetokepzes\/\" target=\"_blank\" rel=\"noopener\">A projekt honlapja<\/a><\/p>\n<p style=\"text-align: justify\"><strong>Projekt szerepl\u0151k<\/strong><\/p>\n<p style=\"text-align: justify\">Konzorciumvezet\u0151: Schlachta Margit Nemzeti Szoci\u00e1lpolitikai Int\u00e9zet<\/p>\n<p style=\"text-align: justify\">EMK szerepv\u00e1llal\u00e1sa: konzorciumi tag<\/p>\n<p style=\"text-align: justify\"><strong>EMK kontakt<\/strong><\/p>\n<p style=\"text-align: justify\">Nagy Anik\u00f3<br \/>\n06\/20-670-1539<br \/>\n<a href=\"mailto:walde.aniko@emk.semmelweis.hu\" target=\"_blank\" rel=\"noopener\">walde.aniko@emk.semmelweis.hu<\/a><\/p>\n<p style=\"text-align: justify\"><strong>K\u00e9pz\u00e9ssel kapcsolatos inform\u00e1ci\u00f3:<\/strong><\/p>\n<p style=\"text-align: justify\"><a href=\"https:\/\/semmelweis.hu\/emk\/oktatas\/munkatarsak-oktatoi-csapat\/body-eva\/\" target=\"_blank\" rel=\"noopener\">B\u00f3dy \u00c9va<\/a><br \/>\n<a href=\"mailto:body.eva@emk.semmelweis.hu\" target=\"_blank\" rel=\"noopener\">body.eva@emk.semmelweis.hu<\/a><\/p>\n<p style=\"text-align: justify\"><a class=\"fixedlogo\" href=\"https:\/\/semmelweis.hu\/emk\/files\/2021\/01\/infoblokk_kedv_final_RGB_ESZA.png\"><img loading=\"lazy\" decoding=\"async\" class=\"alignnone wp-image-10635 size-medium\" src=\"https:\/\/semmelweis.hu\/emk\/files\/2021\/01\/infoblokk_kedv_final_RGB_ESZA.png\" alt=\"HELIUM\" width=\"400\" height=\"400\" \/><\/a><\/p>\n<p style=\"text-align: justify\">\u00a0<\/p>\n","protected":false},"excerpt":{"rendered":"<p>.fixedlogo { position:fixed; bottom:0; right: -1%; z-index: 9999; } .fixedlogo:hover { background: transparent; } .fixedlogo img { height: 33%; } @media only screen and (max-width: 1180px) { .fixedlogo { position:fixed; bottom:0; right: 0; height: 33%; z-index: 9999; }} Kedvezm\u00e9nyezett neve: Semmelweis Egyetem Projekt azonos\u00edt\u00f3 sz\u00e1ma: EFOP-3.8.2-16-2016-00001 Projekt c\u00edme: Szoci\u00e1lis hum\u00e1n er\u0151forr\u00e1s fejleszt\u00e9se Teljes szerz\u0151d\u00f6tt t\u00e1mogat\u00e1si &hellip;<\/p>\n","protected":false},"author":101539,"featured_media":0,"parent":15855,"menu_order":30,"comment_status":"closed","ping_status":"closed","template":"","meta":{"_acf_changed":false,"footnotes":""},"categories":[],"tags":[861],"class_list":["post-13813","page","type-page","status-publish","hentry","tag-szocialis-human-eroforras-fejlesztese"],"acf":[],"_links":{"self":[{"href":"https:\/\/semmelweis.hu\/emk\/wp-json\/wp\/v2\/pages\/13813","targetHints":{"allow":["GET"]}}],"collection":[{"href":"https:\/\/semmelweis.hu\/emk\/wp-json\/wp\/v2\/pages"}],"about":[{"href":"https:\/\/semmelweis.hu\/emk\/wp-json\/wp\/v2\/types\/page"}],"author":[{"embeddable":true,"href":"https:\/\/semmelweis.hu\/emk\/wp-json\/wp\/v2\/users\/101539"}],"replies":[{"embeddable":true,"href":"https:\/\/semmelweis.hu\/emk\/wp-json\/wp\/v2\/comments?post=13813"}],"version-history":[{"count":12,"href":"https:\/\/semmelweis.hu\/emk\/wp-json\/wp\/v2\/pages\/13813\/revisions"}],"predecessor-version":[{"id":25355,"href":"https:\/\/semmelweis.hu\/emk\/wp-json\/wp\/v2\/pages\/13813\/revisions\/25355"}],"up":[{"embeddable":true,"href":"https:\/\/semmelweis.hu\/emk\/wp-json\/wp\/v2\/pages\/15855"}],"wp:attachment":[{"href":"https:\/\/semmelweis.hu\/emk\/wp-json\/wp\/v2\/media?parent=13813"}],"wp:term":[{"taxonomy":"category","embeddable":true,"href":"https:\/\/semmelweis.hu\/emk\/wp-json\/wp\/v2\/categories?post=13813"},{"taxonomy":"post_tag","embeddable":true,"href":"https:\/\/semmelweis.hu\/emk\/wp-json\/wp\/v2\/tags?post=13813"}],"curies":[{"name":"wp","href":"https:\/\/api.w.org\/{rel}","templated":true}]}}