{"id":13800,"date":"2019-04-03T10:16:20","date_gmt":"2019-04-03T08:16:20","guid":{"rendered":"http:\/\/semmelweis.hu\/emk\/?page_id=13800"},"modified":"2024-10-11T16:03:13","modified_gmt":"2024-10-11T14:03:13","slug":"kepzesi-informaciok-konyvtar","status":"publish","type":"page","link":"https:\/\/semmelweis.hu\/emk\/hallgatoknak\/kepzesi-informaciok-konyvtar\/","title":{"rendered":"K\u00f6nyvt\u00e1r"},"content":{"rendered":"<div class=\"keretes w-100\" style=\"text-align: justify\">Az Eg\u00e9szs\u00e9g\u00fcgyi Menedzserk\u00e9pz\u0151 K\u00f6zpont k\u00f6nyvt\u00e1r\u00e1t helyben olvas\u00e1sra b\u00e1rki haszn\u00e1lhatja, de k\u00f6lcs\u00f6nz\u00e9si joggal csak az EMK oktat\u00f3i, hallgat\u00f3i \u00e9s munkat\u00e1rsai rendelkeznek.<\/div>\n<h5>Nyitvatart\u00e1s:<\/h5>\n<ul>\n<li>Oktat\u00e1si heteken:<br \/>\nh\u00e9tf\u0151 &#8211; p\u00e9ntek: 9.00-15.00<\/li>\n<li>Oktat\u00e1si heteken k\u00edv\u00fcl:<br \/>\nh\u00e9tf\u0151 &#8211; p\u00e9ntek: 9.00-15.00 (egyeztet\u00e9s sz\u00fcks\u00e9ges telefonon vagy e-mailen)<\/p>\n<p>&nbsp;<\/p>\n<\/li>\n<\/ul>\n<h5>Tov\u00e1bbi inform\u00e1ci\u00f3k:<\/h5>\n<p>Szabad Vikt\u00f3ria &#8211; k\u00f6nyvt\u00e1ros<br \/>\nE-mail: <a href=\"mailto:konyvtar@emk.semmelweis.hu\" target=\"_blank\" rel=\"noopener\">konyvtar@emk.semmelweis.hu<\/a><br \/>\nTelefon: +36 1 488 7622<\/p>\n<p><a href=\"https:\/\/semmelweis.hu\/emk\/files\/2019\/10\/Konyvtarhasznalati_rend_EMK_2019.pdf\" target=\"_blank\" rel=\"noopener\">K\u00f6nyvt\u00e1rhaszn\u00e1lati rend (pdf)<\/a><\/p>\n<p><a href=\"http:\/\/lib.semmelweis.hu\/\" target=\"_blank\" rel=\"noopener noreferrer\">Tov\u00e1bb a <strong>Semmelweis Egyetem K\u00f6zponti K\u00f6nyvt\u00e1r\u00e1nak<\/strong> oldal\u00e1ra<\/a>.<\/p>\n","protected":false},"excerpt":{"rendered":"<p>Az Eg\u00e9szs\u00e9g\u00fcgyi Menedzserk\u00e9pz\u0151 K\u00f6zpont k\u00f6nyvt\u00e1r\u00e1t helyben olvas\u00e1sra b\u00e1rki haszn\u00e1lhatja, de k\u00f6lcs\u00f6nz\u00e9si joggal csak az EMK oktat\u00f3i, hallgat\u00f3i \u00e9s munkat\u00e1rsai rendelkeznek. Nyitvatart\u00e1s: Oktat\u00e1si heteken: h\u00e9tf\u0151 &#8211; p\u00e9ntek: 9.00-15.00 Oktat\u00e1si heteken k\u00edv\u00fcl: h\u00e9tf\u0151 &#8211; p\u00e9ntek: 9.00-15.00 (egyeztet\u00e9s sz\u00fcks\u00e9ges telefonon vagy e-mailen) &nbsp; Tov\u00e1bbi inform\u00e1ci\u00f3k: Szabad Vikt\u00f3ria &#8211; k\u00f6nyvt\u00e1ros E-mail: <a href=\"mailto:konyvtar@emk.semmelweis.hu\" target=\"_blank\" rel=\"noopener\">konyvtar@emk.semmelweis.hu<\/a> Telefon: +36 1 488 7622 <a href=\"https:\/\/semmelweis.hu\/emk\/files\/2019\/10\/Konyvtarhasznalati_rend_EMK_2019.pdf\" target=\"_blank\" rel=\"noopener\">K\u00f6nyvt\u00e1rhaszn\u00e1lati rend (pdf)<\/a> <a href=\"http:\/\/lib.semmelweis.hu\/\" target=\"_blank\" rel=\"noopener noreferrer\">Tov\u00e1bb a Semmelweis Egyetem K\u00f6zponti K\u00f6nyvt\u00e1r\u00e1nak oldal\u00e1ra<\/a> &hellip;<\/p>\n","protected":false},"author":101539,"featured_media":0,"parent":1966,"menu_order":6,"comment_status":"closed","ping_status":"closed","template":"","meta":{"_acf_changed":false,"footnotes":""},"categories":[],"tags":[],"class_list":["post-13800","page","type-page","status-publish","hentry"],"acf":[],"_links":{"self":[{"href":"https:\/\/semmelweis.hu\/emk\/wp-json\/wp\/v2\/pages\/13800","targetHints":{"allow":["GET"]}}],"collection":[{"href":"https:\/\/semmelweis.hu\/emk\/wp-json\/wp\/v2\/pages"}],"about":[{"href":"https:\/\/semmelweis.hu\/emk\/wp-json\/wp\/v2\/types\/page"}],"author":[{"embeddable":true,"href":"https:\/\/semmelweis.hu\/emk\/wp-json\/wp\/v2\/users\/101539"}],"replies":[{"embeddable":true,"href":"https:\/\/semmelweis.hu\/emk\/wp-json\/wp\/v2\/comments?post=13800"}],"version-history":[{"count":10,"href":"https:\/\/semmelweis.hu\/emk\/wp-json\/wp\/v2\/pages\/13800\/revisions"}],"predecessor-version":[{"id":23264,"href":"https:\/\/semmelweis.hu\/emk\/wp-json\/wp\/v2\/pages\/13800\/revisions\/23264"}],"up":[{"embeddable":true,"href":"https:\/\/semmelweis.hu\/emk\/wp-json\/wp\/v2\/pages\/1966"}],"wp:attachment":[{"href":"https:\/\/semmelweis.hu\/emk\/wp-json\/wp\/v2\/media?parent=13800"}],"wp:term":[{"taxonomy":"category","embeddable":true,"href":"https:\/\/semmelweis.hu\/emk\/wp-json\/wp\/v2\/categories?post=13800"},{"taxonomy":"post_tag","embeddable":true,"href":"https:\/\/semmelweis.hu\/emk\/wp-json\/wp\/v2\/tags?post=13800"}],"curies":[{"name":"wp","href":"https:\/\/api.w.org\/{rel}","templated":true}]}}