{"id":13776,"date":"2019-04-03T10:16:22","date_gmt":"2019-04-03T08:16:22","guid":{"rendered":"http:\/\/semmelweis.hu\/emk\/?page_id=13776"},"modified":"2025-09-24T18:13:56","modified_gmt":"2025-09-24T16:13:56","slug":"elerhetosegek","status":"publish","type":"page","link":"https:\/\/semmelweis.hu\/emk\/elerhetosegek\/","title":{"rendered":"H\u00edrleveleink"},"content":{"rendered":"<p style=\"text-align: left\"><strong><a href=\"https:\/\/semmelweis.hu\/emk\/elerhetosegek\/emk-hirlevel\/\" target=\"_blank\" rel=\"noopener\">EG\u00c9SZS\u00c9G\u00dcGYI MENEDZSERK\u00c9PZ\u0150 K\u00d6ZPONT H\u00cdRLEVELE<\/a><\/strong><\/p>\n<p style=\"text-align: left\"><a href=\"https:\/\/97febb0d.sibforms.com\/serve\/MUIFAKSGdZLs7CMUCYQOjrtZ0cVQ6lfz53PUGCbShmGwjtPkRHsUxYOpTS2HLcFe5R20ym6l_OcZPX8_2aGAWu1wlMTXO3rVQDx8Dgx3NVQX9z9fH8-zZwJCHQPfvq6HXUkju-ZeTB7nZ9r7WBtZfCp1mILvj5SkPSeg3ZDZgI2srSD5lKdq0iAjIEdqGf_EN-8-DmHu6GPZLvrB\" target=\"_blank\" rel=\"noopener\"><img loading=\"lazy\" decoding=\"async\" class=\"alignnone size-full wp-image-19949\" src=\"https:\/\/semmelweis.hu\/emk\/files\/2022\/07\/2_emk_feliratkozas.png\" alt=\"\" width=\"150\" height=\"151\" \/> <\/a>\u00a0 <a href=\"https:\/\/semmelweis.hu\/emk\/elerhetosegek\/emk-hirlevel\/\" target=\"_blank\" rel=\"noopener\"><img loading=\"lazy\" decoding=\"async\" class=\"alignnone size-full wp-image-19947\" src=\"https:\/\/semmelweis.hu\/emk\/files\/2022\/07\/2_korabbi-hirleveleink.png\" alt=\"\" width=\"150\" height=\"151\" \/>\u00a0 <\/a>\u00a0<a href=\"https:\/\/semmelweis.hu\/emk\/hirlevel-kulonszamok\/\" target=\"_blank\" rel=\"noopener\"><img loading=\"lazy\" decoding=\"async\" class=\"alignnone size-full wp-image-19948\" src=\"https:\/\/semmelweis.hu\/emk\/files\/2022\/07\/2_emk_kulonszam.png\" alt=\"\" width=\"150\" height=\"151\" \/>\u00a0 <\/a><\/p>\n<hr \/>\n<p style=\"text-align: left\"><strong><a href=\"https:\/\/semmelweis.hu\/emk\/elerhetosegek\/egeszsegugyi-kiberbiztonsagi-szemle\/\" target=\"_blank\" rel=\"noopener\">EG\u00c9SZS\u00c9G\u00dcGYI KIBERBIZTONS\u00c1GI SZEMLE<\/a><\/strong><\/p>\n<p style=\"text-align: left\"><a href=\"https:\/\/semmelweis.hu\/emk\/egeszsegugyi-kiberbiztonsagi-szemle\/\" target=\"_blank\" rel=\"noopener\">\u00a0 <\/a>\u00a0<a href=\"https:\/\/97febb0d.sibforms.com\/serve\/MUIFACFhqhGmy5b6Ch0mBP3tLWc10_WMEqcUQv1V0hs7Mp1-Z0er1oRwPe2CsYCuaqd5rbKEOb28MLFnhY2406-KF-HMHf1EEZCLGSwoVOcC2isakYEqpbK2yo14Q8w0se6ImIFZEaLaxBlm_e1V8Ub4RwZhENWKOAFvZNANREnzoXtMIYQ_Iqtzi8foUwopAND8fURb7D9GpTWr\" target=\"_blank\" rel=\"noopener\">\u00a0<\/a><a href=\"https:\/\/97febb0d.sibforms.com\/serve\/MUIEAPGpDlYSmTyec3Fy_DF_qXTGi1bPgplJnhlBP-Zksgqtzq7Iwjb-ktH2X9B8knG3pk2k3xi9N6s9PD5y1N7yNdUgpV80QHykkhalE_HobnOihFZ4Pqf7uj8ZQTFsNwqc4SHknjuSv3TZDsMYy4T5Pk2J6LBkQrQfXa9jVMh0Ld1GBpsly6HufN4eW9LKJj3-1vrQ9tj9Z8jT?utm_source=brevo&amp;utm_campaign=Kiber_III15_20240802&amp;utm_medium=email\" target=\"_blank\" rel=\"noopener\"><img loading=\"lazy\" decoding=\"async\" class=\"alignnone wp-image-19950 size-full\" src=\"https:\/\/semmelweis.hu\/emk\/files\/2022\/07\/2_kiber_feliratkozas.png\" alt=\"\" width=\"151\" height=\"151\" \/><\/a><a href=\"https:\/\/semmelweis.hu\/emk\/egeszsegugyi-kiberbiztonsagi-szemle\/\" target=\"_blank\" rel=\"noopener\"><img loading=\"lazy\" decoding=\"async\" class=\"alignnone size-full wp-image-19946\" src=\"https:\/\/semmelweis.hu\/emk\/files\/2022\/07\/2_kiberszemle.png\" alt=\"\" width=\"151\" height=\"151\" \/><\/a><\/p>\n<hr \/>\n<p style=\"text-align: left\"><strong><a href=\"https:\/\/semmelweis.hu\/emk\/elerhetosegek\/mesterseges-intelligencia-az-egeszsegugyben-hirlevel\/\" target=\"_blank\" rel=\"noopener\">MESTERS\u00c9GES INTELLIGENCIA AZ EG\u00c9SZS\u00c9G\u00dcGYBEN H\u00cdRLEV\u00c9L<\/a><\/strong><\/p>\n<p style=\"text-align: center\"><a href=\"https:\/\/97febb0d.sibforms.com\/serve\/MUIFACFhqhGmy5b6Ch0mBP3tLWc10_WMEqcUQv1V0hs7Mp1-Z0er1oRwPe2CsYCuaqd5rbKEOb28MLFnhY2406-KF-HMHf1EEZCLGSwoVOcC2isakYEqpbK2yo14Q8w0se6ImIFZEaLaxBlm_e1V8Ub4RwZhENWKOAFvZNANREnzoXtMIYQ_Iqtzi8foUwopAND8fURb7D9GpTWr\" target=\"_blank\" rel=\"noopener\"><img loading=\"lazy\" decoding=\"async\" class=\"alignleft\" src=\"https:\/\/semmelweis.hu\/emk\/files\/2024\/04\/emk-kapcsolat-menupont_6-1.png\" alt=\"\" width=\"151\" height=\"151\" \/><\/a><a href=\"https:\/\/semmelweis.hu\/emk\/elerhetosegek\/mesterseges-intelligencia-az-egeszsegugyben-hirlevel\/\" target=\"_blank\" rel=\"noopener\"><img loading=\"lazy\" decoding=\"async\" class=\"size-full wp-image-22052 alignnone alignleft\" src=\"https:\/\/semmelweis.hu\/emk\/files\/2024\/04\/emk-kapcsolat-menupont_7.png\" alt=\"Mesters\u00e9ges intelligencia az eg\u00e9szs\u00e9g\u00fcgyben h\u00edrlev\u00e9l - kik\u00fcld\u00f6ttek\" width=\"152\" height=\"152\" srcset=\"https:\/\/semmelweis.hu\/emk\/files\/2024\/04\/emk-kapcsolat-menupont_7.png 152w, https:\/\/semmelweis.hu\/emk\/files\/2024\/04\/emk-kapcsolat-menupont_7-150x150.png 150w\" sizes=\"auto, (max-width: 152px) 100vw, 152px\" \/><\/a><\/p>\n<p>&nbsp;<\/p>\n<p>&nbsp;<\/p>\n<p>&nbsp;<\/p>\n<p>&nbsp;<\/p>\n<div class=\"keretes w-100\">\n<p style=\"margin-top: 15px;margin-left: 15px;float: left\"><strong>Eg\u00e9szs\u00e9g\u00fcgyi Menedzserk\u00e9pz\u0151 K\u00f6zpont \u00a0 \u00a0 \u00a0 \u00a0 \u00a0 \u00a0 \u00a0<\/strong><br \/>\nTelefon: 06 1 488-7600<br \/>\nFax: 06 1 488-7610<br \/>\nE-mail: <a href=\"mailto:info@emk.semmelweis.hu\" target=\"_blank\" rel=\"noopener\">info@emk.semmelweis.hu<\/a><br \/>\nC\u00edm: 1125 Budapest, K\u00fatv\u00f6lgyi \u00fat 2.<br \/>\nPostac\u00edm: 1428 Budapest Pf. 2.<\/p>\n<\/div>\n<div style=\"text-align: center\" align=\"right\">\n<!-- iframe plugin v.4.9 wordpress.org\/plugins\/iframe\/ -->\n<iframe loading=\"lazy\" src=\"https:\/\/www.facebook.com\/plugins\/page.php?href=https%3A%2F%2Fwww.facebook.com%2Fhsmtc%2F&#038;tabs&#038;width=340&#038;height=214&#038;small_header=false&#038;adapt_container_width=true&#038;hide_cover=false&#038;show_facepile=true&#038;appId\" width=\"340\" height=\"214\" scrolling=\"yes\" class=\"iframe-class\" frameborder=\"0\"><\/iframe>\n<\/div>\n\n<!-- iframe plugin v.4.9 wordpress.org\/plugins\/iframe\/ -->\n<iframe loading=\"lazy\" src=\"https:\/\/www.google.com\/maps\/embed?pb=!1m18!1m12!1m3!1d2694.949242470464!2d19.004428615531722!3d47.51037970261331!2m3!1f0!2f0!3f0!3m2!1i1024!2i768!4f13.1!3m3!1m2!1s0x4741debe99bc3d1f%3A0x221016411f3a1474!2zU2VtbWVsd2VpcyBFZ3lldGVtIEVnw6lzenPDqWfDvGd5aSBNZW5lZHpzZXJrw6lwesWRIEvDtnpwb250!5e0!3m2!1shu!2shu!4v1471957430110\" width=\"100%\" height=\"450\" scrolling=\"yes\" class=\"iframe-class\" frameborder=\"0\"><\/iframe>\n\n<p>&nbsp;<\/p>\n<p>&nbsp;<\/p>\n","protected":false},"excerpt":{"rendered":"<p><a href=\"https:\/\/semmelweis.hu\/emk\/elerhetosegek\/emk-hirlevel\/\" target=\"_blank\" rel=\"noopener\">EG\u00c9SZS\u00c9G\u00dcGYI MENEDZSERK\u00c9PZ\u0150 K\u00d6ZPONT H\u00cdRLEVELE<\/a><br \/>\n<a href=\"https:\/\/97febb0d.sibforms.com\/serve\/MUIFAKSGdZLs7CMUCYQOjrtZ0cVQ6lfz53PUGCbShmGwjtPkRHsUxYOpTS2HLcFe5R20ym6l_OcZPX8_2aGAWu1wlMTXO3rVQDx8Dgx3NVQX9z9fH8-zZwJCHQPfvq6HXUkju-ZeTB7nZ9r7WBtZfCp1mILvj5SkPSeg3ZDZgI2srSD5lKdq0iAjIEdqGf_EN-8-DmHu6GPZLvrB\" target=\"_blank\" rel=\"noopener\"> <\/a>\u00a0 <a href=\"https:\/\/semmelweis.hu\/emk\/elerhetosegek\/emk-hirlevel\/\" target=\"_blank\" rel=\"noopener\">\u00a0 <\/a>\u00a0<a href=\"https:\/\/semmelweis.hu\/emk\/hirlevel-kulonszamok\/\" target=\"_blank\" rel=\"noopener\">\u00a0 <\/a><\/p>\n<p><a href=\"https:\/\/semmelweis.hu\/emk\/elerhetosegek\/egeszsegugyi-kiberbiztonsagi-szemle\/\" target=\"_blank\" rel=\"noopener\">EG\u00c9SZS\u00c9G\u00dcGYI KIBERBIZTONS\u00c1GI SZEMLE<\/a><br \/>\n<a href=\"https:\/\/semmelweis.hu\/emk\/egeszsegugyi-kiberbiztonsagi-szemle\/\" target=\"_blank\" rel=\"noopener\">\u00a0 <\/a>\u00a0<a href=\"https:\/\/97febb0d.sibforms.com\/serve\/MUIFACFhqhGmy5b6Ch0mBP3tLWc10_WMEqcUQv1V0hs7Mp1-Z0er1oRwPe2CsYCuaqd5rbKEOb28MLFnhY2406-KF-HMHf1EEZCLGSwoVOcC2isakYEqpbK2yo14Q8w0se6ImIFZEaLaxBlm_e1V8Ub4RwZhENWKOAFvZNANREnzoXtMIYQ_Iqtzi8foUwopAND8fURb7D9GpTWr\" target=\"_blank\" rel=\"noopener\">\u00a0<\/a><a href=\"https:\/\/97febb0d.sibforms.com\/serve\/MUIEAPGpDlYSmTyec3Fy_DF_qXTGi1bPgplJnhlBP-Zksgqtzq7Iwjb-ktH2X9B8knG3pk2k3xi9N6s9PD5y1N7yNdUgpV80QHykkhalE_HobnOihFZ4Pqf7uj8ZQTFsNwqc4SHknjuSv3TZDsMYy4T5Pk2J6LBkQrQfXa9jVMh0Ld1GBpsly6HufN4eW9LKJj3-1vrQ9tj9Z8jT?utm_source=brevo&amp;utm_campaign=Kiber_III15_20240802&amp;utm_medium=email\" target=\"_blank\" rel=\"noopener\"><\/a><a href=\"https:\/\/semmelweis.hu\/emk\/egeszsegugyi-kiberbiztonsagi-szemle\/\" target=\"_blank\" rel=\"noopener\"><\/a><\/p>\n<p><a href=\"https:\/\/semmelweis.hu\/emk\/elerhetosegek\/mesterseges-intelligencia-az-egeszsegugyben-hirlevel\/\" target=\"_blank\" rel=\"noopener\">MESTERS\u00c9GES INTELLIGENCIA AZ EG\u00c9SZS\u00c9G\u00dcGYBEN H\u00cdRLEV\u00c9L<\/a><br \/>\n<a href=\"https:\/\/97febb0d.sibforms.com\/serve\/MUIFACFhqhGmy5b6Ch0mBP3tLWc10_WMEqcUQv1V0hs7Mp1-Z0er1oRwPe2CsYCuaqd5rbKEOb28MLFnhY2406-KF-HMHf1EEZCLGSwoVOcC2isakYEqpbK2yo14Q8w0se6ImIFZEaLaxBlm_e1V8Ub4RwZhENWKOAFvZNANREnzoXtMIYQ_Iqtzi8foUwopAND8fURb7D9GpTWr\" target=\"_blank\" rel=\"noopener\"><\/a><a href=\"https:\/\/semmelweis.hu\/emk\/elerhetosegek\/mesterseges-intelligencia-az-egeszsegugyben-hirlevel\/\" target=\"_blank\" rel=\"noopener\"><\/a><br \/>\n&nbsp;<br \/>\n&nbsp;<br \/>\n&nbsp;<br \/>\n&nbsp;<\/p>\n<p>Eg\u00e9szs\u00e9g\u00fcgyi Menedzserk\u00e9pz\u0151 K\u00f6zpont \u00a0 \u00a0 \u00a0 \u00a0 \u00a0 \u00a0 \u00a0<br \/>\nTelefon: 06 1 488-7600<br \/>\nFax: 06 1 488-7610<br \/>\nE-mail: <a href=\"mailto:info@emk.semmelweis.hu\" target=\"_blank\" rel=\"noopener\">info@emk.semmelweis.hu<\/a><br \/>\nC\u00edm: 1125 Budapest, K\u00fatv\u00f6lgyi \u00fat 2.<br \/>\nPostac\u00edm: 1428 Budapest Pf. 2.<\/p>\n<p>&nbsp;<br \/>\n&nbsp;<\/p>\n","protected":false},"author":101537,"featured_media":0,"parent":0,"menu_order":6,"comment_status":"closed","ping_status":"closed","template":"","meta":{"_acf_changed":false,"footnotes":""},"categories":[],"tags":[603],"class_list":["post-13776","page","type-page","status-publish","hentry","tag-hirlevel"],"acf":[],"_links":{"self":[{"href":"https:\/\/semmelweis.hu\/emk\/wp-json\/wp\/v2\/pages\/13776","targetHints":{"allow":["GET"]}}],"collection":[{"href":"https:\/\/semmelweis.hu\/emk\/wp-json\/wp\/v2\/pages"}],"about":[{"href":"https:\/\/semmelweis.hu\/emk\/wp-json\/wp\/v2\/types\/page"}],"author":[{"embeddable":true,"href":"https:\/\/semmelweis.hu\/emk\/wp-json\/wp\/v2\/users\/101537"}],"replies":[{"embeddable":true,"href":"https:\/\/semmelweis.hu\/emk\/wp-json\/wp\/v2\/comments?post=13776"}],"version-history":[{"count":13,"href":"https:\/\/semmelweis.hu\/emk\/wp-json\/wp\/v2\/pages\/13776\/revisions"}],"predecessor-version":[{"id":25988,"href":"https:\/\/semmelweis.hu\/emk\/wp-json\/wp\/v2\/pages\/13776\/revisions\/25988"}],"wp:attachment":[{"href":"https:\/\/semmelweis.hu\/emk\/wp-json\/wp\/v2\/media?parent=13776"}],"wp:term":[{"taxonomy":"category","embeddable":true,"href":"https:\/\/semmelweis.hu\/emk\/wp-json\/wp\/v2\/categories?post=13776"},{"taxonomy":"post_tag","embeddable":true,"href":"https:\/\/semmelweis.hu\/emk\/wp-json\/wp\/v2\/tags?post=13776"}],"curies":[{"name":"wp","href":"https:\/\/api.w.org\/{rel}","templated":true}]}}