{"id":13769,"date":"2019-04-02T13:24:51","date_gmt":"2019-04-02T11:24:51","guid":{"rendered":"http:\/\/semmelweis.hu\/emk\/?page_id=13769"},"modified":"2024-11-19T17:20:25","modified_gmt":"2024-11-19T16:20:25","slug":"az-intezetvezeto-koszontoje","status":"publish","type":"page","link":"https:\/\/semmelweis.hu\/emk\/az-intezet-bemutatasa\/az-intezetvezeto-koszontoje\/","title":{"rendered":"Az Int\u00e9zetvezet\u0151 k\u00f6sz\u00f6nt\u0151je"},"content":{"rendered":"<p>Kedves \u00c9rdekl\u0151d\u0151!<\/p>\n<p>Szeretettel k\u00f6sz\u00f6nt\u00f6m honlapunkon.<\/p>\n<p style=\"text-align: justify\">Akik hozz\u00e1nk jelentkeznek k\u00e9pz\u00e9sre, fejl\u0151dni fognak az eg\u00e9szs\u00e9g\u00fcgyi rendszer \u00e9s az eg\u00e9szs\u00e9g\u00fcgyi szervezetek vezet\u00e9si k\u00e9rd\u00e9seiben \u00e9s emellett vezet\u0151i k\u00e9szs\u00e9geik, saj\u00e1t szem\u00e9lyis\u00e9g\u00fck fejleszt\u00e9s\u00e9ben is sok seg\u00edts\u00e9get kapnak. Ny\u00edlt l\u00e9gk\u00f6r\u0171, p\u00e1rbesz\u00e9des, esettanulm\u00e1nyokra \u00e9p\u00edt\u0151 k\u00e9pz\u00e9st folytatunk.<\/p>\n<p style=\"text-align: justify\">Oktat\u00f3termeinkben nincs el\u0151ad\u00f3i asztal, nincs v\u00e9dekez\u0151 strukt\u00fara, amely m\u00f6g\u00e9 be lehet b\u00fajni, csak a gondolatok \u00e9rt\u00e9ke szabja meg azt, hogy melyik szakmai megfontol\u00e1s tud \u00e9rv\u00e9nyes\u00fclni. Emellett oszt\u00e1lyt\u00e1rsai r\u00e9v\u00e9n valamennyi hozz\u00e1nk j\u00e1r\u00f3 hallgat\u00f3nak van 50 ingyen tan\u00e1csad\u00f3ja, akikkel meg tudj\u00e1k vitatni, hogy milyen megold\u00e1st kell adni egy-egy probl\u00e9m\u00e1ra, vagy a saj\u00e1t szakmai \u00e9let\u00fckben mit k\u00e9ne l\u00e9pni\u00fck.<\/p>\n<p><img loading=\"lazy\" decoding=\"async\" class=\"wp-image-10899 size-full aligncenter\" src=\"https:\/\/semmelweis.hu\/emk\/files\/2016\/11\/miklos2.png\" alt=\"\" width=\"940\" height=\"540\" srcset=\"https:\/\/semmelweis.hu\/emk\/files\/2016\/11\/miklos2.png 940w, https:\/\/semmelweis.hu\/emk\/files\/2016\/11\/miklos2-300x172.png 300w, https:\/\/semmelweis.hu\/emk\/files\/2016\/11\/miklos2-768x441.png 768w, https:\/\/semmelweis.hu\/emk\/files\/2016\/11\/miklos2-522x300.png 522w\" sizes=\"auto, (max-width: 940px) 100vw, 940px\" \/><\/p>\n<p style=\"text-align: justify\">Aki a mi k\u00e9pz\u00e9s\u00fcnket v\u00e1lasztja, min\u0151s\u00e9gi oktat\u00e1st, odafigyel\u00e9st kap az oktat\u00e1si heteken. Nem egy diplomagy\u00e1rba j\u00f6n, ahol t\u00e1voli el\u0151ad\u00e1sokon \u00e9rdemi munkav\u00e9gz\u00e9s n\u00e9lk\u00fcl jutnak oklev\u00e9lhez a r\u00e9sztvev\u0151k. Nagyon odafigyel\u00fcnk az oktat\u00f3inkra, akik vezet\u0151 nemzetk\u00f6zi int\u00e9zm\u00e9nyekben kapj\u00e1k meg azt a szakmai \u00e9s m\u00f3dszertani k\u00e9pz\u00e9st, amely felv\u00e9rtezi \u0151ket egyfel\u0151l arra, hogy a legmagasabb szint\u0171 tud\u00e1st adj\u00e1k \u00e1t, m\u00e1sfel\u0151l arra is, hogy egy modern feln\u0151ttk\u00e9pz\u00e9si m\u00f3dszertannal oktassanak.<\/p>\n<p style=\"text-align: justify\">Az eg\u00e9szs\u00e9g\u00fcgyi menedzser mesterk\u00e9pz\u00e9s \u00e9s eg\u00e9szs\u00e9g\u00fcgyi alapk\u00e9pz\u00e9s kurzusaink, szakir\u00e1ny\u00fa tov\u00e1bbk\u00e9pz\u00e9seink, illetve szakk\u00e9pz\u00e9seink mellett \u00faj elemk\u00e9nt jelent meg a szoci\u00e1lis vezet\u0151k\u00e9pz\u00e9s, amely a szoci\u00e1lis szf\u00e9ra int\u00e9zm\u00e9nyvezet\u0151i sz\u00e1m\u00e1ra ny\u00fajt innovat\u00edv, egy\u00e9ni fejl\u0151d\u00e9st k\u00edn\u00e1l\u00f3 ismereteket.<\/p>\n<p style=\"text-align: justify\">Eur\u00f3p\u00e1ban is ismert vezet\u0151 int\u00e9zm\u00e9nyk\u00e9nt tartanak minket sz\u00e1mon. R\u00e9szesei vagyunk sz\u00e1mos olyan kutat\u00e1si, szakmai fejleszt\u00e9si programnak, ahol szakmai tud\u00e1sunk alapj\u00e1n els\u0151 v\u00e1laszt\u00e1sa voltunk azoknak a k\u00fclf\u00f6ldi partnereknek, akik ak\u00e1r az eg\u00e9szs\u00e9g\u00fcgyi rendszer fejleszt\u00e9s\u00e9vel, eg\u00e9szs\u00e9gpolitikai k\u00e9rd\u00e9sekkel, ak\u00e1r eg\u00e9szs\u00e9g\u00fcgyi adatb\u00e1ny\u00e1szattal vagy az eg\u00e9szs\u00e9g\u00fcgy digit\u00e1lis transzform\u00e1ci\u00f3j\u00e1val foglalkoznak.<\/p>\n<p style=\"text-align: justify\">Azokat v\u00e1rjuk programjainkra, akik jobb eg\u00e9szs\u00e9get, jobb eg\u00e9szs\u00e9g\u00fcgyet, \u00e9lhet\u0151bb eg\u00e9szs\u00e9g\u00fcgyi \u00e9s szoci\u00e1lis szervezeteket szeretn\u00e9nek. Szeretn\u00e9nek vezet\u00e9si k\u00e9szs\u00e9geikben fejl\u0151dni \u00e9s szeretn\u00e9nek olyan k\u00f6z\u00f6ss\u00e9gben olyan hangulat\u00fa k\u00e9pz\u00e9sben r\u00e9szt venni, amely seg\u00edti \u0151ket ebben a fejl\u0151d\u00e9sben.<\/p>\n<p>Dr. Sz\u00f3cska Mikl\u00f3s, igazgat\u00f3<\/p>\n","protected":false},"excerpt":{"rendered":"<p>Kedves \u00c9rdekl\u0151d\u0151! Szeretettel k\u00f6sz\u00f6nt\u00f6m honlapunkon. Akik hozz\u00e1nk jelentkeznek k\u00e9pz\u00e9sre, fejl\u0151dni fognak az eg\u00e9szs\u00e9g\u00fcgyi rendszer \u00e9s az eg\u00e9szs\u00e9g\u00fcgyi szervezetek vezet\u00e9si k\u00e9rd\u00e9seiben \u00e9s emellett vezet\u0151i k\u00e9szs\u00e9geik, saj\u00e1t szem\u00e9lyis\u00e9g\u00fck fejleszt\u00e9s\u00e9ben is sok seg\u00edts\u00e9get kapnak. Ny\u00edlt l\u00e9gk\u00f6r\u0171, p\u00e1rbesz\u00e9des, esettanulm\u00e1nyokra \u00e9p\u00edt\u0151 k\u00e9pz\u00e9st folytatunk. Oktat\u00f3termeinkben nincs el\u0151ad\u00f3i asztal, nincs v\u00e9dekez\u0151 strukt\u00fara, amely m\u00f6g\u00e9 be lehet b\u00fajni, csak a gondolatok \u00e9rt\u00e9ke szabja &hellip;<\/p>\n","protected":false},"author":101537,"featured_media":0,"parent":13767,"menu_order":1,"comment_status":"closed","ping_status":"closed","template":"","meta":{"_acf_changed":false,"footnotes":""},"categories":[],"tags":[],"class_list":["post-13769","page","type-page","status-publish","hentry"],"acf":[],"_links":{"self":[{"href":"https:\/\/semmelweis.hu\/emk\/wp-json\/wp\/v2\/pages\/13769","targetHints":{"allow":["GET"]}}],"collection":[{"href":"https:\/\/semmelweis.hu\/emk\/wp-json\/wp\/v2\/pages"}],"about":[{"href":"https:\/\/semmelweis.hu\/emk\/wp-json\/wp\/v2\/types\/page"}],"author":[{"embeddable":true,"href":"https:\/\/semmelweis.hu\/emk\/wp-json\/wp\/v2\/users\/101537"}],"replies":[{"embeddable":true,"href":"https:\/\/semmelweis.hu\/emk\/wp-json\/wp\/v2\/comments?post=13769"}],"version-history":[{"count":8,"href":"https:\/\/semmelweis.hu\/emk\/wp-json\/wp\/v2\/pages\/13769\/revisions"}],"predecessor-version":[{"id":23663,"href":"https:\/\/semmelweis.hu\/emk\/wp-json\/wp\/v2\/pages\/13769\/revisions\/23663"}],"up":[{"embeddable":true,"href":"https:\/\/semmelweis.hu\/emk\/wp-json\/wp\/v2\/pages\/13767"}],"wp:attachment":[{"href":"https:\/\/semmelweis.hu\/emk\/wp-json\/wp\/v2\/media?parent=13769"}],"wp:term":[{"taxonomy":"category","embeddable":true,"href":"https:\/\/semmelweis.hu\/emk\/wp-json\/wp\/v2\/categories?post=13769"},{"taxonomy":"post_tag","embeddable":true,"href":"https:\/\/semmelweis.hu\/emk\/wp-json\/wp\/v2\/tags?post=13769"}],"curies":[{"name":"wp","href":"https:\/\/api.w.org\/{rel}","templated":true}]}}