{"id":13767,"date":"2019-04-03T10:16:22","date_gmt":"2019-04-03T08:16:22","guid":{"rendered":"http:\/\/semmelweis.hu\/emk\/?page_id=13767"},"modified":"2026-02-03T17:00:32","modified_gmt":"2026-02-03T16:00:32","slug":"az-intezet-bemutatasa","status":"publish","type":"page","link":"https:\/\/semmelweis.hu\/emk\/az-intezet-bemutatasa\/","title":{"rendered":"Az Int\u00e9zet bemutat\u00e1sa"},"content":{"rendered":"<p style=\"text-align: justify\">Az <strong>Eg\u00e9szs\u00e9g\u00fcgyi Menedzserk\u00e9pz\u0151 K\u00f6zpont<\/strong> azzal a c\u00e9llal j\u00f6tt l\u00e9tre, hogy felk\u00e9sz\u00edtse a programjainak r\u00e9sztvev\u0151it az eg\u00e9szs\u00e9g\u00fcgyi rendszer \u00e9s az eg\u00e9szs\u00e9g\u00fcgyi szervezetek menedzsmentj\u00e9re. Az iskola a rendszerv\u00e1ltoztat\u00e1sb\u00f3l n\u0151tt ki, ez\u00e9rt igyeksz\u00fcnk olyan hangulatot sug\u00e1rozni, olyan oktat\u00e1si \u00e9lm\u00e9nyt ny\u00fajtani a r\u00e9sztvev\u0151knek, hogy \u00e9rezz\u00e9k, mi elk\u00f6telezettek vagyunk egy demokratikus szervezeti kult\u00fara \u00e9s a hat\u00e9kony m\u0171k\u00f6d\u00e9s ir\u00e1nt.<\/p>\n<hr \/>\n<p style=\"text-align: justify\"><strong>\u00c9RT\u00c9KEINK<\/strong><\/p>\n<p style=\"text-align: justify\"><strong>Csapatban dolgozunk<\/strong><\/p>\n<p style=\"text-align: justify\">Az nagyszer\u0171, hogy \u00f6n\u00e1ll\u00f3an j\u00f3l v\u00e9gezz\u00fck a munk\u00e1nkat \u00e9s egy\u00fctt csapatban m\u00e9g t\u00f6bbre vagyunk k\u00e9pesek, mint k\u00fcl\u00f6n-k\u00fcl\u00f6n egyed\u00fcl.<\/p>\n<p style=\"text-align: justify\"><strong>Megold\u00e1sorient\u00e1lts\u00e1g<\/strong><\/p>\n<p style=\"text-align: justify\">Az \u00e9rintettek el\u00e9gedetts\u00e9g\u00e9t c\u00e9lz\u00f3 legjobb megold\u00e1sok megtal\u00e1l\u00e1sa vez\u00e9rel benn\u00fcnket. Probl\u00e9m\u00e1kkal szembes\u00fclve fejlesztend\u0151 ter\u00fcleteket \u00e9s azokra adott eredm\u00e9nyes \u00e9s hat\u00e9kony v\u00e1laszokat keres\u00fcnk.<\/p>\n<p style=\"text-align: justify\"><strong>Kreativit\u00e1s, egy\u00e9ni kezdem\u00e9nyez\u00e9sek<\/strong><\/p>\n<p style=\"text-align: justify\">Hisz\u00fcnk az innovat\u00edv \u00f6tletek hajt\u00f3erej\u00e9ben. Arra b\u00e1tor\u00edtjuk koll\u00e9g\u00e1inkat, hogy szakmai ter\u00fclet\u00fck\u00f6n \u00e9s a szervezet m\u0171k\u00f6d\u00e9s\u00e9ben fedezz\u00e9k fel a lehets\u00e9ges fejleszt\u00e9si pontokat, proakt\u00edvan kezdem\u00e9nyezzenek \u00e9s vigy\u00e9k v\u00e9gig az el\u0151reviv\u0151 v\u00e1ltoz\u00e1sokat.<\/p>\n<p style=\"text-align: justify\"><strong>Nyitotts\u00e1g, adaptivit\u00e1s, agilit\u00e1s<\/strong><\/p>\n<p style=\"text-align: justify\">Nyitottak vagyunk az innovat\u00edv eredm\u00e9nyekre \u00e9s m\u00f3dszerekre valamint azok gyors, c\u00e9ltudatos kiakn\u00e1z\u00e1s\u00e1ra. Sz\u00e1munkra a kih\u00edv\u00e1sok \u00e9s a folyamatos v\u00e1ltoz\u00e1s olyan hajt\u00f3er\u0151t jelentenek, amit fontos lehet\u0151s\u00e9gk\u00e9nt \u00e9l\u00fcnk meg a szervezet \u00e9let\u00e9ben.<\/p>\n<p style=\"text-align: justify\"><strong>K\u00f6lcs\u00f6n\u00f6s odafigyel\u00e9s, tisztelet, partners\u00e9g<\/strong><\/p>\n<p style=\"text-align: justify\">Kapcsolatainkban a partners\u00e9gre t\u00f6reksz\u00fcnk. Odafigyel\u00fcnk m\u00e1sok \u00e9rvel\u00e9s\u00e9re, elismerj\u00fck egym\u00e1s eredm\u00e9nyeit \u00e9s tiszteletben tartjuk m\u00e1sok priorit\u00e1sait \u00e9s k\u00fcl\u00f6nb\u00f6z\u0151s\u00e9g\u00fcnket.<\/p>\n<p style=\"text-align: justify\"><strong>Szervezeti \u00e9s egy\u00e9ni fejl\u0151d\u00e9s<\/strong><\/p>\n<p style=\"text-align: justify\">Mi egy tanul\u00f3, k\u00eds\u00e9rletez\u0151 szervezet vagyunk. T\u00e1mogatjuk koll\u00e9g\u00e1ink szakmai fejl\u0151d\u00e9s\u00e9t, tud\u00e1suk m\u00e9ly\u00edt\u00e9s\u00e9t \u00e9s \u00fajabb ter\u00fcletek megismer\u00e9s\u00e9t. Szervezeti szinten m\u00f3dszeresen fejlesztj\u00fck folyamatainkat: feldolgozzuk m\u0171k\u00f6d\u00e9s\u00fcnk tanuls\u00e1gait \u00e9s be\u00e9p\u00edtj\u00fck a mindennapokba. Fontosnak tartjuk, hogy munkat\u00e1rsaink \u00e9s szervezet\u00fcnk egy\u00fctt, szinergikusan fejl\u0151djenek.<\/p>\n<div class=\"keretes w-100\">\n<ul>\n<li class=\"page_item page-item-14899\"><strong><a href=\"https:\/\/semmelweis.hu\/emk\/az-intezet-bemutatasa\/munkatarsak\/\" target=\"_blank\" rel=\"noopener\">Munkat\u00e1rsak<\/a><\/strong><\/li>\n<li class=\"page_item page-item-13769\"><strong><a href=\"https:\/\/semmelweis.hu\/emk\/az-intezet-bemutatasa\/az-intezetvezeto-koszontoje\/\" target=\"_blank\" rel=\"noopener\">Az Int\u00e9zetvezet\u0151 k\u00f6sz\u00f6nt\u0151je<\/a><\/strong><\/li>\n<li class=\"page_item page-item-13759\"><strong><a href=\"https:\/\/semmelweis.hu\/emk\/az-intezet-bemutatasa\/az-intezet-tortenete\/\" target=\"_blank\" rel=\"noopener\">Az int\u00e9zet t\u00f6rt\u00e9nete<\/a><\/strong><\/li>\n<li class=\"page_item page-item-14052\"><strong><a href=\"https:\/\/semmelweis.hu\/emk\/az-intezet-bemutatasa\/hazai-es-nemzetkozi-egyuttmukodesek\/\" target=\"_blank\" rel=\"noopener\">Hazai \u00e9s nemzetk\u00f6zi egy\u00fcttm\u0171k\u00f6d\u00e9sek<\/a><\/strong><\/li>\n<\/ul>\n<\/div>\n<p><a href=\"https:\/\/semmelweis.hu\/emk\/files\/2020\/11\/RS26445_KA-20141210-IMG_0939-emk-768x512-1.jpg\"><img loading=\"lazy\" decoding=\"async\" class=\"wp-image-18041 size-full aligncenter\" src=\"https:\/\/semmelweis.hu\/emk\/files\/2020\/11\/RS26445_KA-20141210-IMG_0939-emk-768x512-1.jpg\" alt=\"\" width=\"768\" height=\"512\" srcset=\"https:\/\/semmelweis.hu\/emk\/files\/2020\/11\/RS26445_KA-20141210-IMG_0939-emk-768x512-1.jpg 768w, https:\/\/semmelweis.hu\/emk\/files\/2020\/11\/RS26445_KA-20141210-IMG_0939-emk-768x512-1-400x267.jpg 400w, https:\/\/semmelweis.hu\/emk\/files\/2020\/11\/RS26445_KA-20141210-IMG_0939-emk-768x512-1-753x502.jpg 753w, https:\/\/semmelweis.hu\/emk\/files\/2020\/11\/RS26445_KA-20141210-IMG_0939-emk-768x512-1-203x135.jpg 203w\" sizes=\"auto, (max-width: 768px) 100vw, 768px\" \/><\/a><\/p>\n","protected":false},"excerpt":{"rendered":"<p>Az Eg\u00e9szs\u00e9g\u00fcgyi Menedzserk\u00e9pz\u0151 K\u00f6zpont azzal a c\u00e9llal j\u00f6tt l\u00e9tre, hogy felk\u00e9sz\u00edtse a programjainak r\u00e9sztvev\u0151it az eg\u00e9szs\u00e9g\u00fcgyi rendszer \u00e9s az eg\u00e9szs\u00e9g\u00fcgyi szervezetek menedzsmentj\u00e9re. Az iskola a rendszerv\u00e1ltoztat\u00e1sb\u00f3l n\u0151tt ki, ez\u00e9rt igyeksz\u00fcnk olyan hangulatot sug\u00e1rozni, olyan oktat\u00e1si \u00e9lm\u00e9nyt ny\u00fajtani a r\u00e9sztvev\u0151knek, hogy \u00e9rezz\u00e9k, mi elk\u00f6telezettek vagyunk egy demokratikus szervezeti kult\u00fara \u00e9s a hat\u00e9kony m\u0171k\u00f6d\u00e9s ir\u00e1nt. \u00c9RT\u00c9KEINK Csapatban &hellip;<\/p>\n","protected":false},"author":101537,"featured_media":14422,"parent":0,"menu_order":0,"comment_status":"closed","ping_status":"closed","template":"","meta":{"_acf_changed":false,"footnotes":""},"categories":[],"tags":[],"class_list":["post-13767","page","type-page","status-publish","has-post-thumbnail","hentry"],"acf":[],"_links":{"self":[{"href":"https:\/\/semmelweis.hu\/emk\/wp-json\/wp\/v2\/pages\/13767","targetHints":{"allow":["GET"]}}],"collection":[{"href":"https:\/\/semmelweis.hu\/emk\/wp-json\/wp\/v2\/pages"}],"about":[{"href":"https:\/\/semmelweis.hu\/emk\/wp-json\/wp\/v2\/types\/page"}],"author":[{"embeddable":true,"href":"https:\/\/semmelweis.hu\/emk\/wp-json\/wp\/v2\/users\/101537"}],"replies":[{"embeddable":true,"href":"https:\/\/semmelweis.hu\/emk\/wp-json\/wp\/v2\/comments?post=13767"}],"version-history":[{"count":10,"href":"https:\/\/semmelweis.hu\/emk\/wp-json\/wp\/v2\/pages\/13767\/revisions"}],"predecessor-version":[{"id":26742,"href":"https:\/\/semmelweis.hu\/emk\/wp-json\/wp\/v2\/pages\/13767\/revisions\/26742"}],"wp:featuredmedia":[{"embeddable":true,"href":"https:\/\/semmelweis.hu\/emk\/wp-json\/wp\/v2\/media\/14422"}],"wp:attachment":[{"href":"https:\/\/semmelweis.hu\/emk\/wp-json\/wp\/v2\/media?parent=13767"}],"wp:term":[{"taxonomy":"category","embeddable":true,"href":"https:\/\/semmelweis.hu\/emk\/wp-json\/wp\/v2\/categories?post=13767"},{"taxonomy":"post_tag","embeddable":true,"href":"https:\/\/semmelweis.hu\/emk\/wp-json\/wp\/v2\/tags?post=13767"}],"curies":[{"name":"wp","href":"https:\/\/api.w.org\/{rel}","templated":true}]}}