{"id":13759,"date":"2019-04-03T10:16:22","date_gmt":"2019-04-03T08:16:22","guid":{"rendered":"http:\/\/semmelweis.hu\/emk\/?page_id=13759"},"modified":"2025-07-30T10:27:59","modified_gmt":"2025-07-30T08:27:59","slug":"az-intezet-tortenete","status":"publish","type":"page","link":"https:\/\/semmelweis.hu\/emk\/az-intezet-bemutatasa\/az-intezet-tortenete\/","title":{"rendered":"Az int\u00e9zet t\u00f6rt\u00e9nete"},"content":{"rendered":"<p style=\"text-align: justify\">\u00cdgy kezd\u0151d\u00f6tt\u2026<\/p>\n<p style=\"text-align: justify\">N\u00e9h\u00e1ny rendszerv\u00e1lt\u00f3 fiatal 1995-ben, 30 \u00e9vvel ezel\u0151tt felismerte, hogy Magyarorsz\u00e1gon sz\u00fcks\u00e9g van egy eg\u00e9szs\u00e9g\u00fcgyi menedzsereket k\u00e9pz\u0151 int\u00e9zm\u00e9nyre. Ma ezeket a fiatalokat igazgat\u00f3knak, d\u00e9k\u00e1noknak \u00e9s igazgat\u00f3helyetteseknek h\u00edvj\u00e1k, a meg\u00e1lmodott int\u00e9zm\u00e9ny pedig az Eg\u00e9szs\u00e9g\u00fcgyi Menedzserk\u00e9pz\u0151 K\u00f6zpont nevet viseli.<\/p>\n<p style=\"text-align: justify\">A mindennapi haszn\u00e1lat sor\u00e1n csak <strong>EMK<\/strong>-nak r\u00f6vid\u00edtett int\u00e9zet nemzetk\u00f6zi szinten elismert oktat\u00f3kkal, soksz\u00edn\u0171 programk\u00edn\u00e1lattal, inspir\u00e1l\u00f3 l\u00e9gk\u00f6rrel v\u00e1rja a hallgat\u00f3kat, mik\u00f6zben sz\u00e1mos projektnek, kutat\u00e1snak \u00e9s szak\u00e9rt\u0151i munk\u00e1nak is otthont ad.<\/p>\n<p style=\"text-align: justify\"><strong>1993:<\/strong> Az alap\u00edt\u00f3k \u00f6tlete \u00e9s koncepci\u00f3ja elnyerte a Tempus Project t\u00e1mogat\u00e1s\u00e1t. \u00cdgy elindulhatott az EMK-t el\u0151k\u00e9sz\u00edt\u0151 szakmai munka \u00e9s a tananyagok kifejleszt\u00e9se.<\/p>\n<p style=\"text-align: justify\"><strong>1995:<\/strong> A Semmelweis Orvostudom\u00e1nyi Tan\u00e1csa hivatalosan is megalap\u00edtotta az <a href=\"https:\/\/semmelweis.hu\/emk\/az-intezet-bemutatasa\/\" target=\"_blank\" rel=\"noopener\">Eg\u00e9szs\u00e9g\u00fcgyi Menedzserk\u00e9pz\u0151 K\u00f6zpont<\/a>ot.<\/p>\n<p style=\"text-align: justify\"><strong>1998:<\/strong> A Vil\u00e1gbank az EMK-t v\u00e1lasztotta eur\u00f3pai \u00e9s k\u00f6z\u00e9p-\u00e1zsiai oktat\u00f3k\u00f6zpontj\u00e1ul Flagship (D\u00f6nt\u00e9s-Hoz\u00f3) Programj\u00e1ban. Az Int\u00e9zetben tartott 23 Flagship Program sor\u00e1n k\u00f6zel 1200 hallgat\u00f3t k\u00e9pezt\u00fcnk, akik a vil\u00e1g 41 orsz\u00e1g\u00e1b\u00f3l \u00e9rkeztek hozz\u00e1nk.<\/p>\n<p style=\"text-align: justify\"><strong>1999: <\/strong>A K\u00f6zpont k\u00f6lt\u00f6z\u00f6tt. Az Int\u00e9zetnek ideiglenesen otthont ad\u00f3 fah\u00e1zat fel\u00faj\u00edtott, az \u00faj, XXI. sz\u00e1zadi oktat\u00e1stechnol\u00f3gi\u00e1val rendelkez\u0151 K\u00fatv\u00f6lgyi \u00fati oktat\u00f3 \u00e9p\u00fcletre v\u00e1lthattuk.<\/p>\n<p style=\"text-align: justify\"><strong>2000:<\/strong> Az orsz\u00e1gban els\u0151k\u00e9nt a K\u00f6zpontban indult el a k\u00f3rh\u00e1zi standardok bevezet\u00e9s\u00e9re felk\u00e9sz\u00edt\u0151 kurzus \u00e9s auditor-k\u00e9pz\u00e9s.<\/p>\n<p style=\"text-align: justify\"><strong>2004:<\/strong> A Magyar Rezidens Sz\u00f6vets\u00e9ggel k\u00f6z\u00f6sen \u00fatj\u00e1ra ind\u00edtotta az EMK az <a href=\"https:\/\/semmelweis.hu\/emk\/kutatasi-tevekenysegunk\/egeszsegugyi-humaneroforras-tervezes\/hrh-kutatasok\/\" target=\"_blank\" rel=\"noopener\">Eg\u00e9szs\u00e9g\u00fcgyi Emberi Er\u0151forr\u00e1s Migr\u00e1ci\u00f3s Kutat\u00e1si Projekt<\/a>et. A projekt hat\u00e1s\u00e1ra az Int\u00e9zet egyre nagyobb sikerrel kapcsol\u00f3dott be a nemzetk\u00f6zi eg\u00e9szs\u00e9g\u00fcgyi emberi er\u0151forr\u00e1s \u00e9s migr\u00e1ci\u00f3s kutat\u00e1sokba.<\/p>\n<p style=\"text-align: justify\"><strong>2005:<\/strong> A Szlov\u00e1k Eg\u00e9szs\u00e9g\u00fcgyi Miniszt\u00e9rium megb\u00edz\u00e1s\u00e1b\u00f3l az EMK szak\u00e9rt\u0151i kidolgozt\u00e1k a <a href=\"https:\/\/semmelweis.hu\/emk\/oktatas\/idegen-nyelvu-oktatas-kurzusaink\/#pozsony\" target=\"_blank\" rel=\"noopener\">szlov\u00e1k eg\u00e9szs\u00e9g\u00fcgyi menedzserk\u00e9pz\u00e9s<\/a> alapjait.<\/p>\n<p style=\"text-align: justify\"><strong>2006:<\/strong> A <a href=\"https:\/\/ehma.org\/\" target=\"_blank\" rel=\"noopener\">European Health Management Association<\/a> (EHMA) Budapesten tartotta \u00e9ves konferenci\u00e1j\u00e1t. A K\u00f6zpont mint az EHMA akt\u00edv tagja, r\u00e9szese volt az el\u0151k\u00e9sz\u00edt\u0151 munk\u00e1nak, \u00e9s ell\u00e1tta a helyi szervez\u00e9si \u00e9s szakmai koordin\u00e1ci\u00f3s feladatokat.<\/p>\n<p style=\"text-align: justify\"><strong>2008:<\/strong> Az EMK megrendezte az els\u0151 NEVES Betegbiztons\u00e1gi F\u00f3rumot. Az egyed\u00fcl\u00e1ll\u00f3 szakmai programsorozat az\u00f3ta is t\u00f6retlen orsz\u00e1gos n\u00e9pszer\u0171s\u00e9gnek \u00f6rvend.<\/p>\n<p style=\"text-align: justify\"><strong>2010:<\/strong> A <a href=\"https:\/\/semmelweis.hu\/mental\/\" target=\"_blank\" rel=\"noopener\">Ment\u00e1lhigi\u00e9n\u00e9 Int\u00e9zet<\/a>, az Eg\u00e9szs\u00e9g\u00fcgyi Informatikai Fejleszt\u0151 \u00e9s Tov\u00e1bbk\u00e9pz\u0151 Int\u00e9zet (2015 j\u00fanius\u00e1t\u00f3l <a href=\"https:\/\/semmelweis.hu\/dei\/\" target=\"_blank\" rel=\"noopener\">Digit\u00e1lis Eg\u00e9szs\u00e9gtudom\u00e1nyi Int\u00e9zet<\/a>), valamint az EMK k\u00f6z\u00f6sen l\u00e9trehozta a <a href=\"https:\/\/semmelweis.hu\/ekk\/\" target=\"_blank\" rel=\"noopener\">Semmelweis Egyetem Eg\u00e9szs\u00e9g\u00fcgyi K\u00f6zszolg\u00e1lati Kar<\/a>\u00e1t.<\/p>\n<p style=\"text-align: justify\"><strong>2015: <\/strong>A <a href=\"https:\/\/semmelweis.hu\/emk\/kutatasi-tevekenysegunk\/egeszsegugyi-humaneroforras-tervezes\/who-egyuttmukodesi-kozpont\/\" target=\"_blank\" rel=\"noopener\">WHO Egy\u00fcttm\u0171k\u00f6d\u00e9si K\u00f6zpont<\/a>t\u00e1 nevezte ki az Int\u00e9zetet HRH (eg\u00e9szs\u00e9g\u00fcgyi hum\u00e1ner\u0151forr\u00e1s-tervez\u00e9s) ter\u00fcleten. Megalakult az EMK Betegbiztons\u00e1gi \u00e9s az Eg\u00e9szs\u00e9g\u00fcgyi rendszerek menedzsmentje Tansz\u00e9ki Csoportja.<\/p>\n<p style=\"text-align: justify\"><strong>2016:<\/strong> Elindult a Min\u0151s\u00e9g\u00fcgyi \u00e9s Betegbiztons\u00e1gi Menedzser (MBM) szakir\u00e1ny\u00fa tov\u00e1bbk\u00e9pz\u00e9si program.<\/p>\n<p style=\"text-align: justify\"><strong>2024:<\/strong> Janu\u00e1rban megalakult az Eg\u00e9szs\u00e9gpolitika, Finansz\u00edroz\u00e1s \u00e9s Rendszerfejleszt\u00e9s Tansz\u00e9k \u00e9s a\u00a0<a href=\"https:\/\/semmelweis.hu\/emk\/kutatasi-tevekenysegunk\/minosegugy-es-betegbiztonsag\/tanszekcsoport\/\">Betegbiztons\u00e1gi Tansz\u00e9k<\/a>, ut\u00f3bbi a\u00a0Betegbiztons\u00e1gi Tansz\u00e9ki Csoport ut\u00f3djak\u00e9nt.\u00a0<\/p>\n<p style=\"text-align: justify\"><strong>2024:<\/strong> Szeptemberben elind\u00edtottuk a Magyarorsz\u00e1gon egyed\u00fcl\u00e1ll\u00f3 <a href=\"https:\/\/semmelweis.hu\/emk\/oktatas\/mesterkepzes\/egeszsegugyi-adattudomany-msc\/\">eg\u00e9szs\u00e9g\u00fcgyi adattudom\u00e1ny<\/a> (AMSc) mesterk\u00e9pz\u00e9s\u00fcnket.<\/p>\n<p style=\"text-align: justify\"><strong>2025:<\/strong> Febru\u00e1rban elindult az <a href=\"https:\/\/semmelweis.hu\/emk\/oktatas\/mesterkepzes\/egeszsegugyi-minosegugyi-es-betegbiztonsagi-menedzsment-msc\/\">eg\u00e9szs\u00e9g\u00fcgyi-min\u0151s\u00e9g\u00fcgyi \u00e9s betegbiztons\u00e1gi menedzsment<\/a> (EMBM) mesterk\u00e9pz\u00e9s\u00fcnk, amely a kor\u00e1bbi Min\u0151s\u00e9g\u00fcgyi \u00e9s Betegbiztons\u00e1gi Menedzser (MBM) szakir\u00e1ny\u00fa tov\u00e1bbk\u00e9pz\u00e9s tud\u00e1sanyag\u00e1t is mag\u00e1ba foglalja.<\/p>\n<p style=\"text-align: justify\"><strong>2025<\/strong>:\u00a0Szeptemberben a kor\u00e1bbi szoci\u00e1lis szolg\u00e1ltat\u00e1smenedzsment (SZSZM) szakir\u00e1ny\u00fa tov\u00e1bbk\u00e9pz\u00e9si szak tanterv\u00e9t \u00e1tdolgozva \u00e9s tov\u00e1bbfejlesztve elindul az <a href=\"https:\/\/semmelweis.hu\/emk\/oktatas\/mesterkepzes\/integralt-szocialis-szolgaltatasi-menedzsment-iszszm\/\">integr\u00e1lt szoci\u00e1lis szolg\u00e1ltat\u00e1si menedzsment<\/a> (ISZSZM) mesterk\u00e9pz\u00e9s\u00fcnk.<\/p>\n<p style=\"text-align: justify\">Rep\u00fclj\u00fcnk a f\u00e9nnyel\u2026!<\/p>\n<p style=\"text-align: justify\">Einsteinnek igaza volt, a gravit\u00e1ci\u00f3s hull\u00e1mok t\u00e9nyleg l\u00e9teznek. Az ikerparadoxonk\u00e9nt ismert jelens\u00e9g szerint, ha le\u00fcltet\u00fcnk egym\u00e1s mell\u00e9 k\u00e9t azonos kor\u00fa, egyszerre sz\u00fcletett embert, egyform\u00e1n telik sz\u00e1mukra az id\u0151. De ha az egyik\u00fck \u00fclve marad, a m\u00e1sik pedig mozogni kezd a t\u00e9rben, mikor vissza\u00fcl, m\u00e1r nem azonos kor\u00faak t\u00f6bb\u00e9: az \u00fclve marad\u00f3 id\u0151sebb lett a mozg\u00e1sban lev\u0151n\u00e9l. A mindennapokban ezt a jelens\u00e9get nem \u00e9rz\u00e9kelj\u00fck, de f\u00e9nysebess\u00e9g k\u00f6zel\u00e9ben m\u00e1r sz\u00e1mottev\u0151.<\/p>\n<p style=\"text-align: justify\">Az Eg\u00e9szs\u00e9g\u00fcgyi Menedzserk\u00e9pz\u0151 K\u00f6zpont programjai, kutat\u00e1sai \u00e9s projektjei egy ilyen gondolati utaz\u00e1sra h\u00edvj\u00e1k az \u00e9rdekl\u0151d\u0151ket. Hogy mi rep\u00fclj\u00fcnk a f\u00e9nnyel\u2026<\/p>\n","protected":false},"excerpt":{"rendered":"<p>\u00cdgy kezd\u0151d\u00f6tt\u2026 N\u00e9h\u00e1ny rendszerv\u00e1lt\u00f3 fiatal 1995-ben, 30 \u00e9vvel ezel\u0151tt felismerte, hogy Magyarorsz\u00e1gon sz\u00fcks\u00e9g van egy eg\u00e9szs\u00e9g\u00fcgyi menedzsereket k\u00e9pz\u0151 int\u00e9zm\u00e9nyre. Ma ezeket a fiatalokat igazgat\u00f3knak, d\u00e9k\u00e1noknak \u00e9s igazgat\u00f3helyetteseknek h\u00edvj\u00e1k, a meg\u00e1lmodott int\u00e9zm\u00e9ny pedig az Eg\u00e9szs\u00e9g\u00fcgyi Menedzserk\u00e9pz\u0151 K\u00f6zpont nevet viseli. A mindennapi haszn\u00e1lat sor\u00e1n csak EMK-nak r\u00f6vid\u00edtett int\u00e9zet nemzetk\u00f6zi szinten elismert oktat\u00f3kkal, soksz\u00edn\u0171 programk\u00edn\u00e1lattal, inspir\u00e1l\u00f3 l\u00e9gk\u00f6rrel v\u00e1rja &hellip;<\/p>\n","protected":false},"author":101537,"featured_media":0,"parent":13767,"menu_order":2,"comment_status":"closed","ping_status":"closed","template":"","meta":{"_acf_changed":false,"footnotes":""},"categories":[],"tags":[93],"class_list":["post-13759","page","type-page","status-publish","hentry","tag-emk"],"acf":[],"_links":{"self":[{"href":"https:\/\/semmelweis.hu\/emk\/wp-json\/wp\/v2\/pages\/13759","targetHints":{"allow":["GET"]}}],"collection":[{"href":"https:\/\/semmelweis.hu\/emk\/wp-json\/wp\/v2\/pages"}],"about":[{"href":"https:\/\/semmelweis.hu\/emk\/wp-json\/wp\/v2\/types\/page"}],"author":[{"embeddable":true,"href":"https:\/\/semmelweis.hu\/emk\/wp-json\/wp\/v2\/users\/101537"}],"replies":[{"embeddable":true,"href":"https:\/\/semmelweis.hu\/emk\/wp-json\/wp\/v2\/comments?post=13759"}],"version-history":[{"count":10,"href":"https:\/\/semmelweis.hu\/emk\/wp-json\/wp\/v2\/pages\/13759\/revisions"}],"predecessor-version":[{"id":25691,"href":"https:\/\/semmelweis.hu\/emk\/wp-json\/wp\/v2\/pages\/13759\/revisions\/25691"}],"up":[{"embeddable":true,"href":"https:\/\/semmelweis.hu\/emk\/wp-json\/wp\/v2\/pages\/13767"}],"wp:attachment":[{"href":"https:\/\/semmelweis.hu\/emk\/wp-json\/wp\/v2\/media?parent=13759"}],"wp:term":[{"taxonomy":"category","embeddable":true,"href":"https:\/\/semmelweis.hu\/emk\/wp-json\/wp\/v2\/categories?post=13759"},{"taxonomy":"post_tag","embeddable":true,"href":"https:\/\/semmelweis.hu\/emk\/wp-json\/wp\/v2\/tags?post=13759"}],"curies":[{"name":"wp","href":"https:\/\/api.w.org\/{rel}","templated":true}]}}