{"id":209,"date":"2022-11-21T14:40:32","date_gmt":"2022-11-21T13:40:32","guid":{"rendered":"https:\/\/semmelweis.hu\/ellenorzesi-igazgatosag\/?page_id=209"},"modified":"2025-05-17T08:22:49","modified_gmt":"2025-05-17T06:22:49","slug":"iratmintak","status":"publish","type":"page","link":"https:\/\/semmelweis.hu\/ellenorzesi-igazgatosag\/iratmintak\/","title":{"rendered":"Iratmint\u00e1k"},"content":{"rendered":"<p><a href=\"https:\/\/semmelweis.hu\/ellenorzesi-igazgatosag\/files\/2025\/01\/2_sz_iratminta_Ertekelo_lap.pdf\">2. sz\u00e1m\u00fa iratminta \u2013 \u00c9rt\u00e9kel\u0151 lap<\/a><\/p>\n<p><a href=\"https:\/\/semmelweis.hu\/ellenorzesi-igazgatosag\/files\/2025\/01\/3_sz_iratminta_Kepzesi_terv.pdf\">3. sz\u00e1m\u00fa iratminta \u2212 K\u00e9pz\u00e9si terv<\/a><\/p>\n<p><a href=\"https:\/\/semmelweis.hu\/ellenorzesi-igazgatosag\/files\/2025\/01\/4_sz_iratminta_Ellenorzesi_lista_az_eves_ellenorzesi_terv_elokeszitesenek_folyamatos_minosegbiztositasahoz.pdf\">4. sz\u00e1m\u00fa iratminta \u2212 Ellen\u0151rz\u00e9si lista az \u00e9ves ellen\u0151rz\u00e9si terv el\u0151k\u00e9sz\u00edt\u00e9s\u00e9nek folyamatos min\u0151s\u00e9gbiztos\u00edt\u00e1s\u00e1hoz<\/a><\/p>\n<p><a href=\"https:\/\/semmelweis.hu\/ellenorzesi-igazgatosag\/files\/2025\/01\/5_sz_iratminta_Ellenorzesi_lista_a_kockazatelemzes_folyamatos_minosegbiztositasahoz.pdf\">5. sz\u00e1m\u00fa iratminta \u2212 Ellen\u0151rz\u00e9si lista a kock\u00e1zatelemz\u00e9s folyamatos min\u0151s\u00e9gbiztos\u00edt\u00e1s\u00e1hoz<\/a><\/p>\n<p><a href=\"https:\/\/semmelweis.hu\/ellenorzesi-igazgatosag\/files\/2025\/01\/6_sz_iratminta_Eves_ellenorzesi_terv.pdf\">6. sz\u00e1m\u00fa iratminta \u2212 \u00c9ves ellen\u0151rz\u00e9si terv<\/a><\/p>\n<p><a href=\"https:\/\/semmelweis.hu\/ellenorzesi-igazgatosag\/files\/2025\/01\/7_sz_iratminta_Az_eves_ellenorzesi_terv_vegrehajtasahoz_szukseges_kapacitas_meghatarozasa.pdf\">7. sz\u00e1m\u00fa iratminta \u2013 Az \u00e9ves ellen\u0151rz\u00e9si terv v\u00e9grehajt\u00e1s\u00e1hoz sz\u00fcks\u00e9ges kapacit\u00e1s meghat\u00e1roz\u00e1sa<\/a><\/p>\n<p><a href=\"https:\/\/semmelweis.hu\/ellenorzesi-igazgatosag\/files\/2025\/01\/22_sz_iratminta_Intezkedesek_nyilvantartasa.pdf\">22. sz\u00e1m\u00fa iratminta \u2013 Int\u00e9zked\u00e9sek nyilv\u00e1ntart\u00e1sa<\/a><\/p>\n<p><a href=\"https:\/\/semmelweis.hu\/ellenorzesi-igazgatosag\/files\/2025\/01\/24_sz_iratminta_Belso_ellenorzesi_fokusz.pdf\">24. sz\u00e1m\u00fa iratminta \u2013 Bels\u0151 ellen\u0151rz\u00e9si f\u00f3kusz<\/a><\/p>\n<p><a href=\"https:\/\/semmelweis.hu\/ellenorzesi-igazgatosag\/files\/2025\/01\/25_sz_iratminta_Ellenorzesi_modok_alapvetovizsgalati_eljarasi_modok.pdf\">25. sz\u00e1m\u00fa mell\u00e9klet \u2013 Ellen\u0151rz\u00e9si m\u00f3dok, alapvet\u0151 vizsg\u00e1lati elj\u00e1r\u00e1si m\u00f3dok<\/a><\/p>\n","protected":false},"excerpt":{"rendered":"<p><a href=\"https:\/\/semmelweis.hu\/ellenorzesi-igazgatosag\/files\/2025\/01\/2_sz_iratminta_Ertekelo_lap.pdf\">2. sz\u00e1m\u00fa iratminta \u2013 \u00c9rt\u00e9kel\u0151 lap<\/a><br \/>\n<a href=\"https:\/\/semmelweis.hu\/ellenorzesi-igazgatosag\/files\/2025\/01\/3_sz_iratminta_Kepzesi_terv.pdf\">3. sz\u00e1m\u00fa iratminta \u2212 K\u00e9pz\u00e9si terv<\/a><br \/>\n<a href=\"https:\/\/semmelweis.hu\/ellenorzesi-igazgatosag\/files\/2025\/01\/4_sz_iratminta_Ellenorzesi_lista_az_eves_ellenorzesi_terv_elokeszitesenek_folyamatos_minosegbiztositasahoz.pdf\">4. sz\u00e1m\u00fa iratminta \u2212 Ellen\u0151rz\u00e9si lista az \u00e9ves ellen\u0151rz\u00e9si terv el\u0151k\u00e9sz\u00edt\u00e9s\u00e9nek folyamatos min\u0151s\u00e9gbiztos\u00edt\u00e1s\u00e1hoz<\/a><br \/>\n<a href=\"https:\/\/semmelweis.hu\/ellenorzesi-igazgatosag\/files\/2025\/01\/5_sz_iratminta_Ellenorzesi_lista_a_kockazatelemzes_folyamatos_minosegbiztositasahoz.pdf\">5. sz\u00e1m\u00fa iratminta \u2212 Ellen\u0151rz\u00e9si lista a kock\u00e1zatelemz\u00e9s folyamatos min\u0151s\u00e9gbiztos\u00edt\u00e1s\u00e1hoz<\/a><br \/>\n<a href=\"https:\/\/semmelweis.hu\/ellenorzesi-igazgatosag\/files\/2025\/01\/6_sz_iratminta_Eves_ellenorzesi_terv.pdf\">6. sz\u00e1m\u00fa iratminta \u2212 \u00c9ves ellen\u0151rz\u00e9si terv<\/a><br \/>\n<a href=\"https:\/\/semmelweis.hu\/ellenorzesi-igazgatosag\/files\/2025\/01\/7_sz_iratminta_Az_eves_ellenorzesi_terv_vegrehajtasahoz_szukseges_kapacitas_meghatarozasa.pdf\">7. sz\u00e1m\u00fa iratminta \u2013 Az \u00e9ves ellen\u0151rz\u00e9si terv v\u00e9grehajt\u00e1s\u00e1hoz sz\u00fcks\u00e9ges kapacit\u00e1s meghat\u00e1roz\u00e1sa<\/a><br \/>\n<a href=\"https:\/\/semmelweis.hu\/ellenorzesi-igazgatosag\/files\/2025\/01\/22_sz_iratminta_Intezkedesek_nyilvantartasa.pdf\">22. sz\u00e1m\u00fa iratminta \u2013 Int\u00e9zked\u00e9sek nyilv\u00e1ntart\u00e1sa<\/a><br \/>\n<a href=\"https:\/\/semmelweis.hu\/ellenorzesi-igazgatosag\/files\/2025\/01\/24_sz_iratminta_Belso_ellenorzesi_fokusz.pdf\">24. sz\u00e1m\u00fa iratminta \u2013 Bels\u0151 ellen\u0151rz\u00e9si f\u00f3kusz<\/a><br \/>\n<a href=\"https:\/\/semmelweis.hu\/ellenorzesi-igazgatosag\/files\/2025\/01\/25_sz_iratminta_Ellenorzesi_modok_alapvetovizsgalati_eljarasi_modok.pdf\">25. sz\u00e1m\u00fa mell\u00e9klet \u2013 Ellen\u0151rz\u00e9si m\u00f3dok, alapvet\u0151 vizsg\u00e1lati elj\u00e1r\u00e1si m\u00f3dok<\/a><\/p>\n","protected":false},"author":101922,"featured_media":0,"parent":0,"menu_order":3,"comment_status":"closed","ping_status":"closed","template":"","meta":{"_acf_changed":false,"footnotes":""},"categories":[],"tags":[7],"class_list":["post-209","page","type-page","status-publish","hentry","tag-kapcsolodo-oldalak"],"acf":[],"_links":{"self":[{"href":"https:\/\/semmelweis.hu\/ellenorzesi-igazgatosag\/wp-json\/wp\/v2\/pages\/209","targetHints":{"allow":["GET"]}}],"collection":[{"href":"https:\/\/semmelweis.hu\/ellenorzesi-igazgatosag\/wp-json\/wp\/v2\/pages"}],"about":[{"href":"https:\/\/semmelweis.hu\/ellenorzesi-igazgatosag\/wp-json\/wp\/v2\/types\/page"}],"author":[{"embeddable":true,"href":"https:\/\/semmelweis.hu\/ellenorzesi-igazgatosag\/wp-json\/wp\/v2\/users\/101922"}],"replies":[{"embeddable":true,"href":"https:\/\/semmelweis.hu\/ellenorzesi-igazgatosag\/wp-json\/wp\/v2\/comments?post=209"}],"version-history":[{"count":10,"href":"https:\/\/semmelweis.hu\/ellenorzesi-igazgatosag\/wp-json\/wp\/v2\/pages\/209\/revisions"}],"predecessor-version":[{"id":391,"href":"https:\/\/semmelweis.hu\/ellenorzesi-igazgatosag\/wp-json\/wp\/v2\/pages\/209\/revisions\/391"}],"wp:attachment":[{"href":"https:\/\/semmelweis.hu\/ellenorzesi-igazgatosag\/wp-json\/wp\/v2\/media?parent=209"}],"wp:term":[{"taxonomy":"category","embeddable":true,"href":"https:\/\/semmelweis.hu\/ellenorzesi-igazgatosag\/wp-json\/wp\/v2\/categories?post=209"},{"taxonomy":"post_tag","embeddable":true,"href":"https:\/\/semmelweis.hu\/ellenorzesi-igazgatosag\/wp-json\/wp\/v2\/tags?post=209"}],"curies":[{"name":"wp","href":"https:\/\/api.w.org\/{rel}","templated":true}]}}