{"id":194,"date":"2021-10-14T14:55:51","date_gmt":"2021-10-14T12:55:51","guid":{"rendered":"https:\/\/semmelweis.hu\/ellenorzesi-igazgatosag\/?page_id=194"},"modified":"2025-05-17T08:22:49","modified_gmt":"2025-05-17T06:22:49","slug":"az-ellenorzesi-igazgatosag-adatkezelese","status":"publish","type":"page","link":"https:\/\/semmelweis.hu\/ellenorzesi-igazgatosag\/az-ellenorzesi-igazgatosag-adatkezelese\/","title":{"rendered":"Az Ellen\u0151rz\u00e9si Igazgat\u00f3s\u00e1g adatkezel\u00e9se"},"content":{"rendered":"<h1>ADATKEZEL\u00c9SSEL KAPCSOLATOS INFORM\u00c1CI\u00d3K EL\u00c9RHET\u0150S\u00c9GE<\/h1>\n<p><a href=\"https:\/\/semmelweis.hu\/ellenorzesi-igazgatosag\/files\/2025\/03\/Adatkezelesi_tajekoztato_2025_PDF.pdf\">Adatkezel\u00e9si t\u00e1j\u00e9koztat\u00f3<\/a><\/p>\n<p><a href=\"https:\/\/semmelweis.hu\/ellenorzesi-igazgatosag\/files\/2025\/03\/Adatkezelesi_tajekoztato_2025_KEP.pdf\">Adatkezel\u00e9si t\u00e1j\u00e9koztat\u00f3 (al\u00e1\u00edrt)<\/a><\/p>\n<ul style=\"list-style-type: square\">\n<li>Az adatkezel\u0151 <strong>ellen\u0151rz\u00e9si tev\u00e9kenys\u00e9g\u00e9vel<\/strong> \u00f6sszef\u00fcgg\u0151 adatkezel\u00e9sekkel kapcsolatos inform\u00e1ci\u00f3k el\u00e9rhet\u0151s\u00e9ge:\u00a0<br \/>\n<a href=\"https:\/\/semmelweis.hu\/ellenorzesi-igazgatosag\/files\/2025\/03\/2_1_Ellenorzesi_tevekenyseg_2025_.pdf\">Ellen\u0151rz\u00e9si tev\u00e9kenys\u00e9g<\/a><\/li>\n<li>Az adatkezel\u0151 <strong>tan\u00e1csad\u00e1si<\/strong> <strong>tev\u00e9kenys\u00e9g\u00e9vel<\/strong> \u00f6sszef\u00fcgg\u0151 adatkezel\u00e9sekkel kapcsolatos inform\u00e1ci\u00f3k el\u00e9rhet\u0151s\u00e9ge:\u00a0<br \/>\n<a href=\"https:\/\/semmelweis.hu\/ellenorzesi-igazgatosag\/files\/2025\/03\/2_2_Tanacsadas_2025_.pdf\">Tan\u00e1csad\u00e1si tev\u00e9kenys\u00e9g<\/a><\/li>\n<li>Az adatkezel\u0151 <strong>besz\u00e1mol\u00e1si tev\u00e9kenys\u00e9g\u00e9vel<\/strong> \u00f6sszef\u00fcgg\u0151 adatkezel\u00e9sekkel kapcsolatos inform\u00e1ci\u00f3k el\u00e9rhet\u0151s\u00e9ge:\u00a0<br \/>\n<a href=\"https:\/\/semmelweis.hu\/ellenorzesi-igazgatosag\/files\/2025\/03\/2_3_Beszamolas_2025_.pdf\">Besz\u00e1mol\u00e1si tev\u00e9kenys\u00e9g<\/a><\/li>\n<li>Az adatkezel\u0151 <strong>k\u00e9pz\u00e9sekkel kapcsolatos<\/strong> <strong>tev\u00e9kenys\u00e9g\u00e9vel<\/strong> \u00f6sszef\u00fcgg\u0151 adatkezel\u00e9sekkel kapcsolatos inform\u00e1ci\u00f3k el\u00e9rhet\u0151s\u00e9ge:\u00a0<br \/>\n<a href=\"https:\/\/semmelweis.hu\/ellenorzesi-igazgatosag\/files\/2025\/03\/2_4_Kepzesek_2025_.pdf\">K\u00e9pz\u00e9sek<\/a><\/li>\n<li>Az adatkezel\u0151 <strong>munkav\u00e1llal\u00f3i adatkezel\u00e9si<\/strong> <strong>tev\u00e9kenys\u00e9g\u00e9vel<\/strong> \u00f6sszef\u00fcgg\u0151 adatkezel\u00e9sekkel kapcsolatos inform\u00e1ci\u00f3k el\u00e9rhet\u0151s\u00e9ge:\u00a0<br \/>\n<a href=\"https:\/\/semmelweis.hu\/ellenorzesi-igazgatosag\/files\/2025\/03\/2_5_Munkavallaloi_adatkezeles_2025_.pdf\">Munkav\u00e1llal\u00f3i adatkezel\u00e9s<\/a><\/li>\n<\/ul>\n","protected":false},"excerpt":{"rendered":"<p>ADATKEZEL\u00c9SSEL KAPCSOLATOS INFORM\u00c1CI\u00d3K EL\u00c9RHET\u0150S\u00c9GE <a href=\"https:\/\/semmelweis.hu\/ellenorzesi-igazgatosag\/files\/2025\/03\/Adatkezelesi_tajekoztato_2025_PDF.pdf\">Adatkezel\u00e9si t\u00e1j\u00e9koztat\u00f3<\/a> <a href=\"https:\/\/semmelweis.hu\/ellenorzesi-igazgatosag\/files\/2025\/03\/Adatkezelesi_tajekoztato_2025_KEP.pdf\">Adatkezel\u00e9si t\u00e1j\u00e9koztat\u00f3 (al\u00e1\u00edrt)<\/a> Az adatkezel\u0151 ellen\u0151rz\u00e9si tev\u00e9kenys\u00e9g\u00e9vel \u00f6sszef\u00fcgg\u0151 adatkezel\u00e9sekkel kapcsolatos inform\u00e1ci\u00f3k el\u00e9rhet\u0151s\u00e9ge:\u00a0 <a href=\"https:\/\/semmelweis.hu\/ellenorzesi-igazgatosag\/files\/2025\/03\/2_1_Ellenorzesi_tevekenyseg_2025_.pdf\">Ellen\u0151rz\u00e9si tev\u00e9kenys\u00e9g<\/a> Az adatkezel\u0151 tan\u00e1csad\u00e1si tev\u00e9kenys\u00e9g\u00e9vel \u00f6sszef\u00fcgg\u0151 adatkezel\u00e9sekkel kapcsolatos inform\u00e1ci\u00f3k el\u00e9rhet\u0151s\u00e9ge:\u00a0 <a href=\"https:\/\/semmelweis.hu\/ellenorzesi-igazgatosag\/files\/2025\/03\/2_2_Tanacsadas_2025_.pdf\">Tan\u00e1csad\u00e1si tev\u00e9kenys\u00e9g<\/a> Az adatkezel\u0151 besz\u00e1mol\u00e1si tev\u00e9kenys\u00e9g\u00e9vel \u00f6sszef\u00fcgg\u0151 adatkezel\u00e9sekkel kapcsolatos inform\u00e1ci\u00f3k el\u00e9rhet\u0151s\u00e9ge:\u00a0 <a href=\"https:\/\/semmelweis.hu\/ellenorzesi-igazgatosag\/files\/2025\/03\/2_3_Beszamolas_2025_.pdf\">Besz\u00e1mol\u00e1si tev\u00e9kenys\u00e9g<\/a> Az adatkezel\u0151 k\u00e9pz\u00e9sekkel kapcsolatos tev\u00e9kenys\u00e9g\u00e9vel \u00f6sszef\u00fcgg\u0151 adatkezel\u00e9sekkel kapcsolatos inform\u00e1ci\u00f3k el\u00e9rhet\u0151s\u00e9ge:\u00a0 <a href=\"https:\/\/semmelweis.hu\/ellenorzesi-igazgatosag\/files\/2025\/03\/2_4_Kepzesek_2025_.pdf\">K\u00e9pz\u00e9sek<\/a> Az adatkezel\u0151 munkav\u00e1llal\u00f3i adatkezel\u00e9si tev\u00e9kenys\u00e9g\u00e9vel \u00f6sszef\u00fcgg\u0151 adatkezel\u00e9sekkel kapcsolatos inform\u00e1ci\u00f3k el\u00e9rhet\u0151s\u00e9ge:\u00a0 &hellip;<\/p>\n","protected":false},"author":12,"featured_media":0,"parent":0,"menu_order":2,"comment_status":"closed","ping_status":"closed","template":"","meta":{"_acf_changed":false,"footnotes":""},"categories":[],"tags":[7],"class_list":["post-194","page","type-page","status-publish","hentry","tag-kapcsolodo-oldalak"],"acf":[],"_links":{"self":[{"href":"https:\/\/semmelweis.hu\/ellenorzesi-igazgatosag\/wp-json\/wp\/v2\/pages\/194","targetHints":{"allow":["GET"]}}],"collection":[{"href":"https:\/\/semmelweis.hu\/ellenorzesi-igazgatosag\/wp-json\/wp\/v2\/pages"}],"about":[{"href":"https:\/\/semmelweis.hu\/ellenorzesi-igazgatosag\/wp-json\/wp\/v2\/types\/page"}],"author":[{"embeddable":true,"href":"https:\/\/semmelweis.hu\/ellenorzesi-igazgatosag\/wp-json\/wp\/v2\/users\/12"}],"replies":[{"embeddable":true,"href":"https:\/\/semmelweis.hu\/ellenorzesi-igazgatosag\/wp-json\/wp\/v2\/comments?post=194"}],"version-history":[{"count":10,"href":"https:\/\/semmelweis.hu\/ellenorzesi-igazgatosag\/wp-json\/wp\/v2\/pages\/194\/revisions"}],"predecessor-version":[{"id":401,"href":"https:\/\/semmelweis.hu\/ellenorzesi-igazgatosag\/wp-json\/wp\/v2\/pages\/194\/revisions\/401"}],"wp:attachment":[{"href":"https:\/\/semmelweis.hu\/ellenorzesi-igazgatosag\/wp-json\/wp\/v2\/media?parent=194"}],"wp:term":[{"taxonomy":"category","embeddable":true,"href":"https:\/\/semmelweis.hu\/ellenorzesi-igazgatosag\/wp-json\/wp\/v2\/categories?post=194"},{"taxonomy":"post_tag","embeddable":true,"href":"https:\/\/semmelweis.hu\/ellenorzesi-igazgatosag\/wp-json\/wp\/v2\/tags?post=194"}],"curies":[{"name":"wp","href":"https:\/\/api.w.org\/{rel}","templated":true}]}}