{"id":8,"date":"2012-06-26T09:40:16","date_gmt":"2012-06-26T07:40:16","guid":{"rendered":"http:\/\/semmelweis-egyetem.hu\/elettan\/?page_id=8"},"modified":"2022-10-26T13:03:09","modified_gmt":"2022-10-26T11:03:09","slug":"az-intezet-tortenete","status":"publish","type":"page","link":"https:\/\/semmelweis.hu\/elettan\/az-intezet-tortenete\/","title":{"rendered":"Az int\u00e9zetr\u0151l"},"content":{"rendered":"<p>A tansz\u00e9k mint \u00c9lettani \u00e9s Gy\u00f3gyszertani (Physiologia et materia medica) Int\u00e9zet alap\u00edttatott, a &#8222;gy\u00f3gyszertan&#8221; elnevez\u00e9s-r\u00e9sz 1891 szeptember\u00e9ben megsz\u00fcnt, amikor a sz\u00f6vettan \u00e9s a gy\u00f3gyszertan tan\u00edt\u00e1s\u00e1t m\u00e1s int\u00e9zetek vett\u00e9k \u00e1t.<\/p>\n<p>Oktat\u00e1si \u00e9s kutat\u00e1si tev\u00e9kenys\u00e9ge a harmincas \u00e9vek k\u00f6zep\u00e9ig a n\u00e9met egyetemek trad\u00edci\u00f3in alapult, majd egyre ink\u00e1bb a modern angol-amerikai egyetemi oktat\u00e1snak megfelel\u0151 profilt vett fel.<\/p>\n<p><a href=\"https:\/\/semmelweis.hu\/elettan\/files\/2019\/01\/elettani-intezet-archiv-slide.jpg\"><img loading=\"lazy\" decoding=\"async\" class=\"aligncenter size-full wp-image-3884\" src=\"https:\/\/semmelweis.hu\/elettan\/files\/2019\/01\/elettani-intezet-archiv-slide.jpg\" alt=\"\" width=\"1280\" height=\"420\" srcset=\"https:\/\/semmelweis.hu\/elettan\/files\/2019\/01\/elettani-intezet-archiv-slide.jpg 1280w, https:\/\/semmelweis.hu\/elettan\/files\/2019\/01\/elettani-intezet-archiv-slide-300x98.jpg 300w, https:\/\/semmelweis.hu\/elettan\/files\/2019\/01\/elettani-intezet-archiv-slide-768x252.jpg 768w, https:\/\/semmelweis.hu\/elettan\/files\/2019\/01\/elettani-intezet-archiv-slide-1024x336.jpg 1024w, https:\/\/semmelweis.hu\/elettan\/files\/2019\/01\/elettani-intezet-archiv-slide-753x247.jpg 753w\" sizes=\"auto, (max-width: 1280px) 100vw, 1280px\" \/><\/a><\/p>\n<p>A gradu\u00e1lis oktat\u00e1sban az Int\u00e9zet el\u0151ad\u00e1sokat \u00e9s gyakorlati k\u00e9pz\u00e9st tart m\u00e1sod\u00e9ves orvos- \u00e9s fogorvostan hallgat\u00f3knak magyar, n\u00e9met \u00e9s angol nyelven. A posztgradu\u00e1lis k\u00e9pz\u00e9s keret\u00e9ben az Int\u00e9zet jegyzi a &#8222;Cellul\u00e1ris \u00e9s molekul\u00e1ris fiziol\u00f3gia&#8221; Ph.D.\u00a0 programot, tov\u00e1bb\u00e1 jelent\u0151s a szerepe az egyetemi tudom\u00e1nyos di\u00e1kk\u00f6r\u00f6k koordin\u00e1l\u00e1s\u00e1ban \u00e9s szervez\u00e9s\u00e9ben.<\/p>\n<p>1981 \u00f3ta az Int\u00e9zet tudom\u00e1nyos profilja jelent\u0151s m\u00e9rt\u00e9kben elmozdult a cellul\u00e1ris \u00e9s molekul\u00e1ris fiziol\u00f3gia fel\u00e9. Jelent\u0151s kutat\u00e1si ter\u00fcletek: endokrin sejtek jel\u00e1tviteli mechanizmusai; immunsejtek, gyullad\u00e1s \u00e9s reakt\u00edv oxig\u00e9n sz\u00e1rmaz\u00e9kok \u00e9lettana; palzmamamembr\u00e1n \u00e9s mitokondri\u00e1lis iontrasztportok; cirkadi\u00e1n \u00f3r\u00e1k m\u0171k\u00f6d\u00e9se.<\/p>\n<p>2008 okt\u00f3ber\u00e9ben az Int\u00e9zet \u00e1tk\u00f6lt\u00f6z\u00f6tt a T\u0171zolt\u00f3 utc\u00e1ba, az \u00faj Elm\u00e9leti Orvostudom\u00e1nyi K\u00f6zpontba. Ezt megel\u0151z\u0151en az Int\u00e9zet a Puskin (r\u00e9gebbi nev\u00e9n Eszterh\u00e1zy) utcai \u00e9p\u00fcletben m\u0171k\u00f6d\u00f6tt 1874 \u00e9s 2008 k\u00f6z\u00f6tt.<\/p>\n<p><a href=\"https:\/\/semmelweis.hu\/elettan\/files\/2019\/01\/31918_transform.jpg\"><img loading=\"lazy\" decoding=\"async\" class=\"aligncenter size-full wp-image-3913\" src=\"https:\/\/semmelweis.hu\/elettan\/files\/2019\/01\/31918_transform.jpg\" alt=\"\" width=\"1280\" height=\"420\" srcset=\"https:\/\/semmelweis.hu\/elettan\/files\/2019\/01\/31918_transform.jpg 1280w, https:\/\/semmelweis.hu\/elettan\/files\/2019\/01\/31918_transform-300x98.jpg 300w, https:\/\/semmelweis.hu\/elettan\/files\/2019\/01\/31918_transform-768x252.jpg 768w, https:\/\/semmelweis.hu\/elettan\/files\/2019\/01\/31918_transform-1024x336.jpg 1024w, https:\/\/semmelweis.hu\/elettan\/files\/2019\/01\/31918_transform-753x247.jpg 753w\" sizes=\"auto, (max-width: 1280px) 100vw, 1280px\" \/><\/a><\/p>\n<p>Az Int\u00e9zet munkat\u00e1rsai rendszeresen publik\u00e1lnak jelent\u0151s eur\u00f3pai \u00e9s amerikai foly\u00f3iratokban (pl. American Journal of Physiology; Journal of Physiology, London; Endocrinology; Molecular Pharmacology; Journal of Biological Chemistry; Biochemical Journal; Cell Calcium stb.)<\/p>\n<p><strong>Az int\u00e9zet igazgat\u00f3i:<\/strong><\/p>\n<p style=\"padding-left: 30px\">Prandt \u00c1d\u00e1m Ign\u00e1c, 1770-1786<br \/>\nR\u00e1cz S\u00e1muel, 1786-1806<br \/>\nBene Ferenc, 1806-1808<br \/>\nLenhoss\u00e9k Mih\u00e1ly, 1808-1819<br \/>\nSchordann Zsigmond, 1821-1857<br \/>\nMarg\u00f3 Tivadar (h.), 1857-1858<br \/>\nCzermak J\u00e1nos, 1858-1860<br \/>\nJendrassik Jen\u0151, 1860-1891<br \/>\nKlug N\u00e1ndor, 1891-1909<br \/>\nUdr\u00e1nszky L\u00e1szl\u00f3, 1910-1914<br \/>\nTangl Ferenc, 1914-1917<br \/>\nK\u0151r\u00f6sy Korn\u00e9l, 1918-19<br \/>\nFarkas G\u00e9za, 1919-1934<br \/>\nBezn\u00e1k Alad\u00e1r, 1935-1945<br \/>\nMansfeld G\u00e9za, 1945-1950<br \/>\nB\u00e1lint P\u00e9ter, 1950-1981<br \/>\nFony\u00f3 Attila, 1981-1995<br \/>\nSp\u00e4t Andr\u00e1s, 1995-2005<br \/>\nHunyady L\u00e1szl\u00f3, 2005-2021<br \/>\nM\u00f3csai Attila 2021-<\/p>\n<p>&nbsp;<\/p>\n","protected":false},"excerpt":{"rendered":"<p>Az \u00c9lettani Int\u00e9zet az egyetem gradu\u00e1lis oktat\u00e1si tev\u00e9kenys\u00e9g\u00e9nek keret\u00e9ben el\u0151ad\u00e1sokat \u00e9s gyakorlati k\u00e9pz\u00e9st tart m\u00e1sod\u00e9ves orvos- \u00e9s fogorvostan hallgat\u00f3knak magyar, n\u00e9met \u00e9s angol nyelven. A posztgradu\u00e1lis k\u00e9pz\u00e9s keret\u00e9ben az Int\u00e9zet jegyzi a &#8222;Cellul\u00e1ris \u00e9s molekul\u00e1ris fiziol\u00f3gia&#8221; Ph.D.\u00a0 programot, tov\u00e1bb\u00e1 jelent\u0151s a szerepe az egyetemi tudom\u00e1nyos di\u00e1kk\u00f6r\u00f6k koordin\u00e1l\u00e1s\u00e1ban \u00e9s szervez\u00e9s\u00e9ben.<\/p>\n<p>Jelent\u0151s kutat\u00e1si ter\u00fcleteink: endokrin sejtek jel\u00e1tviteli mechanizmusai; immunsejtek, gyullad\u00e1s \u00e9s reakt\u00edv oxig\u00e9n sz\u00e1rmaz\u00e9kok \u00e9lettana; palzmamamembr\u00e1n \u00e9s mitokondri\u00e1lis iontrasztportok; cirkadi\u00e1n \u00f3r\u00e1k m\u0171k\u00f6d\u00e9se. Az Int\u00e9zet munkat\u00e1rsai rendszeresen publik\u00e1lnak jelent\u0151s eur\u00f3pai \u00e9s amerikai foly\u00f3iratokban.<\/p>\n","protected":false},"author":12,"featured_media":3886,"parent":0,"menu_order":7,"comment_status":"closed","ping_status":"closed","template":"","meta":{"_acf_changed":false,"footnotes":""},"categories":[],"tags":[],"class_list":["post-8","page","type-page","status-publish","has-post-thumbnail","hentry"],"acf":[],"_links":{"self":[{"href":"https:\/\/semmelweis.hu\/elettan\/wp-json\/wp\/v2\/pages\/8","targetHints":{"allow":["GET"]}}],"collection":[{"href":"https:\/\/semmelweis.hu\/elettan\/wp-json\/wp\/v2\/pages"}],"about":[{"href":"https:\/\/semmelweis.hu\/elettan\/wp-json\/wp\/v2\/types\/page"}],"author":[{"embeddable":true,"href":"https:\/\/semmelweis.hu\/elettan\/wp-json\/wp\/v2\/users\/12"}],"replies":[{"embeddable":true,"href":"https:\/\/semmelweis.hu\/elettan\/wp-json\/wp\/v2\/comments?post=8"}],"version-history":[{"count":11,"href":"https:\/\/semmelweis.hu\/elettan\/wp-json\/wp\/v2\/pages\/8\/revisions"}],"predecessor-version":[{"id":6010,"href":"https:\/\/semmelweis.hu\/elettan\/wp-json\/wp\/v2\/pages\/8\/revisions\/6010"}],"wp:featuredmedia":[{"embeddable":true,"href":"https:\/\/semmelweis.hu\/elettan\/wp-json\/wp\/v2\/media\/3886"}],"wp:attachment":[{"href":"https:\/\/semmelweis.hu\/elettan\/wp-json\/wp\/v2\/media?parent=8"}],"wp:term":[{"taxonomy":"category","embeddable":true,"href":"https:\/\/semmelweis.hu\/elettan\/wp-json\/wp\/v2\/categories?post=8"},{"taxonomy":"post_tag","embeddable":true,"href":"https:\/\/semmelweis.hu\/elettan\/wp-json\/wp\/v2\/tags?post=8"}],"curies":[{"name":"wp","href":"https:\/\/api.w.org\/{rel}","templated":true}]}}