{"id":7371,"date":"2025-11-14T15:07:16","date_gmt":"2025-11-14T14:07:16","guid":{"rendered":"https:\/\/semmelweis.hu\/elettan\/?page_id=7371"},"modified":"2025-11-14T15:07:16","modified_gmt":"2025-11-14T14:07:16","slug":"tdk-hallgatok-tdk-students-tdk-studenten-2025-26-1","status":"publish","type":"page","link":"https:\/\/semmelweis.hu\/elettan\/tdk-hallgatok-tdk-students-tdk-studenten-2025-26-1\/","title":{"rendered":"TDK hallgat\u00f3k \/ TDK Students \/ TDK Studenten 2025\/26\/1."},"content":{"rendered":"<table width=\"779\">\n<tbody>\n<tr>\n<td style=\"text-align: center\" colspan=\"5\" width=\"779\">T<strong>DK hallgat\u00f3k \/ TDK Students \/ TDK Studenten <\/strong><br \/>\n<strong>2025\/26\/1.<\/strong><\/td>\n<\/tr>\n<tr>\n<td>&nbsp;<\/td>\n<td>&nbsp;<\/td>\n<td>&nbsp;<\/td>\n<td>&nbsp;<\/td>\n<td>&nbsp;<\/td>\n<\/tr>\n<tr>\n<td width=\"142\"><strong>Hallgat\u00f3 neve<\/strong><\/td>\n<td width=\"105\"><strong>Kar\u00a0<\/strong><\/td>\n<td width=\"101\"><strong>TDK kezdete<\/strong><\/td>\n<td width=\"126\"><strong>T\u00e9mavezet\u0151 neve<\/strong><\/td>\n<td width=\"305\"><strong>TDK t\u00e9ma (opcion\u00e1lisan megadand\u00f3 csak)\u00a0<\/strong><\/td>\n<\/tr>\n<tr>\n<td width=\"142\">Alb\u00e9rt Rebeka<\/td>\n<td width=\"105\">\u00c1OK<\/td>\n<td width=\"101\">IV.<\/td>\n<td width=\"126\">2024. IX.<\/td>\n<td width=\"305\">Dr. M\u00f3csai Attila, Dr. Vik\u00e1r Simon<\/td>\n<\/tr>\n<tr>\n<td width=\"142\">Andr\u00e1si Zs\u00f3fi<\/td>\n<td width=\"105\">\u00c1OK<\/td>\n<td width=\"101\">III.<\/td>\n<td width=\"126\">2025. IX.<\/td>\n<td width=\"305\">Dr. Ella Krisztina<\/td>\n<\/tr>\n<tr>\n<td width=\"142\">Antal- K\u00f6z Csaba<\/td>\n<td width=\"105\">\u00c1OK<\/td>\n<td width=\"101\">IV.<\/td>\n<td width=\"126\">2024. VII.<\/td>\n<td width=\"305\">Dr. Jakus Zolt\u00e1n, Moln\u00e1r Korn\u00e9l<\/td>\n<\/tr>\n<tr>\n<td width=\"142\">B\u00e1bik Zs\u00f3fia<\/td>\n<td width=\"105\">\u00c1OK<\/td>\n<td width=\"101\">III.<\/td>\n<td width=\"126\">2025. IX.<\/td>\n<td width=\"305\">Dr. Ocskay Zsombor,Dr. Jakus Zolt\u00e1n<\/td>\n<\/tr>\n<tr>\n<td width=\"142\">Belzner, Maike<\/td>\n<td width=\"105\">nGYTK<\/td>\n<td width=\"101\">III.<\/td>\n<td width=\"126\">2025. X.<\/td>\n<td width=\"305\">Dr. Cz\u00e1r\u00e1n Domonkos<\/td>\n<\/tr>\n<tr>\n<td width=\"142\">Bonifert Anna<\/td>\n<td width=\"105\">\u00c1OK<\/td>\n<td width=\"101\">III.<\/td>\n<td width=\"126\">2025. IX.<\/td>\n<td width=\"305\">Dr. Cs\u00e9p\u00e1nyi-K\u00f6mi Roland<\/td>\n<\/tr>\n<tr>\n<td width=\"142\">Boone Alex<\/td>\n<td width=\"105\">\u00c1OK<\/td>\n<td width=\"101\">IV.<\/td>\n<td width=\"126\">2024.IX.<\/td>\n<td width=\"305\">Dr. N\u00e9meth Tam\u00e1s, Majerhoffer N\u00f3ra<\/td>\n<\/tr>\n<tr>\n<td width=\"142\">Borsi Eszter<\/td>\n<td width=\"105\">\u00c1OK<\/td>\n<td width=\"101\">III.<\/td>\n<td width=\"126\">2023. IX.<\/td>\n<td width=\"305\">Dr. P\u00e1ncz\u00e9l \u00c1ron, Dr. M\u00f3csai Attila<\/td>\n<\/tr>\n<tr>\n<td width=\"142\">Debreczeni Dorina<\/td>\n<td width=\"105\">\u00c1OK<\/td>\n<td width=\"101\">V.<\/td>\n<td width=\"126\">2021. IV.<\/td>\n<td width=\"305\">Dr. Czirj\u00e1k G\u00e1bor<\/td>\n<\/tr>\n<tr>\n<td width=\"142\">Eisler D\u00e1niel<\/td>\n<td width=\"105\">\u00c1OK<\/td>\n<td width=\"101\">III.<\/td>\n<td width=\"126\">2025. IX.<\/td>\n<td width=\"305\">Dr. M\u00f3csai Attila\u00a0<\/td>\n<\/tr>\n<tr>\n<td width=\"142\">Ember Zs\u00f3fia<\/td>\n<td width=\"105\">\u00c1OK<\/td>\n<td width=\"101\">IV.<\/td>\n<td width=\"126\">2024. X.<\/td>\n<td width=\"305\">Dr. Kem\u00e9ny Lajos\u00a0<\/td>\n<\/tr>\n<tr>\n<td width=\"142\">Fej\u00e9r Anna J\u00falia<\/td>\n<td width=\"105\">\u00c1OK<\/td>\n<td width=\"101\">V.<\/td>\n<td width=\"126\">2025. IX.<\/td>\n<td width=\"305\">Dr. Kem\u00e9ny Lajos\u00a0<\/td>\n<\/tr>\n<tr>\n<td width=\"142\">Fekete Anna Dorina<\/td>\n<td width=\"105\">\u00c1OK<\/td>\n<td width=\"101\">III.<\/td>\n<td width=\"126\">2025. IX.<\/td>\n<td width=\"305\">Dr. Jakus Zolt\u00e1n, Dr. Kov\u00e1cs G\u00e1bor<\/td>\n<\/tr>\n<tr>\n<td width=\"142\">Fiszter D\u00f3ra<\/td>\n<td width=\"105\">\u00c1OK<\/td>\n<td width=\"101\">III.<\/td>\n<td width=\"126\">2025. IX.<\/td>\n<td width=\"305\">Dr. M\u00f3csai Attila<\/td>\n<\/tr>\n<tr>\n<td width=\"142\">Fogarasi, Caroline<\/td>\n<td width=\"105\">EM<\/td>\n<td width=\"101\">V.<\/td>\n<td width=\"126\">2023. IX.<\/td>\n<td width=\"305\">Dr. Balla Andr\u00e1s<\/td>\n<\/tr>\n<tr>\n<td width=\"142\">Fritsch Zsuzsanna Lilla<\/td>\n<td width=\"105\">\u00c1OK<\/td>\n<td width=\"101\">III.<\/td>\n<td width=\"126\">2025. IX.<\/td>\n<td width=\"305\">Dr. N\u00e9meth Tam\u00e1s, Dr. Balogh Lili<\/td>\n<\/tr>\n<tr>\n<td width=\"142\">Ga\u00e1l Annam\u00e1ria Judit<\/td>\n<td width=\"105\">BME VBK MSc<\/td>\n<td width=\"101\">II.<\/td>\n<td width=\"126\">2024. IX<\/td>\n<td width=\"305\">Dr. K\u00e1ldi Krisztina, S\u00e1rk\u00e1ny Orsolya<\/td>\n<\/tr>\n<tr>\n<td width=\"142\">Griger Hanna<\/td>\n<td width=\"105\">\u00c1OK<\/td>\n<td width=\"101\">III.<\/td>\n<td width=\"126\">2025. IX.<\/td>\n<td width=\"305\">Dr. Jakus Zolt\u00e1n, Dr. Kov\u00e1cs G\u00e1bor<\/td>\n<\/tr>\n<tr>\n<td width=\"142\">Hadadnejadtehrani, Saba<\/td>\n<td width=\"105\">EM<\/td>\n<td width=\"101\">V.<\/td>\n<td width=\"126\">2023. IX.<\/td>\n<td width=\"305\">Dr. Balla Andr\u00e1s<\/td>\n<\/tr>\n<tr>\n<td width=\"142\">Heged\u00fcs Lili<\/td>\n<td width=\"105\">\u00c1OK<\/td>\n<td width=\"101\">VI.<\/td>\n<td width=\"126\">2022. IX.<\/td>\n<td width=\"305\">Dr. Geiszt Mikl\u00f3s, Dr. Sirokm\u00e1ny G\u00e1bor<\/td>\n<\/tr>\n<tr>\n<td width=\"142\">Horv\u00e1th \u00c1rmin Csaba<\/td>\n<td width=\"105\">\u00c1OK<\/td>\n<td width=\"101\">IV.<\/td>\n<td width=\"126\">2024. IX:<\/td>\n<td width=\"305\">Dr. Czirj\u00e1k G\u00e1bor<\/td>\n<\/tr>\n<tr>\n<td width=\"142\">Horv\u00e1th S\u00e1ra Roz\u00e1lia<\/td>\n<td width=\"105\">\u00c1OK<\/td>\n<td width=\"101\">III.<\/td>\n<td width=\"126\">2025 IX.<\/td>\n<td width=\"305\">Dr. Cs\u00e9p\u00e1nyi-K\u00f6mi Roland<\/td>\n<\/tr>\n<tr>\n<td width=\"142\">J\u00e1nosfy-Kochan Gyula<\/td>\n<td width=\"105\">\u00c1OK<\/td>\n<td width=\"101\">IV.<\/td>\n<td width=\"126\">2024. II.<\/td>\n<td width=\"305\">Dr. Kem\u00e9ny Lajos, Lakatos Alexandra<\/td>\n<\/tr>\n<tr>\n<td width=\"142\">Jiramongkolsiri, Koramon<\/td>\n<td width=\"105\">EM<\/td>\n<td width=\"101\">III.<\/td>\n<td width=\"126\">2025. IX.<\/td>\n<td width=\"305\">Dr. Alm\u00e1ssy J\u00e1nos<\/td>\n<\/tr>\n<tr>\n<td width=\"142\">J\u00f3zsa Tamara<\/td>\n<td width=\"105\">\u00c1OK<\/td>\n<td width=\"101\">III.<\/td>\n<td width=\"126\">2025. II.<\/td>\n<td width=\"305\">Dr. N\u00e9meth Tam\u00e1s<\/td>\n<\/tr>\n<tr>\n<td width=\"142\">Julia Lemke<\/td>\n<td width=\"105\">DM<\/td>\n<td width=\"101\">III.<\/td>\n<td width=\"126\">2025. IX.<\/td>\n<td width=\"305\">Dr. Turu G\u00e1bor, Dr. Guly\u00e1s Gerg\u0151<\/td>\n<\/tr>\n<tr>\n<td width=\"142\">Kelemen Kitti<\/td>\n<td width=\"105\">\u00c1OK<\/td>\n<td width=\"101\">III.<\/td>\n<td width=\"126\">2025. IX.<\/td>\n<td width=\"305\">Dr. Jakus Zolt\u00e1n, Dr. Ocskay Zsombor<\/td>\n<\/tr>\n<tr>\n<td width=\"142\">Keszte Panna<\/td>\n<td width=\"105\">\u00c1OK<\/td>\n<td width=\"101\">V.<\/td>\n<td width=\"126\">2023. IX.<\/td>\n<td width=\"305\">Dr. Sirokm\u00e1ny G\u00e1bor, Dr. Geiszt Mikl\u00f3s<\/td>\n<\/tr>\n<tr>\n<td width=\"142\">Khodadadi, Or Henrey<\/td>\n<td width=\"105\">EM<\/td>\n<td width=\"101\">IV.<\/td>\n<td width=\"126\">2024. IX<\/td>\n<td width=\"305\">Dr. Horv\u00e1th Eszter M\u00e1ria, Dr. Haoran Ke<\/td>\n<\/tr>\n<tr>\n<td width=\"142\">Kirchlechner-Farkas Bernadett Rita<\/td>\n<td width=\"105\">\u00c1OK<\/td>\n<td width=\"101\">IV.<\/td>\n<td width=\"126\">2025. IV.<\/td>\n<td width=\"305\">Dr. M\u00f3csai Attila, Dr. Futosi Krisztina<\/td>\n<\/tr>\n<tr>\n<td width=\"142\">Kizbar, Jadalah\u00a0<\/td>\n<td width=\"105\">EM<\/td>\n<td width=\"101\">III.<\/td>\n<td width=\"126\">2025. IX.<\/td>\n<td width=\"305\">Dr. T\u00f3th D\u00e1niel, V\u00e1rnai P\u00e9ter<\/td>\n<\/tr>\n<tr>\n<td width=\"142\">K\u00f3kai \u00c1bel<\/td>\n<td width=\"105\">\u00c1OK<\/td>\n<td width=\"101\">IV.<\/td>\n<td width=\"126\">2024. IX.<\/td>\n<td width=\"305\">Dr. Enyedi Bal\u00e1zs, Dr. V\u00e1mosi Boldizs\u00e1r<\/td>\n<\/tr>\n<tr>\n<td width=\"142\">Kov\u00e1cs Dorina<\/td>\n<td width=\"105\">\u00c1OK<\/td>\n<td width=\"101\">III.<\/td>\n<td width=\"126\">2025. IX.<\/td>\n<td width=\"305\">Dr. Kem\u00e9ny Lajos\u00a0<\/td>\n<\/tr>\n<tr>\n<td width=\"142\">Kov\u00e1cs Lilien Fanni<\/td>\n<td width=\"105\">\u00c1OK<\/td>\n<td width=\"101\">III.<\/td>\n<td width=\"126\">2025. IX.<\/td>\n<td width=\"305\">Dr. N\u00e9meth Tam\u00e1s, B\u00f3ka Adrienn<\/td>\n<\/tr>\n<tr>\n<td width=\"142\">Kov\u00e1cs Tam\u00e1s<\/td>\n<td width=\"105\">\u00c1OK<\/td>\n<td width=\"101\">IV.<\/td>\n<td width=\"126\">2024. IX<\/td>\n<td width=\"305\">Dr. K\u00e1ldi Krisztina, Lumniczky Zal\u00e1n<\/td>\n<\/tr>\n<tr>\n<td width=\"142\">Kov\u00e1cs Viktor<\/td>\n<td width=\"105\">\u00c1OK<\/td>\n<td width=\"101\">V.<\/td>\n<td width=\"126\">2023.IX.<\/td>\n<td width=\"305\">Dr. N\u00e9meth Tam\u00e1s<\/td>\n<\/tr>\n<tr>\n<td width=\"142\">Kozma Fl\u00f3ra Kata<\/td>\n<td width=\"105\">\u00c1OK<\/td>\n<td width=\"101\">III.<\/td>\n<td width=\"126\">2025.IX.<\/td>\n<td width=\"305\">Benk\u0151 Rita, Dr. Horv\u00e1th Eszter M\u00e1ria<\/td>\n<\/tr>\n<tr>\n<td width=\"142\">Kunszt Johanna<\/td>\n<td width=\"105\">\u00c1OK<\/td>\n<td width=\"101\">IV.<\/td>\n<td width=\"126\">2024.IX.<\/td>\n<td width=\"305\">Dr. N\u00e9meth Tam\u00e1s, B\u00f3ka Adrienn<\/td>\n<\/tr>\n<tr>\n<td width=\"142\">Lernyei Soma Bence<\/td>\n<td width=\"105\">\u00c1OK<\/td>\n<td width=\"101\">IV.<\/td>\n<td width=\"126\">2024. IX.<\/td>\n<td width=\"305\">Dr. Bal\u00e1zs Bernadett<\/td>\n<\/tr>\n<tr>\n<td width=\"142\">Luca Frohn<\/td>\n<td width=\"105\">DM<\/td>\n<td width=\"101\">V.<\/td>\n<td width=\"126\">2024. IX.<\/td>\n<td width=\"305\">Dr. T\u00f3th D\u00e1niel, Dr. V\u00e1rnai P\u00e9ter<\/td>\n<\/tr>\n<tr>\n<td width=\"142\">M\u00e1rki S\u00e1ra Luca<\/td>\n<td width=\"105\">\u00c1OK<\/td>\n<td width=\"101\">IV.<\/td>\n<td width=\"126\">2024.IX.<\/td>\n<td width=\"305\">Dr. N\u00e9meth Tam\u00e1s, Kov\u00e1cs Viktor<\/td>\n<\/tr>\n<tr>\n<td width=\"142\">Marton Izabella<\/td>\n<td width=\"105\">\u00c1OK<\/td>\n<td width=\"101\">IV.<\/td>\n<td width=\"126\">2024. VII.<\/td>\n<td width=\"305\">Dr. Horv\u00e1th Eszter M\u00e1ria, Dr. B\u00e1nyai B\u00e1lint<\/td>\n<\/tr>\n<tr>\n<td width=\"142\">Marton Zsolt<\/td>\n<td width=\"105\">\u00c1OK<\/td>\n<td width=\"101\">IV.<\/td>\n<td width=\"126\">2024. IX.<\/td>\n<td width=\"305\">Dr. Turu G\u00e1bor, Dr. Kov\u00e1cs Orsolya T\u00fcnde<\/td>\n<\/tr>\n<tr>\n<td width=\"142\">M\u00e1t\u00f3 R\u00e9ka Erzs\u00e9bet<\/td>\n<td width=\"105\">\u00c1OK<\/td>\n<td width=\"101\">IV.<\/td>\n<td width=\"126\">2024. VIII.<\/td>\n<td width=\"305\">Dr. Koncz Petra, Dr. M\u00f3csai Attila<\/td>\n<\/tr>\n<tr>\n<td width=\"142\">M\u00e9sz\u00e1ros M\u00e1rton<\/td>\n<td width=\"105\">\u00c1OK<\/td>\n<td width=\"101\">IV.<\/td>\n<td width=\"126\">2024. VIII.<\/td>\n<td width=\"305\">Dr. Jakus Zolt\u00e1n, S\u00e1gi Stella M\u00e1rta<\/td>\n<\/tr>\n<tr>\n<td width=\"142\">Moln\u00e1r Kira Vikt\u00f3ria<\/td>\n<td width=\"105\">ETK BSc<\/td>\n<td width=\"101\">III.<\/td>\n<td width=\"126\">2025. II.<\/td>\n<td width=\"305\">Dr. Szekeres M\u00e1ria, Dr. B\u00e1nyai B\u00e1lint, Shenker-Horv\u00e1th Kinga<\/td>\n<\/tr>\n<tr>\n<td width=\"142\">Moln\u00e1r M\u00e1rk<\/td>\n<td width=\"105\">\u00c1OK<\/td>\n<td width=\"101\">III.<\/td>\n<td width=\"126\">2025. IX.<\/td>\n<td width=\"305\">Dr. V\u00e1rnai P\u00e9ter, Dr. T\u00f3th D\u00e1niel<\/td>\n<\/tr>\n<tr>\n<td width=\"142\">Morozhi Nikoletta<\/td>\n<td width=\"105\">ETK BSc<\/td>\n<td width=\"101\">III.<\/td>\n<td width=\"126\">2025. II.<\/td>\n<td width=\"305\">Dr. Szekeres M\u00e1ria, Dr. B\u00e1nyai B\u00e1lint, Dr. Kiss Judit<\/td>\n<\/tr>\n<tr>\n<td width=\"142\">Morvai Eliza<\/td>\n<td width=\"105\">\u00c1OK<\/td>\n<td width=\"101\">III.<\/td>\n<td width=\"126\">2024. IX.<\/td>\n<td width=\"305\">Dr. M\u00f3csai Attila, Dr. Futosi Krisztina<\/td>\n<\/tr>\n<tr>\n<td width=\"142\">Nagy Benedek<\/td>\n<td width=\"105\">\u00c1OK<\/td>\n<td width=\"101\">VI.<\/td>\n<td width=\"126\">2023.IX<\/td>\n<td width=\"305\">Dr Kem\u00e9ny Lajos, P\u00e1l Dorottya<\/td>\n<\/tr>\n<tr>\n<td width=\"142\">Nagymih\u00e1ly Zita Panka<\/td>\n<td width=\"105\">\u00c1OK<\/td>\n<td width=\"101\">VI.<\/td>\n<td width=\"126\">2022.IX.<\/td>\n<td width=\"305\">Dr. N\u00e9meth Tam\u00e1s, K\u00e1poszt\u00e1s Eszter<\/td>\n<\/tr>\n<tr>\n<td width=\"142\">Papp Zsolt<\/td>\n<td width=\"105\">\u00c1OK<\/td>\n<td width=\"101\">IV.<\/td>\n<td width=\"126\">2024. VII.<\/td>\n<td width=\"305\">Dr. Horv\u00e1th Eszter M\u00e1ria, Dr. B\u00e1nyai B\u00e1lint<\/td>\n<\/tr>\n<tr>\n<td width=\"142\">Paulovits Barnab\u00e1s<\/td>\n<td width=\"105\">\u00c1OK\u00a0<\/td>\n<td width=\"101\">IV.<\/td>\n<td width=\"126\">2024 II.<\/td>\n<td width=\"305\">Dr. Enyedi Bal\u00e1zs<\/td>\n<\/tr>\n<tr>\n<td width=\"142\">Pintye Zsombor<\/td>\n<td width=\"105\">\u00c1OK<\/td>\n<td width=\"101\">III.<\/td>\n<td width=\"126\">2025. IX.<\/td>\n<td width=\"305\">Dr. V\u00e1rnai P\u00e9ter, Dr. T\u00f3th D\u00e1niel<\/td>\n<\/tr>\n<tr>\n<td width=\"142\">Pivoda D\u00e1niel<\/td>\n<td width=\"105\">\u00c1OK<\/td>\n<td width=\"101\">III.<\/td>\n<td width=\"126\">2025. II.<\/td>\n<td width=\"305\">Dr. Kem\u00e9ny Lajos<\/td>\n<\/tr>\n<tr>\n<td width=\"142\">Pokol Bori<\/td>\n<td width=\"105\">\u00c1OK<\/td>\n<td width=\"101\">III.<\/td>\n<td width=\"126\">2025. II.<\/td>\n<td width=\"305\">Dr. Horv\u00e1th Eszter M\u00e1ria, Benk\u0151 Rita<\/td>\n<\/tr>\n<tr>\n<td width=\"142\">Pourmohammad Mejdar, Mohsen<\/td>\n<td width=\"105\">EM<\/td>\n<td width=\"101\">IV.<\/td>\n<td width=\"126\">2024. IX.<\/td>\n<td width=\"305\">Dr. Jakus Zolt\u00e1n, Kemecsei \u00c9va<\/td>\n<\/tr>\n<tr>\n<td width=\"142\">Pusk\u00e1s Attila<\/td>\n<td width=\"105\">\u00c1OK<\/td>\n<td width=\"101\">IV.<\/td>\n<td width=\"126\">2024. VII.<\/td>\n<td width=\"305\">Dr. Enyedi Bal\u00e1zs<\/td>\n<\/tr>\n<tr>\n<td width=\"142\">Rajnai Zs\u00f3fia<\/td>\n<td width=\"105\">\u00c1OK<\/td>\n<td width=\"101\">III.<\/td>\n<td width=\"126\">2025. IX.<\/td>\n<td width=\"305\">Dr. N\u00e9meth Tam\u00e1s, Dr. Balogh Lili<\/td>\n<\/tr>\n<tr>\n<td width=\"142\">Rippert Soma<\/td>\n<td width=\"105\">\u00c1OK<\/td>\n<td width=\"101\">III.<\/td>\n<td width=\"126\">2025. IX.<\/td>\n<td width=\"305\">Dr. N\u00e9meth Tam\u00e1s<\/td>\n<\/tr>\n<tr>\n<td width=\"142\">Roh\u00e1n Zsuzsanna<\/td>\n<td width=\"105\">P\u00e1zm\u00e1ny &#8211; MSc<\/td>\n<td width=\"101\">I.<\/td>\n<td width=\"126\">2025. IX.<\/td>\n<td width=\"305\">Dr. Enyedi Bal\u00e1zs, Dr. Roux Benoit<\/td>\n<\/tr>\n<tr>\n<td width=\"142\">Seres Bence<\/td>\n<td width=\"105\">\u00c1OK<\/td>\n<td width=\"101\">II.<\/td>\n<td width=\"126\">2025.I.<\/td>\n<td width=\"305\">Dr. Enyedi Bal\u00e1zs<\/td>\n<\/tr>\n<tr>\n<td width=\"142\">Shaikh Abdul Bari\u00a0<\/td>\n<td width=\"105\">EM<\/td>\n<td width=\"101\">III.<\/td>\n<td width=\"126\">2025.IX.<\/td>\n<td width=\"305\">Dr. B\u00far Zs\u00f3fia, Dr. Ella Krisztina, Dr. K\u00e1ldi Krisztina<\/td>\n<\/tr>\n<tr>\n<td width=\"142\">Siman, Shhab\u00a0<\/td>\n<td width=\"105\">EM<\/td>\n<td width=\"101\">IV.<\/td>\n<td width=\"126\">2024. IX.<\/td>\n<td width=\"305\">Dr. Kiss Levente<\/td>\n<\/tr>\n<tr>\n<td width=\"142\">Singh, Aishani\u00a0<\/td>\n<td width=\"105\">EM<\/td>\n<td width=\"101\">III.<\/td>\n<td width=\"126\">2025.IX.<\/td>\n<td width=\"305\">Pergel Enik\u0151<\/td>\n<\/tr>\n<tr>\n<td width=\"142\">Sipos R\u00e9ka<\/td>\n<td width=\"105\">\u00c1OK<\/td>\n<td width=\"101\">III.<\/td>\n<td width=\"126\">2025. IX.<\/td>\n<td width=\"305\">Dr. T\u00f3th D\u00e1niel, Dr. V\u00e1rnai P\u00e9ter<\/td>\n<\/tr>\n<tr>\n<td width=\"142\">Szab\u00f3, Vikt\u00f3ria Fl\u00f3ra<\/td>\n<td width=\"105\">GYTK<\/td>\n<td width=\"101\">III.<\/td>\n<td width=\"126\">2024. IX.<\/td>\n<td width=\"305\">Dr. M\u00f3csai Attila, Deli Dorottya<\/td>\n<\/tr>\n<tr>\n<td width=\"142\">Szalay Tam\u00e1s Soma<\/td>\n<td width=\"105\">\u00c1OK\u00a0<\/td>\n<td width=\"101\">III.<\/td>\n<td width=\"126\">2024. II.<\/td>\n<td width=\"305\">Dr. M\u00f3csai Attila, Vik\u00e1r Simon<\/td>\n<\/tr>\n<tr>\n<td width=\"142\">Sz\u00e1nt\u00f3 Csongor<\/td>\n<td width=\"105\">\u00c1OK<\/td>\n<td width=\"101\">IV.<\/td>\n<td width=\"126\">2023. II.<\/td>\n<td width=\"305\">Dr. K\u00e1ldi Krisztina, Dr. Ella Krisztina<\/td>\n<\/tr>\n<tr>\n<td width=\"142\">Szil\u00e1rd Nikolett<\/td>\n<td width=\"105\">\u00c1OK<\/td>\n<td width=\"101\">III.<\/td>\n<td width=\"126\">2025. IX.<\/td>\n<td width=\"305\">Dr. Bal\u00e1zs Bernadett<\/td>\n<\/tr>\n<tr>\n<td width=\"142\">Sz\u0151ts Botond \u00c1kos<\/td>\n<td width=\"105\">\u00c1OK<\/td>\n<td width=\"101\">IV.<\/td>\n<td width=\"126\">2024. IX.<\/td>\n<td width=\"305\">Dr. K\u00e1ldi Krisztina, Dr. Ella Krisztina<\/td>\n<\/tr>\n<tr>\n<td width=\"142\">Varga Bence<\/td>\n<td width=\"105\">\u00c1OK<\/td>\n<td width=\"101\">III.<\/td>\n<td width=\"126\">2024 IX.<\/td>\n<td width=\"305\">Dr. Szekeres M\u00e1ria, Dr. Koller \u00c1kos<\/td>\n<\/tr>\n<tr>\n<td width=\"142\">Varga Dominik<\/td>\n<td width=\"105\">\u00c1OK<\/td>\n<td width=\"101\">III.<\/td>\n<td width=\"126\">2025. IX.<\/td>\n<td width=\"305\">Dr. N\u00e9meth Tam\u00e1s, Majerhoffer N\u00f3ra<\/td>\n<\/tr>\n<tr>\n<td width=\"142\">Varga M\u00e1t\u00e9<\/td>\n<td width=\"105\">\u00c1OK<\/td>\n<td width=\"101\">IV.<\/td>\n<td width=\"126\">2024. IX.<\/td>\n<td width=\"305\">Dr. Bal\u00e1zs Bernadett<\/td>\n<\/tr>\n<tr>\n<td width=\"142\">Vendl Bernadett<\/td>\n<td width=\"105\">\u00c1OK<\/td>\n<td width=\"101\">VI.<\/td>\n<td width=\"126\">2023. II.<\/td>\n<td width=\"305\">Dr. Ella Krisztina<\/td>\n<\/tr>\n<tr>\n<td width=\"142\">Vimalan, Netra<\/td>\n<td width=\"105\">EM<\/td>\n<td width=\"101\">III.<\/td>\n<td width=\"126\">2025.IX.<\/td>\n<td width=\"305\">Dr. V\u00e1rnai P\u00e9ter, Dr. T\u00f3th D\u00e1niel<\/td>\n<\/tr>\n<\/tbody>\n<\/table>\n","protected":false},"excerpt":{"rendered":"<p>TDK hallgat\u00f3k \/ TDK Students \/ TDK Studenten 2025\/26\/1. &nbsp; &nbsp; &nbsp; &nbsp; &nbsp; Hallgat\u00f3 neve Kar\u00a0 TDK kezdete T\u00e9mavezet\u0151 neve TDK t\u00e9ma (opcion\u00e1lisan megadand\u00f3 csak)\u00a0 Alb\u00e9rt Rebeka \u00c1OK IV. 2024. IX. Dr. M\u00f3csai Attila, Dr. Vik\u00e1r Simon Andr\u00e1si Zs\u00f3fi \u00c1OK III. 2025. IX. Dr. Ella Krisztina Antal- K\u00f6z Csaba \u00c1OK IV. 2024. VII. Dr. &hellip;<\/p>\n","protected":false},"author":101165,"featured_media":0,"parent":0,"menu_order":0,"comment_status":"closed","ping_status":"closed","template":"","meta":{"_acf_changed":false,"footnotes":""},"categories":[],"tags":[],"class_list":["post-7371","page","type-page","status-publish","hentry"],"acf":[],"_links":{"self":[{"href":"https:\/\/semmelweis.hu\/elettan\/wp-json\/wp\/v2\/pages\/7371","targetHints":{"allow":["GET"]}}],"collection":[{"href":"https:\/\/semmelweis.hu\/elettan\/wp-json\/wp\/v2\/pages"}],"about":[{"href":"https:\/\/semmelweis.hu\/elettan\/wp-json\/wp\/v2\/types\/page"}],"author":[{"embeddable":true,"href":"https:\/\/semmelweis.hu\/elettan\/wp-json\/wp\/v2\/users\/101165"}],"replies":[{"embeddable":true,"href":"https:\/\/semmelweis.hu\/elettan\/wp-json\/wp\/v2\/comments?post=7371"}],"version-history":[{"count":1,"href":"https:\/\/semmelweis.hu\/elettan\/wp-json\/wp\/v2\/pages\/7371\/revisions"}],"predecessor-version":[{"id":7373,"href":"https:\/\/semmelweis.hu\/elettan\/wp-json\/wp\/v2\/pages\/7371\/revisions\/7373"}],"wp:attachment":[{"href":"https:\/\/semmelweis.hu\/elettan\/wp-json\/wp\/v2\/media?parent=7371"}],"wp:term":[{"taxonomy":"category","embeddable":true,"href":"https:\/\/semmelweis.hu\/elettan\/wp-json\/wp\/v2\/categories?post=7371"},{"taxonomy":"post_tag","embeddable":true,"href":"https:\/\/semmelweis.hu\/elettan\/wp-json\/wp\/v2\/tags?post=7371"}],"curies":[{"name":"wp","href":"https:\/\/api.w.org\/{rel}","templated":true}]}}