{"id":7058,"date":"2025-04-04T11:35:38","date_gmt":"2025-04-04T09:35:38","guid":{"rendered":"https:\/\/semmelweis.hu\/elettan\/?page_id=7058"},"modified":"2025-04-11T09:39:59","modified_gmt":"2025-04-11T07:39:59","slug":"otka","status":"publish","type":"page","link":"https:\/\/semmelweis.hu\/elettan\/otka\/","title":{"rendered":"OTKA"},"content":{"rendered":"<p class=\"\" data-start=\"562\" data-end=\"919\">B\u00fcszk\u00e9n mutatjuk be azokat a kutat\u00e1si projekteket, amelyek a Nemzeti Kutat\u00e1si, Fejleszt\u00e9si \u00e9s Innov\u00e1ci\u00f3s Hivatal (NKFIH) \u00e1ltal meghirdetett OTKA p\u00e1ly\u00e1zatok t\u00e1mogat\u00e1s\u00e1val val\u00f3sulnak meg Int\u00e9zet\u00fcnkben. Ezek a projektek a hazai tudom\u00e1nyos kiv\u00e1l\u00f3s\u00e1got \u00e9s innov\u00e1ci\u00f3s potenci\u00e1lt k\u00e9pviselik \u00e9s hozz\u00e1j\u00e1rulnak nemzetk\u00f6zi szinten is elismert eredm\u00e9nyek sz\u00fclet\u00e9s\u00e9hez.<\/p>\n<p class=\"\" data-start=\"921\" data-end=\"1106\">A lentiekben az \u00c9lettani Int\u00e9zetben jelenleg fut\u00f3 OTKA t\u00e1mogat\u00e1s\u00fa kutat\u00e1sok list\u00e1j\u00e1t tal\u00e1lja meg az egyes projektek alapadataival \u00e9s r\u00f6vid le\u00edr\u00e1s\u00e1val.<\/p>\n<p data-start=\"921\" data-end=\"1106\"><a href=\"https:\/\/semmelweis.hu\/elettan\/files\/2025\/04\/NKFI_FK-129206-HorvathEM.pdf\">Dr. Horv\u00e1th Eszter M\u00e1ria &#8211; Immunsejtek poli(ADP-rib\u00f3z) polimer\u00e1z aktiv\u00e1ci\u00f3j\u00e1nak szerepe gyullad\u00e1sos b\u00e9lbetegs\u00e9gben<\/a><\/p>\n<p data-start=\"921\" data-end=\"1106\"><a href=\"https:\/\/semmelweis.hu\/elettan\/files\/2025\/04\/250408_OTKA127988-zaro-honlapra-nyilvanossagnak.pdf\">Dr. Czirj\u00e1k G\u00e1bor &#8211; A primer \u00e9rz\u0151neuronok nyugalmi membr\u00e1npotenci\u00e1lj\u00e1t meghat\u00e1roz\u00f3 TRESK h\u00e1tt\u00e9r K+ csatorna molekul\u00e1ris szab\u00e1lyoz\u00e1si mechanizmusainak vizsg\u00e1lata<\/a><\/p>\n<p data-start=\"921\" data-end=\"1106\"><a href=\"https:\/\/semmelweis.hu\/elettan\/files\/2025\/04\/OTKA_FK-128376_laikus_osszefoglalo_vS.pdf\">Dr. Cs\u00e9p\u00e1nyi-K\u00f6mi Roland &#8211; Az ARHGAP25 szerepe gyullad\u00e1ssal j\u00e1r\u00f3 betegs\u00e9gek patomechanizmus\u00e1ban<\/a><\/p>\n<p data-start=\"921\" data-end=\"1106\">Dr. M\u00f3csai Attila &#8211; A neutrofil granulocit\u00e1k m\u0171k\u00f6d\u00e9s\u00e9nek genetikai vizsg\u00e1lata<\/p>\n<p data-start=\"921\" data-end=\"1106\">Dr. K\u00e1ldi Krisztina &#8211; A metabolizmus, a cirkadi\u00e1n szab\u00e1lyoz\u00e1s \u00e9s az immunrendszer k\u00f6lcs\u00f6nhat\u00e1sai: a metabolikus ritmus szerepe az immunfunkci\u00f3k szab\u00e1lyoz\u00e1s\u00e1ban<\/p>\n<p data-start=\"921\" data-end=\"1106\">Dr. Gy\u0151ri D\u00e1vid &#8211; Az oszteoklaszt-aktiv\u00e1l\u00f3d\u00e1s molekul\u00e1ris mechanizmusainak vizsg\u00e1lata a csont\u00e1tt\u00e9tek kialakul\u00e1sa sor\u00e1n<\/p>\n<p data-start=\"921\" data-end=\"1106\">Dr. Geiszt Mikl\u00f3s &#8211; A peroxidazin vaszkul\u00e1ris funkci\u00f3inak azonos\u00edt\u00e1sa genetikai m\u00f3dszerek felhaszn\u00e1l\u00e1s\u00e1val<\/p>\n<p data-start=\"921\" data-end=\"1106\"><a href=\"https:\/\/semmelweis.hu\/elettan\/files\/2025\/04\/FK132251-OTKA-rovid-osszefoglalo-a-honlapra-NemethT.pdf\">Dr. N\u00e9meth Tam\u00e1s\u00a0 &#8211; A neutrofil granulocit\u00e1k \u00e9s a szinovi\u00e1lis fibroblasztok k\u00f6z\u00f6tti kapcsolatok felt\u00e9rk\u00e9pez\u00e9se autoimmun \u00edz\u00fcleti gyullad\u00e1sban<\/a><\/p>\n<p data-start=\"921\" data-end=\"1106\">Dr. V\u00e1rnai P\u00e9ter &#8211; A hormon\u00e1lis ingerl\u00e9sre bek\u00f6vetkez\u0151 foszfoinozitid-v\u00e1ltoz\u00e1s mint\u00e1zatok kialakul\u00e1s\u00e1nak \u00e9s jelent\u0151s\u00e9g\u00e9nek vizsg\u00e1lata eml\u0151s sejtekben<\/p>\n<p data-start=\"921\" data-end=\"1106\">Dr. Jakus Zolt\u00e1n &#8211; A szervspecifikus nyirok\u00e9r n\u00f6veked\u00e9s \u00e9s funkci\u00f3 modul\u00e1l\u00e1sa nukleozid-m\u00f3dos\u00edtott mRNS-ek seg\u00edts\u00e9g\u00e9vel<\/p>\n<p data-start=\"921\" data-end=\"1106\">Dr. Kem\u00e9ny Lajos &#8211; MITF transzkripci\u00f3s faktor szerep\u00e9nek vizsg\u00e1lata reakt\u00edv oxig\u00e9n sz\u00e1rmaz\u00e9kok szab\u00e1lyoz\u00e1s\u00e1ban melanom\u00e1ban<\/p>\n<p data-start=\"921\" data-end=\"1106\">Dr. L\u0151rincz M\u00e1rton \u00c1kos &#8211; Neutrofil granulocita eredet\u0171 extracellul\u00e1ris vezikul\u00e1k immunmodul\u00e1ns hat\u00e1sa<\/p>\n<p data-start=\"921\" data-end=\"1106\">Dr. Turu G\u00e1bor &#8211; A \u03b2-arresztinek szerep\u00e9nek felt\u00e9rk\u00e9pez\u00e9se a nem receptor feh\u00e9rj\u00e9k szab\u00e1lyoz\u00e1s\u00e1ban<\/p>\n<p data-start=\"921\" data-end=\"1106\">Dr. Hunyady L\u00e1szl\u00f3 &#8211; \u00daj receptor ligandok szerkezeten alapul\u00f3 azonos\u00edt\u00e1sa \u00e9s karakteriz\u00e1l\u00e1sa<\/p>\n<p data-start=\"921\" data-end=\"1106\">Dr. N\u00e9meth Tam\u00e1s &#8211; A Dektin-2 szerepe immunkomplex-medi\u00e1lt gyullad\u00e1sos folyamatokban<\/p>\n<p data-start=\"921\" data-end=\"1106\">Pape Veronika Friederike Sophia &#8211; A DUOX1 NADPH oxidas\u00e1z c\u00e9lpontjainak azonos\u00edt\u00e1sa<\/p>\n<p data-start=\"921\" data-end=\"1106\">Dr. Alm\u00e1ssy J\u00e1nos &#8211; Rianop\u00e1ti\u00e1k k\u00f3r\u00e9lettana \u00e9s gy\u00f3gyszertana<\/p>\n<p data-start=\"921\" data-end=\"1106\">Dr. Led\u00f3 N\u00f3ra &#8211; A ren\u00e1lis endonukle\u00e1z aktivit\u00e1s m\u00f3dos\u00edt\u00e1sa, mint lehets\u00e9ges ter\u00e1pi\u00e1s c\u00e9lpont lupus nephritisben<\/p>\n<p data-start=\"921\" data-end=\"1106\">Dr. Geiszt Mikl\u00f3s &#8211; A PXDNL feh\u00e9rje \u00e9lettani szerep\u00e9nek vizsg\u00e1lata<\/p>\n<p data-start=\"921\" data-end=\"1106\">Dr. Enyedi P\u00e9ter &#8211; A k\u00e1lium csatorna regul\u00e1tor KCNRG \u00faj szerepe a kisv\u00e9rk\u00f6ri kering\u00e9sben<\/p>\n<p data-start=\"921\" data-end=\"1106\">Dr. Futosi Krisztina &#8211; Tirozin-kin\u00e1z jelp\u00e1ly\u00e1k szerepe az ur\u00e1t-krist\u00e1lyok \u00e1ltal kiv\u00e1ltott autoinflammat\u00f3rikus folyamatokban<\/p>\n<p data-start=\"921\" data-end=\"1106\">Dr. Enyedi Bal\u00e1zs &#8211; LTB4 \u201cInflamapping\u201d: Az LTB4 felszabadul\u00e1s \u00e9s sz\u00f6veti eloszl\u00e1s szab\u00e1lyoz\u00e1s\u00e1nak vizsg\u00e1lata \u00faj fluoreszcens bioszenzorokkal<\/p>\n<p data-start=\"921\" data-end=\"1106\">Dr. M\u00f3csai Attila &#8211; Az oszteoklasztok fejl\u0151d\u00e9s\u00e9nek vizsg\u00e1lata \u00faj genetikai megk\u00f6zel\u00edt\u00e9ssel<\/p>\n<p data-start=\"921\" data-end=\"1106\">\u00a0<\/p>\n","protected":false},"excerpt":{"rendered":"<p>B\u00fcszk\u00e9n mutatjuk be azokat a kutat\u00e1si projekteket, amelyek a Nemzeti Kutat\u00e1si, Fejleszt\u00e9si \u00e9s Innov\u00e1ci\u00f3s Hivatal (NKFIH) \u00e1ltal meghirdetett OTKA p\u00e1ly\u00e1zatok t\u00e1mogat\u00e1s\u00e1val val\u00f3sulnak meg Int\u00e9zet\u00fcnkben. Ezek a projektek a hazai tudom\u00e1nyos kiv\u00e1l\u00f3s\u00e1got \u00e9s innov\u00e1ci\u00f3s potenci\u00e1lt k\u00e9pviselik \u00e9s hozz\u00e1j\u00e1rulnak nemzetk\u00f6zi szinten is elismert eredm\u00e9nyek sz\u00fclet\u00e9s\u00e9hez. A lentiekben az \u00c9lettani Int\u00e9zetben jelenleg fut\u00f3 OTKA t\u00e1mogat\u00e1s\u00fa kutat\u00e1sok list\u00e1j\u00e1t tal\u00e1lja &hellip;<\/p>\n","protected":false},"author":102481,"featured_media":0,"parent":0,"menu_order":0,"comment_status":"closed","ping_status":"closed","template":"","meta":{"_acf_changed":false,"footnotes":""},"categories":[],"tags":[],"class_list":["post-7058","page","type-page","status-publish","hentry"],"acf":[],"_links":{"self":[{"href":"https:\/\/semmelweis.hu\/elettan\/wp-json\/wp\/v2\/pages\/7058","targetHints":{"allow":["GET"]}}],"collection":[{"href":"https:\/\/semmelweis.hu\/elettan\/wp-json\/wp\/v2\/pages"}],"about":[{"href":"https:\/\/semmelweis.hu\/elettan\/wp-json\/wp\/v2\/types\/page"}],"author":[{"embeddable":true,"href":"https:\/\/semmelweis.hu\/elettan\/wp-json\/wp\/v2\/users\/102481"}],"replies":[{"embeddable":true,"href":"https:\/\/semmelweis.hu\/elettan\/wp-json\/wp\/v2\/comments?post=7058"}],"version-history":[{"count":8,"href":"https:\/\/semmelweis.hu\/elettan\/wp-json\/wp\/v2\/pages\/7058\/revisions"}],"predecessor-version":[{"id":7080,"href":"https:\/\/semmelweis.hu\/elettan\/wp-json\/wp\/v2\/pages\/7058\/revisions\/7080"}],"wp:attachment":[{"href":"https:\/\/semmelweis.hu\/elettan\/wp-json\/wp\/v2\/media?parent=7058"}],"wp:term":[{"taxonomy":"category","embeddable":true,"href":"https:\/\/semmelweis.hu\/elettan\/wp-json\/wp\/v2\/categories?post=7058"},{"taxonomy":"post_tag","embeddable":true,"href":"https:\/\/semmelweis.hu\/elettan\/wp-json\/wp\/v2\/tags?post=7058"}],"curies":[{"name":"wp","href":"https:\/\/api.w.org\/{rel}","templated":true}]}}