{"id":7055,"date":"2025-04-04T11:32:08","date_gmt":"2025-04-04T09:32:08","guid":{"rendered":"https:\/\/semmelweis.hu\/elettan\/?page_id=7055"},"modified":"2025-04-08T13:34:47","modified_gmt":"2025-04-08T11:34:47","slug":"tamogatasok","status":"publish","type":"page","link":"https:\/\/semmelweis.hu\/elettan\/tamogatasok\/","title":{"rendered":"T\u00e1mogat\u00e1sok"},"content":{"rendered":"<p>Az \u00c9lettani Int\u00e9zet kutat\u00f3i a k\u00f6vetkez\u0151 forr\u00e1sokb\u00f3l nyertek el t\u00e1mogat\u00e1sokat a munk\u00e1jukhoz:<\/p>\n<ul>\n<li><a href=\"https:\/\/semmelweis.hu\/elettan\/otka\/\">OTKA<\/a><\/li>\n<li><a href=\"https:\/\/semmelweis.hu\/elettan\/vekop-palyazatok\/\">VEKOP<\/a><\/li>\n<li><a href=\"https:\/\/semmelweis.hu\/elettan\/nvkp-palyazat\/\">NVKP<\/a><\/li>\n<\/ul>\n","protected":false},"excerpt":{"rendered":"<p>Az \u00c9lettani Int\u00e9zet kutat\u00f3i a k\u00f6vetkez\u0151 forr\u00e1sokb\u00f3l nyertek el t\u00e1mogat\u00e1sokat a munk\u00e1jukhoz:<\/p>\n<p><a href=\"https:\/\/semmelweis.hu\/elettan\/otka\/\">OTKA<\/a><br \/>\n<a href=\"https:\/\/semmelweis.hu\/elettan\/vekop-palyazatok\/\">VEKOP<\/a><br \/>\n<a href=\"https:\/\/semmelweis.hu\/elettan\/nvkp-palyazat\/\">NVKP<\/a><\/p>\n","protected":false},"author":102481,"featured_media":0,"parent":0,"menu_order":0,"comment_status":"closed","ping_status":"closed","template":"","meta":{"_acf_changed":false,"footnotes":""},"categories":[],"tags":[],"class_list":["post-7055","page","type-page","status-publish","hentry"],"acf":[],"_links":{"self":[{"href":"https:\/\/semmelweis.hu\/elettan\/wp-json\/wp\/v2\/pages\/7055","targetHints":{"allow":["GET"]}}],"collection":[{"href":"https:\/\/semmelweis.hu\/elettan\/wp-json\/wp\/v2\/pages"}],"about":[{"href":"https:\/\/semmelweis.hu\/elettan\/wp-json\/wp\/v2\/types\/page"}],"author":[{"embeddable":true,"href":"https:\/\/semmelweis.hu\/elettan\/wp-json\/wp\/v2\/users\/102481"}],"replies":[{"embeddable":true,"href":"https:\/\/semmelweis.hu\/elettan\/wp-json\/wp\/v2\/comments?post=7055"}],"version-history":[{"count":5,"href":"https:\/\/semmelweis.hu\/elettan\/wp-json\/wp\/v2\/pages\/7055\/revisions"}],"predecessor-version":[{"id":7068,"href":"https:\/\/semmelweis.hu\/elettan\/wp-json\/wp\/v2\/pages\/7055\/revisions\/7068"}],"wp:attachment":[{"href":"https:\/\/semmelweis.hu\/elettan\/wp-json\/wp\/v2\/media?parent=7055"}],"wp:term":[{"taxonomy":"category","embeddable":true,"href":"https:\/\/semmelweis.hu\/elettan\/wp-json\/wp\/v2\/categories?post=7055"},{"taxonomy":"post_tag","embeddable":true,"href":"https:\/\/semmelweis.hu\/elettan\/wp-json\/wp\/v2\/tags?post=7055"}],"curies":[{"name":"wp","href":"https:\/\/api.w.org\/{rel}","templated":true}]}}