{"id":6795,"date":"2024-09-25T10:44:25","date_gmt":"2024-09-25T08:44:25","guid":{"rendered":"https:\/\/semmelweis.hu\/elettan\/?page_id=6795"},"modified":"2025-11-14T21:46:33","modified_gmt":"2025-11-14T20:46:33","slug":"tdk-themen-deutsch","status":"publish","type":"page","link":"https:\/\/semmelweis.hu\/elettan\/de\/wissenschaftlicher-studentenkreis\/tdk-themen-deutsch\/","title":{"rendered":"TDK Themen (deutsch)"},"content":{"rendered":"<table width=\"746\">\n<tbody>\n<tr>\n<td style=\"text-align: center\" colspan=\"2\" width=\"746\">\n<p><strong>TDK Themen<\/strong><\/p>\n<p>2025\/26<\/p>\n<\/td>\n<\/tr>\n<tr>\n<td>&nbsp;<\/td>\n<td>&nbsp;<\/td>\n<\/tr>\n<tr>\n<td width=\"373\"><strong>Titel der Themen<\/strong><\/td>\n<td width=\"373\"><strong>Promotor (Doktorvater\/Doktormutter) &#8211; mit Grad<\/strong><\/td>\n<\/tr>\n<tr>\n<td width=\"373\">Untersuchung der Funktionen von NADPH-Oxidase 5<\/td>\n<td width=\"373\">Dr. Pethe\u0151, G\u00e1bor; Universit\u00e4tsdozent, PhD; Dr. Geiszt, Mikl\u00f3s, Professor, DSc<\/td>\n<\/tr>\n<tr>\n<td width=\"373\">Funktionelle Ver\u00e4nderungen der neutrophilen Granulozyten in Sepsis<\/td>\n<td width=\"373\">Dr. Tim\u00e1r, Csaba; Juniordozent, PhD<\/td>\n<\/tr>\n<\/tbody>\n<\/table>\n","protected":false},"excerpt":{"rendered":"<p>TDK Themen<br \/>\n2025\/26<\/p>\n<p>&nbsp;<br \/>\n&nbsp;<\/p>\n<p>Titel der Themen<br \/>\nPromotor (Doktorvater\/Doktormutter) &#8211; mit Grad<\/p>\n<p>Untersuchung der Funktionen von NADPH-Oxidase 5<br \/>\nDr. Pethe\u0151, G\u00e1bor; Universit\u00e4tsdozent, PhD; Dr. Geiszt, Mikl\u00f3s, Professor, DSc<\/p>\n<p>Funktionelle Ver\u00e4nderungen der neutrophilen Granulozyten in Sepsis<br \/>\nDr. Tim\u00e1r, Csaba; Juniordozent, PhD<\/p>\n","protected":false},"author":101165,"featured_media":0,"parent":4824,"menu_order":0,"comment_status":"closed","ping_status":"closed","template":"","meta":{"_acf_changed":false,"footnotes":""},"categories":[],"tags":[],"class_list":["post-6795","page","type-page","status-publish","hentry"],"acf":[],"_links":{"self":[{"href":"https:\/\/semmelweis.hu\/elettan\/wp-json\/wp\/v2\/pages\/6795","targetHints":{"allow":["GET"]}}],"collection":[{"href":"https:\/\/semmelweis.hu\/elettan\/wp-json\/wp\/v2\/pages"}],"about":[{"href":"https:\/\/semmelweis.hu\/elettan\/wp-json\/wp\/v2\/types\/page"}],"author":[{"embeddable":true,"href":"https:\/\/semmelweis.hu\/elettan\/wp-json\/wp\/v2\/users\/101165"}],"replies":[{"embeddable":true,"href":"https:\/\/semmelweis.hu\/elettan\/wp-json\/wp\/v2\/comments?post=6795"}],"version-history":[{"count":4,"href":"https:\/\/semmelweis.hu\/elettan\/wp-json\/wp\/v2\/pages\/6795\/revisions"}],"predecessor-version":[{"id":7391,"href":"https:\/\/semmelweis.hu\/elettan\/wp-json\/wp\/v2\/pages\/6795\/revisions\/7391"}],"up":[{"embeddable":true,"href":"https:\/\/semmelweis.hu\/elettan\/wp-json\/wp\/v2\/pages\/4824"}],"wp:attachment":[{"href":"https:\/\/semmelweis.hu\/elettan\/wp-json\/wp\/v2\/media?parent=6795"}],"wp:term":[{"taxonomy":"category","embeddable":true,"href":"https:\/\/semmelweis.hu\/elettan\/wp-json\/wp\/v2\/categories?post=6795"},{"taxonomy":"post_tag","embeddable":true,"href":"https:\/\/semmelweis.hu\/elettan\/wp-json\/wp\/v2\/tags?post=6795"}],"curies":[{"name":"wp","href":"https:\/\/api.w.org\/{rel}","templated":true}]}}