{"id":6789,"date":"2024-09-25T10:39:41","date_gmt":"2024-09-25T08:39:41","guid":{"rendered":"https:\/\/semmelweis.hu\/elettan\/?page_id=6789"},"modified":"2025-11-14T21:43:49","modified_gmt":"2025-11-14T20:43:49","slug":"tdk-topics","status":"publish","type":"page","link":"https:\/\/semmelweis.hu\/elettan\/en\/tdk-topics\/","title":{"rendered":"TDK Topics"},"content":{"rendered":"<table width=\"746\">\n<tbody>\n<tr>\n<td style=\"text-align: center\" colspan=\"2\" width=\"746\">\n<p><strong>TDK topics <\/strong><\/p>\n<p><strong>2025\/26<\/strong><\/p>\n<\/td>\n<\/tr>\n<tr>\n<td>&nbsp;<\/td>\n<td>&nbsp;<\/td>\n<\/tr>\n<tr>\n<td width=\"373\">Topic<\/td>\n<td width=\"373\">Supervisor<\/td>\n<\/tr>\n<tr>\n<td width=\"373\">Investigation of effects of angiotensin II in vascular smooth muscle cells<\/td>\n<td width=\"373\">Dr. Balla, Andr\u00e1s; associate professor, PhD<\/td>\n<\/tr>\n<tr>\n<td width=\"373\">Role of DUSP enzymes in the effects of angiotensin II.<\/td>\n<td width=\"373\">Dr. Balla, Andr\u00e1s; associate professor, PhD<\/td>\n<\/tr>\n<tr>\n<td width=\"373\">Role of oxidative-nitrative stress in the physiological and pathological processes of the cardiovascular system<\/td>\n<td width=\"373\">Dr. Benk\u0151, Rita; assistant professor, PhD, Dr. Horv\u00e1th, Eszter M\u00e1ria; associate professor, PhD<\/td>\n<\/tr>\n<tr>\n<td width=\"373\">Investigation of TRESK background potassium channel regulation<\/td>\n<td width=\"373\">Dr. Czirj\u00e1k, G\u00e1bor; professor of physiology, DSc<\/td>\n<\/tr>\n<tr>\n<td width=\"373\">Investigation of the regulation of TREK-1 and TREK-2 background potassium channels<\/td>\n<td width=\"373\">Dr. Czirj\u00e1k, G\u00e1bor; professor of physiology, DSc<\/td>\n<\/tr>\n<tr>\n<td width=\"373\">Role of GTPase activating proteins in inflammatory diseases<\/td>\n<td width=\"373\">Dr. Cs\u00e9p\u00e1nyi-K\u00f6mi, Roland; associate professor, PhD<\/td>\n<\/tr>\n<tr>\n<td width=\"373\">Investigation of the role of GTPase activating proteins in T cells<\/td>\n<td width=\"373\">Dr. Cs\u00e9p\u00e1nyi-K\u00f6mi, Roland; associate professor, PhD<\/td>\n<\/tr>\n<tr>\n<td width=\"373\">The role of bicarbonate in the regulation of neutrophil effector functions.<\/td>\n<td width=\"373\">Dr. Cs\u00e9p\u00e1nyi-K\u00f6mi, Roland; associate professor, PhD<\/td>\n<\/tr>\n<tr>\n<td width=\"373\">Investigation of the physiological underpinnings of breast tumor diagnosis by optical topography<\/td>\n<td width=\"373\">Dr. Eke, Andr\u00e1s; associate professor, PhD<\/td>\n<\/tr>\n<tr>\n<td width=\"373\">Investigating tissue damage induced inflammation<\/td>\n<td width=\"373\">Dr. Enyedi, Bal\u00e1zs; associate professor, PhD<\/td>\n<\/tr>\n<tr>\n<td width=\"373\">Investigating signaling pathways and nuclear swelling associeted to tissue damage<\/td>\n<td width=\"373\">Dr. Enyedi, Bal\u00e1zs; associate professor, PhD<\/td>\n<\/tr>\n<tr>\n<td width=\"373\">Using novel fluorescent biosensors and optogenetic tools to investigate the steril inflammatory response<\/td>\n<td width=\"373\">Dr. Enyedi, Bal\u00e1zs; associate professor, PhD<\/td>\n<\/tr>\n<tr>\n<td width=\"373\">Function and regulation of the two pre-domain (K2P) potassium channels<\/td>\n<td width=\"373\">Dr. Enyedi, P\u00e9ter; professor emeritus, DSc<\/td>\n<\/tr>\n<tr>\n<td width=\"373\">Potassium channels in the vessels of the pulmonary circulation<\/td>\n<td width=\"373\">Dr. Enyedi, P\u00e9ter; professor emeritus, DSc; Dr. Alm\u00e1ssy, J\u00e1nos; associate professor, PhD<\/td>\n<\/tr>\n<tr>\n<td width=\"373\">Dechipering the molecular mechanisms underlying osteoclast activation during bone metastasis formation<\/td>\n<td width=\"373\">Dr. Gy\u0151ri, D\u00e1vid; assistant professor, PhD<\/td>\n<\/tr>\n<tr>\n<td width=\"373\">Oxidative-nitrative stress and poly(ADP-ribose) polymerase activation in diabetes mellitus and insulin resistance; especially in the development of late complications<\/td>\n<td width=\"373\">Dr. Horv\u00e1th Eszter M\u00e1ria; associate professor, PhD, Dr. Benk\u0151 Rita; assistant professor, PhD<\/td>\n<\/tr>\n<tr>\n<td width=\"373\">Role of HCN channels in the regulation of vascular and endocrine function<\/td>\n<td width=\"373\">Dr. Horv\u00e1th, Eszter M\u00e1ria; associate professor, PhD<\/td>\n<\/tr>\n<tr>\n<td width=\"373\">The role of poly(ADP-ribose) polymerase in the animal model of Crohn&#8217;s disease<\/td>\n<td width=\"373\">Dr. Horv\u00e1th, Eszter M\u00e1ria; associate professor, PhD, Dr. Benk\u0151, Rita; assistant professor, PhD<\/td>\n<\/tr>\n<tr>\n<td width=\"373\">The role of G protein-independent mechanisms in the signal transduction of 7TM receptors<\/td>\n<td width=\"373\">Dr. Hunyady, L\u00e1szl\u00f3; full professor, Member of the Hungarian Academy of Sciences<\/td>\n<\/tr>\n<tr>\n<td width=\"373\">Regulation of the function of G protein-coupled receptors<\/td>\n<td width=\"373\">Dr. Hunyady, L\u00e1szl\u00f3; full professor, Member of the Hungarian Academy of Sciences<\/td>\n<\/tr>\n<tr>\n<td width=\"373\">Investigation of angiotensin II induced gene-expression changes<\/td>\n<td width=\"373\">Dr. Hunyady, L\u00e1szl\u00f3; full professor, Member of the Hungarian Academy of Sciences; Dr. Balla, Andr\u00e1s; associate professor, PhD<\/td>\n<\/tr>\n<tr>\n<td width=\"373\">Studying the organ-specific development and function of the lymphatic vasculature<\/td>\n<td width=\"373\">Dr. Jakus, Zolt\u00e1n; associate professor, PhD<\/td>\n<\/tr>\n<tr>\n<td width=\"373\">Molecular basis of the circadian control<\/td>\n<td width=\"373\">Dr. K\u00e1ldi, Krisztina; full professor, PhD<\/td>\n<\/tr>\n<tr>\n<td width=\"373\">Establishing methods for the investigation of protein-protein interactions in the regulation of the circadian clock<\/td>\n<td width=\"373\">Dr. K\u00e1ldi, Krisztina; full professor, PhD<\/td>\n<\/tr>\n<tr>\n<td width=\"373\">Daily rhythm of phagocyte responses<\/td>\n<td width=\"373\">Dr. K\u00e1ldi, Krisztina; full professor, PhD, Dr. Ella, Krisztina; assistant professor, PhD<\/td>\n<\/tr>\n<tr>\n<td width=\"373\">Investigation of interactions between metabolism and circadian rhythm<\/td>\n<td width=\"373\">Dr. K\u00e1ldi, Krisztina; full professor, PhD, Dr. Ella, Krisztina; assistant professor, PhD<\/td>\n<\/tr>\n<tr>\n<td width=\"373\">Role of the circadian clock in the control of immune cells<\/td>\n<td width=\"373\">Dr. K\u00e1ldi, Krisztina; full professor, PhD, Dr. Ella, Krisztina; assistant professor, PhD<\/td>\n<\/tr>\n<tr>\n<td width=\"373\">Role of pigmentation in the regulation of ferroptosis in melanocytes and melanoma<\/td>\n<td width=\"373\">Dr. Kem\u00e9ny, Lajos; senior research fellow<\/td>\n<\/tr>\n<tr>\n<td width=\"373\">Investigation of resistance mechanisms against immune based therapies in melanoma<\/td>\n<td width=\"373\">Dr. Kem\u00e9ny, Lajos; senior research fellow<\/td>\n<\/tr>\n<tr>\n<td width=\"373\">Role of MITF in the regulation of survival of melanocytes and melanoma cells<\/td>\n<td width=\"373\">Dr. Kem\u00e9ny, Lajos; senior research fellow<\/td>\n<\/tr>\n<tr>\n<td width=\"373\">Role of MITF in ferroptotic cell death in melanocytes and melanoma cells<\/td>\n<td width=\"373\">Dr. Kem\u00e9ny, Lajos; senior research fellow<\/td>\n<\/tr>\n<tr>\n<td width=\"373\">Regulation of CMB complex in keratinocytes<\/td>\n<td width=\"373\">Dr. Kem\u00e9ny, Lajos; senior research fellow<\/td>\n<\/tr>\n<tr>\n<td width=\"373\">Educational research in the field of medical education<\/td>\n<td width=\"373\">Dr. Kiss, Levente; associate professor, PhD<\/td>\n<\/tr>\n<tr>\n<td width=\"373\">Examination of signal transduction pathways in immune cells by genetic approaches<\/td>\n<td width=\"373\">Dr. M\u00f3csai, Attila; full professor, Corresponding Member of the Hungarian Academy of Sciences<\/td>\n<\/tr>\n<tr>\n<td width=\"373\">Analysis of innate immune function by CRISPR\/Cas9-based genetic engineering<\/td>\n<td width=\"373\">Dr. M\u00f3csai, Attila; full professor, Corresponding Member of the Hungarian Academy of Sciences<\/td>\n<\/tr>\n<tr>\n<td width=\"373\">Examination of the molecular mechanisms of autoimmune inflammatory dieases<\/td>\n<td width=\"373\">Dr. M\u00f3csai, Attila; full professor, Corresponding Member of the Hungarian Academy of Sciences<\/td>\n<\/tr>\n<tr>\n<td width=\"373\">Identification of novel therapeutic targets in inflammatory diseases<\/td>\n<td width=\"373\">Dr. M\u00f3csai, Attila; full professor, Corresponding Member of the Hungarian Academy of Sciences<\/td>\n<\/tr>\n<tr>\n<td width=\"373\">Molecular mechanisms in octeoclast function and bone resorption<\/td>\n<td width=\"373\">Dr. M\u00f3csai, Attila; full professor, Corresponding Member of the Hungarian Academy of Sciences<\/td>\n<\/tr>\n<tr>\n<td width=\"373\">Biomechanical and pharmaco-physiological control mechanisms in experimental hypertension<\/td>\n<td width=\"373\">Dr. N\u00e1dasy, Gy\u00f6rgy; associate professor, PhD<\/td>\n<\/tr>\n<tr>\n<td width=\"373\">Alterations of cerebral resistance arteries in pregnancy and training<\/td>\n<td width=\"373\">Dr. N\u00e1dasy, Gy\u00f6rgy; associate professor, PhD<\/td>\n<\/tr>\n<tr>\n<td width=\"373\">Investigation of NADPH oxidase 5 functions<\/td>\n<td width=\"373\">Dr. Pethe\u0151, G\u00e1bor; associate professor, PhD; Dr. Geiszt, Mikl\u00f3s; full professor, DSc<\/td>\n<\/tr>\n<tr>\n<td width=\"373\">Alteration of neutrophil functions in sepsis<\/td>\n<td width=\"373\">Dr. Tim\u00e1r, Csaba; assistant professor, PhD<\/td>\n<\/tr>\n<tr>\n<td width=\"373\">Characterization of the surface of netrophil-derived extracellular vesicles<\/td>\n<td width=\"373\">Dr. Tim\u00e1r, Csaba; assistant professor, PhD<\/td>\n<\/tr>\n<tr>\n<td width=\"373\">Investigation of the cellular functions of inositol lipids<\/td>\n<td width=\"373\">Dr. T\u00f3th, D\u00e1niel; assistant professor, PhD, Dr. V\u00e1rnai, P\u00e9ter; full professor, DSc<\/td>\n<\/tr>\n<tr>\n<td width=\"373\">Investigation of phosphoinositide metabolism by acutely inducible enzyme degradation<\/td>\n<td width=\"373\">Dr. T\u00f3th, D\u00e1niel; assistant professor, PhD, Dr. V\u00e1rnai, P\u00e9ter; full professor, DSc<\/td>\n<\/tr>\n<tr>\n<td width=\"373\">Regulation of the signal transduction through beta-arrestins<\/td>\n<td width=\"373\">Dr. Turu, G\u00e1bor; associate professor<\/td>\n<\/tr>\n<tr>\n<td width=\"373\">Evaluation of decisive factors for the signaling efficacy of GPCRs<\/td>\n<td width=\"373\">Dr. Turu, G\u00e1bor; associate professor, PhD, Dr. T\u00f3th, Andr\u00e1s; research fellow, PhD<\/td>\n<\/tr>\n<tr>\n<td width=\"373\">Development of methods for altering intracellular inositol lipid levels<\/td>\n<td width=\"373\">Dr. V\u00e1rnai, P\u00e9ter; full professor, DSc<\/td>\n<\/tr>\n<tr>\n<td width=\"373\">Development of molecular tools for detecting intracellular inositol lipids<\/td>\n<td width=\"373\">Dr. V\u00e1rnai, P\u00e9ter; full professor, DSc<\/td>\n<\/tr>\n<\/tbody>\n<\/table>\n","protected":false},"excerpt":{"rendered":"<p>TDK topics 2025\/26 &nbsp; &nbsp; Topic Supervisor Investigation of effects of angiotensin II in vascular smooth muscle cells Dr. Balla, Andr\u00e1s; associate professor, PhD Role of DUSP enzymes in the effects of angiotensin II. Dr. Balla, Andr\u00e1s; associate professor, PhD Role of oxidative-nitrative stress in the physiological and pathological processes of the cardiovascular system Dr. &hellip;<\/p>\n","protected":false},"author":101165,"featured_media":0,"parent":0,"menu_order":0,"comment_status":"closed","ping_status":"closed","template":"","meta":{"_acf_changed":false,"footnotes":""},"categories":[],"tags":[],"class_list":["post-6789","page","type-page","status-publish","hentry"],"acf":[],"_links":{"self":[{"href":"https:\/\/semmelweis.hu\/elettan\/wp-json\/wp\/v2\/pages\/6789","targetHints":{"allow":["GET"]}}],"collection":[{"href":"https:\/\/semmelweis.hu\/elettan\/wp-json\/wp\/v2\/pages"}],"about":[{"href":"https:\/\/semmelweis.hu\/elettan\/wp-json\/wp\/v2\/types\/page"}],"author":[{"embeddable":true,"href":"https:\/\/semmelweis.hu\/elettan\/wp-json\/wp\/v2\/users\/101165"}],"replies":[{"embeddable":true,"href":"https:\/\/semmelweis.hu\/elettan\/wp-json\/wp\/v2\/comments?post=6789"}],"version-history":[{"count":2,"href":"https:\/\/semmelweis.hu\/elettan\/wp-json\/wp\/v2\/pages\/6789\/revisions"}],"predecessor-version":[{"id":7388,"href":"https:\/\/semmelweis.hu\/elettan\/wp-json\/wp\/v2\/pages\/6789\/revisions\/7388"}],"wp:attachment":[{"href":"https:\/\/semmelweis.hu\/elettan\/wp-json\/wp\/v2\/media?parent=6789"}],"wp:term":[{"taxonomy":"category","embeddable":true,"href":"https:\/\/semmelweis.hu\/elettan\/wp-json\/wp\/v2\/categories?post=6789"},{"taxonomy":"post_tag","embeddable":true,"href":"https:\/\/semmelweis.hu\/elettan\/wp-json\/wp\/v2\/tags?post=6789"}],"curies":[{"name":"wp","href":"https:\/\/api.w.org\/{rel}","templated":true}]}}