{"id":6502,"date":"2023-12-08T15:42:54","date_gmt":"2023-12-08T14:42:54","guid":{"rendered":"https:\/\/semmelweis.hu\/elettan\/?page_id=6502"},"modified":"2023-12-08T15:42:54","modified_gmt":"2023-12-08T14:42:54","slug":"bevezetes-a-cellularis-elektrofiziologia-teruletere","status":"publish","type":"page","link":"https:\/\/semmelweis.hu\/elettan\/oktatas\/phd-kurzus\/bevezetes-a-cellularis-elektrofiziologia-teruletere\/","title":{"rendered":"Bevezet\u00e9s a cellul\u00e1ris elektrofiziol\u00f3gia ter\u00fclet\u00e9re"},"content":{"rendered":"<div class=\"responsive-tabs\">\n<h2 class=\"tabtitle\">\u00d3rarend<\/h2>\n<div class=\"tabcontent\">\n\n<p style=\"margin-top: 0in\"><span style=\"font-size: 15.0pt;color: #1e2326\">\u00d3r\u00e1k: cs\u00fct\u00f6rt\u00f6k, 14:00 \u2013 15:30<\/span><\/p>\n<p style=\"margin-top: 0in\"><span style=\"font-size: 15.0pt;color: #1e2326\">A kurzus els\u0151 \u00f3r\u00e1ja: 2024\/02\/15<\/span><\/p>\n<p style=\"margin-top: 0in\"><span style=\"font-size: 15.0pt;color: #1e2326\">Helysz\u00edne: \u00c9lettani int\u00e9zet k\u00f6nyvt\u00e1ra (EOK, \u201cA\u201d f\u00e9s\u0171, 3. emelet), illetve h\u00e1rom el\u0151ad\u00e1s (ld. a tematik\u00e1ban) Zoom rendszerben (online).<\/span><\/p>\n\n<\/div><h2 class=\"tabtitle\">Le\u00edr\u00e1s<\/h2>\n<div class=\"tabcontent\">\n\n<p><a href=\"https:\/\/semmelweis.hu\/elettan\/files\/2023\/12\/elekrofiz_leiras.pdf\">A kurzus le\u00edr\u00e1sa itt.<\/a><\/p>\n\n<\/div><h2 class=\"tabtitle\">Tematika<\/h2>\n<div class=\"tabcontent\">\n\n<p><a href=\"https:\/\/semmelweis.hu\/elettan\/files\/2023\/12\/elektrofiz_tematika.pdf\">A kurzus tematik\u00e1ja itt.<\/a><\/p>\n<\/div><\/div>\n","protected":false},"excerpt":{"rendered":"<p>\u00d3r\u00e1k: cs\u00fct\u00f6rt\u00f6k, 14:00 \u2013 15:30<br \/>\nA kurzus els\u0151 \u00f3r\u00e1ja: 2024\/02\/15<br \/>\nHelysz\u00edne: \u00c9lettani int\u00e9zet k\u00f6nyvt\u00e1ra (EOK, \u201cA\u201d f\u00e9s\u0171, 3. emelet), illetve h\u00e1rom el\u0151ad\u00e1s (ld. a tematik\u00e1ban) Zoom rendszerben (online).<\/p>\n<p><a href=\"https:\/\/semmelweis.hu\/elettan\/files\/2023\/12\/elekrofiz_leiras.pdf\">A kurzus le\u00edr\u00e1sa itt.<\/a><\/p>\n<p><a href=\"https:\/\/semmelweis.hu\/elettan\/files\/2023\/12\/elektrofiz_tematika.pdf\">A kurzus tematik\u00e1ja itt.<\/a><\/p>\n","protected":false},"author":133,"featured_media":0,"parent":204,"menu_order":0,"comment_status":"closed","ping_status":"closed","template":"","meta":{"_acf_changed":false,"footnotes":""},"categories":[],"tags":[],"class_list":["post-6502","page","type-page","status-publish","hentry"],"acf":[],"_links":{"self":[{"href":"https:\/\/semmelweis.hu\/elettan\/wp-json\/wp\/v2\/pages\/6502","targetHints":{"allow":["GET"]}}],"collection":[{"href":"https:\/\/semmelweis.hu\/elettan\/wp-json\/wp\/v2\/pages"}],"about":[{"href":"https:\/\/semmelweis.hu\/elettan\/wp-json\/wp\/v2\/types\/page"}],"author":[{"embeddable":true,"href":"https:\/\/semmelweis.hu\/elettan\/wp-json\/wp\/v2\/users\/133"}],"replies":[{"embeddable":true,"href":"https:\/\/semmelweis.hu\/elettan\/wp-json\/wp\/v2\/comments?post=6502"}],"version-history":[{"count":4,"href":"https:\/\/semmelweis.hu\/elettan\/wp-json\/wp\/v2\/pages\/6502\/revisions"}],"predecessor-version":[{"id":6508,"href":"https:\/\/semmelweis.hu\/elettan\/wp-json\/wp\/v2\/pages\/6502\/revisions\/6508"}],"up":[{"embeddable":true,"href":"https:\/\/semmelweis.hu\/elettan\/wp-json\/wp\/v2\/pages\/204"}],"wp:attachment":[{"href":"https:\/\/semmelweis.hu\/elettan\/wp-json\/wp\/v2\/media?parent=6502"}],"wp:term":[{"taxonomy":"category","embeddable":true,"href":"https:\/\/semmelweis.hu\/elettan\/wp-json\/wp\/v2\/categories?post=6502"},{"taxonomy":"post_tag","embeddable":true,"href":"https:\/\/semmelweis.hu\/elettan\/wp-json\/wp\/v2\/tags?post=6502"}],"curies":[{"name":"wp","href":"https:\/\/api.w.org\/{rel}","templated":true}]}}