{"id":5488,"date":"2021-09-14T11:15:26","date_gmt":"2021-09-14T09:15:26","guid":{"rendered":"https:\/\/semmelweis.hu\/elettan\/?page_id=5488"},"modified":"2025-01-13T11:24:01","modified_gmt":"2025-01-13T10:24:01","slug":"rektori-palyamunka-szakdolgozatkent-valo-ervenyesitese","status":"publish","type":"page","link":"https:\/\/semmelweis.hu\/elettan\/oktatas\/szakdolgozat\/rektori-palyamunka-szakdolgozatkent-valo-ervenyesitese\/","title":{"rendered":"Rektori p\u00e1lyamunka szakdolgozatk\u00e9nt val\u00f3 \u00e9rv\u00e9nyes\u00edt\u00e9s\u00e9nek szab\u00e1lyoz\u00e1sa"},"content":{"rendered":"<p style=\"text-align: center\"><a href=\"https:\/\/semmelweis.hu\/elettan\/files\/2025\/01\/Rektori-palymunka-mint-szaldolg_beadas-2025.pdf\"><strong>Rektori p\u00e1lyamunka, mint Szakdolgozat az \u00c9lettani Int\u00e9zetben<\/strong><\/a><\/p>\n<p style=\"text-align: center\">Nyomtatv\u00e1nyok rektori p\u00e1lyamunka szakdolgozatk\u00e9nt val\u00f3 \u00e9rv\u00e9nyes\u00edt\u00e9s\u00e9hez: <a href=\"https:\/\/semmelweis.hu\/elettan\/files\/2025\/01\/Rektori-palyamunka-elfogadasa-szakdolgozatkent-1-5_AOK_Elettan.doc\">\u00c1OK<\/a>, <a href=\"https:\/\/semmelweis.hu\/elettan\/files\/2025\/01\/Rektori-palymunka-mint-szaldolg_FOK_Elettan.docx\">FOK<\/a><\/p>\n<p style=\"text-align: center\"><strong><span style=\"font-size: 18pt\">JOGI K\u00d6RNYEZET 2025 (TVSZ)<br \/>\n<\/span><\/strong><\/p>\n<p style=\"text-align: center\"><strong><u>Rektori p\u00e1lyamunka, mint szakdolgozat:<\/u><\/strong><\/p>\n<p style=\"text-align: center\"><strong>A <a href=\"https:\/\/semmelweis.hu\/jogigfoig\/files\/2024\/11\/SZMSZ_HKR_III_KONYV_III_2_RESZ_Tanulmanyi_es_Vizsgaszabalyzat_hatalyos_20241119.pdf\">TVSZ<\/a> rendelkez\u00e9se egyes, a hallgat\u00f3k r\u00e9sz\u00e9re jutalomd\u00edjjal j\u00e1r\u00f3 p\u00e1ly\u00e1zatokr\u00f3l<\/strong><\/p>\n<p style=\"text-align: center\">(18)A d\u00edjjal jutalmazott rektori p\u00e1lyamunk\u00e1kat a t\u00e9ma szerint illet\u00e9kes oktat\u00e1si-kutat\u00e1si<br \/>\nszervezeti egys\u00e9g vezet\u0151j\u00e9nek javaslata alapj\u00e1n a d\u00e9k\u00e1n jeles b\u00edr\u00e1lati javaslat\u00fa<br \/>\nszakdolgozatnak fogadhatja el, amennyiben ezt a hallgat\u00f3 a NEPTUN-EFTR-ben<br \/>\nbeny\u00fajtott k\u00e9rv\u00e9nyben k\u00e9ri.<\/p>\n<p style=\"text-align: center\">(19)Osztatlan mesterk\u00e9pz\u00e9sben r\u00e9szt vev\u0151 hallgat\u00f3k sz\u00e1m\u00e1ra a dics\u00e9rettel jutalmazott<br \/>\nrektori p\u00e1lyamunk\u00e1kat a t\u00e9ma szerint illet\u00e9kes oktat\u00e1si-kutat\u00e1si szervezeti egys\u00e9g<br \/>\nvezet\u0151j\u00e9nek javaslata alapj\u00e1n a d\u00e9k\u00e1n jeles b\u00edr\u00e1lati javaslat\u00fa szakdolgozatnak fogadhatja<br \/>\nel, amennyiben ezt a hallgat\u00f3 a NEPTUN-EFTR-ben beny\u00fajtott k\u00e9rv\u00e9nyben k\u00e9ri.<\/p>\n<p style=\"text-align: center\">(22) A szakdolgozat meg\u00edr\u00e1sa al\u00f3li mentes\u00fcl\u00e9s a v\u00e9d\u00e9s k\u00f6telezetts\u00e9ge al\u00f3l nem mentes\u00edt.<\/p>\n<p style=\"text-align: center\"><strong>Elj\u00e1r\u00e1si rend (jelenleg a Neptun EFTR rendszerben m\u00e9g nem el\u00e9rhet\u0151):<\/strong><\/p>\n<p>1. a hallgat\u00f3 kit\u00f6lti a d\u00edjjal jutalmazott (helyezett vagy dics\u00e9rettel \u00e9rt\u00e9kelt) p\u00e1lyamunka szakdolgozatk\u00e9nt val\u00f3 elfogad\u00e1s\u00e1ra vonatkoz\u00f3 <a href=\"https:\/\/semmelweis.hu\/elettan\/files\/2021\/09\/K\u00e9relem-Diplomamunka-k\u00e9sz\u00edt\u00e9s-al\u00f3li-mentess\u00e9g-rektori-p\u00e1lyamunka.docx\">k\u00e9rv\u00e9nyt<\/a><\/p>\n<p>2. a fenti k\u00e9rv\u00e9nyt eljuttatja az int\u00e9zet vezet\u0151j\u00e9hez, aki vagy elutas\u00edtja a k\u00e9r\u00e9st, vagy t\u00e1mogatja, \u00e9s a k\u00e9rv\u00e9nyt al\u00e1\u00edr\u00e1s\u00e1val \u00e9s az Int\u00e9zet pecs\u00e9tj\u00e9vel l\u00e1tja el<\/p>\n<p>3. az \u00edgy aj\u00e1nlott k\u00e9rv\u00e9nyt a hallgat\u00f3 eljuttatja a kar D\u00e9k\u00e1ni Hivatal\u00e1ba, ahol a d\u00e9k\u00e1n sz\u00e1nd\u00e9ka szerint vagy elutas\u00edtja, vagy t\u00e1mogatja (\u00e9s ez esetben jeles b\u00edr\u00e1lati jegyet javasol) a szakdolgozatk\u00e9nt elfogadott munk\u00e1t.<\/p>\n<p>4. a kit\u00f6lt\u00f6tt <a href=\"https:\/\/semmelweis.hu\/elettan\/files\/2021\/09\/Szakdolgozati-c\u00edmbejelent\u0151-lap.pdf\">szakdolgozat-bejelent\u0151 lapot<\/a> \u00e9s az al\u00e1\u00edrt, enged\u00e9lyezett k\u00e9rv\u00e9ny <strong>elektronikus m\u00e1solat\u00e1<\/strong>t a hallgat\u00f3 k\u00f6teles\u00a0 Dr. Pethe\u0151 G\u00e1bor ( petheo.gabor@med.semmelweis-univ.hu ) tanulm\u00e1nyi felel\u0151snek, \u00e9s m\u00e1solatban Dr. Tihanyi Tekla (tihanyi.tekla_kornelia@med.semmelweis-univ.hu ) oktat\u00e1si adminisztr\u00e1tornak megk\u00fcldeni, hogy a dolgozat szakdolgozatk\u00e9nt is r\u00f6gz\u00edt\u00e9sre ker\u00fclhessen\u00a0 a Neptun rendszerben is.<\/p>\n<p>5. Az \u00edgy szakdolgozatk\u00e9nt elfogadott, jeles b\u00edr\u00e1lati jegy\u0171 p\u00e1lyamunk\u00e1t a szakdolgozatra vonatkoz\u00f3 hat\u00e1rid\u0151k betart\u00e1s\u00e1val, \u00e9s annak azonos m\u00f3dj\u00e1n sz\u00fcks\u00e9ges beadni:<\/p>\n<ul>\n<li>a szakdolgozatot legal\u00e1bb egy pap\u00edralap\u00fa, bek\u00f6ttetett form\u00e1ban<\/li>\n<li>a szakdolgozatot elektronikusan is (pdf + docx)<\/li>\n<li>szakdolgozat v\u00e9d\u00e9si jegyz\u0151k\u00f6nyv\u00e9nek kit\u00f6lt\u00f6tt, al\u00e1\u00edrt, pecs\u00e9tes els\u0151 oldal\u00e1t (Neptunb\u00f3l nyomtathat\u00f3)<\/li>\n<li>\u00a0<span style=\"color: #ff0000\">a D\u00e9k\u00e1ni Hivatal hat\u00e1rozat\u00e1t arr\u00f3l, hogy a rektori p\u00e1lyamunk\u00e1t jeles b\u00edr\u00e1lati jegy\u0171 szakdolgozatnak fogadj\u00e1k el<\/span><\/li>\n<\/ul>\n<p>6. A v\u00e9d\u00e9s a szakdolgozatokra vonatkoz\u00f3 szab\u00e1lyok szerint t\u00f6rt\u00e9nik.<\/p>\n<p>&nbsp;<\/p>\n","protected":false},"excerpt":{"rendered":"<p><a href=\"https:\/\/semmelweis.hu\/elettan\/files\/2025\/01\/Rektori-palymunka-mint-szaldolg_beadas-2025.pdf\">Rektori p\u00e1lyamunka, mint Szakdolgozat az \u00c9lettani Int\u00e9zetben<\/a> Nyomtatv\u00e1nyok rektori p\u00e1lyamunka szakdolgozatk\u00e9nt val\u00f3 \u00e9rv\u00e9nyes\u00edt\u00e9s\u00e9hez: <a href=\"https:\/\/semmelweis.hu\/elettan\/files\/2025\/01\/Rektori-palyamunka-elfogadasa-szakdolgozatkent-1-5_AOK_Elettan.doc\">\u00c1OK<\/a> , <a href=\"https:\/\/semmelweis.hu\/elettan\/files\/2025\/01\/Rektori-palymunka-mint-szaldolg_FOK_Elettan.docx\">FOK<\/a> JOGI K\u00d6RNYEZET 2025 (TVSZ) Rektori p\u00e1lyamunka, mint szakdolgozat: A <a href=\"https:\/\/semmelweis.hu\/jogigfoig\/files\/2024\/11\/SZMSZ_HKR_III_KONYV_III_2_RESZ_Tanulmanyi_es_Vizsgaszabalyzat_hatalyos_20241119.pdf\">TVSZ<\/a> rendelkez\u00e9se egyes, a hallgat\u00f3k r\u00e9sz\u00e9re jutalomd\u00edjjal j\u00e1r\u00f3 p\u00e1ly\u00e1zatokr\u00f3l (18)A d\u00edjjal jutalmazott rektori p\u00e1lyamunk\u00e1kat a t\u00e9ma szerint illet\u00e9kes oktat\u00e1si-kutat\u00e1si szervezeti egys\u00e9g vezet\u0151j\u00e9nek javaslata alapj\u00e1n a d\u00e9k\u00e1n jeles b\u00edr\u00e1lati javaslat\u00fa szakdolgozatnak fogadhatja el, amennyiben ezt a hallgat\u00f3 a NEPTUN-EFTR-ben beny\u00fajtott k\u00e9rv\u00e9nyben &hellip;<\/p>\n","protected":false},"author":101165,"featured_media":0,"parent":4950,"menu_order":0,"comment_status":"closed","ping_status":"closed","template":"","meta":{"_acf_changed":false,"footnotes":""},"categories":[],"tags":[],"class_list":["post-5488","page","type-page","status-publish","hentry"],"acf":[],"_links":{"self":[{"href":"https:\/\/semmelweis.hu\/elettan\/wp-json\/wp\/v2\/pages\/5488","targetHints":{"allow":["GET"]}}],"collection":[{"href":"https:\/\/semmelweis.hu\/elettan\/wp-json\/wp\/v2\/pages"}],"about":[{"href":"https:\/\/semmelweis.hu\/elettan\/wp-json\/wp\/v2\/types\/page"}],"author":[{"embeddable":true,"href":"https:\/\/semmelweis.hu\/elettan\/wp-json\/wp\/v2\/users\/101165"}],"replies":[{"embeddable":true,"href":"https:\/\/semmelweis.hu\/elettan\/wp-json\/wp\/v2\/comments?post=5488"}],"version-history":[{"count":10,"href":"https:\/\/semmelweis.hu\/elettan\/wp-json\/wp\/v2\/pages\/5488\/revisions"}],"predecessor-version":[{"id":6937,"href":"https:\/\/semmelweis.hu\/elettan\/wp-json\/wp\/v2\/pages\/5488\/revisions\/6937"}],"up":[{"embeddable":true,"href":"https:\/\/semmelweis.hu\/elettan\/wp-json\/wp\/v2\/pages\/4950"}],"wp:attachment":[{"href":"https:\/\/semmelweis.hu\/elettan\/wp-json\/wp\/v2\/media?parent=5488"}],"wp:term":[{"taxonomy":"category","embeddable":true,"href":"https:\/\/semmelweis.hu\/elettan\/wp-json\/wp\/v2\/categories?post=5488"},{"taxonomy":"post_tag","embeddable":true,"href":"https:\/\/semmelweis.hu\/elettan\/wp-json\/wp\/v2\/tags?post=5488"}],"curies":[{"name":"wp","href":"https:\/\/api.w.org\/{rel}","templated":true}]}}