{"id":5446,"date":"2021-08-31T14:50:04","date_gmt":"2021-08-31T12:50:04","guid":{"rendered":"https:\/\/semmelweis.hu\/elettan\/?page_id=5446"},"modified":"2025-09-03T10:22:55","modified_gmt":"2025-09-03T08:22:55","slug":"adatelemzes-es-programozas-orvos-biologusoknak-i-2","status":"publish","type":"page","link":"https:\/\/semmelweis.hu\/elettan\/oktatas\/phd-kurzus\/adatelemzes-es-programozas-orvos-biologusoknak-i-2\/","title":{"rendered":"Adatelemz\u00e9s \u00e9s programoz\u00e1s orvos biol\u00f3gusoknak I."},"content":{"rendered":"<div class=\"responsive-tabs\">\n<h2 class=\"tabtitle\">\u00d3rarend<\/h2>\n<div class=\"tabcontent\">\n\n<p>\u00d3r\u00e1k: kedd, 16:00 \u2013 17:30<\/p>\n<p>A kurzus els\u0151 \u00f3r\u00e1ja: 2025\/09\/09<\/p>\n<p>Helysz\u00edne: \u00c9lettani int\u00e9zet k\u00f6nyvt\u00e1ra (EOK, &#8222;A&#8221; f\u00e9s\u0171, 3. emelet), illetve a Zoom rendszer (online), a link a Moodle rendszeren kereszt\u00fcl \u00e9rhet\u0151 el.<\/p>\n<p>Az el\u0151ad\u00e1sokr\u00f3l felv\u00e9tel k\u00e9sz\u00fcl ami k\u00f6vethet\u0151 \u00e9l\u0151ben, illetve k\u00e9s\u0151bb visszan\u00e9zhet\u0151 a Moodle rendszerben.<\/p>\n\n<\/div><h2 class=\"tabtitle\">Le\u00edr\u00e1s<\/h2>\n<div class=\"tabcontent\">\n\n<p style=\"text-align: justify\">A kurzus folyam\u00e1n a hallgat\u00f3k megismerkednek a bioinformatik\u00e1ban, biostatisztik\u00e1ban \u00e9s adatelemz\u00e9sben elterjedten haszn\u00e1lt Python programoz\u00e1si nyelvvel, valamint a kutat\u00e1si projektek \u00e9s k\u00eds\u00e9rletes adatok megfelel\u0151 menedzsel\u00e9s\u00e9vel. Ez a nyelv sz\u00e9les k\u00f6rben haszn\u00e1lt az \u00e1ltal\u00e1nos \u201cdata science\u201d, valamint a bioinformatika \u00e9s a biostatisztika ter\u00fclet\u00e9n is. A kurzus sikeres elv\u00e9gz\u00e9s\u00e9hez el\u0151zetes programoz\u00e1si ismeretekre nincs sz\u00fcks\u00e9g. A tavaszi f\u00e9l\u00e9vben ,,Adatelemz\u00e9s \u00e9s programoz\u00e1s orvos biol\u00f3gusoknak II.\u201d c\u00edmmel a tanultakra \u00e9p\u00edtve komolyabb adatelemz\u00e9si, adatvizualiz\u00e1l\u00e1si m\u00f3dszerek elsaj\u00e1t\u00edt\u00e1s\u00e1ra is lesz lehet\u0151s\u00e9g.<\/p>\n<p style=\"text-align: justify\">\nA kurzus probl\u00e9maorient\u00e1lt, a nyelvek elemeit egyszer\u0171 p\u00e9ld\u00e1kon kereszt\u00fcl tanulj\u00e1k a di\u00e1kok. K\u00e9s\u0151bb val\u00f3di biol\u00f3giai adatsorokon dolgozva tanulj\u00e1k meg az \u00f6sszetettebb feladatok megold\u00e1s\u00e1t. A kurzus sor\u00e1n a tananyaghoz kapcsol\u00f3d\u00f3 heti feladatokat kapnak, amiket k\u00f6vetkez\u0151 alkalommal megbesz\u00e9l\u00fcnk. Az \u00e9rt\u00e9kel\u00e9s a beadott feladatok alapj\u00e1n t\u00f6rt\u00e9nik. A kurzus eredm\u00e9nyes elv\u00e9gz\u00e9se a hallgat\u00f3k r\u00e9sz\u00e9r\u0151l heti 1 \u2013 2 \u00f3ra gyakorl\u00e1st ig\u00e9nyel az \u00f3rai munk\u00e1n k\u00edv\u00fcl.<\/p>\n<p style=\"text-align: justify\">\nA kurzus 14 gyakorlatb\u00f3l \u00e1ll, heti egy-egy alkalommal 90 perces id\u0151tartamban. A kurzus elv\u00e9gz\u00e9s\u00e9hez sz\u00fcks\u00e9g van sz\u00e1m\u00edt\u00f3g\u00e9pre, err\u0151l a hallgat\u00f3knak maguknak kell gondoskodniuk, valamint Google bel\u00e9p\u00e9sre is sz\u00fcks\u00e9g\u00fck lesz. A gyakorlatokat Cserz\u0151 Mikl\u00f3s tartja:<\/p>\n<p style=\"text-align: justify;padding-left: 40px\">&#8212; Python alapok &#8212;<\/p>\n<ol>\n<li>Python alapok \u2013 Google colab fel\u00fclet, v\u00e1ltoz\u00f3k, f\u00fcggv\u00e9nyek, met\u00f3dusok<\/li>\n<li>Python alapok \u2013 adatok el\u00e9r\u00e9se (I\/O)<\/li>\n<li>Python alapok \u2013 list\u00e1k, ciklusok<\/li>\n<li>Python alapok \u2013 logikai v\u00e1ltoz\u00f3k, el\u00e1gaz\u00e1sok<\/li>\n<li>Python alapok \u2013 sz\u00f3t\u00e1rak, felhaszn\u00e1l\u00f3i f\u00fcggv\u00e9nyek<\/li>\n<li>Python alapok \u2013 \u00f6sszefoglal\u00e1s<\/li>\n<li>Python alapok \u2013 gyakorl\u00e1s\n<p>&#8212; Modul\u00e1ris Python &#8212;<\/p>\n<\/li>\n<li>PANDAS \u2013 CSV adatok<\/li>\n<li>Matplotlib \u2013 \u00e1br\u00e1zol\u00e1s<\/li>\n<li>PANDAS \u2013 Excel adatok<\/li>\n<li>PANDAS \u2013 PDB sz\u0171r\u00e9s, grafikus megold\u00e1s<\/li>\n<li>PANDAS \u2013 PDB sz\u0171r\u00e9s, numerikus megold\u00e1s<\/li>\n<li>Python adatelemz\u00e9s \u2013 \u00f6sszefoglal\u00e1s<\/li>\n<li>A kurzus \u00f6sszefoglal\u00e1sa<\/li>\n<\/ol>\n<\/div><\/div>\n","protected":false},"excerpt":{"rendered":"<p>\u00d3r\u00e1k: kedd, 16:00 \u2013 17:30 A kurzus els\u0151 \u00f3r\u00e1ja: 2025\/09\/09 Helysz\u00edne: \u00c9lettani int\u00e9zet k\u00f6nyvt\u00e1ra (EOK, &#8222;A&#8221; f\u00e9s\u0171, 3. emelet), illetve a Zoom rendszer (online), a link a Moodle rendszeren kereszt\u00fcl \u00e9rhet\u0151 el. Az el\u0151ad\u00e1sokr\u00f3l felv\u00e9tel k\u00e9sz\u00fcl ami k\u00f6vethet\u0151 \u00e9l\u0151ben, illetve k\u00e9s\u0151bb visszan\u00e9zhet\u0151 a Moodle rendszerben. A kurzus folyam\u00e1n a hallgat\u00f3k megismerkednek a bioinformatik\u00e1ban, biostatisztik\u00e1ban \u00e9s &hellip;<\/p>\n","protected":false},"author":133,"featured_media":0,"parent":204,"menu_order":10,"comment_status":"closed","ping_status":"closed","template":"","meta":{"_acf_changed":false,"footnotes":""},"categories":[],"tags":[],"class_list":["post-5446","page","type-page","status-publish","hentry"],"acf":[],"_links":{"self":[{"href":"https:\/\/semmelweis.hu\/elettan\/wp-json\/wp\/v2\/pages\/5446","targetHints":{"allow":["GET"]}}],"collection":[{"href":"https:\/\/semmelweis.hu\/elettan\/wp-json\/wp\/v2\/pages"}],"about":[{"href":"https:\/\/semmelweis.hu\/elettan\/wp-json\/wp\/v2\/types\/page"}],"author":[{"embeddable":true,"href":"https:\/\/semmelweis.hu\/elettan\/wp-json\/wp\/v2\/users\/133"}],"replies":[{"embeddable":true,"href":"https:\/\/semmelweis.hu\/elettan\/wp-json\/wp\/v2\/comments?post=5446"}],"version-history":[{"count":10,"href":"https:\/\/semmelweis.hu\/elettan\/wp-json\/wp\/v2\/pages\/5446\/revisions"}],"predecessor-version":[{"id":7252,"href":"https:\/\/semmelweis.hu\/elettan\/wp-json\/wp\/v2\/pages\/5446\/revisions\/7252"}],"up":[{"embeddable":true,"href":"https:\/\/semmelweis.hu\/elettan\/wp-json\/wp\/v2\/pages\/204"}],"wp:attachment":[{"href":"https:\/\/semmelweis.hu\/elettan\/wp-json\/wp\/v2\/media?parent=5446"}],"wp:term":[{"taxonomy":"category","embeddable":true,"href":"https:\/\/semmelweis.hu\/elettan\/wp-json\/wp\/v2\/categories?post=5446"},{"taxonomy":"post_tag","embeddable":true,"href":"https:\/\/semmelweis.hu\/elettan\/wp-json\/wp\/v2\/tags?post=5446"}],"curies":[{"name":"wp","href":"https:\/\/api.w.org\/{rel}","templated":true}]}}