{"id":5375,"date":"2021-06-21T14:18:20","date_gmt":"2021-06-21T12:18:20","guid":{"rendered":"https:\/\/semmelweis.hu\/elettan\/?page_id=5375"},"modified":"2021-06-21T14:20:42","modified_gmt":"2021-06-21T12:20:42","slug":"konferencia","status":"publish","type":"page","link":"https:\/\/semmelweis.hu\/elettan\/nvkp-palyazat\/konferencia\/","title":{"rendered":"Konferencia"},"content":{"rendered":"<p>Tisztelt munkat\u00e1rsak, kedves \u00e9rdekl\u0151d\u0151k!<\/p>\n<p>Ez\u00faton megh\u00edvjuk \u00d6n\u00f6ket a Semmelweis Egyetem \u00c9lettani Int\u00e9zete \u00e9s Angiol\u00f3giai Tansz\u00e9ki Csoportja, a Nemzeti Agr\u00e1rkutat\u00e1si \u00e9s Innov\u00e1ci\u00f3s K\u00f6zpont \u2013 Mez\u0151gazdas\u00e1gi Biotechnol\u00f3giai Kutat\u00f3int\u00e9zet \u00e9s az Immunogenes Kft. konzorciumi kutat\u00e1si projektj\u00e9nek z\u00e1r\u00f3 hibrid konferenci\u00e1j\u00e1ra. <\/p>\n<p><strong>A konferencia helysz\u00edne:<\/strong> Elm\u00e9leti Orvostudom\u00e1nyi K\u00f6zpont, Hevesy terem \u00e9s aula<\/p>\n<p><strong>Id\u0151pontja:<\/strong> 2021. j\u00fanius 21. 15:00-18:00<\/p>\n<p><strong>Programja:<\/strong><\/p>\n<ul>\n<li>15:00 Prezent\u00e1ci\u00f3k a kutat\u00e1si projektr\u0151l \u00e9s az el\u00e9rt eredm\u00e9nyekr\u0151l, diszkusszi\u00f3<\/li>\n<li>17:00 Poszters\u00e9ta \u00e9s prezent\u00e1ci\u00f3<\/li>\n<li>17:30 K\u00f6tetlen besz\u00e9lget\u00e9s<\/li>\n<li>18:00 Konferencia z\u00e1r\u00e1sa<\/li>\n<\/ul>\n<p><strong>Zoom csatlakoz\u00e1si lehet\u0151s\u00e9g:<\/strong> <a href=\"https:\/\/semmelweis.zoom.us\/j\/98536911487\">https:\/\/semmelweis.zoom.us\/j\/98536911487<\/a><\/p>\n<p>A konzorcium c\u00e9lja volt, hogy innovat\u00edv, molekul\u00e1ris biol\u00f3giai, immunol\u00f3giai \u00e9s g\u00e9ntechnol\u00f3giai m\u00f3dszereket alkalmaz\u00f3 kutat\u00e1ssal p\u00e1ciens mint\u00e1k anal\u00edzis\u00e9vel, valamint a kutat\u00e1si eredm\u00e9nyek hasznos\u00edt\u00e1s\u00e1val k\u00f6zelebb ker\u00fclj\u00fcnk az atherosclerosis h\u00e1tter\u00e9ben \u00e1ll\u00f3 folyamatok megismer\u00e9s\u00e9hez \u00e9s gy\u00f3gyszeres befoly\u00e1sol\u00e1s\u00e1hoz.<\/p>\n<p>A NVKP 16-1-2016-0039 sz\u00e1m\u00fa projekt az Innov\u00e1ci\u00f3s \u00e9s Technol\u00f3giai Miniszt\u00e9rium Nemzeti Kutat\u00e1si Fejleszt\u00e9si \u00e9s Innov\u00e1ci\u00f3s Alapb\u00f3l ny\u00fajtott t\u00e1mogat\u00e1s\u00e1val, a Nemzeti Versenyk\u00e9pess\u00e9gi \u00e9s Kiv\u00e1l\u00f3s\u00e1gi Program (NVKP-16) p\u00e1ly\u00e1zati program finansz\u00edroz\u00e1s\u00e1ban val\u00f3sult meg.<\/p>\n<p><strong>Dr. Hunyady L\u00e1szl\u00f3<br \/>\n<\/strong>egyetemi tan\u00e1r, igazgat\u00f3<br \/>\nprojektvezet\u0151<br \/>\n\u00c9lettani Int\u00e9zet<\/p>\n","protected":false},"excerpt":{"rendered":"<p>Tisztelt munkat\u00e1rsak, kedves \u00e9rdekl\u0151d\u0151k! Ez\u00faton megh\u00edvjuk \u00d6n\u00f6ket a Semmelweis Egyetem \u00c9lettani Int\u00e9zete \u00e9s Angiol\u00f3giai Tansz\u00e9ki Csoportja, a Nemzeti Agr\u00e1rkutat\u00e1si \u00e9s Innov\u00e1ci\u00f3s K\u00f6zpont \u2013 Mez\u0151gazdas\u00e1gi Biotechnol\u00f3giai Kutat\u00f3int\u00e9zet \u00e9s az Immunogenes Kft. konzorciumi kutat\u00e1si projektj\u00e9nek z\u00e1r\u00f3 hibrid konferenci\u00e1j\u00e1ra. A konferencia helysz\u00edne: Elm\u00e9leti Orvostudom\u00e1nyi K\u00f6zpont, Hevesy terem \u00e9s aula Id\u0151pontja: 2021. j\u00fanius 21. 15:00-18:00 Programja: 15:00 Prezent\u00e1ci\u00f3k a &hellip;<\/p>\n","protected":false},"author":133,"featured_media":0,"parent":2848,"menu_order":0,"comment_status":"closed","ping_status":"closed","template":"","meta":{"_acf_changed":false,"footnotes":""},"categories":[],"tags":[],"class_list":["post-5375","page","type-page","status-publish","hentry"],"acf":[],"_links":{"self":[{"href":"https:\/\/semmelweis.hu\/elettan\/wp-json\/wp\/v2\/pages\/5375","targetHints":{"allow":["GET"]}}],"collection":[{"href":"https:\/\/semmelweis.hu\/elettan\/wp-json\/wp\/v2\/pages"}],"about":[{"href":"https:\/\/semmelweis.hu\/elettan\/wp-json\/wp\/v2\/types\/page"}],"author":[{"embeddable":true,"href":"https:\/\/semmelweis.hu\/elettan\/wp-json\/wp\/v2\/users\/133"}],"replies":[{"embeddable":true,"href":"https:\/\/semmelweis.hu\/elettan\/wp-json\/wp\/v2\/comments?post=5375"}],"version-history":[{"count":1,"href":"https:\/\/semmelweis.hu\/elettan\/wp-json\/wp\/v2\/pages\/5375\/revisions"}],"predecessor-version":[{"id":5376,"href":"https:\/\/semmelweis.hu\/elettan\/wp-json\/wp\/v2\/pages\/5375\/revisions\/5376"}],"up":[{"embeddable":true,"href":"https:\/\/semmelweis.hu\/elettan\/wp-json\/wp\/v2\/pages\/2848"}],"wp:attachment":[{"href":"https:\/\/semmelweis.hu\/elettan\/wp-json\/wp\/v2\/media?parent=5375"}],"wp:term":[{"taxonomy":"category","embeddable":true,"href":"https:\/\/semmelweis.hu\/elettan\/wp-json\/wp\/v2\/categories?post=5375"},{"taxonomy":"post_tag","embeddable":true,"href":"https:\/\/semmelweis.hu\/elettan\/wp-json\/wp\/v2\/tags?post=5375"}],"curies":[{"name":"wp","href":"https:\/\/api.w.org\/{rel}","templated":true}]}}