{"id":5174,"date":"2021-02-10T23:50:32","date_gmt":"2021-02-10T22:50:32","guid":{"rendered":"https:\/\/semmelweis.hu\/elettan\/?page_id=5174"},"modified":"2024-06-07T15:59:13","modified_gmt":"2024-06-07T13:59:13","slug":"eloadasanyagok","status":"publish","type":"page","link":"https:\/\/semmelweis.hu\/elettan\/oktatas\/eloadasanyagok\/","title":{"rendered":"El\u0151ad\u00e1sanyagok"},"content":{"rendered":"<p style=\"text-align: center\"><span style=\"color: #ff0000;font-size: 10pt\"><strong>!!! !!! A PPT\/PDF-f\u00e1jlok szerz\u0151i jogi v\u00e9delem alatt \u00e1ll\u00f3 k\u00e9peket, \u00e1br\u00e1kat tartalmazhatnak !!! !!! Az anyagok csak oktat\u00e1si c\u00e9lokat szolg\u00e1lnak !!!<\/strong><\/span><\/p>\n<h3>Az el\u0151ad\u00e1sok anyagai a\u00a0 <a href=\"https:\/\/itc.semmelweis.hu\/\">MOODLE<\/a> rendszerben el\u00e9rhet\u0151k.<\/h3>\n<p style=\"text-align: center\"><strong>Probl\u00e9ma eset\u00e9n a\u00a0<\/strong><strong> petheo.gabor@semmelweis.hu <\/strong><strong>c\u00edmre \u00edrhatnak.<\/strong><\/p>\n","protected":false},"excerpt":{"rendered":"<p>!!! !!! A PPT\/PDF-f\u00e1jlok szerz\u0151i jogi v\u00e9delem alatt \u00e1ll\u00f3 k\u00e9peket, \u00e1br\u00e1kat tartalmazhatnak !!! !!! Az anyagok csak oktat\u00e1si c\u00e9lokat szolg\u00e1lnak !!!<br \/>\nAz el\u0151ad\u00e1sok anyagai a\u00a0 <a href=\"https:\/\/itc.semmelweis.hu\/\">MOODLE<\/a> rendszerben el\u00e9rhet\u0151k.<br \/>\nProbl\u00e9ma eset\u00e9n a\u00a0 petheo.gabor@semmelweis.hu c\u00edmre \u00edrhatnak.<\/p>\n","protected":false},"author":101165,"featured_media":0,"parent":10,"menu_order":18,"comment_status":"closed","ping_status":"closed","template":"","meta":{"_acf_changed":false,"footnotes":""},"categories":[],"tags":[],"class_list":["post-5174","page","type-page","status-publish","hentry"],"acf":[],"_links":{"self":[{"href":"https:\/\/semmelweis.hu\/elettan\/wp-json\/wp\/v2\/pages\/5174","targetHints":{"allow":["GET"]}}],"collection":[{"href":"https:\/\/semmelweis.hu\/elettan\/wp-json\/wp\/v2\/pages"}],"about":[{"href":"https:\/\/semmelweis.hu\/elettan\/wp-json\/wp\/v2\/types\/page"}],"author":[{"embeddable":true,"href":"https:\/\/semmelweis.hu\/elettan\/wp-json\/wp\/v2\/users\/101165"}],"replies":[{"embeddable":true,"href":"https:\/\/semmelweis.hu\/elettan\/wp-json\/wp\/v2\/comments?post=5174"}],"version-history":[{"count":4,"href":"https:\/\/semmelweis.hu\/elettan\/wp-json\/wp\/v2\/pages\/5174\/revisions"}],"predecessor-version":[{"id":6684,"href":"https:\/\/semmelweis.hu\/elettan\/wp-json\/wp\/v2\/pages\/5174\/revisions\/6684"}],"up":[{"embeddable":true,"href":"https:\/\/semmelweis.hu\/elettan\/wp-json\/wp\/v2\/pages\/10"}],"wp:attachment":[{"href":"https:\/\/semmelweis.hu\/elettan\/wp-json\/wp\/v2\/media?parent=5174"}],"wp:term":[{"taxonomy":"category","embeddable":true,"href":"https:\/\/semmelweis.hu\/elettan\/wp-json\/wp\/v2\/categories?post=5174"},{"taxonomy":"post_tag","embeddable":true,"href":"https:\/\/semmelweis.hu\/elettan\/wp-json\/wp\/v2\/tags?post=5174"}],"curies":[{"name":"wp","href":"https:\/\/api.w.org\/{rel}","templated":true}]}}