{"id":5120,"date":"2021-02-09T12:07:12","date_gmt":"2021-02-09T11:07:12","guid":{"rendered":"https:\/\/semmelweis.hu\/elettan\/?page_id=5120"},"modified":"2025-10-29T10:11:20","modified_gmt":"2025-10-29T09:11:20","slug":"demostratoren","status":"publish","type":"page","link":"https:\/\/semmelweis.hu\/elettan\/de\/wissenschaftlicher-studentenkreis\/demostratoren\/","title":{"rendered":"Demostratoren"},"content":{"rendered":"<p style=\"text-align: center\">\u00a0<\/p>\n<p style=\"text-align: center\"><span style=\"color: #ff0000\"><strong>!NEU!<\/strong><\/span><\/p>\n<p style=\"text-align: center\"><a href=\"https:\/\/semmelweis.hu\/elettan\/files\/2021\/05\/Felh\u00edv\u00e1s_n\u00e9met.pdf\"><strong><span style=\"color: #0000ff\"><span style=\"color: #000000\">AUSSCHREIBUNG (klicken) \u00a0<\/span><\/span><\/strong><\/a><\/p>\n<p style=\"text-align: center\"><strong><span style=\"color: #000000\">f\u00fcr studetische Hilfskr\u00e4fte (\u201eDemonstratoren\u201d) Studienjahr <span style=\"color: #ff0000\">2025\/2026<\/span><\/span><\/strong><\/p>\n<p style=\"text-align: center\"><a href=\"https:\/\/semmelweis.hu\/elettan\/files\/2025\/06\/DEMONSTRATORI-OSZTONDIJ-PALYAZAT_adatlap_2025_26_DE.pdf\"><span style=\"color: #0000ff\"><span style=\"color: #00ffff\"><span style=\"color: #00ccff\"><span style=\"color: #3366ff\">Anmeldeformular <\/span><\/span><\/span><span style=\"color: #000000\">(klicken)<\/span><\/span><\/a><\/p>\n<p style=\"text-align: center\"><a href=\"https:\/\/semmelweis.hu\/deutsch\/studium\/demonstratortaetigkeit\/\">weitere Infos<\/a><\/p>\n<p>&nbsp;<\/p>\n<p style=\"text-align: center\"><strong>Demonstratoren:<\/strong><\/p>\n<p style=\"text-align: center\"><a href=\"https:\/\/semmelweis.hu\/elettan\/files\/2021\/11\/demonstratok_2021_22_1.pdf\"><strong>2021\/22<\/strong><\/a><\/p>\n<p style=\"text-align: center\"><span style=\"font-size: 12pt\"><strong>Kontakt f\u00fcr weitere Informationen:<\/strong><\/span><\/p>\n<p style=\"text-align: center\"><span style=\"font-size: 12pt\"><strong>Dr. Horv\u00e1th Eszter M\u00e1ria, 60335 oder 60338 ext.<\/strong><\/span><\/p>\n<p style=\"text-align: center\"><span style=\"font-size: 12pt\"><strong>e-mail:\u00a0horvath.eszter@med.semmelweis-univ.hu<\/strong><\/span><\/p>\n<p>&nbsp;<\/p>\n","protected":false},"excerpt":{"rendered":"<p>\u00a0<br \/>\n!NEU!<br \/>\n<a href=\"https:\/\/semmelweis.hu\/elettan\/files\/2021\/05\/Felh\u00edv\u00e1s_n\u00e9met.pdf\">AUSSCHREIBUNG (klicken) \u00a0<\/a><br \/>\nf\u00fcr studetische Hilfskr\u00e4fte (\u201eDemonstratoren\u201d) Studienjahr 2025\/2026<br \/>\n<a href=\"https:\/\/semmelweis.hu\/elettan\/files\/2025\/06\/DEMONSTRATORI-OSZTONDIJ-PALYAZAT_adatlap_2025_26_DE.pdf\">Anmeldeformular (klicken)<\/a><br \/>\n<a href=\"https:\/\/semmelweis.hu\/deutsch\/studium\/demonstratortaetigkeit\/\">weitere Infos<\/a><br \/>\n&nbsp;<br \/>\nDemonstratoren:<br \/>\n<a href=\"https:\/\/semmelweis.hu\/elettan\/files\/2021\/11\/demonstratok_2021_22_1.pdf\">2021\/22<\/a><br \/>\nKontakt f\u00fcr weitere Informationen:<br \/>\nDr. Horv\u00e1th Eszter M\u00e1ria, 60335 oder 60338 ext.<br \/>\ne-mail:\u00a0horvath.eszter@med.semmelweis-univ.hu<br \/>\n&nbsp;<\/p>\n","protected":false},"author":101165,"featured_media":0,"parent":4824,"menu_order":12,"comment_status":"closed","ping_status":"closed","template":"","meta":{"_acf_changed":false,"footnotes":""},"categories":[],"tags":[],"class_list":["post-5120","page","type-page","status-publish","hentry"],"acf":[],"_links":{"self":[{"href":"https:\/\/semmelweis.hu\/elettan\/wp-json\/wp\/v2\/pages\/5120","targetHints":{"allow":["GET"]}}],"collection":[{"href":"https:\/\/semmelweis.hu\/elettan\/wp-json\/wp\/v2\/pages"}],"about":[{"href":"https:\/\/semmelweis.hu\/elettan\/wp-json\/wp\/v2\/types\/page"}],"author":[{"embeddable":true,"href":"https:\/\/semmelweis.hu\/elettan\/wp-json\/wp\/v2\/users\/101165"}],"replies":[{"embeddable":true,"href":"https:\/\/semmelweis.hu\/elettan\/wp-json\/wp\/v2\/comments?post=5120"}],"version-history":[{"count":10,"href":"https:\/\/semmelweis.hu\/elettan\/wp-json\/wp\/v2\/pages\/5120\/revisions"}],"predecessor-version":[{"id":7337,"href":"https:\/\/semmelweis.hu\/elettan\/wp-json\/wp\/v2\/pages\/5120\/revisions\/7337"}],"up":[{"embeddable":true,"href":"https:\/\/semmelweis.hu\/elettan\/wp-json\/wp\/v2\/pages\/4824"}],"wp:attachment":[{"href":"https:\/\/semmelweis.hu\/elettan\/wp-json\/wp\/v2\/media?parent=5120"}],"wp:term":[{"taxonomy":"category","embeddable":true,"href":"https:\/\/semmelweis.hu\/elettan\/wp-json\/wp\/v2\/categories?post=5120"},{"taxonomy":"post_tag","embeddable":true,"href":"https:\/\/semmelweis.hu\/elettan\/wp-json\/wp\/v2\/tags?post=5120"}],"curies":[{"name":"wp","href":"https:\/\/api.w.org\/{rel}","templated":true}]}}