{"id":5110,"date":"2021-02-08T19:16:08","date_gmt":"2021-02-08T18:16:08","guid":{"rendered":"https:\/\/semmelweis.hu\/elettan\/?page_id=5110"},"modified":"2025-10-29T10:02:53","modified_gmt":"2025-10-29T09:02:53","slug":"demo","status":"publish","type":"page","link":"https:\/\/semmelweis.hu\/elettan\/tdk\/demo\/","title":{"rendered":"Demonstr\u00e1tor"},"content":{"rendered":"<p>&nbsp;<\/p>\n<p style=\"text-align: center\"><span style=\"color: #ff0000\"><strong>!DEMONSTR\u00c1TORI P\u00c1LY\u00c1ZAT 2025\/26!<\/strong><\/span><\/p>\n<p style=\"text-align: center\"><a href=\"https:\/\/semmelweis.hu\/elettan\/files\/2021\/05\/Felh\u00edv\u00e1s_Orvosi_\u00c9lettan.pdf\">P\u00e1ly\u00e1zati ki\u00edr\u00e1s &#8211; 2025\/26-os tan\u00e9v (\u00c1OK)<\/a><\/p>\n<p style=\"text-align: center\"><a href=\"https:\/\/semmelweis.hu\/elettan\/files\/2021\/05\/Felh\u00edv\u00e1s_Fogorvosi_\u00c9lettan.pdf\">P\u00e1ly\u00e1zati ki\u00edr\u00e1s &#8211; 2025\/26-os tan\u00e9v (FOK)<\/a><\/p>\n<p style=\"text-align: center\"><a href=\"https:\/\/semmelweis.hu\/elettan\/files\/2025\/06\/DEMONSTRATORI-OSZTONDIJ-PALYAZAT_adatlap_2025_26_HU.pdf\">P\u00e1ly\u00e1zati \u0171rlap<\/a><\/p>\n<p style=\"text-align: center\"><span style=\"color: #000000\"><a href=\"https:\/\/semmelweis.hu\/aok\/osztondij-palyazat\/demonstratori-osztondij\/\"><span style=\"color: #3366ff\"><em><strong>Tov\u00e1bbi inform\u00e1ci\u00f3k<\/strong><\/em><\/span><\/a><\/span><\/p>\n<p style=\"text-align: center\"><strong>Demonstr\u00e1torok:<\/strong><\/p>\n<p style=\"text-align: center\">2025\/26-os tan\u00e9v<\/p>\n<p style=\"text-align: center\"><a href=\"https:\/\/semmelweis.hu\/elettan\/de\/?page_id=6819&amp;preview=true\">2024\/25-\u00f6s tan\u00e9v<\/a><\/p>\n<p style=\"text-align: center\"><a href=\"https:\/\/semmelweis.hu\/elettan\/?page_id=6813&amp;preview=true\">2023\/24-es tan\u00e9v<\/a><\/p>\n<p style=\"text-align: center\"><a href=\"https:\/\/semmelweis.hu\/elettan\/files\/2023\/06\/demonstratorok-2022_23.pdf\">2022\/23-as tan\u00e9v<\/a><\/p>\n<p>&nbsp;<\/p>\n<p style=\"text-align: center\"><a href=\"https:\/\/semmelweis.hu\/fok\/hallgatoi-hirek\/palyazati-felhivasok-hallgatoknak\/demonstratori-palyazatok\/\"><strong><span style=\"color: #ff0000\">\u00a0<\/span><\/strong>tov\u00e1bbi inform\u00e1ci\u00f3k<\/a><\/p>\n<p style=\"text-align: center\">Kapcsolat:<\/p>\n<p style=\"text-align: center\"><strong>Dr. Horv\u00e1th Eszter M\u00e1ria<\/strong><\/p>\n<p style=\"text-align: center\">60335 vagy 60338 mell\u00e9k<\/p>\n<p style=\"text-align: center\"><strong> e-mail:<\/strong> horvath.eszter.maria@semmelweis.hu<\/p>\n","protected":false},"excerpt":{"rendered":"<p>&nbsp;<br \/>\n!DEMONSTR\u00c1TORI P\u00c1LY\u00c1ZAT 2025\/26!<br \/>\n<a href=\"https:\/\/semmelweis.hu\/elettan\/files\/2021\/05\/Felh\u00edv\u00e1s_Orvosi_\u00c9lettan.pdf\">P\u00e1ly\u00e1zati ki\u00edr\u00e1s &#8211; 2025\/26-os tan\u00e9v (\u00c1OK)<\/a><br \/>\n<a href=\"https:\/\/semmelweis.hu\/elettan\/files\/2021\/05\/Felh\u00edv\u00e1s_Fogorvosi_\u00c9lettan.pdf\">P\u00e1ly\u00e1zati ki\u00edr\u00e1s &#8211; 2025\/26-os tan\u00e9v (FOK)<\/a><br \/>\n<a href=\"https:\/\/semmelweis.hu\/elettan\/files\/2025\/06\/DEMONSTRATORI-OSZTONDIJ-PALYAZAT_adatlap_2025_26_HU.pdf\">P\u00e1ly\u00e1zati \u0171rlap<\/a><br \/>\n<a href=\"https:\/\/semmelweis.hu\/aok\/osztondij-palyazat\/demonstratori-osztondij\/\">Tov\u00e1bbi inform\u00e1ci\u00f3k<\/a><br \/>\nDemonstr\u00e1torok:<br \/>\n2025\/26-os tan\u00e9v<br \/>\n<a href=\"https:\/\/semmelweis.hu\/elettan\/de\/?page_id=6819&amp;preview=true\">2024\/25-\u00f6s tan\u00e9v<\/a><br \/>\n<a href=\"https:\/\/semmelweis.hu\/elettan\/?page_id=6813&amp;preview=true\">2023\/24-es tan\u00e9v<\/a><br \/>\n<a href=\"https:\/\/semmelweis.hu\/elettan\/files\/2023\/06\/demonstratorok-2022_23.pdf\">2022\/23-as tan\u00e9v<\/a><br \/>\n&nbsp;<br \/>\n<a href=\"https:\/\/semmelweis.hu\/fok\/hallgatoi-hirek\/palyazati-felhivasok-hallgatoknak\/demonstratori-palyazatok\/\">\u00a0tov\u00e1bbi inform\u00e1ci\u00f3k<\/a><br \/>\nKapcsolat:<br \/>\nDr. Horv\u00e1th Eszter M\u00e1ria<br \/>\n60335 vagy 60338 mell\u00e9k<br \/>\n e-mail: horvath.eszter.maria@semmelweis.hu<\/p>\n","protected":false},"author":101165,"featured_media":0,"parent":5095,"menu_order":19,"comment_status":"closed","ping_status":"closed","template":"","meta":{"_acf_changed":false,"footnotes":""},"categories":[],"tags":[],"class_list":["post-5110","page","type-page","status-publish","hentry"],"acf":[],"_links":{"self":[{"href":"https:\/\/semmelweis.hu\/elettan\/wp-json\/wp\/v2\/pages\/5110","targetHints":{"allow":["GET"]}}],"collection":[{"href":"https:\/\/semmelweis.hu\/elettan\/wp-json\/wp\/v2\/pages"}],"about":[{"href":"https:\/\/semmelweis.hu\/elettan\/wp-json\/wp\/v2\/types\/page"}],"author":[{"embeddable":true,"href":"https:\/\/semmelweis.hu\/elettan\/wp-json\/wp\/v2\/users\/101165"}],"replies":[{"embeddable":true,"href":"https:\/\/semmelweis.hu\/elettan\/wp-json\/wp\/v2\/comments?post=5110"}],"version-history":[{"count":10,"href":"https:\/\/semmelweis.hu\/elettan\/wp-json\/wp\/v2\/pages\/5110\/revisions"}],"predecessor-version":[{"id":7336,"href":"https:\/\/semmelweis.hu\/elettan\/wp-json\/wp\/v2\/pages\/5110\/revisions\/7336"}],"up":[{"embeddable":true,"href":"https:\/\/semmelweis.hu\/elettan\/wp-json\/wp\/v2\/pages\/5095"}],"wp:attachment":[{"href":"https:\/\/semmelweis.hu\/elettan\/wp-json\/wp\/v2\/media?parent=5110"}],"wp:term":[{"taxonomy":"category","embeddable":true,"href":"https:\/\/semmelweis.hu\/elettan\/wp-json\/wp\/v2\/categories?post=5110"},{"taxonomy":"post_tag","embeddable":true,"href":"https:\/\/semmelweis.hu\/elettan\/wp-json\/wp\/v2\/tags?post=5110"}],"curies":[{"name":"wp","href":"https:\/\/api.w.org\/{rel}","templated":true}]}}